{"id":474,"date":"2024-08-25T19:51:25","date_gmt":"2024-08-25T17:51:25","guid":{"rendered":"https:\/\/ent2d.ac-bordeaux.fr\/disciplines\/stivoieproprovisoire\/?page_id=474"},"modified":"2024-08-27T11:21:55","modified_gmt":"2024-08-27T09:21:55","slug":"les-sti-dans-lacademie","status":"publish","type":"page","link":"https:\/\/ent2d.ac-bordeaux.fr\/disciplines\/sti-voie-pro\/les-sti-dans-lacademie\/","title":{"rendered":"Les STI dans l&rsquo;acad\u00e9mie"},"content":{"rendered":"\n<div class=\"wp-block-media-text is-stacked-on-mobile\">\n<figure class=\"wp-block-media-text__media\"><img loading=\"lazy\" decoding=\"async\" width=\"748\" height=\"935\" class=\"wp-image-481 size-full\" src=\"https:\/\/ent2d.ac-bordeaux.fr\/disciplines\/stivoieproprovisoire\/wp-content\/uploads\/sites\/90\/2024\/08\/carte_academie.jpg\" alt=\"\" srcset=\"https:\/\/ent2d.ac-bordeaux.fr\/disciplines\/sti-voie-pro\/wp-content\/uploads\/sites\/90\/2024\/08\/carte_academie.jpg 748w, https:\/\/ent2d.ac-bordeaux.fr\/disciplines\/sti-voie-pro\/wp-content\/uploads\/sites\/90\/2024\/08\/carte_academie-240x300.jpg 240w\" sizes=\"auto, (max-width: 748px) 100vw, 748px\" \/><\/figure>\n<div class=\"wp-block-media-text__content\">\n<p style=\"text-align: justify\">En quelques chiffres, c&rsquo;est &#8230;<\/p>\n\n \n<p style=\"text-align: justify\">&#8211; 5 d\u00e9partements (Dordogne, Gironde, Landes, Lot-et-Garonne et Pyr\u00e9n\u00e9es Atlantiques) ;<\/p>\n<p style=\"text-align: justify\">&#8211; 87 lyc\u00e9es professionnels ;<\/p>\n\n \n<p style=\"text-align: justify\">&#8211; 5 \u00e9tablissements r\u00e9gionaux d&rsquo;enseignement adapt\u00e9 (EREA) ;<\/p>\n\n \n<p style=\"text-align: justify\">&#8211; 4 campus des m\u00e9tiers des qualifications (CMQ) dont 1 d&rsquo;excellence (CMQE) :<\/p>\n\n<ul>\n \t<li style=\"list-style-type: none\">\n<ul>\n \t<li>CMQ for\u00eat-bois ;<\/li>\n \t<li><span style=\"text-align: justify\">CMQ de maintenance en environnement sensible ,<\/span><\/li>\n \t<li><span style=\"text-align: justify\">CMQ cuir, textile, mode et luxe ;<\/span><\/li>\n \t<li><span style=\"text-align: justify\">CMQE de l&rsquo;a\u00e9ronautique et du spatial.<\/span><\/li>\n<\/ul>\n<\/li>\n<\/ul>\n \n<p style=\"text-align: justify\">&#8211; 28 comit\u00e9s locaux \u00e9coles-entreprises (CLEE).<\/p>\n\n<\/div>\n<\/div>\n","protected":false},"excerpt":{"rendered":"<p>En quelques chiffres, c&rsquo;est &#8230; &#8211; 5 d\u00e9partements (Dordogne, Gironde, Landes, Lot-et-Garonne et Pyr\u00e9n\u00e9es Atlantiques) ; &#8211; 87 lyc\u00e9es professionnels<\/p>\n","protected":false},"author":1423,"featured_media":0,"parent":0,"menu_order":0,"comment_status":"closed","ping_status":"closed","template":"","meta":{"_bbp_topic_count":0,"_bbp_reply_count":0,"_bbp_total_topic_count":0,"_bbp_total_reply_count":0,"_bbp_voice_count":0,"_bbp_anonymous_reply_count":0,"_bbp_topic_count_hidden":0,"_bbp_reply_count_hidden":0,"_bbp_forum_subforum_count":0,"footnotes":""},"class_list":["post-474","page","type-page","status-publish","hentry"],"_links":{"self":[{"href":"https:\/\/ent2d.ac-bordeaux.fr\/disciplines\/sti-voie-pro\/wp-json\/wp\/v2\/pages\/474","targetHints":{"allow":["GET"]}}],"collection":[{"href":"https:\/\/ent2d.ac-bordeaux.fr\/disciplines\/sti-voie-pro\/wp-json\/wp\/v2\/pages"}],"about":[{"href":"https:\/\/ent2d.ac-bordeaux.fr\/disciplines\/sti-voie-pro\/wp-json\/wp\/v2\/types\/page"}],"author":[{"embeddable":true,"href":"https:\/\/ent2d.ac-bordeaux.fr\/disciplines\/sti-voie-pro\/wp-json\/wp\/v2\/users\/1423"}],"replies":[{"embeddable":true,"href":"https:\/\/ent2d.ac-bordeaux.fr\/disciplines\/sti-voie-pro\/wp-json\/wp\/v2\/comments?post=474"}],"version-history":[{"count":17,"href":"https:\/\/ent2d.ac-bordeaux.fr\/disciplines\/sti-voie-pro\/wp-json\/wp\/v2\/pages\/474\/revisions"}],"predecessor-version":[{"id":617,"href":"https:\/\/ent2d.ac-bordeaux.fr\/disciplines\/sti-voie-pro\/wp-json\/wp\/v2\/pages\/474\/revisions\/617"}],"wp:attachment":[{"href":"https:\/\/ent2d.ac-bordeaux.fr\/disciplines\/sti-voie-pro\/wp-json\/wp\/v2\/media?parent=474"}],"curies":[{"name":"wp","href":"https:\/\/api.w.org\/{rel}","templated":true}]}}