{"id":473,"date":"2024-08-25T19:51:25","date_gmt":"2024-08-25T17:51:25","guid":{"rendered":"https:\/\/ent2d.ac-bordeaux.fr\/disciplines\/stivoieproprovisoire\/?page_id=473"},"modified":"2025-09-09T22:05:53","modified_gmt":"2025-09-09T20:05:53","slug":"les-ien-et-sti","status":"publish","type":"page","link":"https:\/\/ent2d.ac-bordeaux.fr\/disciplines\/sti-voie-pro\/les-ien-et-sti\/","title":{"rendered":"Les IEN-ET-STI"},"content":{"rendered":"\n<p><mark style=\"background-color:#ffffff\" class=\"has-inline-color has-white-color\">Saut de ligne<\/mark><\/p>\n\n\n\n<h5 class=\"wp-block-heading\">Les inspecteurs de l&rsquo;\u00c9ducation nationale, charg\u00e9s de l&rsquo;enseignement technique :<\/h5>\n\n\n\n<div class=\"wp-block-media-text is-stacked-on-mobile\" style=\"grid-template-columns:15% auto\"><figure class=\"wp-block-media-text__media\"><img loading=\"lazy\" decoding=\"async\" width=\"206\" height=\"206\" src=\"https:\/\/ent2d.ac-bordeaux.fr\/disciplines\/sti-voie-pro\/wp-content\/uploads\/sites\/90\/2025\/09\/Benoit-DENIAU.png\" alt=\"\" class=\"wp-image-1453 size-full\" srcset=\"https:\/\/ent2d.ac-bordeaux.fr\/disciplines\/sti-voie-pro\/wp-content\/uploads\/sites\/90\/2025\/09\/Benoit-DENIAU.png 206w, https:\/\/ent2d.ac-bordeaux.fr\/disciplines\/sti-voie-pro\/wp-content\/uploads\/sites\/90\/2025\/09\/Benoit-DENIAU-150x150.png 150w\" sizes=\"auto, (max-width: 206px) 100vw, 206px\" \/><\/figure><div class=\"wp-block-media-text__content\">\n<p><strong>Beno\u00eet DENIAU<\/strong><br>Fili\u00e8res : Carrosserie, Maintenance des mat\u00e9riels, Nautique et v\u00e9hicules.<br>Mail\u00a0:\u00a0<a href=\"mailto:benoit.deniau@ac-bordeaux.fr\" target=\"_blank\" rel=\"noreferrer noopener\">benoit.deniau@ac-bordeaux.fr<\/a><br>Mobile : <strong>07 71 50 09 84<\/strong><\/p>\n<\/div><\/div>\n\n\n\n<p><mark style=\"background-color:#ffffff\" class=\"has-inline-color has-white-color\">Saut de ligne<\/mark><\/p>\n\n\n\n<div class=\"wp-block-media-text is-stacked-on-mobile\" style=\"grid-template-columns:15% auto\"><figure class=\"wp-block-media-text__media\"><img loading=\"lazy\" decoding=\"async\" width=\"771\" height=\"771\" src=\"https:\/\/ent2d.ac-bordeaux.fr\/disciplines\/stivoieproprovisoire\/wp-content\/uploads\/sites\/90\/2024\/08\/Avatar_DREYDEMY.png\" alt=\"\" class=\"wp-image-499 size-full\" srcset=\"https:\/\/ent2d.ac-bordeaux.fr\/disciplines\/sti-voie-pro\/wp-content\/uploads\/sites\/90\/2024\/08\/Avatar_DREYDEMY.png 771w, https:\/\/ent2d.ac-bordeaux.fr\/disciplines\/sti-voie-pro\/wp-content\/uploads\/sites\/90\/2024\/08\/Avatar_DREYDEMY-300x300.png 300w, https:\/\/ent2d.ac-bordeaux.fr\/disciplines\/sti-voie-pro\/wp-content\/uploads\/sites\/90\/2024\/08\/Avatar_DREYDEMY-150x150.png 150w, https:\/\/ent2d.ac-bordeaux.fr\/disciplines\/sti-voie-pro\/wp-content\/uploads\/sites\/90\/2024\/08\/Avatar_DREYDEMY-768x768.png 768w\" sizes=\"auto, (max-width: 771px) 100vw, 771px\" \/><\/figure><div class=\"wp-block-media-text__content\">\n<p><strong>Fran\u00e7ois DREYDEMY<\/strong><br>Fili\u00e8res : A\u00e9ronautique, Chaudronnerie, M\u00e9tallerie et Plasturgies composites.<br>Mail\u00a0:\u00a0<a href=\"mailto:francois.dreydemy@ac-bordeaux.fr\" target=\"_blank\" rel=\"noreferrer noopener\">francois.dreydemy@ac-bordeaux.fr<\/a><br>Mobile : 06 27 99 81 29\u00a0<\/p>\n<\/div><\/div>\n\n\n\n<p><mark style=\"background-color:#ffffff\" class=\"has-inline-color has-white-color\">Saut de ligne<\/mark><\/p>\n\n\n\n<div class=\"wp-block-media-text is-stacked-on-mobile\" style=\"grid-template-columns:15% auto\"><figure class=\"wp-block-media-text__media\"><img loading=\"lazy\" decoding=\"async\" width=\"771\" height=\"772\" src=\"https:\/\/ent2d.ac-bordeaux.fr\/disciplines\/stivoieproprovisoire\/wp-content\/uploads\/sites\/90\/2024\/08\/Avatar_GOY.png\" alt=\"\" class=\"wp-image-783 size-full\" srcset=\"https:\/\/ent2d.ac-bordeaux.fr\/disciplines\/sti-voie-pro\/wp-content\/uploads\/sites\/90\/2024\/08\/Avatar_GOY.png 771w, https:\/\/ent2d.ac-bordeaux.fr\/disciplines\/sti-voie-pro\/wp-content\/uploads\/sites\/90\/2024\/08\/Avatar_GOY-300x300.png 300w, https:\/\/ent2d.ac-bordeaux.fr\/disciplines\/sti-voie-pro\/wp-content\/uploads\/sites\/90\/2024\/08\/Avatar_GOY-150x150.png 150w, https:\/\/ent2d.ac-bordeaux.fr\/disciplines\/sti-voie-pro\/wp-content\/uploads\/sites\/90\/2024\/08\/Avatar_GOY-768x769.png 768w\" sizes=\"auto, (max-width: 771px) 100vw, 771px\" \/><\/figure><div class=\"wp-block-media-text__content\">\n<p><strong>St\u00e9phane GOY<\/strong><br>Fili\u00e8res : B\u00e2timents et Industries graphiques.<br>Mail\u00a0:\u00a0<a href=\"mailto:stephane.goy@ac-bordeaux.fr\" target=\"_blank\" rel=\"noreferrer noopener\">stephane.goy@ac-bordeaux.fr<\/a><br>Mobile : 06 18 54 28 18<\/p>\n<\/div><\/div>\n\n\n\n<p><mark style=\"background-color:#ffffff\" class=\"has-inline-color has-white-color\">Saut de ligne<\/mark><\/p>\n\n\n\n<div class=\"wp-block-media-text is-stacked-on-mobile\" style=\"grid-template-columns:15% auto\"><figure class=\"wp-block-media-text__media\"><img loading=\"lazy\" decoding=\"async\" width=\"771\" height=\"798\" src=\"https:\/\/ent2d.ac-bordeaux.fr\/disciplines\/stivoieproprovisoire\/wp-content\/uploads\/sites\/90\/2024\/08\/Avatar_METHEE.png\" alt=\"\" class=\"wp-image-506 size-full\" srcset=\"https:\/\/ent2d.ac-bordeaux.fr\/disciplines\/sti-voie-pro\/wp-content\/uploads\/sites\/90\/2024\/08\/Avatar_METHEE.png 771w, https:\/\/ent2d.ac-bordeaux.fr\/disciplines\/sti-voie-pro\/wp-content\/uploads\/sites\/90\/2024\/08\/Avatar_METHEE-290x300.png 290w, https:\/\/ent2d.ac-bordeaux.fr\/disciplines\/sti-voie-pro\/wp-content\/uploads\/sites\/90\/2024\/08\/Avatar_METHEE-768x795.png 768w\" sizes=\"auto, (max-width: 771px) 100vw, 771px\" \/><\/figure><div class=\"wp-block-media-text__content\">\n<p><strong>Fabrice M\u00c9TH\u00c9E<\/strong><br>Fili\u00e8res : Chimie, Electrotechnique, Maintenance industrielle, Nucl\u00e9aire et pilotage de ligne de production (PLP).<br>Mail\u00a0:\u00a0<a href=\"mailto:fabrice.methee@ac-bordeaux.fr\" target=\"_blank\" rel=\"noreferrer noopener\">fabrice.methee@ac-bordeaux.fr<\/a><br>Mobile : 06 13 16 55 26<\/p>\n<\/div><\/div>\n\n\n\n<p><mark style=\"background-color:#ffffff\" class=\"has-inline-color has-white-color\">Saut de ligne<\/mark><\/p>\n\n\n\n<div class=\"wp-block-media-text is-stacked-on-mobile\" style=\"grid-template-columns:15% auto\"><figure class=\"wp-block-media-text__media\"><img loading=\"lazy\" decoding=\"async\" width=\"771\" height=\"773\" src=\"https:\/\/ent2d.ac-bordeaux.fr\/disciplines\/stivoieproprovisoire\/wp-content\/uploads\/sites\/90\/2024\/08\/Avatar_Jerome.png\" alt=\"\" class=\"wp-image-505 size-full\" srcset=\"https:\/\/ent2d.ac-bordeaux.fr\/disciplines\/sti-voie-pro\/wp-content\/uploads\/sites\/90\/2024\/08\/Avatar_Jerome.png 771w, https:\/\/ent2d.ac-bordeaux.fr\/disciplines\/sti-voie-pro\/wp-content\/uploads\/sites\/90\/2024\/08\/Avatar_Jerome-300x300.png 300w, https:\/\/ent2d.ac-bordeaux.fr\/disciplines\/sti-voie-pro\/wp-content\/uploads\/sites\/90\/2024\/08\/Avatar_Jerome-150x150.png 150w, https:\/\/ent2d.ac-bordeaux.fr\/disciplines\/sti-voie-pro\/wp-content\/uploads\/sites\/90\/2024\/08\/Avatar_Jerome-768x770.png 768w\" sizes=\"auto, (max-width: 771px) 100vw, 771px\" \/><\/figure><div class=\"wp-block-media-text__content\">\n<p><strong>J\u00e9r\u00f4me PROUZAT<\/strong><br>Fili\u00e8res : Cuir, Mode, Conduite routi\u00e8re et Productique.<br>Mail\u00a0:\u00a0<a href=\"mailto:jerome.prouzat@ac-bordeaux.fr\" target=\"_blank\" rel=\"noreferrer noopener\">jerome.prouzat@ac-bordeaux.fr<\/a><br>Mobile : 07 77 31 08 06<\/p>\n<\/div><\/div>\n\n\n\n<p><mark style=\"background-color:#ffffff\" class=\"has-inline-color has-white-color\">Saut de ligne<\/mark><\/p>\n\n\n\n<div class=\"wp-block-media-text is-stacked-on-mobile\" style=\"grid-template-columns:15% auto\"><figure class=\"wp-block-media-text__media\"><img loading=\"lazy\" decoding=\"async\" width=\"771\" height=\"771\" src=\"https:\/\/ent2d.ac-bordeaux.fr\/disciplines\/stivoieproprovisoire\/wp-content\/uploads\/sites\/90\/2024\/09\/Avatar_SALEL.png\" alt=\"\" class=\"wp-image-970 size-full\" srcset=\"https:\/\/ent2d.ac-bordeaux.fr\/disciplines\/sti-voie-pro\/wp-content\/uploads\/sites\/90\/2024\/09\/Avatar_SALEL.png 771w, https:\/\/ent2d.ac-bordeaux.fr\/disciplines\/sti-voie-pro\/wp-content\/uploads\/sites\/90\/2024\/09\/Avatar_SALEL-300x300.png 300w, https:\/\/ent2d.ac-bordeaux.fr\/disciplines\/sti-voie-pro\/wp-content\/uploads\/sites\/90\/2024\/09\/Avatar_SALEL-150x150.png 150w, https:\/\/ent2d.ac-bordeaux.fr\/disciplines\/sti-voie-pro\/wp-content\/uploads\/sites\/90\/2024\/09\/Avatar_SALEL-768x768.png 768w\" sizes=\"auto, (max-width: 771px) 100vw, 771px\" \/><\/figure><div class=\"wp-block-media-text__content\">\n<p><strong>Nicolas SALEL<\/strong><br>Fili\u00e8res : Design et M\u00e9tiers d&rsquo;art<br>Mail\u00a0:\u00a0<a href=\"mailto:philippe.verplacke@ac-bordeaux.fr\" target=\"_blank\" rel=\"noreferrer noopener\">nicolas.salel@ac-bordeaux.fr<\/a><br>Mobile : 06 18 54 26 84<\/p>\n<\/div><\/div>\n\n\n\n<p><mark style=\"background-color:#ffffff\" class=\"has-inline-color has-white-color\">Saut de ligne<\/mark><\/p>\n\n\n\n<div class=\"wp-block-media-text is-stacked-on-mobile\" style=\"grid-template-columns:15% auto\"><figure class=\"wp-block-media-text__media\"><img loading=\"lazy\" decoding=\"async\" width=\"544\" height=\"548\" src=\"https:\/\/ent2d.ac-bordeaux.fr\/disciplines\/stivoieproprovisoire\/wp-content\/uploads\/sites\/90\/2024\/08\/ID_PS_Bdx.png\" alt=\"\" class=\"wp-image-507 size-full\" srcset=\"https:\/\/ent2d.ac-bordeaux.fr\/disciplines\/sti-voie-pro\/wp-content\/uploads\/sites\/90\/2024\/08\/ID_PS_Bdx.png 544w, https:\/\/ent2d.ac-bordeaux.fr\/disciplines\/sti-voie-pro\/wp-content\/uploads\/sites\/90\/2024\/08\/ID_PS_Bdx-298x300.png 298w, https:\/\/ent2d.ac-bordeaux.fr\/disciplines\/sti-voie-pro\/wp-content\/uploads\/sites\/90\/2024\/08\/ID_PS_Bdx-150x150.png 150w\" sizes=\"auto, (max-width: 544px) 100vw, 544px\" \/><\/figure><div class=\"wp-block-media-text__content\">\n<p><strong>Philippe S\u00c9N\u00c9CHAL<\/strong><br>Fili\u00e8res : Electronique\/num\u00e9rique, Energ\u00e9tique et Photonique.<br>Mail\u00a0:\u00a0<a href=\"mailto:philippe.senechal@ac-bordeaux.fr\" target=\"_blank\" rel=\"noreferrer noopener\">philippe.senechal@ac-bordeaux.fr<\/a><br>Mobile : 06 29 37 72 48<\/p>\n<\/div><\/div>\n\n\n\n<p><mark style=\"background-color:#ffffff\" class=\"has-inline-color has-white-color\">Saut de ligne<\/mark><\/p>\n\n\n\n<p><mark style=\"background-color:#ffffff\" class=\"has-inline-color has-white-color\">Saut de ligne<\/mark><\/p>\n\n\n\n<h5 class=\"wp-block-heading\">Les charg\u00e9s de mission :<\/h5>\n\n\n\n<p><mark style=\"background-color:#ffffff\" class=\"has-inline-color has-white-color\">Saut de ligne<\/mark><\/p>\n\n\n\n<div class=\"wp-block-media-text is-stacked-on-mobile\" style=\"grid-template-columns:15% auto\"><figure class=\"wp-block-media-text__media\"><img loading=\"lazy\" decoding=\"async\" width=\"220\" height=\"220\" src=\"https:\/\/ent2d.ac-bordeaux.fr\/disciplines\/sti-voie-pro\/wp-content\/uploads\/sites\/90\/2025\/09\/personne.png\" alt=\"\" class=\"wp-image-1457 size-full\" srcset=\"https:\/\/ent2d.ac-bordeaux.fr\/disciplines\/sti-voie-pro\/wp-content\/uploads\/sites\/90\/2025\/09\/personne.png 220w, https:\/\/ent2d.ac-bordeaux.fr\/disciplines\/sti-voie-pro\/wp-content\/uploads\/sites\/90\/2025\/09\/personne-150x150.png 150w\" sizes=\"auto, (max-width: 220px) 100vw, 220px\" \/><\/figure><div class=\"wp-block-media-text__content\">\n<p><strong><strong>Fr\u00e9d\u00e9ric ALSER<\/strong><\/strong><br>Electrotechnique, Energ\u00e9tique, Optique lunetterie.<br>Mail\u00a0:\u00a0<a href=\"mailto:frederic.alser@ac-bordeaux.fr\" target=\"_blank\" rel=\"noreferrer noopener\">frederic.alser@ac-bordeaux.fr<\/a><br>Mobile : 06 81 21 83 50<\/p>\n<\/div><\/div>\n\n\n\n<p><mark style=\"background-color:#ffffff\" class=\"has-inline-color has-white-color\">Saut de ligne<\/mark><\/p>\n\n\n\n<div class=\"wp-block-media-text is-stacked-on-mobile\" style=\"grid-template-columns:15% auto\"><figure class=\"wp-block-media-text__media\"><img loading=\"lazy\" decoding=\"async\" width=\"766\" height=\"774\" src=\"https:\/\/ent2d.ac-bordeaux.fr\/disciplines\/stivoieproprovisoire\/wp-content\/uploads\/sites\/90\/2024\/08\/Avatar_GALAN.png\" alt=\"\" class=\"wp-image-532 size-full\" srcset=\"https:\/\/ent2d.ac-bordeaux.fr\/disciplines\/sti-voie-pro\/wp-content\/uploads\/sites\/90\/2024\/08\/Avatar_GALAN.png 766w, https:\/\/ent2d.ac-bordeaux.fr\/disciplines\/sti-voie-pro\/wp-content\/uploads\/sites\/90\/2024\/08\/Avatar_GALAN-297x300.png 297w\" sizes=\"auto, (max-width: 766px) 100vw, 766px\" \/><\/figure><div class=\"wp-block-media-text__content\">\n<p><strong>Patrick GALAN<\/strong><br>Professeur formateur acad\u00e9mique STI. Charg\u00e9 de mission \u00e0 la DRANE Bordeaux<br>Mail&nbsp;:&nbsp;<a href=\"mailto:patrick.galan1@ac-bordeaux.fr\" target=\"_blank\" rel=\"noreferrer noopener\">patrick.galan1@ac-bordeaux.fr<\/a><br>Mobile : 06 65 35 42 03<\/p>\n<\/div><\/div>\n\n\n\n<p><mark style=\"background-color:#ffffff\" class=\"has-inline-color has-white-color\">Saut de ligne<\/mark><\/p>\n","protected":false},"excerpt":{"rendered":"<p>Saut de ligne Les inspecteurs de l&rsquo;\u00c9ducation nationale, charg\u00e9s de l&rsquo;enseignement technique : Beno\u00eet DENIAUFili\u00e8res : Carrosserie, Maintenance des mat\u00e9riels,<\/p>\n","protected":false},"author":1423,"featured_media":0,"parent":0,"menu_order":0,"comment_status":"closed","ping_status":"closed","template":"","meta":{"_bbp_topic_count":0,"_bbp_reply_count":0,"_bbp_total_topic_count":0,"_bbp_total_reply_count":0,"_bbp_voice_count":0,"_bbp_anonymous_reply_count":0,"_bbp_topic_count_hidden":0,"_bbp_reply_count_hidden":0,"_bbp_forum_subforum_count":0,"footnotes":""},"class_list":["post-473","page","type-page","status-publish","hentry"],"_links":{"self":[{"href":"https:\/\/ent2d.ac-bordeaux.fr\/disciplines\/sti-voie-pro\/wp-json\/wp\/v2\/pages\/473","targetHints":{"allow":["GET"]}}],"collection":[{"href":"https:\/\/ent2d.ac-bordeaux.fr\/disciplines\/sti-voie-pro\/wp-json\/wp\/v2\/pages"}],"about":[{"href":"https:\/\/ent2d.ac-bordeaux.fr\/disciplines\/sti-voie-pro\/wp-json\/wp\/v2\/types\/page"}],"author":[{"embeddable":true,"href":"https:\/\/ent2d.ac-bordeaux.fr\/disciplines\/sti-voie-pro\/wp-json\/wp\/v2\/users\/1423"}],"replies":[{"embeddable":true,"href":"https:\/\/ent2d.ac-bordeaux.fr\/disciplines\/sti-voie-pro\/wp-json\/wp\/v2\/comments?post=473"}],"version-history":[{"count":26,"href":"https:\/\/ent2d.ac-bordeaux.fr\/disciplines\/sti-voie-pro\/wp-json\/wp\/v2\/pages\/473\/revisions"}],"predecessor-version":[{"id":1459,"href":"https:\/\/ent2d.ac-bordeaux.fr\/disciplines\/sti-voie-pro\/wp-json\/wp\/v2\/pages\/473\/revisions\/1459"}],"wp:attachment":[{"href":"https:\/\/ent2d.ac-bordeaux.fr\/disciplines\/sti-voie-pro\/wp-json\/wp\/v2\/media?parent=473"}],"curies":[{"name":"wp","href":"https:\/\/api.w.org\/{rel}","templated":true}]}}