{"id":396,"date":"2024-08-25T15:19:11","date_gmt":"2024-08-25T13:19:11","guid":{"rendered":"https:\/\/ent2d.ac-bordeaux.fr\/disciplines\/stivoieproprovisoire\/?page_id=396"},"modified":"2024-10-13T17:04:12","modified_gmt":"2024-10-13T15:04:12","slug":"accueil","status":"publish","type":"page","link":"https:\/\/ent2d.ac-bordeaux.fr\/disciplines\/sti-voie-pro\/","title":{"rendered":""},"content":{"rendered":"\n<h2 class=\"wp-block-heading\">Bienvenue dans l&rsquo;espace d\u2019information des STI de l\u2019acad\u00e9mie de Bordeaux<\/h2>\n\n\n<p><span style=\"text-align: justify\">Cette plateforme est d\u00e9di\u00e9e aux personnels de l\u2019\u00c9ducation nationale d\u00e9sirant avoir des informations sur les sciences et techniques industrielles (STI) dans l\u2019acad\u00e9mie de Bordeaux.<\/span><\/p>\n<p style=\"text-align: justify\">Elle a pour objectif de promouvoir les secteurs d\u2019activit\u00e9 qui composent les STI et de permettre aux diff\u00e9rents personnels d\u2019avoir acc\u00e8s rapidement \u00e0 des ressources r\u00e9centes sur la r\u00e9glementation en vigueur, la s\u00e9curit\u00e9, la p\u00e9dagogie et la didactique.<\/p>\n<p style=\"text-align: justify\">N\u2019h\u00e9sitez pas \u00e0 contacter l\u2019inspecteur r\u00e9f\u00e9rent de votre ZAP, de votre \u00e9tablissement ou de votre fili\u00e8re pour lui faire part de vos remarques sur cette plateforme et lui indiquer les \u00e9ventuelles \u00e9volutions que vous aimeriez voir appara\u00eetre.<\/p>\n<p>Bonne recherche.<\/p>\n<p style=\"text-align: right\">Pour le groupe des IEN-ET-STI<\/p>\n<p style=\"text-align: right\">Philippe S\u00c9N\u00c9CHAL<\/p>\n<p><span style=\"font-size: medium\">Les acc\u00e8s institutionnels et p\u00e9dagogiques :\u00a0<\/span><\/p>\n\n\n<figure class=\"wp-block-table aligncenter\"><table><tbody><tr><td class=\"has-text-align-left\" data-align=\"left\"><a href=\"https:\/\/portailrh.ac-bordeaux.fr\/login\/ct_logon_mixte.jsp?CT_ORIG_URL=%2Farena%2F\" target=\"_blank\" rel=\"noreferrer noopener\"><img loading=\"lazy\" decoding=\"async\" width=\"688\" height=\"202\" class=\"wp-image-272\" style=\"width: 280px\" src=\"https:\/\/ent2d.ac-bordeaux.fr\/disciplines\/stivoieproprovisoire\/wp-content\/uploads\/sites\/90\/2024\/08\/Capture-decran-2024-08-25-a-09.53.52.png\" alt=\"\" srcset=\"https:\/\/ent2d.ac-bordeaux.fr\/disciplines\/sti-voie-pro\/wp-content\/uploads\/sites\/90\/2024\/08\/Capture-decran-2024-08-25-a-09.53.52.png 688w, https:\/\/ent2d.ac-bordeaux.fr\/disciplines\/sti-voie-pro\/wp-content\/uploads\/sites\/90\/2024\/08\/Capture-decran-2024-08-25-a-09.53.52-300x88.png 300w\" sizes=\"auto, (max-width: 688px) 100vw, 688px\" \/><\/a><\/td><td class=\"has-text-align-left\" data-align=\"left\">  <a href=\"https:\/\/auth.apps.education.fr\/auth\/realms\/apps\/protocol\/openid-connect\/auth?client_id=sso&amp;state=eyJsb2dpblN0eWxlIjoicmVkaXJlY3QiLCJjcmVkZW50aWFsVG9rZW4iOiJrSEpWTHFMWGlOcU0tMG4wNDBadk55MDRJVlhxUEtLYlBHbjAwQjlJeDJqIiwiaXNDb3Jkb3ZhIjpmYWxzZSwicmVkaXJlY3RVcmwiOiJodHRwczovL3BvcnRhaWwuYXBwcy5lZHVjYXRpb24uZnIvc2lnbmluIn0=&amp;redirect_uri=https:\/\/portail.apps.education.fr\/_oauth\/keycloak&amp;scope=openid&amp;response_type=code\" target=\"_blank\" rel=\"noreferrer noopener\"><\/a><a href=\"https:\/\/eduscol.education.fr\/sti\/\" target=\"_blank\" rel=\"noreferrer noopener\"><img loading=\"lazy\" decoding=\"async\" width=\"588\" height=\"125\" class=\"wp-image-967\" style=\"width: 300px\" src=\"https:\/\/ent2d.ac-bordeaux.fr\/disciplines\/stivoieproprovisoire\/wp-content\/uploads\/sites\/90\/2024\/09\/logo_eduscol_STI.jpg\" alt=\"\" srcset=\"https:\/\/ent2d.ac-bordeaux.fr\/disciplines\/sti-voie-pro\/wp-content\/uploads\/sites\/90\/2024\/09\/logo_eduscol_STI.jpg 588w, https:\/\/ent2d.ac-bordeaux.fr\/disciplines\/sti-voie-pro\/wp-content\/uploads\/sites\/90\/2024\/09\/logo_eduscol_STI-300x64.jpg 300w\" sizes=\"auto, (max-width: 588px) 100vw, 588px\" \/><\/a><\/td><td class=\"has-text-align-left\" data-align=\"left\">  <a href=\"https:\/\/auth.apps.education.fr\/auth\/realms\/apps\/protocol\/openid-connect\/auth?client_id=sso&amp;state=eyJsb2dpblN0eWxlIjoicmVkaXJlY3QiLCJjcmVkZW50aWFsVG9rZW4iOiJrSEpWTHFMWGlOcU0tMG4wNDBadk55MDRJVlhxUEtLYlBHbjAwQjlJeDJqIiwiaXNDb3Jkb3ZhIjpmYWxzZSwicmVkaXJlY3RVcmwiOiJodHRwczovL3BvcnRhaWwuYXBwcy5lZHVjYXRpb24uZnIvc2lnbmluIn0=&amp;redirect_uri=https:\/\/portail.apps.education.fr\/_oauth\/keycloak&amp;scope=openid&amp;response_type=code\" target=\"_blank\" rel=\"noreferrer noopener\"><img loading=\"lazy\" decoding=\"async\" width=\"600\" height=\"83\" class=\"wp-image-105\" style=\"width: 280px\" src=\"https:\/\/ent2d.ac-bordeaux.fr\/disciplines\/stivoieproprovisoire\/wp-content\/uploads\/sites\/90\/2024\/07\/Logo_apps_education.png\" alt=\"\" srcset=\"https:\/\/ent2d.ac-bordeaux.fr\/disciplines\/sti-voie-pro\/wp-content\/uploads\/sites\/90\/2024\/07\/Logo_apps_education.png 600w, https:\/\/ent2d.ac-bordeaux.fr\/disciplines\/sti-voie-pro\/wp-content\/uploads\/sites\/90\/2024\/07\/Logo_apps_education-300x42.png 300w\" sizes=\"auto, (max-width: 600px) 100vw, 600px\" \/><\/a><\/td><\/tr><tr><td class=\"has-text-align-left\" data-align=\"left\"><mark style=\"background-color:#ffffff\" class=\"has-inline-color has-white-color\">Saut de ligne<\/mark><\/td><td class=\"has-text-align-left\" data-align=\"left\"><\/td><td class=\"has-text-align-left\" data-align=\"left\"><\/td><\/tr><tr><td class=\"has-text-align-left\" data-align=\"left\"><mark style=\"background-color:#ffffff\" class=\"has-inline-color has-white-color\">Saut de ligne<\/mark><\/td><td class=\"has-text-align-left\" data-align=\"left\"><\/td><td class=\"has-text-align-left\" data-align=\"left\"><\/td><\/tr><tr><td class=\"has-text-align-left\" data-align=\"left\"><a href=\"https:\/\/jeunes.nouvelle-aquitaine.fr\/formation\/au-lycee\/lycee-connecte-ent\" target=\"_blank\" rel=\"noreferrer noopener\"><img loading=\"lazy\" decoding=\"async\" width=\"1006\" height=\"365\" class=\"wp-image-259\" style=\"width: 150px\" src=\"https:\/\/ent2d.ac-bordeaux.fr\/disciplines\/stivoieproprovisoire\/wp-content\/uploads\/sites\/90\/2024\/08\/Lycee_connecte.png\" alt=\"\" srcset=\"https:\/\/ent2d.ac-bordeaux.fr\/disciplines\/sti-voie-pro\/wp-content\/uploads\/sites\/90\/2024\/08\/Lycee_connecte.png 1006w, https:\/\/ent2d.ac-bordeaux.fr\/disciplines\/sti-voie-pro\/wp-content\/uploads\/sites\/90\/2024\/08\/Lycee_connecte-300x109.png 300w, https:\/\/ent2d.ac-bordeaux.fr\/disciplines\/sti-voie-pro\/wp-content\/uploads\/sites\/90\/2024\/08\/Lycee_connecte-768x279.png 768w\" sizes=\"auto, (max-width: 1006px) 100vw, 1006px\" \/><\/a><\/td><td class=\"has-text-align-left\" data-align=\"left\"><a href=\"https:\/\/resana.numerique.gouv.fr\/public\/\" target=\"_blank\" rel=\"noreferrer noopener\"><img loading=\"lazy\" decoding=\"async\" width=\"470\" height=\"120\" class=\"wp-image-264\" style=\"width: 220px\" src=\"https:\/\/ent2d.ac-bordeaux.fr\/disciplines\/stivoieproprovisoire\/wp-content\/uploads\/sites\/90\/2024\/08\/RESANA.png\" alt=\"\" srcset=\"https:\/\/ent2d.ac-bordeaux.fr\/disciplines\/sti-voie-pro\/wp-content\/uploads\/sites\/90\/2024\/08\/RESANA.png 470w, https:\/\/ent2d.ac-bordeaux.fr\/disciplines\/sti-voie-pro\/wp-content\/uploads\/sites\/90\/2024\/08\/RESANA-300x77.png 300w\" sizes=\"auto, (max-width: 470px) 100vw, 470px\" \/><\/a><\/td><td class=\"has-text-align-left\" data-align=\"left\"><a href=\"https:\/\/ladigitale.dev\" target=\"_blank\" rel=\"noreferrer noopener\"><img loading=\"lazy\" decoding=\"async\" width=\"972\" height=\"515\" class=\"wp-image-260\" style=\"width: 150px\" src=\"https:\/\/ent2d.ac-bordeaux.fr\/disciplines\/stivoieproprovisoire\/wp-content\/uploads\/sites\/90\/2024\/08\/Logo_la_digitale.png\" alt=\"\" srcset=\"https:\/\/ent2d.ac-bordeaux.fr\/disciplines\/sti-voie-pro\/wp-content\/uploads\/sites\/90\/2024\/08\/Logo_la_digitale.png 972w, https:\/\/ent2d.ac-bordeaux.fr\/disciplines\/sti-voie-pro\/wp-content\/uploads\/sites\/90\/2024\/08\/Logo_la_digitale-300x159.png 300w, https:\/\/ent2d.ac-bordeaux.fr\/disciplines\/sti-voie-pro\/wp-content\/uploads\/sites\/90\/2024\/08\/Logo_la_digitale-768x407.png 768w\" sizes=\"auto, (max-width: 972px) 100vw, 972px\" \/><\/a><\/td><\/tr><\/tbody><\/table><\/figure>\n","protected":false},"excerpt":{"rendered":"<p>Bienvenue dans l&rsquo;espace d\u2019information des STI de l\u2019acad\u00e9mie de Bordeaux Cette plateforme est d\u00e9di\u00e9e aux personnels de l\u2019\u00c9ducation nationale d\u00e9sirant<\/p>\n","protected":false},"author":1423,"featured_media":0,"parent":0,"menu_order":0,"comment_status":"closed","ping_status":"closed","template":"","meta":{"_bbp_topic_count":0,"_bbp_reply_count":0,"_bbp_total_topic_count":0,"_bbp_total_reply_count":0,"_bbp_voice_count":0,"_bbp_anonymous_reply_count":0,"_bbp_topic_count_hidden":0,"_bbp_reply_count_hidden":0,"_bbp_forum_subforum_count":0,"footnotes":"[]"},"class_list":["post-396","page","type-page","status-publish","hentry"],"_links":{"self":[{"href":"https:\/\/ent2d.ac-bordeaux.fr\/disciplines\/sti-voie-pro\/wp-json\/wp\/v2\/pages\/396","targetHints":{"allow":["GET"]}}],"collection":[{"href":"https:\/\/ent2d.ac-bordeaux.fr\/disciplines\/sti-voie-pro\/wp-json\/wp\/v2\/pages"}],"about":[{"href":"https:\/\/ent2d.ac-bordeaux.fr\/disciplines\/sti-voie-pro\/wp-json\/wp\/v2\/types\/page"}],"author":[{"embeddable":true,"href":"https:\/\/ent2d.ac-bordeaux.fr\/disciplines\/sti-voie-pro\/wp-json\/wp\/v2\/users\/1423"}],"replies":[{"embeddable":true,"href":"https:\/\/ent2d.ac-bordeaux.fr\/disciplines\/sti-voie-pro\/wp-json\/wp\/v2\/comments?post=396"}],"version-history":[{"count":83,"href":"https:\/\/ent2d.ac-bordeaux.fr\/disciplines\/sti-voie-pro\/wp-json\/wp\/v2\/pages\/396\/revisions"}],"predecessor-version":[{"id":1262,"href":"https:\/\/ent2d.ac-bordeaux.fr\/disciplines\/sti-voie-pro\/wp-json\/wp\/v2\/pages\/396\/revisions\/1262"}],"wp:attachment":[{"href":"https:\/\/ent2d.ac-bordeaux.fr\/disciplines\/sti-voie-pro\/wp-json\/wp\/v2\/media?parent=396"}],"curies":[{"name":"wp","href":"https:\/\/api.w.org\/{rel}","templated":true}]}}