{"id":339,"date":"2024-08-25T12:31:12","date_gmt":"2024-08-25T10:31:12","guid":{"rendered":"https:\/\/ent2d.ac-bordeaux.fr\/disciplines\/stivoieproprovisoire\/?page_id=339"},"modified":"2025-09-09T22:13:23","modified_gmt":"2025-09-09T20:13:23","slug":"metallurgie-2","status":"publish","type":"page","link":"https:\/\/ent2d.ac-bordeaux.fr\/disciplines\/sti-voie-pro\/metallurgie-2\/","title":{"rendered":"M\u00e9tallurgie"},"content":{"rendered":"<p style=\"text-align: justify\">Retrouvez ci-dessous les diff\u00e9rents site web d\u00e9velopp\u00e9s par les IEN-ET-STI r\u00e9f\u00e9rents de leur fili\u00e8re.<\/p>\n\n\n<div class=\"wp-block-media-text is-stacked-on-mobile\" style=\"grid-template-columns:23% auto\"><figure class=\"wp-block-media-text__media\"><a href=\"https:\/\/ent2d.ac-bordeaux.fr\/disciplines\/chaudronnerie\/\" target=\"_blank\" rel=\"noreferrer noopener\"><img loading=\"lazy\" decoding=\"async\" width=\"665\" height=\"401\" src=\"https:\/\/ent2d.ac-bordeaux.fr\/disciplines\/sti-voie-pro\/wp-content\/uploads\/sites\/90\/2024\/10\/Chaudronnerie.png\" alt=\"\" class=\"wp-image-1374 size-full\" srcset=\"https:\/\/ent2d.ac-bordeaux.fr\/disciplines\/sti-voie-pro\/wp-content\/uploads\/sites\/90\/2024\/10\/Chaudronnerie.png 665w, https:\/\/ent2d.ac-bordeaux.fr\/disciplines\/sti-voie-pro\/wp-content\/uploads\/sites\/90\/2024\/10\/Chaudronnerie-300x181.png 300w\" sizes=\"auto, (max-width: 665px) 100vw, 665px\" \/><\/a><\/figure><div class=\"wp-block-media-text__content\">\n<p><a href=\"https:\/\/ent2d.ac-bordeaux.fr\/disciplines\/chaudronnerie\/\" data-type=\"link\" data-id=\"https:\/\/ent2d.ac-bordeaux.fr\/disciplines\/chaudronnerie\/\" target=\"_blank\" rel=\"noreferrer noopener\"><strong>Fili\u00e8re chaudronnerie<\/strong><\/a><\/p>\n\n\n\n<p>IEN-ET-STI r\u00e9f\u00e9rent : Fran\u00e7ois DREYDEMY<\/p>\n<\/div><\/div>\n\n\n\n<p><mark style=\"background-color:#ffffff\" class=\"has-inline-color has-white-color\">Saut de ligne<\/mark><\/p>\n\n\n\n<div class=\"wp-block-media-text is-stacked-on-mobile\" style=\"grid-template-columns:23% auto\"><figure class=\"wp-block-media-text__media\"><a href=\"https:\/\/ent2d.ac-bordeaux.fr\/disciplines\/ciras\/\" target=\"_blank\" rel=\"noreferrer noopener\"><img loading=\"lazy\" decoding=\"async\" width=\"665\" height=\"400\" src=\"https:\/\/ent2d.ac-bordeaux.fr\/disciplines\/sti-voie-pro\/wp-content\/uploads\/sites\/90\/2024\/10\/CIRAS.png\" alt=\"\" class=\"wp-image-1376 size-full\" srcset=\"https:\/\/ent2d.ac-bordeaux.fr\/disciplines\/sti-voie-pro\/wp-content\/uploads\/sites\/90\/2024\/10\/CIRAS.png 665w, https:\/\/ent2d.ac-bordeaux.fr\/disciplines\/sti-voie-pro\/wp-content\/uploads\/sites\/90\/2024\/10\/CIRAS-300x180.png 300w\" sizes=\"auto, (max-width: 665px) 100vw, 665px\" \/><\/a><\/figure><div class=\"wp-block-media-text__content\">\n<p><strong><a href=\"https:\/\/ent2d.ac-bordeaux.fr\/disciplines\/ciras\/\" data-type=\"link\" data-id=\"https:\/\/ent2d.ac-bordeaux.fr\/disciplines\/ciras\/\" target=\"_blank\" rel=\"noreferrer noopener\">Comit\u00e9 d&rsquo;Initiation R\u00e9gional A\u00e9ronautique et Spatial (CIRAS) &#8211; Bordeaux<\/a><\/strong><\/p>\n\n\n\n<p>IEN-ET-STI r\u00e9f\u00e9rent :Fran\u00e7ois DREYDEMY<\/p>\n<\/div><\/div>\n\n\n\n<p><mark style=\"background-color:#ffffff\" class=\"has-inline-color has-white-color\">Saut de ligne<\/mark><\/p>\n\n\n\n<div class=\"wp-block-media-text is-stacked-on-mobile\" style=\"grid-template-columns:23% auto\"><figure class=\"wp-block-media-text__media\"><a href=\"https:\/\/ent2d.ac-bordeaux.fr\/disciplines\/systemesnumeriquesenlp\/\" target=\"_blank\" rel=\"noreferrer noopener\"><img loading=\"lazy\" decoding=\"async\" width=\"663\" height=\"401\" src=\"https:\/\/ent2d.ac-bordeaux.fr\/disciplines\/sti-voie-pro\/wp-content\/uploads\/sites\/90\/2024\/10\/SN.png\" alt=\"\" class=\"wp-image-1377 size-full\" srcset=\"https:\/\/ent2d.ac-bordeaux.fr\/disciplines\/sti-voie-pro\/wp-content\/uploads\/sites\/90\/2024\/10\/SN.png 663w, https:\/\/ent2d.ac-bordeaux.fr\/disciplines\/sti-voie-pro\/wp-content\/uploads\/sites\/90\/2024\/10\/SN-300x181.png 300w\" sizes=\"auto, (max-width: 663px) 100vw, 663px\" \/><\/a><\/figure><div class=\"wp-block-media-text__content\">\n<p><strong><a href=\"https:\/\/ent2d.ac-bordeaux.fr\/disciplines\/systemesnumeriquesenlp\/\" target=\"_blank\" rel=\"noreferrer noopener\">Fili\u00e8res \u00e9lectronique et num\u00e9rique<\/a><\/strong><\/p>\n\n\n\n<p>IEN-ET-STI r\u00e9f\u00e9rents : Philippe S\u00c9N\u00c9CHAL<\/p>\n<\/div><\/div>\n\n\n\n<p><mark style=\"background-color:#ffffff\" class=\"has-inline-color has-white-color\">Saut de ligne<\/mark><\/p>\n\n\n\n<div class=\"wp-block-media-text is-stacked-on-mobile\" style=\"grid-template-columns:23% auto\"><figure class=\"wp-block-media-text__media\"><a href=\"https:\/\/ent2d.ac-bordeaux.fr\/disciplines\/electrotechnique\/\" target=\"_blank\" rel=\"noreferrer noopener\"><img loading=\"lazy\" decoding=\"async\" width=\"664\" height=\"399\" src=\"https:\/\/ent2d.ac-bordeaux.fr\/disciplines\/sti-voie-pro\/wp-content\/uploads\/sites\/90\/2024\/10\/MELEC.png\" alt=\"\" class=\"wp-image-1378 size-full\" srcset=\"https:\/\/ent2d.ac-bordeaux.fr\/disciplines\/sti-voie-pro\/wp-content\/uploads\/sites\/90\/2024\/10\/MELEC.png 664w, https:\/\/ent2d.ac-bordeaux.fr\/disciplines\/sti-voie-pro\/wp-content\/uploads\/sites\/90\/2024\/10\/MELEC-300x180.png 300w\" sizes=\"auto, (max-width: 664px) 100vw, 664px\" \/><\/a><\/figure><div class=\"wp-block-media-text__content\">\n<p><a href=\"https:\/\/ent2d.ac-bordeaux.fr\/disciplines\/electrotechnique\/\" data-type=\"link\" data-id=\"https:\/\/ent2d.ac-bordeaux.fr\/disciplines\/electrotechnique\/\" target=\"_blank\" rel=\"noreferrer noopener\"><strong>Fili\u00e8re \u00e9lectrotechnique<\/strong><\/a><\/p>\n\n\n\n<p>IEN r\u00e9f\u00e9rent : Fabrice M\u00c9TH\u00c9E<\/p>\n<\/div><\/div>\n\n\n\n<p><mark style=\"background-color:#ffffff\" class=\"has-inline-color has-white-color\">Saut de ligne<\/mark><\/p>\n\n\n\n<div class=\"wp-block-media-text is-stacked-on-mobile\" style=\"grid-template-columns:23% auto\"><figure class=\"wp-block-media-text__media\"><a href=\"https:\/\/ent2d.ac-bordeaux.fr\/disciplines\/maintenance\/\" target=\"_blank\" rel=\"noreferrer noopener\"><img loading=\"lazy\" decoding=\"async\" width=\"664\" height=\"400\" src=\"https:\/\/ent2d.ac-bordeaux.fr\/disciplines\/sti-voie-pro\/wp-content\/uploads\/sites\/90\/2024\/10\/Maintenance_indus.png\" alt=\"\" class=\"wp-image-1379 size-full\" srcset=\"https:\/\/ent2d.ac-bordeaux.fr\/disciplines\/sti-voie-pro\/wp-content\/uploads\/sites\/90\/2024\/10\/Maintenance_indus.png 664w, https:\/\/ent2d.ac-bordeaux.fr\/disciplines\/sti-voie-pro\/wp-content\/uploads\/sites\/90\/2024\/10\/Maintenance_indus-300x181.png 300w\" sizes=\"auto, (max-width: 664px) 100vw, 664px\" \/><\/a><\/figure><div class=\"wp-block-media-text__content\">\n<p><a href=\"https:\/\/ent2d.ac-bordeaux.fr\/disciplines\/maintenance\/\" data-type=\"link\" data-id=\"https:\/\/ent2d.ac-bordeaux.fr\/disciplines\/maintenance\/\" target=\"_blank\" rel=\"noreferrer noopener\"><strong>Fili\u00e8re maintenance industrielle<\/strong><\/a><\/p>\n\n\n\n<p>IEN-ET-STI r\u00e9f\u00e9rent : Fabrice M\u00c9TH\u00c9E<\/p>\n<\/div><\/div>\n","protected":false},"excerpt":{"rendered":"<p>Retrouvez ci-dessous les diff\u00e9rents site web d\u00e9velopp\u00e9s par les IEN-ET-STI r\u00e9f\u00e9rents de leur fili\u00e8re. Fili\u00e8re chaudronnerie IEN-ET-STI r\u00e9f\u00e9rent : Fran\u00e7ois<\/p>\n","protected":false},"author":1423,"featured_media":0,"parent":0,"menu_order":0,"comment_status":"closed","ping_status":"closed","template":"","meta":{"_bbp_topic_count":0,"_bbp_reply_count":0,"_bbp_total_topic_count":0,"_bbp_total_reply_count":0,"_bbp_voice_count":0,"_bbp_anonymous_reply_count":0,"_bbp_topic_count_hidden":0,"_bbp_reply_count_hidden":0,"_bbp_forum_subforum_count":0,"footnotes":""},"class_list":["post-339","page","type-page","status-publish","hentry"],"_links":{"self":[{"href":"https:\/\/ent2d.ac-bordeaux.fr\/disciplines\/sti-voie-pro\/wp-json\/wp\/v2\/pages\/339","targetHints":{"allow":["GET"]}}],"collection":[{"href":"https:\/\/ent2d.ac-bordeaux.fr\/disciplines\/sti-voie-pro\/wp-json\/wp\/v2\/pages"}],"about":[{"href":"https:\/\/ent2d.ac-bordeaux.fr\/disciplines\/sti-voie-pro\/wp-json\/wp\/v2\/types\/page"}],"author":[{"embeddable":true,"href":"https:\/\/ent2d.ac-bordeaux.fr\/disciplines\/sti-voie-pro\/wp-json\/wp\/v2\/users\/1423"}],"replies":[{"embeddable":true,"href":"https:\/\/ent2d.ac-bordeaux.fr\/disciplines\/sti-voie-pro\/wp-json\/wp\/v2\/comments?post=339"}],"version-history":[{"count":15,"href":"https:\/\/ent2d.ac-bordeaux.fr\/disciplines\/sti-voie-pro\/wp-json\/wp\/v2\/pages\/339\/revisions"}],"predecessor-version":[{"id":1483,"href":"https:\/\/ent2d.ac-bordeaux.fr\/disciplines\/sti-voie-pro\/wp-json\/wp\/v2\/pages\/339\/revisions\/1483"}],"wp:attachment":[{"href":"https:\/\/ent2d.ac-bordeaux.fr\/disciplines\/sti-voie-pro\/wp-json\/wp\/v2\/media?parent=339"}],"curies":[{"name":"wp","href":"https:\/\/api.w.org\/{rel}","templated":true}]}}