{"id":241,"date":"2024-08-22T16:30:26","date_gmt":"2024-08-22T14:30:26","guid":{"rendered":"https:\/\/ent2d.ac-bordeaux.fr\/disciplines\/stivoieproprovisoire\/?page_id=241"},"modified":"2025-09-29T11:00:18","modified_gmt":"2025-09-29T09:00:18","slug":"veille-reglementaire","status":"publish","type":"page","link":"https:\/\/ent2d.ac-bordeaux.fr\/disciplines\/sti-voie-pro\/veille-reglementaire\/","title":{"rendered":"Veille informationnelle"},"content":{"rendered":"\n<p><mark style=\"background-color:#ffffff\" class=\"has-inline-color has-white-color\">Saut de ligne<\/mark><\/p>\n\n\n<p>Retrouvez dans cette page les diff\u00e9rentes veilles utiles \u00e0 votre m\u00e9tier.<\/p>\n\n\n<figure class=\"wp-block-table\"><table><tbody><tr><td class=\"has-text-align-center\" data-align=\"center\"><a href=\"https:\/\/ent2d.ac-bordeaux.fr\/disciplines\/sti-voie-pro\/bulletins-officiels\/\"><img loading=\"lazy\" decoding=\"async\" width=\"665\" height=\"406\" class=\"wp-image-1218\" style=\"width: 300px\" src=\"https:\/\/ent2d.ac-bordeaux.fr\/disciplines\/stivoieproprovisoire\/wp-content\/uploads\/sites\/90\/2024\/10\/Bulletin_officiel.png\" alt=\"\" srcset=\"https:\/\/ent2d.ac-bordeaux.fr\/disciplines\/sti-voie-pro\/wp-content\/uploads\/sites\/90\/2024\/10\/Bulletin_officiel.png 665w, https:\/\/ent2d.ac-bordeaux.fr\/disciplines\/sti-voie-pro\/wp-content\/uploads\/sites\/90\/2024\/10\/Bulletin_officiel-300x183.png 300w\" sizes=\"auto, (max-width: 665px) 100vw, 665px\" \/><\/a><\/td><td class=\"has-text-align-center\" data-align=\"center\"><a href=\"https:\/\/ent2d.ac-bordeaux.fr\/disciplines\/sti-voie-pro\/direction-de-levaluation-de-la-prospective-et-de-la-performance-depp\/\"><img loading=\"lazy\" decoding=\"async\" width=\"667\" height=\"408\" class=\"wp-image-1271\" style=\"width: 300px\" src=\"https:\/\/ent2d.ac-bordeaux.fr\/disciplines\/stivoieproprovisoire\/wp-content\/uploads\/sites\/90\/2024\/10\/DEPP_2.png\" alt=\"\" srcset=\"https:\/\/ent2d.ac-bordeaux.fr\/disciplines\/sti-voie-pro\/wp-content\/uploads\/sites\/90\/2024\/10\/DEPP_2.png 667w, https:\/\/ent2d.ac-bordeaux.fr\/disciplines\/sti-voie-pro\/wp-content\/uploads\/sites\/90\/2024\/10\/DEPP_2-300x184.png 300w\" sizes=\"auto, (max-width: 667px) 100vw, 667px\" \/><\/a><\/td><td><img loading=\"lazy\" decoding=\"async\" width=\"667\" height=\"408\" class=\"wp-image-1269\" style=\"width: 300px\" src=\"https:\/\/ent2d.ac-bordeaux.fr\/disciplines\/stivoieproprovisoire\/wp-content\/uploads\/sites\/90\/2024\/10\/Reforme_2.png\" alt=\"\" srcset=\"https:\/\/ent2d.ac-bordeaux.fr\/disciplines\/sti-voie-pro\/wp-content\/uploads\/sites\/90\/2024\/10\/Reforme_2.png 667w, https:\/\/ent2d.ac-bordeaux.fr\/disciplines\/sti-voie-pro\/wp-content\/uploads\/sites\/90\/2024\/10\/Reforme_2-300x184.png 300w\" sizes=\"auto, (max-width: 667px) 100vw, 667px\" \/><\/td><\/tr><tr><td class=\"has-text-align-center\" data-align=\"center\"><\/td><td class=\"has-text-align-center\" data-align=\"center\"><img loading=\"lazy\" decoding=\"async\" width=\"729\" height=\"1024\" class=\"wp-image-1514\" style=\"width: 150px\" src=\"https:\/\/ent2d.ac-bordeaux.fr\/disciplines\/sti-voie-pro\/wp-content\/uploads\/sites\/90\/2025\/09\/APPEL-A\u0300-CONTRIBUTION-RNR-STI-2025-2026.png\" alt=\"\" srcset=\"https:\/\/ent2d.ac-bordeaux.fr\/disciplines\/sti-voie-pro\/wp-content\/uploads\/sites\/90\/2025\/09\/APPEL-A\u0300-CONTRIBUTION-RNR-STI-2025-2026.png 729w, https:\/\/ent2d.ac-bordeaux.fr\/disciplines\/sti-voie-pro\/wp-content\/uploads\/sites\/90\/2025\/09\/APPEL-A\u0300-CONTRIBUTION-RNR-STI-2025-2026-214x300.png 214w, https:\/\/ent2d.ac-bordeaux.fr\/disciplines\/sti-voie-pro\/wp-content\/uploads\/sites\/90\/2025\/09\/APPEL-A\u0300-CONTRIBUTION-RNR-STI-2025-2026-768x1078.png 768w, https:\/\/ent2d.ac-bordeaux.fr\/disciplines\/sti-voie-pro\/wp-content\/uploads\/sites\/90\/2025\/09\/APPEL-A\u0300-CONTRIBUTION-RNR-STI-2025-2026-1094x1536.png 1094w\" sizes=\"auto, (max-width: 729px) 100vw, 729px\" \/><br><a href=\"https:\/\/ent2d.ac-bordeaux.fr\/disciplines\/sti-voie-pro\/appel-a-contribution-rnr-sti-2025-2026\/\">APPEL \u00c0 CONTRIBUTION RNR STI 2025-2026<\/a><\/td><td><\/td><\/tr><tr><td class=\"has-text-align-center\" data-align=\"center\"><\/td><td class=\"has-text-align-center\" data-align=\"center\"><\/td><td><\/td><\/tr><tr><td class=\"has-text-align-center\" data-align=\"center\"><\/td><td class=\"has-text-align-center\" data-align=\"center\"><\/td><td><\/td><\/tr><\/tbody><\/table><\/figure>\n","protected":false},"excerpt":{"rendered":"<p>Saut de ligne Retrouvez dans cette page les diff\u00e9rentes veilles utiles \u00e0 votre m\u00e9tier. APPEL \u00c0 CONTRIBUTION RNR STI 2025-2026<\/p>\n","protected":false},"author":1423,"featured_media":0,"parent":0,"menu_order":0,"comment_status":"closed","ping_status":"closed","template":"","meta":{"_bbp_topic_count":0,"_bbp_reply_count":0,"_bbp_total_topic_count":0,"_bbp_total_reply_count":0,"_bbp_voice_count":0,"_bbp_anonymous_reply_count":0,"_bbp_topic_count_hidden":0,"_bbp_reply_count_hidden":0,"_bbp_forum_subforum_count":0,"footnotes":""},"class_list":["post-241","page","type-page","status-publish","hentry"],"_links":{"self":[{"href":"https:\/\/ent2d.ac-bordeaux.fr\/disciplines\/sti-voie-pro\/wp-json\/wp\/v2\/pages\/241","targetHints":{"allow":["GET"]}}],"collection":[{"href":"https:\/\/ent2d.ac-bordeaux.fr\/disciplines\/sti-voie-pro\/wp-json\/wp\/v2\/pages"}],"about":[{"href":"https:\/\/ent2d.ac-bordeaux.fr\/disciplines\/sti-voie-pro\/wp-json\/wp\/v2\/types\/page"}],"author":[{"embeddable":true,"href":"https:\/\/ent2d.ac-bordeaux.fr\/disciplines\/sti-voie-pro\/wp-json\/wp\/v2\/users\/1423"}],"replies":[{"embeddable":true,"href":"https:\/\/ent2d.ac-bordeaux.fr\/disciplines\/sti-voie-pro\/wp-json\/wp\/v2\/comments?post=241"}],"version-history":[{"count":28,"href":"https:\/\/ent2d.ac-bordeaux.fr\/disciplines\/sti-voie-pro\/wp-json\/wp\/v2\/pages\/241\/revisions"}],"predecessor-version":[{"id":1519,"href":"https:\/\/ent2d.ac-bordeaux.fr\/disciplines\/sti-voie-pro\/wp-json\/wp\/v2\/pages\/241\/revisions\/1519"}],"wp:attachment":[{"href":"https:\/\/ent2d.ac-bordeaux.fr\/disciplines\/sti-voie-pro\/wp-json\/wp\/v2\/media?parent=241"}],"curies":[{"name":"wp","href":"https:\/\/api.w.org\/{rel}","templated":true}]}}