{"id":240,"date":"2024-08-22T16:30:26","date_gmt":"2024-08-22T14:30:26","guid":{"rendered":"https:\/\/ent2d.ac-bordeaux.fr\/disciplines\/stivoieproprovisoire\/?page_id=240"},"modified":"2024-10-24T18:00:26","modified_gmt":"2024-10-24T16:00:26","slug":"mon-metier-plp","status":"publish","type":"page","link":"https:\/\/ent2d.ac-bordeaux.fr\/disciplines\/sti-voie-pro\/mon-metier-plp\/","title":{"rendered":"Mon m\u00e9tier : PLP"},"content":{"rendered":"<p style=\"text-align: justify\">Les rubriques ci-dessous vous permettront d&rsquo;obtenir des informations utiles pour l&rsquo;exercice de votre m\u00e9tier d&rsquo;enseignant ou d&rsquo;enseignante en lyc\u00e9e professionnel, que vous soyez contractuel d\u00e9butant ou un professeur ou une professeure exp\u00e9riment\u00e9(e) exer\u00e7ant depuis plusieurs ann\u00e9es.<\/p>\n<\/p>\n\n\n<figure class=\"wp-block-table\"><table><tbody><tr><td class=\"has-text-align-center\" data-align=\"center\"><a href=\"https:\/\/ent2d.ac-bordeaux.fr\/disciplines\/sti-voie-pro\/veille-reglementaire\/\"><img loading=\"lazy\" decoding=\"async\" width=\"1024\" height=\"676\" class=\"wp-image-895\" style=\"width: 300px\" src=\"https:\/\/ent2d.ac-bordeaux.fr\/disciplines\/stivoieproprovisoire\/wp-content\/uploads\/sites\/90\/2024\/09\/Veille_informationnelle_2.png\" alt=\"\" srcset=\"https:\/\/ent2d.ac-bordeaux.fr\/disciplines\/sti-voie-pro\/wp-content\/uploads\/sites\/90\/2024\/09\/Veille_informationnelle_2.png 1024w, https:\/\/ent2d.ac-bordeaux.fr\/disciplines\/sti-voie-pro\/wp-content\/uploads\/sites\/90\/2024\/09\/Veille_informationnelle_2-300x198.png 300w, https:\/\/ent2d.ac-bordeaux.fr\/disciplines\/sti-voie-pro\/wp-content\/uploads\/sites\/90\/2024\/09\/Veille_informationnelle_2-768x507.png 768w\" sizes=\"auto, (max-width: 1024px) 100vw, 1024px\" \/><br>Veille informationnelle<\/a><\/td><td class=\"has-text-align-center\" data-align=\"center\"><a href=\"https:\/\/ent2d.ac-bordeaux.fr\/disciplines\/sti-voie-pro\/formations\/\"><img loading=\"lazy\" decoding=\"async\" width=\"1024\" height=\"676\" class=\"wp-image-892\" style=\"width: 300px\" src=\"https:\/\/ent2d.ac-bordeaux.fr\/disciplines\/stivoieproprovisoire\/wp-content\/uploads\/sites\/90\/2024\/09\/Formation_2.png\" alt=\"\" srcset=\"https:\/\/ent2d.ac-bordeaux.fr\/disciplines\/sti-voie-pro\/wp-content\/uploads\/sites\/90\/2024\/09\/Formation_2.png 1024w, https:\/\/ent2d.ac-bordeaux.fr\/disciplines\/sti-voie-pro\/wp-content\/uploads\/sites\/90\/2024\/09\/Formation_2-300x198.png 300w, https:\/\/ent2d.ac-bordeaux.fr\/disciplines\/sti-voie-pro\/wp-content\/uploads\/sites\/90\/2024\/09\/Formation_2-768x507.png 768w\" sizes=\"auto, (max-width: 1024px) 100vw, 1024px\" \/><br>Formations<\/a><\/td><\/tr><tr><td class=\"has-text-align-center\" data-align=\"center\"><\/td><td class=\"has-text-align-center\" data-align=\"center\"><\/td><\/tr><tr><td class=\"has-text-align-center\" data-align=\"center\"><a href=\"https:\/\/ent2d.ac-bordeaux.fr\/disciplines\/sti-voie-pro\/carriere\/\"><img loading=\"lazy\" decoding=\"async\" width=\"1024\" height=\"677\" class=\"wp-image-894\" style=\"width: 300px\" src=\"https:\/\/ent2d.ac-bordeaux.fr\/disciplines\/stivoieproprovisoire\/wp-content\/uploads\/sites\/90\/2024\/09\/Plan_de_carriere_2.png\" alt=\"\" srcset=\"https:\/\/ent2d.ac-bordeaux.fr\/disciplines\/sti-voie-pro\/wp-content\/uploads\/sites\/90\/2024\/09\/Plan_de_carriere_2.png 1024w, https:\/\/ent2d.ac-bordeaux.fr\/disciplines\/sti-voie-pro\/wp-content\/uploads\/sites\/90\/2024\/09\/Plan_de_carriere_2-300x198.png 300w, https:\/\/ent2d.ac-bordeaux.fr\/disciplines\/sti-voie-pro\/wp-content\/uploads\/sites\/90\/2024\/09\/Plan_de_carriere_2-768x508.png 768w\" sizes=\"auto, (max-width: 1024px) 100vw, 1024px\" \/><br>Carri\u00e8re<\/a><\/td><td class=\"has-text-align-center\" data-align=\"center\"><a href=\"https:\/\/ent2d.ac-bordeaux.fr\/disciplines\/sti-voie-pro\/veille-pedagogique-et-didactique\/\"><img loading=\"lazy\" decoding=\"async\" width=\"1024\" height=\"676\" class=\"wp-image-896\" style=\"width: 300px\" src=\"https:\/\/ent2d.ac-bordeaux.fr\/disciplines\/stivoieproprovisoire\/wp-content\/uploads\/sites\/90\/2024\/09\/Pedagogie__didactique_2.png\" alt=\"\" srcset=\"https:\/\/ent2d.ac-bordeaux.fr\/disciplines\/sti-voie-pro\/wp-content\/uploads\/sites\/90\/2024\/09\/Pedagogie__didactique_2.png 1024w, https:\/\/ent2d.ac-bordeaux.fr\/disciplines\/sti-voie-pro\/wp-content\/uploads\/sites\/90\/2024\/09\/Pedagogie__didactique_2-300x198.png 300w, https:\/\/ent2d.ac-bordeaux.fr\/disciplines\/sti-voie-pro\/wp-content\/uploads\/sites\/90\/2024\/09\/Pedagogie__didactique_2-768x507.png 768w\" sizes=\"auto, (max-width: 1024px) 100vw, 1024px\" \/><br>P\u00e9dagogie et didactique<\/a><\/td><\/tr><\/tbody><\/table><\/figure>\n","protected":false},"excerpt":{"rendered":"<p>Les rubriques ci-dessous vous permettront d&rsquo;obtenir des informations utiles pour l&rsquo;exercice de votre m\u00e9tier d&rsquo;enseignant ou d&rsquo;enseignante en lyc\u00e9e professionnel,<\/p>\n","protected":false},"author":1423,"featured_media":0,"parent":0,"menu_order":0,"comment_status":"closed","ping_status":"closed","template":"","meta":{"_bbp_topic_count":0,"_bbp_reply_count":0,"_bbp_total_topic_count":0,"_bbp_total_reply_count":0,"_bbp_voice_count":0,"_bbp_anonymous_reply_count":0,"_bbp_topic_count_hidden":0,"_bbp_reply_count_hidden":0,"_bbp_forum_subforum_count":0,"footnotes":""},"class_list":["post-240","page","type-page","status-publish","hentry"],"_links":{"self":[{"href":"https:\/\/ent2d.ac-bordeaux.fr\/disciplines\/sti-voie-pro\/wp-json\/wp\/v2\/pages\/240","targetHints":{"allow":["GET"]}}],"collection":[{"href":"https:\/\/ent2d.ac-bordeaux.fr\/disciplines\/sti-voie-pro\/wp-json\/wp\/v2\/pages"}],"about":[{"href":"https:\/\/ent2d.ac-bordeaux.fr\/disciplines\/sti-voie-pro\/wp-json\/wp\/v2\/types\/page"}],"author":[{"embeddable":true,"href":"https:\/\/ent2d.ac-bordeaux.fr\/disciplines\/sti-voie-pro\/wp-json\/wp\/v2\/users\/1423"}],"replies":[{"embeddable":true,"href":"https:\/\/ent2d.ac-bordeaux.fr\/disciplines\/sti-voie-pro\/wp-json\/wp\/v2\/comments?post=240"}],"version-history":[{"count":32,"href":"https:\/\/ent2d.ac-bordeaux.fr\/disciplines\/sti-voie-pro\/wp-json\/wp\/v2\/pages\/240\/revisions"}],"predecessor-version":[{"id":1359,"href":"https:\/\/ent2d.ac-bordeaux.fr\/disciplines\/sti-voie-pro\/wp-json\/wp\/v2\/pages\/240\/revisions\/1359"}],"wp:attachment":[{"href":"https:\/\/ent2d.ac-bordeaux.fr\/disciplines\/sti-voie-pro\/wp-json\/wp\/v2\/media?parent=240"}],"curies":[{"name":"wp","href":"https:\/\/api.w.org\/{rel}","templated":true}]}}