{"id":239,"date":"2024-08-22T16:30:26","date_gmt":"2024-08-22T14:30:26","guid":{"rendered":"https:\/\/ent2d.ac-bordeaux.fr\/disciplines\/stivoieproprovisoire\/?page_id=239"},"modified":"2025-09-29T09:42:47","modified_gmt":"2025-09-29T07:42:47","slug":"secteur-dactivite","status":"publish","type":"page","link":"https:\/\/ent2d.ac-bordeaux.fr\/disciplines\/sti-voie-pro\/secteur-dactivite\/","title":{"rendered":"Secteur d&rsquo;activit\u00e9"},"content":{"rendered":"<p style=\"text-align: justify\">Les sciences et techniques industrielles sont organis\u00e9es en secteurs d&rsquo;activit\u00e9. Il existe \u00e0 ce jour 224 dipl\u00f4mes de niveau 3, 4 et 4<sup>+<\/sup> (CAP, BP, Bac pro et certificat de sp\u00e9cialisation) et 74 dipl\u00f4mes de niveau 5 (BTS). Le secteur STI repr\u00e9sente plus de 53 % des dipl\u00f4mes professionnels de l&rsquo;\u00c9ducation nationale.<\/p>\n<p style=\"text-align: justify\">Pour retrouver votre site disciplinaire si votre inspecteur en a r\u00e9alis\u00e9 un, il vous suffit de cliquer sur le secteur d&rsquo;activit\u00e9 ci-dessous qui correspond \u00e0 votre sp\u00e9cialit\u00e9.<\/p>\n<\/p>\n\n\n<figure class=\"wp-block-table\"><table><tbody><tr><td class=\"has-text-align-center\" data-align=\"center\"><img loading=\"lazy\" decoding=\"async\" width=\"1024\" height=\"687\" class=\"wp-image-740\" style=\"width: 380px\" src=\"https:\/\/ent2d.ac-bordeaux.fr\/disciplines\/stivoieproprovisoire\/wp-content\/uploads\/sites\/90\/2024\/08\/01-BTP_3.png\" alt=\"\" srcset=\"https:\/\/ent2d.ac-bordeaux.fr\/disciplines\/sti-voie-pro\/wp-content\/uploads\/sites\/90\/2024\/08\/01-BTP_3.png 1024w, https:\/\/ent2d.ac-bordeaux.fr\/disciplines\/sti-voie-pro\/wp-content\/uploads\/sites\/90\/2024\/08\/01-BTP_3-300x201.png 300w, https:\/\/ent2d.ac-bordeaux.fr\/disciplines\/sti-voie-pro\/wp-content\/uploads\/sites\/90\/2024\/08\/01-BTP_3-768x515.png 768w\" sizes=\"auto, (max-width: 1024px) 100vw, 1024px\" \/><br><br><a href=\"https:\/\/ent2d.ac-bordeaux.fr\/disciplines\/sti-voie-pro\/batiment-tp-materiaux\/\">B\u00e2timent, travaux publics, mat\u00e9riaux de construction<\/a><\/td><td class=\"has-text-align-center\" data-align=\"center\"><img loading=\"lazy\" decoding=\"async\" width=\"1024\" height=\"688\" class=\"wp-image-738\" style=\"width: 390px\" src=\"https:\/\/ent2d.ac-bordeaux.fr\/disciplines\/stivoieproprovisoire\/wp-content\/uploads\/sites\/90\/2024\/08\/02-Bois.png\" alt=\"\" srcset=\"https:\/\/ent2d.ac-bordeaux.fr\/disciplines\/sti-voie-pro\/wp-content\/uploads\/sites\/90\/2024\/08\/02-Bois.png 1024w, https:\/\/ent2d.ac-bordeaux.fr\/disciplines\/sti-voie-pro\/wp-content\/uploads\/sites\/90\/2024\/08\/02-Bois-300x202.png 300w, https:\/\/ent2d.ac-bordeaux.fr\/disciplines\/sti-voie-pro\/wp-content\/uploads\/sites\/90\/2024\/08\/02-Bois-768x516.png 768w\" sizes=\"auto, (max-width: 1024px) 100vw, 1024px\" \/><br><br><a href=\"https:\/\/ent2d.ac-bordeaux.fr\/disciplines\/sti-voie-pro\/bois-et-derives\/\">Bois et d\u00e9riv\u00e9s<\/a><\/td><\/tr><tr><td class=\"has-text-align-center\" data-align=\"center\"><\/td><td class=\"has-text-align-center\" data-align=\"center\"><\/td><\/tr><tr><td class=\"has-text-align-center\" data-align=\"center\"><img loading=\"lazy\" decoding=\"async\" width=\"1024\" height=\"687\" class=\"wp-image-742\" style=\"width: 380px\" src=\"https:\/\/ent2d.ac-bordeaux.fr\/disciplines\/stivoieproprovisoire\/wp-content\/uploads\/sites\/90\/2024\/08\/03-Chimie.png\" alt=\"\" srcset=\"https:\/\/ent2d.ac-bordeaux.fr\/disciplines\/sti-voie-pro\/wp-content\/uploads\/sites\/90\/2024\/08\/03-Chimie.png 1024w, https:\/\/ent2d.ac-bordeaux.fr\/disciplines\/sti-voie-pro\/wp-content\/uploads\/sites\/90\/2024\/08\/03-Chimie-300x201.png 300w, https:\/\/ent2d.ac-bordeaux.fr\/disciplines\/sti-voie-pro\/wp-content\/uploads\/sites\/90\/2024\/08\/03-Chimie-768x515.png 768w\" sizes=\"auto, (max-width: 1024px) 100vw, 1024px\" \/><br><br><a href=\"https:\/\/ent2d.ac-bordeaux.fr\/disciplines\/sti-voie-pro\/chimie-bio-industrie-environnement\/\">Chimie, bio-industrie, environnement<\/a><\/td><td class=\"has-text-align-center\" data-align=\"center\"><img loading=\"lazy\" decoding=\"async\" width=\"1024\" height=\"688\" class=\"wp-image-743\" style=\"width: 380px\" src=\"https:\/\/ent2d.ac-bordeaux.fr\/disciplines\/stivoieproprovisoire\/wp-content\/uploads\/sites\/90\/2024\/08\/04-graphique.png\" alt=\"\" srcset=\"https:\/\/ent2d.ac-bordeaux.fr\/disciplines\/sti-voie-pro\/wp-content\/uploads\/sites\/90\/2024\/08\/04-graphique.png 1024w, https:\/\/ent2d.ac-bordeaux.fr\/disciplines\/sti-voie-pro\/wp-content\/uploads\/sites\/90\/2024\/08\/04-graphique-300x202.png 300w, https:\/\/ent2d.ac-bordeaux.fr\/disciplines\/sti-voie-pro\/wp-content\/uploads\/sites\/90\/2024\/08\/04-graphique-768x516.png 768w\" sizes=\"auto, (max-width: 1024px) 100vw, 1024px\" \/><br><br><a href=\"https:\/\/ent2d.ac-bordeaux.fr\/disciplines\/sti-voie-pro\/communication-graphique-et-audiovisuel\/\">Communication graphique et audiovisuel<\/a><\/td><\/tr><tr><td class=\"has-text-align-center\" data-align=\"center\"><\/td><td class=\"has-text-align-center\" data-align=\"center\"><\/td><\/tr><tr><td class=\"has-text-align-center\" data-align=\"center\"><a href=\"https:\/\/ent2d.ac-bordeaux.fr\/disciplines\/sti-voie-pro\/metallurgie-2\/\"><img loading=\"lazy\" decoding=\"async\" width=\"1024\" height=\"688\" class=\"wp-image-744\" style=\"width: 380px\" src=\"https:\/\/ent2d.ac-bordeaux.fr\/disciplines\/stivoieproprovisoire\/wp-content\/uploads\/sites\/90\/2024\/08\/05-Metallurgie.png\" alt=\"\" srcset=\"https:\/\/ent2d.ac-bordeaux.fr\/disciplines\/sti-voie-pro\/wp-content\/uploads\/sites\/90\/2024\/08\/05-Metallurgie.png 1024w, https:\/\/ent2d.ac-bordeaux.fr\/disciplines\/sti-voie-pro\/wp-content\/uploads\/sites\/90\/2024\/08\/05-Metallurgie-300x202.png 300w, https:\/\/ent2d.ac-bordeaux.fr\/disciplines\/sti-voie-pro\/wp-content\/uploads\/sites\/90\/2024\/08\/05-Metallurgie-768x516.png 768w\" sizes=\"auto, (max-width: 1024px) 100vw, 1024px\" \/><br><br>M\u00e9tallurgie<\/a><\/td><td class=\"has-text-align-center\" data-align=\"center\"><img loading=\"lazy\" decoding=\"async\" width=\"1024\" height=\"688\" class=\"wp-image-745\" style=\"width: 380px\" src=\"https:\/\/ent2d.ac-bordeaux.fr\/disciplines\/stivoieproprovisoire\/wp-content\/uploads\/sites\/90\/2024\/08\/06-Mode.png\" alt=\"\" srcset=\"https:\/\/ent2d.ac-bordeaux.fr\/disciplines\/sti-voie-pro\/wp-content\/uploads\/sites\/90\/2024\/08\/06-Mode.png 1024w, https:\/\/ent2d.ac-bordeaux.fr\/disciplines\/sti-voie-pro\/wp-content\/uploads\/sites\/90\/2024\/08\/06-Mode-300x202.png 300w, https:\/\/ent2d.ac-bordeaux.fr\/disciplines\/sti-voie-pro\/wp-content\/uploads\/sites\/90\/2024\/08\/06-Mode-768x516.png 768w\" sizes=\"auto, (max-width: 1024px) 100vw, 1024px\" \/><br><br><a href=\"https:\/\/ent2d.ac-bordeaux.fr\/disciplines\/sti-voie-pro\/metiers-de-la-mode-et-industries-connexes\/\">M\u00e9tiers de la mode et industries connexes<\/a><\/td><\/tr><\/tbody><\/table><\/figure>\n","protected":false},"excerpt":{"rendered":"<p>Les sciences et techniques industrielles sont organis\u00e9es en secteurs d&rsquo;activit\u00e9. Il existe \u00e0 ce jour 224 dipl\u00f4mes de niveau 3,<\/p>\n","protected":false},"author":1423,"featured_media":0,"parent":0,"menu_order":0,"comment_status":"closed","ping_status":"closed","template":"","meta":{"_bbp_topic_count":0,"_bbp_reply_count":0,"_bbp_total_topic_count":0,"_bbp_total_reply_count":0,"_bbp_voice_count":0,"_bbp_anonymous_reply_count":0,"_bbp_topic_count_hidden":0,"_bbp_reply_count_hidden":0,"_bbp_forum_subforum_count":0,"footnotes":""},"class_list":["post-239","page","type-page","status-publish","hentry"],"_links":{"self":[{"href":"https:\/\/ent2d.ac-bordeaux.fr\/disciplines\/sti-voie-pro\/wp-json\/wp\/v2\/pages\/239","targetHints":{"allow":["GET"]}}],"collection":[{"href":"https:\/\/ent2d.ac-bordeaux.fr\/disciplines\/sti-voie-pro\/wp-json\/wp\/v2\/pages"}],"about":[{"href":"https:\/\/ent2d.ac-bordeaux.fr\/disciplines\/sti-voie-pro\/wp-json\/wp\/v2\/types\/page"}],"author":[{"embeddable":true,"href":"https:\/\/ent2d.ac-bordeaux.fr\/disciplines\/sti-voie-pro\/wp-json\/wp\/v2\/users\/1423"}],"replies":[{"embeddable":true,"href":"https:\/\/ent2d.ac-bordeaux.fr\/disciplines\/sti-voie-pro\/wp-json\/wp\/v2\/comments?post=239"}],"version-history":[{"count":15,"href":"https:\/\/ent2d.ac-bordeaux.fr\/disciplines\/sti-voie-pro\/wp-json\/wp\/v2\/pages\/239\/revisions"}],"predecessor-version":[{"id":1487,"href":"https:\/\/ent2d.ac-bordeaux.fr\/disciplines\/sti-voie-pro\/wp-json\/wp\/v2\/pages\/239\/revisions\/1487"}],"wp:attachment":[{"href":"https:\/\/ent2d.ac-bordeaux.fr\/disciplines\/sti-voie-pro\/wp-json\/wp\/v2\/media?parent=239"}],"curies":[{"name":"wp","href":"https:\/\/api.w.org\/{rel}","templated":true}]}}