{"id":1499,"date":"2025-09-29T10:10:37","date_gmt":"2025-09-29T08:10:37","guid":{"rendered":"https:\/\/ent2d.ac-bordeaux.fr\/disciplines\/sti-voie-pro\/?page_id=1499"},"modified":"2025-09-29T10:10:38","modified_gmt":"2025-09-29T08:10:38","slug":"cc-dnl-certification-complementaire-pour-lenseignement-dans-les-discipline-non-linguistique","status":"publish","type":"page","link":"https:\/\/ent2d.ac-bordeaux.fr\/disciplines\/sti-voie-pro\/cc-dnl-certification-complementaire-pour-lenseignement-dans-les-discipline-non-linguistique\/","title":{"rendered":"CC DNL : Certification compl\u00e9mentaire pour l\u2019enseignement dans les discipline non linguistique"},"content":{"rendered":"\n<p>Cette certification permet d\u2019enseigner sa discipline dans une langue \u00e9trang\u00e8re en particulier dans les sections europ\u00e9ennes.<br><\/p>\n\n\n\n<p>Inscription formation<br><a href=\"https:\/\/www.ac-bordeaux.fr\/certification-complementaire-121701\">https:\/\/www.ac-bordeaux.fr\/certification-complementaire-121701<\/a><\/p>\n","protected":false},"excerpt":{"rendered":"<p>Cette certification permet d\u2019enseigner sa discipline dans une langue \u00e9trang\u00e8re en particulier dans les sections europ\u00e9ennes. Inscription formationhttps:\/\/www.ac-bordeaux.fr\/certification-complementaire-121701<\/p>\n","protected":false},"author":2852,"featured_media":0,"parent":0,"menu_order":0,"comment_status":"closed","ping_status":"closed","template":"","meta":{"_bbp_topic_count":0,"_bbp_reply_count":0,"_bbp_total_topic_count":0,"_bbp_total_reply_count":0,"_bbp_voice_count":0,"_bbp_anonymous_reply_count":0,"_bbp_topic_count_hidden":0,"_bbp_reply_count_hidden":0,"_bbp_forum_subforum_count":0,"footnotes":""},"class_list":["post-1499","page","type-page","status-publish","hentry"],"_links":{"self":[{"href":"https:\/\/ent2d.ac-bordeaux.fr\/disciplines\/sti-voie-pro\/wp-json\/wp\/v2\/pages\/1499","targetHints":{"allow":["GET"]}}],"collection":[{"href":"https:\/\/ent2d.ac-bordeaux.fr\/disciplines\/sti-voie-pro\/wp-json\/wp\/v2\/pages"}],"about":[{"href":"https:\/\/ent2d.ac-bordeaux.fr\/disciplines\/sti-voie-pro\/wp-json\/wp\/v2\/types\/page"}],"author":[{"embeddable":true,"href":"https:\/\/ent2d.ac-bordeaux.fr\/disciplines\/sti-voie-pro\/wp-json\/wp\/v2\/users\/2852"}],"replies":[{"embeddable":true,"href":"https:\/\/ent2d.ac-bordeaux.fr\/disciplines\/sti-voie-pro\/wp-json\/wp\/v2\/comments?post=1499"}],"version-history":[{"count":1,"href":"https:\/\/ent2d.ac-bordeaux.fr\/disciplines\/sti-voie-pro\/wp-json\/wp\/v2\/pages\/1499\/revisions"}],"predecessor-version":[{"id":1500,"href":"https:\/\/ent2d.ac-bordeaux.fr\/disciplines\/sti-voie-pro\/wp-json\/wp\/v2\/pages\/1499\/revisions\/1500"}],"wp:attachment":[{"href":"https:\/\/ent2d.ac-bordeaux.fr\/disciplines\/sti-voie-pro\/wp-json\/wp\/v2\/media?parent=1499"}],"curies":[{"name":"wp","href":"https:\/\/api.w.org\/{rel}","templated":true}]}}