{"id":1497,"date":"2025-09-29T10:09:36","date_gmt":"2025-09-29T08:09:36","guid":{"rendered":"https:\/\/ent2d.ac-bordeaux.fr\/disciplines\/sti-voie-pro\/?page_id=1497"},"modified":"2025-09-29T10:09:36","modified_gmt":"2025-09-29T08:09:36","slug":"cappei-certificat-daptitude-professionnelle-aux-pratiques-de-leducation-inclusive","status":"publish","type":"page","link":"https:\/\/ent2d.ac-bordeaux.fr\/disciplines\/sti-voie-pro\/cappei-certificat-daptitude-professionnelle-aux-pratiques-de-leducation-inclusive\/","title":{"rendered":"CAPPEI : Certificat d\u2019aptitude professionnelle aux pratiques de l\u2019\u00e9ducation inclusive"},"content":{"rendered":"\n<p>La formation pr\u00e9parant au certificat d&rsquo;aptitude professionnelle aux pratiques de l&rsquo;\u00e9ducation inclusive (CAPPEI) est organis\u00e9e \u00e0 l&rsquo;intention des enseignants du premier degr\u00e9 et du second degr\u00e9 de l&rsquo;enseignement public, titulaires et contractuels employ\u00e9s par un contrat \u00e0 dur\u00e9e ind\u00e9termin\u00e9e, exer\u00e7ant sur un poste support de formation dans une \u00e9cole, un \u00e9tablissement scolaire ou un \u00e9tablissement ou service accueillant des \u00e9l\u00e8ves pr\u00e9sentant des besoins \u00e9ducatifs particuliers li\u00e9s \u00e0 une situation de handicap, de grande difficult\u00e9 scolaire ou \u00e0 une maladie, ou dans un \u00e9tablissement relevant du minist\u00e8re de la Justice<br><\/p>\n\n\n\n<p>Inscription Formation<br><a href=\"https:\/\/www.ac-bordeaux.fr\/certificat-d-aptitude-aux-fonctions-de-formateur-academique-caffa-121621\">https:\/\/www.ac-bordeaux.fr\/certificat-d-aptitude-aux-fonctions-de-formateur-academique-caffa-121621<\/a><\/p>\n","protected":false},"excerpt":{"rendered":"<p>La formation pr\u00e9parant au certificat d&rsquo;aptitude professionnelle aux pratiques de l&rsquo;\u00e9ducation inclusive (CAPPEI) est organis\u00e9e \u00e0 l&rsquo;intention des enseignants du<\/p>\n","protected":false},"author":2852,"featured_media":0,"parent":0,"menu_order":0,"comment_status":"closed","ping_status":"closed","template":"","meta":{"_bbp_topic_count":0,"_bbp_reply_count":0,"_bbp_total_topic_count":0,"_bbp_total_reply_count":0,"_bbp_voice_count":0,"_bbp_anonymous_reply_count":0,"_bbp_topic_count_hidden":0,"_bbp_reply_count_hidden":0,"_bbp_forum_subforum_count":0,"footnotes":""},"class_list":["post-1497","page","type-page","status-publish","hentry"],"_links":{"self":[{"href":"https:\/\/ent2d.ac-bordeaux.fr\/disciplines\/sti-voie-pro\/wp-json\/wp\/v2\/pages\/1497","targetHints":{"allow":["GET"]}}],"collection":[{"href":"https:\/\/ent2d.ac-bordeaux.fr\/disciplines\/sti-voie-pro\/wp-json\/wp\/v2\/pages"}],"about":[{"href":"https:\/\/ent2d.ac-bordeaux.fr\/disciplines\/sti-voie-pro\/wp-json\/wp\/v2\/types\/page"}],"author":[{"embeddable":true,"href":"https:\/\/ent2d.ac-bordeaux.fr\/disciplines\/sti-voie-pro\/wp-json\/wp\/v2\/users\/2852"}],"replies":[{"embeddable":true,"href":"https:\/\/ent2d.ac-bordeaux.fr\/disciplines\/sti-voie-pro\/wp-json\/wp\/v2\/comments?post=1497"}],"version-history":[{"count":1,"href":"https:\/\/ent2d.ac-bordeaux.fr\/disciplines\/sti-voie-pro\/wp-json\/wp\/v2\/pages\/1497\/revisions"}],"predecessor-version":[{"id":1498,"href":"https:\/\/ent2d.ac-bordeaux.fr\/disciplines\/sti-voie-pro\/wp-json\/wp\/v2\/pages\/1497\/revisions\/1498"}],"wp:attachment":[{"href":"https:\/\/ent2d.ac-bordeaux.fr\/disciplines\/sti-voie-pro\/wp-json\/wp\/v2\/media?parent=1497"}],"curies":[{"name":"wp","href":"https:\/\/api.w.org\/{rel}","templated":true}]}}