{"id":1492,"date":"2025-09-29T10:05:43","date_gmt":"2025-09-29T08:05:43","guid":{"rendered":"https:\/\/ent2d.ac-bordeaux.fr\/disciplines\/sti-voie-pro\/?page_id=1492"},"modified":"2025-09-29T10:05:43","modified_gmt":"2025-09-29T08:05:43","slug":"devenir-chef-detablissement","status":"publish","type":"page","link":"https:\/\/ent2d.ac-bordeaux.fr\/disciplines\/sti-voie-pro\/devenir-chef-detablissement\/","title":{"rendered":"Devenir Chef d&rsquo;\u00e9tablissement"},"content":{"rendered":"\n<p>Les personnels de direction participent \u00e0 l&rsquo;encadrement du syst\u00e8me \u00e9ducatif et aux actions d&rsquo;\u00e9ducation. <\/p>\n\n\n\n<p>\u00c0 ce titre, ils occupent principalement, en qualit\u00e9 de chef d\u2019\u00e9tablissement ou de chef d\u2019\u00e9tablissement adjoint, les fonctions de direction des \u00e9tablissements.<br><\/p>\n\n\n\n<p>Ils dirigent l&rsquo;\u00e9tablissement en qualit\u00e9 de repr\u00e9sentant de l&rsquo;\u00c9tat et de pr\u00e9sident du conseil d&rsquo;administration, sous l&rsquo;autorit\u00e9 du recteur et du directeur acad\u00e9mique des services de l&rsquo;\u00e9ducation nationale.<\/p>\n\n\n\n<p><br>Ils conduisent la politique p\u00e9dagogique et \u00e9ducative de l&rsquo;\u00e9tablissement, en concertation avec l&rsquo;ensemble de la communaut\u00e9 \u00e9ducative, pour offrir aux \u00e9l\u00e8ves les meilleures conditions d&rsquo;apprentissage.<\/p>\n\n\n\n<p><br>Ils travaillent avec les repr\u00e9sentants des collectivit\u00e9s territoriales et veillent au d\u00e9veloppement de partenariats avec le monde \u00e9conomique, social et culturel.<br>Ils collaborent avec les autres services de l&rsquo;\u00c9tat, les corps d&rsquo;inspection p\u00e9dagogique et les autres chefs d&rsquo;\u00e9tablissement, afin d&rsquo;am\u00e9liorer la qualit\u00e9 de l&rsquo;offre \u00e9ducative.<\/p>\n\n\n\n<p><br>Les personnels de direction peuvent \u00e9galement exercer leurs fonctions en qualit\u00e9 de directeur adjoint charg\u00e9 de section d&rsquo;enseignement g\u00e9n\u00e9ral et professionnel adapt\u00e9 (SEGPA), ainsi que de directeur et directeur adjoint d&rsquo;une unit\u00e9 p\u00e9dagogique r\u00e9gionale des services p\u00e9nitentiaires (UPR).<\/p>\n\n\n\n<p><br>Ils peuvent aussi se voir confier d&rsquo;autres fonctions concourant \u00e0 l&rsquo;ex\u00e9cution du service public d&rsquo;\u00e9ducation, notamment dans les services d\u00e9concentr\u00e9s et \u00e0 l&rsquo;administration centrale.<br><\/p>\n\n\n\n<p><span style=\"text-decoration: underline\">Ressources :<\/span><br><\/p>\n\n\n\n<p>\u00catre personnel de direction<br><a href=\"https:\/\/www.education.gouv.fr\/etre-personnel-de-direction-6830#:~:text=Concours%20de%20recrutement-,Les%20personnels%20de%20direction%20participent%20%C3%A0%20l'encadrement%20du%20syst%C3%A8me,Ils%20sont%20recrut%C3%A9s%20par%20concours\">https:\/\/www.education.gouv.fr\/etre-personnel-de-direction-6830#:~:text=Concours%20de%20recrutement-,Les%20personnels%20de%20direction%20participent%20%C3%A0%20l&rsquo;encadrement%20du%20syst%C3%A8me,Ils%20sont%20recrut%C3%A9s%20par%20concours<\/a><br><\/p>\n\n\n\n<p>devenir personnel de direction<br><a href=\"https:\/\/www.education.gouv.fr\/devenir-personnel-de-direction-9932\">https:\/\/www.education.gouv.fr\/devenir-personnel-de-direction-9932<\/a><br><\/p>\n\n\n\n<p>La pr\u00e9paration du concours de personnel de direction est propos\u00e9e par l\u2019EAFC<br><a href=\"https:\/\/www.ac-bordeaux.fr\/preparation-aux-concours-internes-encadrement-personnels-du-2nd-degre-127357\">https:\/\/www.ac-bordeaux.fr\/preparation-aux-concours-internes-encadrement-personnels-du-2nd-degre-127357<\/a><br><\/p>\n\n\n\n<p>Un M@gist\u00e8re nationale en acc\u00e8s libre est propos\u00e9 par l\u2019IH2EF<br>&#8211; Pr\u00e9parer les concours de personnels de direction et d&rsquo;inspecteurs<\/p>\n","protected":false},"excerpt":{"rendered":"<p>Les personnels de direction participent \u00e0 l&rsquo;encadrement du syst\u00e8me \u00e9ducatif et aux actions d&rsquo;\u00e9ducation. \u00c0 ce titre, ils occupent principalement,<\/p>\n","protected":false},"author":2852,"featured_media":0,"parent":0,"menu_order":0,"comment_status":"closed","ping_status":"closed","template":"","meta":{"_bbp_topic_count":0,"_bbp_reply_count":0,"_bbp_total_topic_count":0,"_bbp_total_reply_count":0,"_bbp_voice_count":0,"_bbp_anonymous_reply_count":0,"_bbp_topic_count_hidden":0,"_bbp_reply_count_hidden":0,"_bbp_forum_subforum_count":0,"footnotes":""},"class_list":["post-1492","page","type-page","status-publish","hentry"],"_links":{"self":[{"href":"https:\/\/ent2d.ac-bordeaux.fr\/disciplines\/sti-voie-pro\/wp-json\/wp\/v2\/pages\/1492","targetHints":{"allow":["GET"]}}],"collection":[{"href":"https:\/\/ent2d.ac-bordeaux.fr\/disciplines\/sti-voie-pro\/wp-json\/wp\/v2\/pages"}],"about":[{"href":"https:\/\/ent2d.ac-bordeaux.fr\/disciplines\/sti-voie-pro\/wp-json\/wp\/v2\/types\/page"}],"author":[{"embeddable":true,"href":"https:\/\/ent2d.ac-bordeaux.fr\/disciplines\/sti-voie-pro\/wp-json\/wp\/v2\/users\/2852"}],"replies":[{"embeddable":true,"href":"https:\/\/ent2d.ac-bordeaux.fr\/disciplines\/sti-voie-pro\/wp-json\/wp\/v2\/comments?post=1492"}],"version-history":[{"count":1,"href":"https:\/\/ent2d.ac-bordeaux.fr\/disciplines\/sti-voie-pro\/wp-json\/wp\/v2\/pages\/1492\/revisions"}],"predecessor-version":[{"id":1493,"href":"https:\/\/ent2d.ac-bordeaux.fr\/disciplines\/sti-voie-pro\/wp-json\/wp\/v2\/pages\/1492\/revisions\/1493"}],"wp:attachment":[{"href":"https:\/\/ent2d.ac-bordeaux.fr\/disciplines\/sti-voie-pro\/wp-json\/wp\/v2\/media?parent=1492"}],"curies":[{"name":"wp","href":"https:\/\/api.w.org\/{rel}","templated":true}]}}