{"id":1490,"date":"2025-09-29T10:03:56","date_gmt":"2025-09-29T08:03:56","guid":{"rendered":"https:\/\/ent2d.ac-bordeaux.fr\/disciplines\/sti-voie-pro\/?page_id=1490"},"modified":"2025-09-29T10:03:56","modified_gmt":"2025-09-29T08:03:56","slug":"devenir-ien-et-inspecteur","status":"publish","type":"page","link":"https:\/\/ent2d.ac-bordeaux.fr\/disciplines\/sti-voie-pro\/devenir-ien-et-inspecteur\/","title":{"rendered":"Devenir IEN-ET ( Inspecteur)"},"content":{"rendered":"\n<p>Les inspecteurs de l&rsquo;\u00e9ducation nationale (IEN) veillent \u00e0 la\u00a0<strong>mise en \u0153uvre de la politique \u00e9ducative<\/strong>\u00a0arr\u00eat\u00e9e par le ministre charg\u00e9 de l&rsquo;\u00e9ducation.<\/p>\n\n\n\n<p>\u00c0 cet effet,&nbsp;<\/p>\n\n\n\n<ul class=\"wp-block-list\">\n<li>ils&nbsp;<strong>\u00e9valuent<\/strong>, dans l&rsquo;exercice de leur comp\u00e9tence p\u00e9dagogique, le travail individuel et le travail en \u00e9quipe des personnels enseignants, d&rsquo;\u00e9ducation et psychologues des \u00e9coles, des coll\u00e8ges et des lyc\u00e9es. Ils concourent \u00e0 l&rsquo;\u00e9valuation de l&rsquo;enseignement des disciplines, des unit\u00e9s d&rsquo;enseignement, des proc\u00e9dures et des r\u00e9sultats de la politique \u00e9ducative. Ils proc\u00e8dent, notamment, \u00e0 l&rsquo;observation directe des actes p\u00e9dagogiques ;<\/li>\n\n\n\n<li>ils&nbsp;<strong>inspectent<\/strong>, selon les sp\u00e9cialit\u00e9s qui sont les leurs,&nbsp;<strong>les personnels enseignants<\/strong>, d&rsquo;\u00e9ducation et psychologues des \u00e9coles, des coll\u00e8ges et des lyc\u00e9es. Ils s&rsquo;assurent du respect des objectifs et des programmes nationaux de formation, dans le cadre des cycles d&rsquo;enseignement ;&nbsp;<\/li>\n\n\n\n<li>ils&nbsp;<strong>participent \u00e0 l&rsquo;animation p\u00e9dagogique<\/strong>&nbsp;dans les formations initiales, continues et par alternance,&nbsp;<\/li>\n\n\n\n<li>ils ont vocation \u00e0&nbsp;<strong>participer au recrutement et \u00e0 la formation des personnels<\/strong>&nbsp;de l&rsquo;\u00e9ducation nationale et&nbsp; l&rsquo;organisation des examens ;<\/li>\n\n\n\n<li>ils assurent&nbsp;<strong>des missions d&rsquo;expertise<\/strong>&nbsp;dans ces diff\u00e9rents domaines ainsi que pour l&rsquo;orientation des \u00e9l\u00e8ves, les examens, la gestion des personnels \u00e9ducatifs et dans le choix des \u00e9quipements p\u00e9dagogiques ;<\/li>\n\n\n\n<li>ils peuvent, par d\u00e9cision du recteur d\u2019acad\u00e9mie,&nbsp;<strong>exercer des fonctions de conseil aupr\u00e8s du DASEN<\/strong>&nbsp;agissant sur d\u00e9l\u00e9gation du recteur d\u2019acad\u00e9mie, dans les domaines des enseignements primaire, technique, professionnel et de l\u2019apprentissage, de l\u2019information et de l\u2019orientation, de l\u2019adaptation, de l\u2019int\u00e9gration et de la psychologie scolaires.<\/li>\n<\/ul>\n\n\n\n<p> Le recteur de r\u00e9gion acad\u00e9mique ou de l&rsquo;acad\u00e9mie peut \u00e9galement leur confier, pour une dur\u00e9e d\u00e9termin\u00e9e, dans le cadre r\u00e9gional acad\u00e9mique, d\u00e9partemental ou acad\u00e9mique, des missions particuli\u00e8res (<a href=\"https:\/\/www.legifrance.gouv.fr\/codes\/article_lc\/LEGIARTI000041435296\">article R. 241-20 du code de l\u2019\u00e9ducation<\/a>).<\/p>\n\n\n\n<p>Ressources : <\/p>\n\n\n\n<p>Etre inspecteur de l\u2019\u00e9ducation nationale<br><a href=\"https:\/\/www.education.gouv.fr\/etre-inspecteur-de-l-education-nationale-ien-3\">https:\/\/www.education.gouv.fr\/etre-inspecteur-de-l-education-nationale-ien-3<\/a>071<\/p>\n\n\n\n<p>devenir inspecteur<br><a href=\"https:\/\/www.education.gouv.fr\/devenir-personnel-d-inspection-41576\">https:\/\/www.education.gouv.fr\/devenir-personnel-d-inspection-41576<\/a><br><\/p>\n\n\n\n<p>Circulaire mission des inspecteurs territoriaux<br><a href=\"https:\/\/www.education.gouv.fr\/bo\/2023\/Hebdo33\/MEND2319389C\">https:\/\/www.education.gouv.fr\/bo\/2023\/Hebdo33\/MEND2319389C<\/a><br><\/p>\n\n\n\n<p>La pr\u00e9paration du concours d\u2019inspecteur est propos\u00e9e par l\u2019EAFC<br><a href=\"https:\/\/www.ac-bordeaux.fr\/preparation-aux-concours-internes-encadrement-personnels-du-2nd-degre-127357\">https:\/\/www.ac-bordeaux.fr\/preparation-aux-concours-internes-encadrement-personnels-du-2nd-degre-127357<\/a><br><\/p>\n\n\n\n<p>Un M@gist\u00e8re nationale en acc\u00e8s libre est propos\u00e9 par l\u2019IH2EF<br>&#8211; Pr\u00e9parer les concours de personnels de direction et d&rsquo;inspecteurs<\/p>\n","protected":false},"excerpt":{"rendered":"<p>Les inspecteurs de l&rsquo;\u00e9ducation nationale (IEN) veillent \u00e0 la\u00a0mise en \u0153uvre de la politique \u00e9ducative\u00a0arr\u00eat\u00e9e par le ministre charg\u00e9 de<\/p>\n","protected":false},"author":2852,"featured_media":0,"parent":0,"menu_order":0,"comment_status":"closed","ping_status":"closed","template":"","meta":{"_bbp_topic_count":0,"_bbp_reply_count":0,"_bbp_total_topic_count":0,"_bbp_total_reply_count":0,"_bbp_voice_count":0,"_bbp_anonymous_reply_count":0,"_bbp_topic_count_hidden":0,"_bbp_reply_count_hidden":0,"_bbp_forum_subforum_count":0,"footnotes":""},"class_list":["post-1490","page","type-page","status-publish","hentry"],"_links":{"self":[{"href":"https:\/\/ent2d.ac-bordeaux.fr\/disciplines\/sti-voie-pro\/wp-json\/wp\/v2\/pages\/1490","targetHints":{"allow":["GET"]}}],"collection":[{"href":"https:\/\/ent2d.ac-bordeaux.fr\/disciplines\/sti-voie-pro\/wp-json\/wp\/v2\/pages"}],"about":[{"href":"https:\/\/ent2d.ac-bordeaux.fr\/disciplines\/sti-voie-pro\/wp-json\/wp\/v2\/types\/page"}],"author":[{"embeddable":true,"href":"https:\/\/ent2d.ac-bordeaux.fr\/disciplines\/sti-voie-pro\/wp-json\/wp\/v2\/users\/2852"}],"replies":[{"embeddable":true,"href":"https:\/\/ent2d.ac-bordeaux.fr\/disciplines\/sti-voie-pro\/wp-json\/wp\/v2\/comments?post=1490"}],"version-history":[{"count":1,"href":"https:\/\/ent2d.ac-bordeaux.fr\/disciplines\/sti-voie-pro\/wp-json\/wp\/v2\/pages\/1490\/revisions"}],"predecessor-version":[{"id":1491,"href":"https:\/\/ent2d.ac-bordeaux.fr\/disciplines\/sti-voie-pro\/wp-json\/wp\/v2\/pages\/1490\/revisions\/1491"}],"wp:attachment":[{"href":"https:\/\/ent2d.ac-bordeaux.fr\/disciplines\/sti-voie-pro\/wp-json\/wp\/v2\/media?parent=1490"}],"curies":[{"name":"wp","href":"https:\/\/api.w.org\/{rel}","templated":true}]}}