{"id":1462,"date":"2025-09-15T11:27:48","date_gmt":"2025-09-15T09:27:48","guid":{"rendered":"https:\/\/ent2d.ac-bordeaux.fr\/disciplines\/sti-voie-pro\/?page_id=1462"},"modified":"2025-09-15T11:35:58","modified_gmt":"2025-09-15T09:35:58","slug":"numerique-educatif","status":"publish","type":"page","link":"https:\/\/ent2d.ac-bordeaux.fr\/disciplines\/sti-voie-pro\/numerique-educatif\/","title":{"rendered":"Num\u00e9rique Educatif"},"content":{"rendered":"\n<figure class=\"wp-block-image size-full\"><img loading=\"lazy\" decoding=\"async\" width=\"100\" height=\"103\" src=\"https:\/\/ent2d.ac-bordeaux.fr\/disciplines\/sti-voie-pro\/wp-content\/uploads\/sites\/90\/2025\/09\/IA.jpeg\" alt=\"\" class=\"wp-image-1463\" \/><\/figure>\n\n\n\n<h2 class=\"wp-block-heading has-text-align-center\">Lorsque nous trouverons des ressources traitant sur le num\u00e9rique \u00e9ducatif, nous les mettrons \u00e0 votre disposition au fur et \u00e0 mesure.<\/h2>\n\n\n\n<ul class=\"wp-block-list\">\n<li><a href=\"https:\/\/eduscol.education.fr\/sti\/node\/17625\">Dossier sur l&rsquo;intelligence Artificielle<\/a>     <\/li>\n<\/ul>\n\n\n\n<ul class=\"wp-block-list\">\n<li><a href=\"https:\/\/eduscol.education.fr\/sti\/node\/17631\">IA g\u00e9n\u00e9rative : quels b\u00e9n\u00e9fices pour l&rsquo;enseignant \/ le formateur et l&rsquo;apprenant ? Cas concrets en universit\u00e9s, CFA, organismes de formation, lyc\u00e9es, coll\u00e8ges&#8230;<\/a><\/li>\n<\/ul>\n","protected":false},"excerpt":{"rendered":"<p>Lorsque nous trouverons des ressources traitant sur le num\u00e9rique \u00e9ducatif, nous les mettrons \u00e0 votre disposition au fur et \u00e0<\/p>\n","protected":false},"author":2852,"featured_media":0,"parent":0,"menu_order":0,"comment_status":"closed","ping_status":"closed","template":"","meta":{"_bbp_topic_count":0,"_bbp_reply_count":0,"_bbp_total_topic_count":0,"_bbp_total_reply_count":0,"_bbp_voice_count":0,"_bbp_anonymous_reply_count":0,"_bbp_topic_count_hidden":0,"_bbp_reply_count_hidden":0,"_bbp_forum_subforum_count":0,"footnotes":""},"class_list":["post-1462","page","type-page","status-publish","hentry"],"_links":{"self":[{"href":"https:\/\/ent2d.ac-bordeaux.fr\/disciplines\/sti-voie-pro\/wp-json\/wp\/v2\/pages\/1462","targetHints":{"allow":["GET"]}}],"collection":[{"href":"https:\/\/ent2d.ac-bordeaux.fr\/disciplines\/sti-voie-pro\/wp-json\/wp\/v2\/pages"}],"about":[{"href":"https:\/\/ent2d.ac-bordeaux.fr\/disciplines\/sti-voie-pro\/wp-json\/wp\/v2\/types\/page"}],"author":[{"embeddable":true,"href":"https:\/\/ent2d.ac-bordeaux.fr\/disciplines\/sti-voie-pro\/wp-json\/wp\/v2\/users\/2852"}],"replies":[{"embeddable":true,"href":"https:\/\/ent2d.ac-bordeaux.fr\/disciplines\/sti-voie-pro\/wp-json\/wp\/v2\/comments?post=1462"}],"version-history":[{"count":3,"href":"https:\/\/ent2d.ac-bordeaux.fr\/disciplines\/sti-voie-pro\/wp-json\/wp\/v2\/pages\/1462\/revisions"}],"predecessor-version":[{"id":1467,"href":"https:\/\/ent2d.ac-bordeaux.fr\/disciplines\/sti-voie-pro\/wp-json\/wp\/v2\/pages\/1462\/revisions\/1467"}],"wp:attachment":[{"href":"https:\/\/ent2d.ac-bordeaux.fr\/disciplines\/sti-voie-pro\/wp-json\/wp\/v2\/media?parent=1462"}],"curies":[{"name":"wp","href":"https:\/\/api.w.org\/{rel}","templated":true}]}}