{"id":1396,"date":"2024-10-27T17:20:10","date_gmt":"2024-10-27T16:20:10","guid":{"rendered":"https:\/\/ent2d.ac-bordeaux.fr\/disciplines\/sti-voie-pro\/?page_id=1396"},"modified":"2024-10-27T17:34:19","modified_gmt":"2024-10-27T16:34:19","slug":"liaison-bac-pro-bts","status":"publish","type":"page","link":"https:\/\/ent2d.ac-bordeaux.fr\/disciplines\/sti-voie-pro\/liaison-bac-pro-bts\/","title":{"rendered":"Liaison bac pro \/ BTS"},"content":{"rendered":"<p style=\"text-align: justify\">Retrouvez dans cette page des ressources sur la liaison bac pro \/ BTS pour vous aider au quotidien avec vos \u00e9l\u00e8ves.<\/p>\n\n\n<p><mark style=\"background-color:#ffffff\" class=\"has-inline-color has-white-color\">Saut de ligne<\/mark><\/p>\n\n\n\n<div class=\"wp-block-media-text is-stacked-on-mobile\" style=\"grid-template-columns:15% auto\"><figure class=\"wp-block-media-text__media\"><img loading=\"lazy\" decoding=\"async\" width=\"776\" height=\"304\" src=\"https:\/\/ent2d.ac-bordeaux.fr\/disciplines\/sti-voie-pro\/wp-content\/uploads\/sites\/90\/2024\/10\/Capture-de\u0301cran-2024-10-27-a\u0300-17.05.52.png\" alt=\"\" class=\"wp-image-1397 size-full\" srcset=\"https:\/\/ent2d.ac-bordeaux.fr\/disciplines\/sti-voie-pro\/wp-content\/uploads\/sites\/90\/2024\/10\/Capture-de\u0301cran-2024-10-27-a\u0300-17.05.52.png 776w, https:\/\/ent2d.ac-bordeaux.fr\/disciplines\/sti-voie-pro\/wp-content\/uploads\/sites\/90\/2024\/10\/Capture-de\u0301cran-2024-10-27-a\u0300-17.05.52-300x118.png 300w, https:\/\/ent2d.ac-bordeaux.fr\/disciplines\/sti-voie-pro\/wp-content\/uploads\/sites\/90\/2024\/10\/Capture-de\u0301cran-2024-10-27-a\u0300-17.05.52-768x301.png 768w\" sizes=\"auto, (max-width: 776px) 100vw, 776px\" \/><\/figure><div class=\"wp-block-media-text__content\">\n<p class=\"has-text-align-left\"><a href=\"https:\/\/nuage03.apps.education.fr\/index.php\/s\/Ta4TmP8HKWNQAHB\" target=\"_blank\" rel=\"noreferrer noopener\">Courrier du 14 octobre 2024 &#8212; Am\u00e9lioration de la r\u00e9ussite des \u00e9l\u00e8ves de Bac pro en BTS industriels.<\/a><\/p>\n<\/div><\/div>\n\n\n\n<div style=\"height:100px\" aria-hidden=\"true\" class=\"wp-block-spacer\"><\/div>\n\n\n\n<div class=\"wp-block-media-text is-stacked-on-mobile\" style=\"grid-template-columns:15% auto\"><figure class=\"wp-block-media-text__media\"><a href=\"https:\/\/nuage03.apps.education.fr\/index.php\/s\/bPytLWxbYAdX9pW\" target=\"_blank\" rel=\"noreferrer noopener\"><img loading=\"lazy\" decoding=\"async\" width=\"690\" height=\"302\" src=\"https:\/\/ent2d.ac-bordeaux.fr\/disciplines\/sti-voie-pro\/wp-content\/uploads\/sites\/90\/2024\/10\/Capture-de\u0301cran-2024-10-27-a\u0300-17.25.10.png\" alt=\"\" class=\"wp-image-1403 size-full\" srcset=\"https:\/\/ent2d.ac-bordeaux.fr\/disciplines\/sti-voie-pro\/wp-content\/uploads\/sites\/90\/2024\/10\/Capture-de\u0301cran-2024-10-27-a\u0300-17.25.10.png 690w, https:\/\/ent2d.ac-bordeaux.fr\/disciplines\/sti-voie-pro\/wp-content\/uploads\/sites\/90\/2024\/10\/Capture-de\u0301cran-2024-10-27-a\u0300-17.25.10-300x131.png 300w\" sizes=\"auto, (max-width: 690px) 100vw, 690px\" \/><\/a><\/figure><div class=\"wp-block-media-text__content\">\n<p><a href=\"https:\/\/nuage03.apps.education.fr\/index.php\/s\/bPytLWxbYAdX9pW\" target=\"_blank\" rel=\"noreferrer noopener\">Vade-mecum liaison bac pro \/ BTS r\u00e9alis\u00e9 par le GT acad\u00e9mique lors de l&rsquo;ann\u00e9e scolaire 2023-2024.<\/a><\/p>\n\n\n\n<p>Coll\u00e8ge des inspecteurs &#8211; Juin 2024<\/p>\n<\/div><\/div>\n","protected":false},"excerpt":{"rendered":"<p>Retrouvez dans cette page des ressources sur la liaison bac pro \/ BTS pour vous aider au quotidien avec vos<\/p>\n","protected":false},"author":1423,"featured_media":0,"parent":0,"menu_order":0,"comment_status":"closed","ping_status":"closed","template":"","meta":{"_bbp_topic_count":0,"_bbp_reply_count":0,"_bbp_total_topic_count":0,"_bbp_total_reply_count":0,"_bbp_voice_count":0,"_bbp_anonymous_reply_count":0,"_bbp_topic_count_hidden":0,"_bbp_reply_count_hidden":0,"_bbp_forum_subforum_count":0,"footnotes":""},"class_list":["post-1396","page","type-page","status-publish","hentry"],"_links":{"self":[{"href":"https:\/\/ent2d.ac-bordeaux.fr\/disciplines\/sti-voie-pro\/wp-json\/wp\/v2\/pages\/1396","targetHints":{"allow":["GET"]}}],"collection":[{"href":"https:\/\/ent2d.ac-bordeaux.fr\/disciplines\/sti-voie-pro\/wp-json\/wp\/v2\/pages"}],"about":[{"href":"https:\/\/ent2d.ac-bordeaux.fr\/disciplines\/sti-voie-pro\/wp-json\/wp\/v2\/types\/page"}],"author":[{"embeddable":true,"href":"https:\/\/ent2d.ac-bordeaux.fr\/disciplines\/sti-voie-pro\/wp-json\/wp\/v2\/users\/1423"}],"replies":[{"embeddable":true,"href":"https:\/\/ent2d.ac-bordeaux.fr\/disciplines\/sti-voie-pro\/wp-json\/wp\/v2\/comments?post=1396"}],"version-history":[{"count":10,"href":"https:\/\/ent2d.ac-bordeaux.fr\/disciplines\/sti-voie-pro\/wp-json\/wp\/v2\/pages\/1396\/revisions"}],"predecessor-version":[{"id":1412,"href":"https:\/\/ent2d.ac-bordeaux.fr\/disciplines\/sti-voie-pro\/wp-json\/wp\/v2\/pages\/1396\/revisions\/1412"}],"wp:attachment":[{"href":"https:\/\/ent2d.ac-bordeaux.fr\/disciplines\/sti-voie-pro\/wp-json\/wp\/v2\/media?parent=1396"}],"curies":[{"name":"wp","href":"https:\/\/api.w.org\/{rel}","templated":true}]}}