{"id":5248,"date":"2018-03-01T19:27:07","date_gmt":"2018-03-01T18:27:07","guid":{"rendered":"https:\/\/ent2d.ac-bordeaux.fr\/disciplines\/sti\/?page_id=5248"},"modified":"2019-03-23T21:03:21","modified_gmt":"2019-03-23T20:03:21","slug":"decouvrir-matlab","status":"publish","type":"page","link":"https:\/\/ent2d.ac-bordeaux.fr\/disciplines\/sti-lycee\/decouvrir-matlab\/","title":{"rendered":"D\u00e9couvrir MATLAB par l&rsquo;exemple &#8230;"},"content":{"rendered":"<h2><span style=\"text-decoration: underline\"><strong>Pr\u00e9ambule:<\/strong><\/span><\/h2>\n<p>&nbsp;<\/p>\n<p style=\"padding-left: 60px\">La vid\u00e9o qui est propos\u00e9e ici va vous permettre de d\u00e9couvrir \u00e0 partir d\u2019un exemple concret les fonctionnalit\u00e9s utilisables du logiciel MATLAB et les sch\u00e9mas associ\u00e9s ainsi que les pistes de r\u00e9flexions envisageables dans l\u2019exploitation de mod\u00e8les afin de r\u00e9aliser un syst\u00e8me multiphysique.<\/p>\n<p style=\"padding-left: 60px\">Il s\u2019agit d\u2019une pr\u00e9sentation des r\u00e9sultats obtenus \u00e0 partir de la mod\u00e9lisation d\u2019un syst\u00e8me pr\u00e9sent dans les \u00e9tablissements de l\u2019acad\u00e9mie de bordeaux. La r\u00e9alisation des sch\u00e9mas ainsi que les explications qui concernent la cr\u00e9ation de ces sch\u00e9mas et la mod\u00e9lisation \u00e0 proprement dite sont au\u00a0c\u0153ur des contenus abord\u00e9s dans les vid\u00e9os de la partie \u00ab\u00a0Mod\u00e9lisation multiphysique\u00a0\u00bb du site et diss\u00e9min\u00e9es dans les diff\u00e9rents onglets qui concernent les modules de MATLAB (MATLAB, Simulink, Simscape et Stateflow).<\/p>\n<p style=\"padding-left: 60px\">Cette vid\u00e9o a pour objectif d\u2019appr\u00e9hender de mani\u00e8re simple, la structure logicielle de MATLAB et ses enjeux afin d&rsquo;en tirer le meilleur parti le plus rapidement possible. Pour cela l&rsquo;\u00e9tude d&rsquo;un exemple concret de syst\u00e8me multiphysique dans le domaine des Sciences Industrielles de l&rsquo;Ing\u00e9nieur est propos\u00e9e.<\/p>\n<p>&nbsp;<\/p>\n<hr \/>\n<p><strong><span style=\"text-decoration: underline\">T\u00e9l\u00e9chargements :<\/span><br \/>\n<\/strong><\/p>\n<p>&nbsp;<\/p>\n<table border=\"0\" cellspacing=\"1\" cellpadding=\"1\">\n<tbody>\n<tr>\n<td style=\"width: 180px\"><a href=\"https:\/\/ent2d.ac-bordeaux.fr\/mediacad\/pr\/media\/display\/m\/11534\/e\/mp4\/d\/d\" target=\"_blank\" rel=\"noopener noreferrer\"><img loading=\"lazy\" decoding=\"async\" class=\"wp-image-38 alignleft\" src=\"https:\/\/ent2d.ac-bordeaux.fr\/disciplines\/sti\/wp-content\/uploads\/sites\/41\/2015\/03\/logoVideo2.jpg\" alt=\"logoVideo2\" width=\"50\" height=\"51\" \/><\/a><\/p>\n<p>&nbsp;<\/p>\n<p>Format vid\u00e9o Mp4<\/td>\n<td style=\"width: 180px\"><a href=\"https:\/\/ent2d.ac-bordeaux.fr\/mediacad\/pr\/media\/display\/m\/11534\/e\/webm\/d\/d\" target=\"_blank\" rel=\"noopener noreferrer\"><img loading=\"lazy\" decoding=\"async\" class=\"wp-image-296 alignleft\" src=\"https:\/\/ent2d.ac-bordeaux.fr\/disciplines\/sti\/wp-content\/uploads\/sites\/41\/2015\/03\/logoWebM2.jpg\" alt=\"logoWebM2\" width=\"50\" height=\"51\" \/><\/a><\/p>\n<p>&nbsp;<\/p>\n<p>Format Web-M<\/td>\n<\/tr>\n<\/tbody>\n<\/table>\n<hr \/>\n<div style=\"text-align: center\">\n<div><iframe loading=\"lazy\" frameborder=\"0\" width=\"770\" height=\"483.54838709677\" src=\"https:\/\/ent2d.ac-bordeaux.fr\/mediacad\/m\/11534\/d\/i\" webkitAllowFullScreen=\"true\" mozallowfullscreen=\"true\" allowFullScreen=\"true\" ><\/iframe><\/div>\n<hr \/>\n<\/div>\n","protected":false},"excerpt":{"rendered":"<p>Pr\u00e9ambule: &nbsp; La vid\u00e9o qui est propos\u00e9e ici va vous permettre de d\u00e9couvrir \u00e0 partir d\u2019un exemple concret les fonctionnalit\u00e9s<\/p>\n","protected":false},"author":222,"featured_media":0,"parent":0,"menu_order":0,"comment_status":"closed","ping_status":"closed","template":"","meta":{"_bbp_topic_count":0,"_bbp_reply_count":0,"_bbp_total_topic_count":0,"_bbp_total_reply_count":0,"_bbp_voice_count":0,"_bbp_anonymous_reply_count":0,"_bbp_topic_count_hidden":0,"_bbp_reply_count_hidden":0,"_bbp_forum_subforum_count":0,"footnotes":""},"class_list":["post-5248","page","type-page","status-publish","hentry"],"_links":{"self":[{"href":"https:\/\/ent2d.ac-bordeaux.fr\/disciplines\/sti-lycee\/wp-json\/wp\/v2\/pages\/5248","targetHints":{"allow":["GET"]}}],"collection":[{"href":"https:\/\/ent2d.ac-bordeaux.fr\/disciplines\/sti-lycee\/wp-json\/wp\/v2\/pages"}],"about":[{"href":"https:\/\/ent2d.ac-bordeaux.fr\/disciplines\/sti-lycee\/wp-json\/wp\/v2\/types\/page"}],"author":[{"embeddable":true,"href":"https:\/\/ent2d.ac-bordeaux.fr\/disciplines\/sti-lycee\/wp-json\/wp\/v2\/users\/222"}],"replies":[{"embeddable":true,"href":"https:\/\/ent2d.ac-bordeaux.fr\/disciplines\/sti-lycee\/wp-json\/wp\/v2\/comments?post=5248"}],"version-history":[{"count":3,"href":"https:\/\/ent2d.ac-bordeaux.fr\/disciplines\/sti-lycee\/wp-json\/wp\/v2\/pages\/5248\/revisions"}],"predecessor-version":[{"id":10089,"href":"https:\/\/ent2d.ac-bordeaux.fr\/disciplines\/sti-lycee\/wp-json\/wp\/v2\/pages\/5248\/revisions\/10089"}],"wp:attachment":[{"href":"https:\/\/ent2d.ac-bordeaux.fr\/disciplines\/sti-lycee\/wp-json\/wp\/v2\/media?parent=5248"}],"curies":[{"name":"wp","href":"https:\/\/api.w.org\/{rel}","templated":true}]}}