{"id":4011,"date":"2019-03-01T15:02:31","date_gmt":"2019-03-01T14:02:31","guid":{"rendered":"http:\/\/blogacabdx.ac-bordeaux.fr\/ressii\/?page_id=4011"},"modified":"2020-04-11T13:30:39","modified_gmt":"2020-04-11T11:30:39","slug":"modelisation-multiphysique","status":"publish","type":"page","link":"https:\/\/ent2d.ac-bordeaux.fr\/disciplines\/sti-lycee\/modelisation-multiphysique\/","title":{"rendered":"Mod\u00e9lisation multiphysique&#8230;"},"content":{"rendered":"<h2 class=\"chapo\" style=\"text-align: left\"><span style=\"font-size: 12pt;font-family: impact,sans-serif\"><em>&#8230;ou comment mod\u00e9liser la complexit\u00e9 !<\/em><\/span><\/h2>\n<h2 class=\"chapo\" style=\"text-align: center\"><img loading=\"lazy\" decoding=\"async\" class=\"alignleft wp-image-4098 size-medium\" src=\"https:\/\/ent2d.ac-bordeaux.fr\/disciplines\/sti\/wp-content\/uploads\/sites\/41\/2017\/05\/AutodeskSimulationMechanicalImg1-300x151.png\" alt=\"\" width=\"300\" height=\"151\" srcset=\"https:\/\/ent2d.ac-bordeaux.fr\/disciplines\/sti-lycee\/wp-content\/uploads\/sites\/64\/2017\/05\/AutodeskSimulationMechanicalImg1-300x150.png 300w, https:\/\/ent2d.ac-bordeaux.fr\/disciplines\/sti-lycee\/wp-content\/uploads\/sites\/64\/2017\/05\/AutodeskSimulationMechanicalImg1-768x387.png 768w, https:\/\/ent2d.ac-bordeaux.fr\/disciplines\/sti-lycee\/wp-content\/uploads\/sites\/64\/2017\/05\/AutodeskSimulationMechanicalImg1.png 860w\" sizes=\"auto, (max-width: 300px) 100vw, 300px\" \/><a href=\"https:\/\/ent2d.ac-bordeaux.fr\/disciplines\/sti\/modelisation-sous-matlab\/\"><span style=\"font-family: impact,sans-serif\"><em>Voir comment mod\u00e9liser avec MATLAB-Simulink :<\/em> \u00a0<\/span>\u00a0\u00a0\u00a0\u00a0\u00a0\u00a0\u00a0 <\/a><\/h2>\n<h3><a href=\"https:\/\/ent2d.ac-bordeaux.fr\/disciplines\/sti\/modelisation-sous-matlab\/\"><img loading=\"lazy\" decoding=\"async\" class=\"aligncenter wp-image-4102\" src=\"https:\/\/ent2d.ac-bordeaux.fr\/disciplines\/sti\/wp-content\/uploads\/sites\/41\/2017\/05\/Matlab-simulink-1-300x113.png\" alt=\"\" width=\"170\" height=\"64\" srcset=\"https:\/\/ent2d.ac-bordeaux.fr\/disciplines\/sti-lycee\/wp-content\/uploads\/sites\/64\/2017\/05\/Matlab-simulink-1-300x113.png 300w, https:\/\/ent2d.ac-bordeaux.fr\/disciplines\/sti-lycee\/wp-content\/uploads\/sites\/64\/2017\/05\/Matlab-simulink-1.png 500w\" sizes=\"auto, (max-width: 170px) 100vw, 170px\" \/><\/a><\/h3>\n<h2 class=\"chapo\" style=\"text-align: center\"><a href=\"https:\/\/ent2d.ac-bordeaux.fr\/disciplines\/sti\/wp-content\/uploads\/sites\/41\/2017\/05\/AutodeskSimulationMechanicalImg1.png\">\u00a0\u00a0\u00a0\u00a0\u00a0\u00a0\u00a0\u00a0\u00a0\u00a0\u00a0<\/a><\/h2>\n<h2 class=\"chapo\" style=\"padding-left: 60px\"><span style=\"font-size: 10pt;font-family: arial,helvetica,sans-serif\"><strong>Sauter l&rsquo;\u00e9tape des prototypes en conception implique de disposer de solutions de simulation capables de prendre en compte tous les ph\u00e9nom\u00e8nes physiques mis en oeuvre dans un syst\u00e8me.<\/strong><\/span><\/h2>\n<p>&nbsp;<\/p>\n<p style=\"padding-left: 30px\"><em>Extrait d&rsquo;un article de l\u2019usine nouvelle N\u00b03185<\/em><\/p>\n<blockquote>\n<p style=\"padding-left: 120px\"><span style=\"font-size: 10pt\">La r\u00e9alit\u00e9 industrielle est complexe !\u00a0 Autant de domaines et d&rsquo;applications qui font jouer simultan\u00e9ment plusieurs physiques : m\u00e9canique, hydraulique, acoustique, \u00e9lectricit\u00e9, magn\u00e9tisme, chimie, voire biologie. Chacune a ses lois et ses mod\u00e8les de simulation, pour la plupart bien ma\u00eetris\u00e9s &#8230; mais ind\u00e9pendants les uns des autres. Pourtant, en toute rigueur technologique, il faudrait, d\u00e8s la construction du mod\u00e8le, consid\u00e9rer les couplages multiphysiques et r\u00e9aliser des simulations tenant compte des interactions et des couplages entre les physiques.<\/span><\/p>\n<p style=\"padding-left: 120px\"><span style=\"font-size: 10pt\">Simple \u00e0 dire, plus difficile \u00e0 mettre en oeuvre, tant pour des raisons de conception d&rsquo;algorithmes et de disponibilit\u00e9 de puissance de calcul, qu&rsquo;\u00e0 cause de la raret\u00e9 des comp\u00e9tences crois\u00e9es chez les ing\u00e9nieurs menant ces simulations.<\/span><\/p>\n<p style=\"padding-left: 120px\"><span style=\"font-size: 10pt\">\u00ab L&rsquo;industrie d\u00e9veloppe donc des couplages forts, c&rsquo;est-\u00e0-dire des algorithmes int\u00e9grant des param\u00e8tres de physiques diff\u00e9rentes dans un m\u00eame mod\u00e8le, ou des mod\u00e8les qui optimisent l&rsquo;\u00e9change des donn\u00e9es entre solveurs \u00bb, explique Fran\u00e7ois Costes, le d\u00e9l\u00e9gu\u00e9 pour la France de l&rsquo;association scientifique Nafems&#8230;<\/span><\/p>\n<\/blockquote>\n<p>&nbsp;<\/p>\n<p style=\"padding-left: 30px\"><em>Extrait: article \u00ab\u00a0<span style=\"font-family: arial,helvetica,sans-serif;font-size: 8pt\"><strong>Multiphysique, une discipline pour mieux pr\u00e9dire et\u00a0comprendre les\u00a0ph\u00e9nom\u00e8nes\u00a0complexes\u00a0\u00bb, 01 mars 2017 <\/strong><\/span>Auteur: <span class=\"fn author-name\">Florent Duchaine\u00a0 <\/span><\/em><em>Chercheur senior, dynamique des fluides num\u00e9rique, multiphysique, Cerfacs<\/em><\/p>\n<blockquote>\n<h1 class=\"entry-title instapaper_title\" style=\"padding-left: 60px\"><span style=\"font-size: 12pt\"><strong><span style=\"font-family: arial,helvetica,sans-serif\">Multiphysique, une discipline pour mieux pr\u00e9dire et\u00a0comprendre les\u00a0ph\u00e9nom\u00e8nes\u00a0complexes &#8230;<\/span> <\/strong><\/span><\/h1>\n<p>&nbsp;<\/p>\n<p style=\"padding-left: 120px\"><span style=\"font-family: arial,helvetica,sans-serif;font-size: 10pt\">L\u2019explication de la plupart des ph\u00e9nom\u00e8nes, qu\u2019ils soient naturels ou provoqu\u00e9s, font intervenir de nombreuses branches de la physique\u00a0: on qualifie de \u00ab\u00a0multiphysique\u00a0\u00bb un mod\u00e8le dont le comportement d\u00e9pend de diff\u00e9rents domaines des sciences physiques\u00a0: m\u00e9caniques, thermiques, chimiques, \u00e9lectromagn\u00e9tiques, etc. Leur \u00e9tude passe souvent par une d\u00e9composition en monophysiques, plus simples \u00e0 analyser, avant d\u2019\u00eatre parfois consid\u00e9r\u00e9s sous un angle plus global.<\/span><\/p>\n<p style=\"padding-left: 120px\"><span style=\"font-family: arial,helvetica,sans-serif;font-size: 10pt\">Cette mani\u00e8re d\u2019agir est ancr\u00e9e dans nos sch\u00e9mas intellectuels et r\u00e9sulte d\u2019une volont\u00e9 de simplifier des ph\u00e9nom\u00e8nes d\u00e9j\u00e0 tr\u00e8s complexes pris s\u00e9par\u00e9ment. Ainsi, les enseignements consid\u00e8rent des disciplines bien \u00e9tablies telles que l\u2019\u00e9lectronique, la thermique, la m\u00e9canique des milieux continus, la chimie, l\u2019optique ou encore le magn\u00e9tisme. Les math\u00e9matiques lient entre elles ces disciplines. Elles apportent un support \u00e9l\u00e9gant et efficace \u00e0 la r\u00e9solution de probl\u00e8mes mis en \u00e9quations.<\/span><\/p>\n<p style=\"padding-left: 120px\"><span style=\"font-family: arial,helvetica,sans-serif;font-size: 10pt\">Les limites entre ces disciplines relevant de la physique sont souvent difficiles \u00e0 cerner. Il arrive que l\u2019on puisse isoler un m\u00e9canisme physique pr\u00e9pond\u00e9rant pour l\u2019analyse d\u2019un syst\u00e8me\u00a0: le comprendre permettra d\u2019optimiser un dispositif. C\u2019est le cas par exemple en m\u00e9canique des fluides pour la pr\u00e9vision des performances a\u00e9rodynamiques d\u2019une voiture ou encore d\u2019une voilure d\u2019avion o\u00f9 seules les \u00e9quations repr\u00e9sentant le mouvement de l\u2019air sont consid\u00e9r\u00e9es.<\/span><\/p>\n<p style=\"padding-left: 120px\"><span style=\"font-family: arial,helvetica,sans-serif;font-size: 10pt\">Dans beaucoup d\u2019autres situations, au moins une physique est pr\u00e9pond\u00e9rante et d\u2019autres ph\u00e9nom\u00e8nes y sont fortement attach\u00e9s. Les influences peuvent \u00eatre mono-directionnelles ou pluri-directionnelles. La combustion dans les moteurs de voiture ou dans ceux \u00e9quipant les h\u00e9licopt\u00e8res et les avions est un bon exemple. Les \u00e9coulements d\u2019air et de carburant ainsi que les r\u00e9actions chimiques de combustion sont fortement li\u00e9s. Les deux s\u2019influencent mutuellement et il est donc n\u00e9cessaire de les \u00e9tudier de fa\u00e7on conjointe. Par ailleurs, ces \u00e9coulements r\u00e9actifs sont tr\u00e8s chauds et influent sur les temp\u00e9ratures des parois environnantes. Que ce soit dans l\u2019automobile ou l\u2019a\u00e9ronautique, il est n\u00e9cessaire de refroidir les parois afin d\u2019assurer que les \u00e9l\u00e9ments solides ne fondent pas sous l\u2019effet de ces contraintes thermiques extr\u00eames.<\/span><\/p>\n<p style=\"padding-left: 120px\"><span style=\"font-family: arial,helvetica,sans-serif;font-size: 10pt\">La conception des moteurs demande donc d\u2019\u00e9tudier l\u2019a\u00e9rodynamique, la chimie et les transferts thermiques dans les solides. Dans certaines conditions, la r\u00e9troaction des temp\u00e9ratures de paroi sur les \u00e9coulements r\u00e9actifs est faible et peut \u00eatre n\u00e9glig\u00e9e par les concepteurs. Toutefois, dans les syst\u00e8mes o\u00f9 les flammes sont proches des parois, les interactions sont alors importantes. C\u2019est le cas dans les moteurs de voiture o\u00f9 une temp\u00e9rature \u00e9lev\u00e9e d\u2019une paroi peut provoquer un auto-allumage local non d\u00e9sir\u00e9. Si ce ph\u00e9nom\u00e8ne se produit de nombreuses fois, il peut mener \u00e0 l\u2019usure pr\u00e9matur\u00e9e du moteur voir \u00e0 sa destruction. Conna\u00eetre pr\u00e9cis\u00e9ment la temp\u00e9rature des parois est donc un enjeu important pour les concepteurs d\u2019une part pour s\u2019assurer de la bonne dur\u00e9e de vie des \u00e9l\u00e9ments (non d\u00e9t\u00e9rioration par la chaleur) et d\u2019autre part du bon fonctionnement des syst\u00e8mes (flamme localis\u00e9e au bon endroit).<\/span><\/p>\n<h2><\/h2>\n<h2 style=\"padding-left: 60px\"><span style=\"font-size: 12pt\"><strong><span style=\"font-family: arial,helvetica,sans-serif\">Les simulations multiphysiques<\/span><\/strong><\/span><\/h2>\n<p>&nbsp;<\/p>\n<p style=\"padding-left: 120px\"><span style=\"font-size: 10pt;font-family: arial,helvetica,sans-serif\">Aujourd\u2019hui, dans les phases de conception, les ing\u00e9nieurs utilisent le calcul scientifique qui permet, gr\u00e2ce \u00e0 des codes de simulation, de pr\u00e9dire le comportement de syst\u00e8mes. Issus de sp\u00e9cialistes dans des disciplines donn\u00e9es, ces codes de calcul traitent g\u00e9n\u00e9ralement un nombre restreint de physiques. Pr\u00e9dire num\u00e9riquement ces ph\u00e9nom\u00e8nes coupl\u00e9s requiert donc d\u2019apprendre \u00e0 faire \u00ab\u00a0rediscuter\u00a0\u00bb les physiques que l\u2019on a s\u00e9par\u00e9s. Ce constat est valable autant pour les ing\u00e9nieurs sp\u00e9cialis\u00e9s dans les divers domaines que pour les codes de calcul eux-m\u00eames. On parle alors de simulations multiphysiques.<\/span><\/p>\n<p style=\"padding-left: 120px\"><span style=\"font-size: 10pt;font-family: arial,helvetica,sans-serif\">Pour concevoir de tels logiciels, deux grandes approches sont utilis\u00e9es. La premi\u00e8re consiste \u00e0 \u00e9crire un nouveau code qui permet la r\u00e9solution jointe de tous les ph\u00e9nom\u00e8nes \u00e0 consid\u00e9rer. Bien que tr\u00e8s efficace si elle est bien r\u00e9alis\u00e9e, cette m\u00e9thode est souvent peu \u00e9volutive et ne permet pas de b\u00e9n\u00e9ficier int\u00e9gralement des avanc\u00e9es r\u00e9alis\u00e9es dans les communaut\u00e9s scientifiques sur les m\u00e9thodes les plus optimales pour r\u00e9soudre les \u00e9quations des physiques. De plus, de tels red\u00e9veloppements ne b\u00e9n\u00e9ficient pas des efforts men\u00e9s dans les laboratoires et chez les industriels pour valider les codes et gagner en maturit\u00e9 sur leur utilisation.<\/span><\/p>\n<p style=\"padding-left: 120px\"><span style=\"font-size: 10pt;font-family: arial,helvetica,sans-serif\">Une alternative est d\u2019utiliser des codes existants valid\u00e9s et optimis\u00e9s pour les physiques \u00e0 traiter et de les coupler sur leurs interfaces communes. Une telle approche demande d\u2019\u00e9tudier deux aspects principaux qui influent sur la qualit\u00e9 des r\u00e9sultats et les temps de retour des simulations. Le premier concerne les conditions de raccords entre les physiques \u00e0 traiter. En effet, le couplage entre les physiques est r\u00e9alis\u00e9 au travers de conditions aux limites et de termes sources dans les \u00e9quations. Il est imp\u00e9ratif de judicieusement les choisir et de les combiner afin de reproduire fid\u00e8lement le syst\u00e8me coupl\u00e9.<\/span><\/p>\n<p style=\"padding-left: 120px\"><span style=\"font-size: 10pt;font-family: arial,helvetica,sans-serif\">Il en r\u00e9sulte une nouvelle discipline scientifique visant \u00e0 mettre en place des jeux d\u2019\u00e9quations consistants qu\u2019il s\u2019agira de r\u00e9soudre de mani\u00e8re ad\u00e9quate\u00a0: il s\u2019agit de garantir que le r\u00e9sultat obtenu par ces simulations aura un sens physique. Le second volet \u00e0 traiter dans l\u2019approche de couplage de codes est l\u2019outil informatique permettant d\u2019\u00e9changer des informations entre les solveurs existants. Pour cela, les communaut\u00e9s scientifiques ont d\u00e9velopp\u00e9 des outils nomm\u00e9s coupleurs permettant de g\u00e9rer efficacement l\u2019ex\u00e9cution des codes ainsi que l\u2019\u00e9change de donn\u00e9es directement en m\u00e9moire sur les ordinateurs&#8230;.<\/span><\/p>\n<blockquote class=\"wp-embedded-content\" data-secret=\"7bQc3nCC2W\"><p><a href=\"https:\/\/ent2d.ac-bordeaux.fr\/disciplines\/sti-lycee\/modelisation-sous-matlab\/\">Mod\u00e9lisation sous Matlab &#8230;<\/a><\/p><\/blockquote>\n<p><iframe loading=\"lazy\" class=\"wp-embedded-content\" sandbox=\"allow-scripts\" security=\"restricted\" style=\"position: absolute; clip: rect(1px, 1px, 1px, 1px);\" src=\"https:\/\/ent2d.ac-bordeaux.fr\/disciplines\/sti-lycee\/modelisation-sous-matlab\/embed\/#?secret=7bQc3nCC2W\" data-secret=\"7bQc3nCC2W\" width=\"600\" height=\"338\" title=\"\u00ab\u00a0Mod\u00e9lisation sous Matlab &#8230;\u00a0\u00bb &#8212; SII lyc\u00e9e                             \" frameborder=\"0\" marginwidth=\"0\" marginheight=\"0\" scrolling=\"no\"><\/iframe><\/p>\n<blockquote class=\"wp-embedded-content\" data-secret=\"cSfFwA4NjH\"><p><a href=\"https:\/\/ent2d.ac-bordeaux.fr\/disciplines\/sti-lycee\/decouvrir-matlab\/\">D\u00e9couvrir MATLAB par l&rsquo;exemple &#8230;<\/a><\/p><\/blockquote>\n<p><iframe loading=\"lazy\" class=\"wp-embedded-content\" sandbox=\"allow-scripts\" security=\"restricted\" style=\"position: absolute; clip: rect(1px, 1px, 1px, 1px);\" src=\"https:\/\/ent2d.ac-bordeaux.fr\/disciplines\/sti-lycee\/decouvrir-matlab\/embed\/#?secret=cSfFwA4NjH\" data-secret=\"cSfFwA4NjH\" width=\"600\" height=\"338\" title=\"\u00ab\u00a0D\u00e9couvrir MATLAB par l&rsquo;exemple &#8230;\u00a0\u00bb &#8212; SII lyc\u00e9e                             \" frameborder=\"0\" marginwidth=\"0\" marginheight=\"0\" scrolling=\"no\"><\/iframe><\/p>\n<blockquote class=\"wp-embedded-content\" data-secret=\"rTMHthJoiY\"><p><a href=\"https:\/\/ent2d.ac-bordeaux.fr\/disciplines\/sti-lycee\/utiliser-les-modules-matlab\/\">Utiliser les modules MATLAB &#8230;<\/a><\/p><\/blockquote>\n<p><iframe loading=\"lazy\" class=\"wp-embedded-content\" sandbox=\"allow-scripts\" security=\"restricted\" style=\"position: absolute; clip: rect(1px, 1px, 1px, 1px);\" src=\"https:\/\/ent2d.ac-bordeaux.fr\/disciplines\/sti-lycee\/utiliser-les-modules-matlab\/embed\/#?secret=rTMHthJoiY\" data-secret=\"rTMHthJoiY\" width=\"600\" height=\"338\" title=\"\u00ab\u00a0Utiliser les modules MATLAB &#8230;\u00a0\u00bb &#8212; SII lyc\u00e9e                             \" frameborder=\"0\" marginwidth=\"0\" marginheight=\"0\" scrolling=\"no\"><\/iframe><\/p>\n<p><span style=\"font-size: 12pt\"><a href=\"https:\/\/ent2d.ac-bordeaux.fr\/disciplines\/sti-lycee\/aller-plus-loin-avec-le-module-matlab\/\" target=\"_blank\" rel=\"noopener noreferrer\">Pour aller + loin avec Matlab<\/a><\/span><\/p>\n<p>&nbsp;<\/p><\/blockquote>\n","protected":false},"excerpt":{"rendered":"<p>&#8230;ou comment mod\u00e9liser la complexit\u00e9 ! Voir comment mod\u00e9liser avec MATLAB-Simulink : \u00a0\u00a0\u00a0\u00a0\u00a0\u00a0\u00a0\u00a0 \u00a0\u00a0\u00a0\u00a0\u00a0\u00a0\u00a0\u00a0\u00a0\u00a0\u00a0 Sauter l&rsquo;\u00e9tape des prototypes en conception<\/p>\n","protected":false},"author":222,"featured_media":0,"parent":0,"menu_order":0,"comment_status":"closed","ping_status":"closed","template":"","meta":{"_bbp_topic_count":0,"_bbp_reply_count":0,"_bbp_total_topic_count":0,"_bbp_total_reply_count":0,"_bbp_voice_count":0,"_bbp_anonymous_reply_count":0,"_bbp_topic_count_hidden":0,"_bbp_reply_count_hidden":0,"_bbp_forum_subforum_count":0,"footnotes":""},"class_list":["post-4011","page","type-page","status-publish","hentry"],"_links":{"self":[{"href":"https:\/\/ent2d.ac-bordeaux.fr\/disciplines\/sti-lycee\/wp-json\/wp\/v2\/pages\/4011","targetHints":{"allow":["GET"]}}],"collection":[{"href":"https:\/\/ent2d.ac-bordeaux.fr\/disciplines\/sti-lycee\/wp-json\/wp\/v2\/pages"}],"about":[{"href":"https:\/\/ent2d.ac-bordeaux.fr\/disciplines\/sti-lycee\/wp-json\/wp\/v2\/types\/page"}],"author":[{"embeddable":true,"href":"https:\/\/ent2d.ac-bordeaux.fr\/disciplines\/sti-lycee\/wp-json\/wp\/v2\/users\/222"}],"replies":[{"embeddable":true,"href":"https:\/\/ent2d.ac-bordeaux.fr\/disciplines\/sti-lycee\/wp-json\/wp\/v2\/comments?post=4011"}],"version-history":[{"count":6,"href":"https:\/\/ent2d.ac-bordeaux.fr\/disciplines\/sti-lycee\/wp-json\/wp\/v2\/pages\/4011\/revisions"}],"predecessor-version":[{"id":9001,"href":"https:\/\/ent2d.ac-bordeaux.fr\/disciplines\/sti-lycee\/wp-json\/wp\/v2\/pages\/4011\/revisions\/9001"}],"wp:attachment":[{"href":"https:\/\/ent2d.ac-bordeaux.fr\/disciplines\/sti-lycee\/wp-json\/wp\/v2\/media?parent=4011"}],"curies":[{"name":"wp","href":"https:\/\/api.w.org\/{rel}","templated":true}]}}