{"id":3922,"date":"2017-10-01T09:43:53","date_gmt":"2017-10-01T07:43:53","guid":{"rendered":"http:\/\/blogacabdx.ac-bordeaux.fr\/ressii\/?page_id=3922"},"modified":"2017-10-01T09:43:53","modified_gmt":"2017-10-01T07:43:53","slug":"3-2-4-transmission-de-linformation-reseaux-et-internet","status":"publish","type":"page","link":"https:\/\/ent2d.ac-bordeaux.fr\/disciplines\/sti-lycee\/tc\/3-2-4-transmission-de-linformation-reseaux-et-internet\/","title":{"rendered":"3.2.4 Transmission de l\u2019information, r\u00e9seaux et internet"},"content":{"rendered":"<p><strong><span style=\"text-decoration: underline\">Fiche connaissance vid\u00e9o\u00a0 : <span style=\"color: #000000;text-decoration: underline\">TC 3.2.4.1 Transmission de l\u2019information<br \/>\n<\/span><\/span><\/strong><\/p>\n<p style=\"text-align: left\"><strong><span style=\"text-decoration: underline\">R\u00e9f\u00e9rences aux programmes<\/span><br \/>\n<\/strong><\/p>\n<p style=\"padding-left: 90px\"><em>Transmission de l\u2019information (modulations d\u2019amplitude, modulations de fr\u00e9quence, modulations de phase)<\/em><\/p>\n<p>&nbsp;<\/p>\n<hr \/>\n<p><strong><span style=\"text-decoration: underline\">T\u00e9l\u00e9chargements :<\/span><br \/>\n<\/strong><\/p>\n<p>&nbsp;<\/p>\n<table style=\"height: 100px\" border=\"0\" width=\"770\" cellspacing=\"1\" cellpadding=\"1\">\n<tbody>\n<tr>\n<td style=\"width: 181.25px\"><img loading=\"lazy\" decoding=\"async\" class=\"alignnone wp-image-778 size-full\" src=\"https:\/\/ent2d.ac-bordeaux.fr\/disciplines\/sti\/wp-content\/uploads\/sites\/41\/2015\/04\/doc.jpg\" alt=\"\" width=\"50\" height=\"49\" \/>A venir<\/td>\n<td style=\"width: 181.25px\"><img loading=\"lazy\" decoding=\"async\" class=\"alignnone wp-image-38\" src=\"https:\/\/ent2d.ac-bordeaux.fr\/disciplines\/sti\/wp-content\/uploads\/sites\/41\/2015\/03\/logoVideo2.jpg\" alt=\"logoVideo2\" width=\"50\" height=\"51\" \/>Format vid\u00e9o Mp4<\/td>\n<td style=\"width: 181.25px\"><img loading=\"lazy\" decoding=\"async\" class=\"alignnone wp-image-296\" src=\"https:\/\/ent2d.ac-bordeaux.fr\/disciplines\/sti\/wp-content\/uploads\/sites\/41\/2015\/03\/logoWebM2.jpg\" alt=\"logoWebM2\" width=\"50\" height=\"51\" \/>Format Web-M<\/td>\n<td style=\"width: 181.25px\"><img loading=\"lazy\" decoding=\"async\" class=\"alignnone wp-image-35\" src=\"https:\/\/ent2d.ac-bordeaux.fr\/disciplines\/sti\/wp-content\/uploads\/sites\/41\/2015\/03\/logoWebMedia2.jpg\" alt=\"logoWebMedia2\" width=\"50\" height=\"51\" \/> Format Webm\u00e9dia S\u00e9quenc\u00e9<\/td>\n<\/tr>\n<\/tbody>\n<\/table>\n<p>&nbsp;<\/p>\n<hr \/>\n<div style=\"text-align: center\"><div><iframe loading=\"lazy\" frameborder=\"0\" width=\"770\" height=\"483.54838709677\" src=\"https:\/\/ent2d.ac-bordeaux.fr\/mediacad\/m\/11532\/d\/i\" webkitAllowFullScreen=\"true\" mozallowfullscreen=\"true\" allowFullScreen=\"true\" ><\/iframe><\/div><\/div>\n<hr \/>\n<p><strong><span style=\"text-decoration: underline\">Fiche connaissance vid\u00e9o\u00a0 : <span style=\"color: #000000;text-decoration: underline\">TC 3.2.4.2 Caract\u00e9ristiques d\u2019un canal de transmission<br \/>\n<\/span><\/span><\/strong><\/p>\n<p style=\"text-align: left\"><strong><span style=\"text-decoration: underline\">R\u00e9f\u00e9rences aux programmes<\/span><br \/>\n<\/strong><\/p>\n<p style=\"padding-left: 90px\"><em>Caract\u00e9ristiques d\u2019un canal de transmission, multiplexage<\/em><\/p>\n<p>&nbsp;<\/p>\n<hr \/>\n<p><strong><span style=\"text-decoration: underline\">T\u00e9l\u00e9chargements :<\/span><br \/>\n<\/strong><\/p>\n<p>&nbsp;<\/p>\n<table style=\"height: 100px\" border=\"0\" width=\"770\" cellspacing=\"1\" cellpadding=\"1\">\n<tbody>\n<tr>\n<td style=\"width: 181.25px\"><img loading=\"lazy\" decoding=\"async\" class=\"alignnone wp-image-778 size-full\" src=\"https:\/\/ent2d.ac-bordeaux.fr\/disciplines\/sti\/wp-content\/uploads\/sites\/41\/2015\/04\/doc.jpg\" alt=\"\" width=\"50\" height=\"49\" \/>A venir<\/td>\n<td style=\"width: 181.25px\"><img loading=\"lazy\" decoding=\"async\" class=\"alignnone wp-image-38\" src=\"https:\/\/ent2d.ac-bordeaux.fr\/disciplines\/sti\/wp-content\/uploads\/sites\/41\/2015\/03\/logoVideo2.jpg\" alt=\"logoVideo2\" width=\"50\" height=\"51\" \/>Format vid\u00e9o Mp4<\/td>\n<td style=\"width: 181.25px\"><img loading=\"lazy\" decoding=\"async\" class=\"alignnone wp-image-296\" src=\"https:\/\/ent2d.ac-bordeaux.fr\/disciplines\/sti\/wp-content\/uploads\/sites\/41\/2015\/03\/logoWebM2.jpg\" alt=\"logoWebM2\" width=\"50\" height=\"51\" \/>Format Web-M<\/td>\n<td style=\"width: 181.25px\"><img loading=\"lazy\" decoding=\"async\" class=\"alignnone wp-image-35\" src=\"https:\/\/ent2d.ac-bordeaux.fr\/disciplines\/sti\/wp-content\/uploads\/sites\/41\/2015\/03\/logoWebMedia2.jpg\" alt=\"logoWebMedia2\" width=\"50\" height=\"51\" \/> Format Webm\u00e9dia S\u00e9quenc\u00e9<\/td>\n<\/tr>\n<\/tbody>\n<\/table>\n<p>&nbsp;<\/p>\n<hr \/>\n<div style=\"text-align: center\"><div><iframe loading=\"lazy\" frameborder=\"0\" width=\"770\" height=\"483.54838709677\" src=\"https:\/\/ent2d.ac-bordeaux.fr\/mediacad\/m\/11532\/d\/i\" webkitAllowFullScreen=\"true\" mozallowfullscreen=\"true\" allowFullScreen=\"true\" ><\/iframe><\/div><\/div>\n<hr \/>\n<p><strong><span style=\"text-decoration: underline\">Fiche connaissance vid\u00e9o\u00a0 : <span style=\"color: #000000;text-decoration: underline\">TC 3.2.4.3 Organisations mat\u00e9rielle et logicielle<br \/>\n<\/span><\/span><\/strong><\/p>\n<p style=\"text-align: left\"><strong><span style=\"text-decoration: underline\">R\u00e9f\u00e9rences aux programmes<\/span><br \/>\n<\/strong><\/p>\n<p style=\"padding-left: 90px\"><em>Organisations mat\u00e9rielle et logicielle d\u2019un dispositif communicant : constituants et interfa\u00e7ages<\/em><strong><br \/>\n<\/strong><\/p>\n<p>&nbsp;<\/p>\n<hr \/>\n<p><strong><span style=\"text-decoration: underline\">T\u00e9l\u00e9chargements :<\/span><br \/>\n<\/strong><\/p>\n<p>&nbsp;<\/p>\n<table style=\"height: 100px\" border=\"0\" width=\"770\" cellspacing=\"1\" cellpadding=\"1\">\n<tbody>\n<tr>\n<td style=\"width: 181.25px\"><img loading=\"lazy\" decoding=\"async\" class=\"alignnone wp-image-778 size-full\" src=\"https:\/\/ent2d.ac-bordeaux.fr\/disciplines\/sti\/wp-content\/uploads\/sites\/41\/2015\/04\/doc.jpg\" alt=\"\" width=\"50\" height=\"49\" \/>A venir<\/td>\n<td style=\"width: 181.25px\"><a href=\"https:\/\/ent2d.ac-bordeaux.fr\/mediacad\/pr\/media\/display\/m\/11490\/e\/mp4\/d\/d\" target=\"_blank\" rel=\"noopener\"><img loading=\"lazy\" decoding=\"async\" class=\"alignnone wp-image-38\" src=\"https:\/\/ent2d.ac-bordeaux.fr\/disciplines\/sti\/wp-content\/uploads\/sites\/41\/2015\/03\/logoVideo2.jpg\" alt=\"logoVideo2\" width=\"50\" height=\"51\" \/><\/a>Format vid\u00e9o Mp4<\/td>\n<td style=\"width: 181.25px\"><a href=\"https:\/\/ent2d.ac-bordeaux.fr\/mediacad\/pr\/media\/display\/m\/11490\/e\/webm\/d\/d\" target=\"_blank\" rel=\"noopener\"><img loading=\"lazy\" decoding=\"async\" class=\"alignnone wp-image-296\" src=\"https:\/\/ent2d.ac-bordeaux.fr\/disciplines\/sti\/wp-content\/uploads\/sites\/41\/2015\/03\/logoWebM2.jpg\" alt=\"logoWebM2\" width=\"50\" height=\"51\" \/><\/a>Format Web-M<\/td>\n<td style=\"width: 181.25px\"><img loading=\"lazy\" decoding=\"async\" class=\"alignnone wp-image-35\" src=\"https:\/\/ent2d.ac-bordeaux.fr\/disciplines\/sti\/wp-content\/uploads\/sites\/41\/2015\/03\/logoWebMedia2.jpg\" alt=\"logoWebMedia2\" width=\"50\" height=\"51\" \/> Format Webm\u00e9dia S\u00e9quenc\u00e9<\/td>\n<\/tr>\n<\/tbody>\n<\/table>\n<p>&nbsp;<\/p>\n<hr \/>\n<div style=\"text-align: center\"><div><iframe loading=\"lazy\" frameborder=\"0\" width=\"770\" height=\"483.54838709677\" src=\"https:\/\/ent2d.ac-bordeaux.fr\/mediacad\/m\/11490\/d\/i\" webkitAllowFullScreen=\"true\" mozallowfullscreen=\"true\" allowFullScreen=\"true\" ><\/iframe><\/div><\/div>\n<hr \/>\n<p><strong><span style=\"text-decoration: underline\">Fiche connaissance vid\u00e9o\u00a0 : <span style=\"color: #000000;text-decoration: underline\">TC 3.2.4.4 Mod\u00e8les en couche des r\u00e9seaux<br \/>\n<\/span><\/span><\/strong><\/p>\n<p style=\"text-align: left\"><strong><span style=\"text-decoration: underline\">R\u00e9f\u00e9rences aux programmes<\/span><br \/>\n<\/strong><\/p>\n<p style=\"padding-left: 90px\"><em>Mod\u00e8les en couche des r\u00e9seaux, protocoles et encapsulation des donn\u00e9es<\/em><\/p>\n<p>&nbsp;<\/p>\n<hr \/>\n<p><strong><span style=\"text-decoration: underline\">T\u00e9l\u00e9chargements :<\/span><br \/>\n<\/strong><\/p>\n<p>&nbsp;<\/p>\n<table style=\"height: 100px\" border=\"0\" width=\"770\" cellspacing=\"1\" cellpadding=\"1\">\n<tbody>\n<tr>\n<td style=\"width: 181.25px\"><img loading=\"lazy\" decoding=\"async\" class=\"alignnone wp-image-778 size-full\" src=\"https:\/\/ent2d.ac-bordeaux.fr\/disciplines\/sti\/wp-content\/uploads\/sites\/41\/2015\/04\/doc.jpg\" alt=\"\" width=\"50\" height=\"49\" \/>A venir<\/td>\n<td style=\"width: 181.25px\"><img loading=\"lazy\" decoding=\"async\" class=\"alignnone wp-image-38\" src=\"https:\/\/ent2d.ac-bordeaux.fr\/disciplines\/sti\/wp-content\/uploads\/sites\/41\/2015\/03\/logoVideo2.jpg\" alt=\"logoVideo2\" width=\"50\" height=\"51\" \/>Format vid\u00e9o Mp4<\/td>\n<td style=\"width: 181.25px\"><img loading=\"lazy\" decoding=\"async\" class=\"alignnone wp-image-296\" src=\"https:\/\/ent2d.ac-bordeaux.fr\/disciplines\/sti\/wp-content\/uploads\/sites\/41\/2015\/03\/logoWebM2.jpg\" alt=\"logoWebM2\" width=\"50\" height=\"51\" \/>Format Web-M<\/td>\n<td style=\"width: 181.25px\"><img loading=\"lazy\" decoding=\"async\" class=\"alignnone wp-image-35\" src=\"https:\/\/ent2d.ac-bordeaux.fr\/disciplines\/sti\/wp-content\/uploads\/sites\/41\/2015\/03\/logoWebMedia2.jpg\" alt=\"logoWebMedia2\" width=\"50\" height=\"51\" \/> Format Webm\u00e9dia S\u00e9quenc\u00e9<\/td>\n<\/tr>\n<\/tbody>\n<\/table>\n<p>&nbsp;<\/p>\n<hr \/>\n<div style=\"text-align: center\"><div><iframe loading=\"lazy\" frameborder=\"0\" width=\"770\" height=\"483.54838709677\" src=\"https:\/\/ent2d.ac-bordeaux.fr\/mediacad\/m\/11532\/d\/i\" webkitAllowFullScreen=\"true\" mozallowfullscreen=\"true\" allowFullScreen=\"true\" ><\/iframe><\/div><\/div>\n<hr \/>\n<p><strong><span style=\"text-decoration: underline\">Fiche connaissance vid\u00e9o\u00a0 : <span style=\"color: #000000;text-decoration: underline\">TC 3.2.4.5 Adresse physique et IP<br \/>\n<\/span><\/span><\/strong><\/p>\n<p><strong><span style=\"text-decoration: underline\">R\u00e9f\u00e9rences aux programmes<\/span><br \/>\n<\/strong><\/p>\n<p style=\"padding-left: 90px\"><em>Adresse physique (Mac) du protocole Ethernet et adresse logique (IP) du protocole IP. Lien adresse Mac\/IP : protocole ARP<\/em><\/p>\n<p>&nbsp;<\/p>\n<hr \/>\n<p><strong><span style=\"text-decoration: underline\">T\u00e9l\u00e9chargements :<\/span><br \/>\n<\/strong><\/p>\n<p>&nbsp;<\/p>\n<table style=\"height: 100px\" border=\"0\" width=\"770\" cellspacing=\"1\" cellpadding=\"1\">\n<tbody>\n<tr>\n<td style=\"width: 181.25px\"><img loading=\"lazy\" decoding=\"async\" class=\"alignnone wp-image-778 size-full\" src=\"https:\/\/ent2d.ac-bordeaux.fr\/disciplines\/sti\/wp-content\/uploads\/sites\/41\/2015\/04\/doc.jpg\" alt=\"\" width=\"50\" height=\"49\" \/>A venir<\/td>\n<td style=\"width: 181.25px\"><a href=\"https:\/\/ent2d.ac-bordeaux.fr\/mediacad\/pr\/media\/display\/m\/10598\/e\/mp4\/d\/d\" target=\"_blank\" rel=\"noopener\"><img loading=\"lazy\" decoding=\"async\" class=\"alignnone wp-image-38\" src=\"https:\/\/ent2d.ac-bordeaux.fr\/disciplines\/sti\/wp-content\/uploads\/sites\/41\/2015\/03\/logoVideo2.jpg\" alt=\"logoVideo2\" width=\"50\" height=\"51\" \/><\/a>Format vid\u00e9o Mp4<\/td>\n<td style=\"width: 181.25px\"><a href=\"https:\/\/ent2d.ac-bordeaux.fr\/mediacad\/pr\/media\/display\/m\/10598\/e\/webm\/d\/d\" target=\"_blank\" rel=\"noopener\"><img loading=\"lazy\" decoding=\"async\" class=\"alignnone wp-image-296\" src=\"https:\/\/ent2d.ac-bordeaux.fr\/disciplines\/sti\/wp-content\/uploads\/sites\/41\/2015\/03\/logoWebM2.jpg\" alt=\"logoWebM2\" width=\"50\" height=\"51\" \/><\/a>Format Web-M<\/td>\n<td style=\"width: 181.25px\"><a href=\"http:\/\/sti.ac-bordeaux.fr\/sti\/sti2d\/webmedia\/TC_3.2.4.5_adressage\/\" target=\"_blank\" rel=\"noopener\"><img loading=\"lazy\" decoding=\"async\" class=\"alignnone wp-image-35\" src=\"https:\/\/ent2d.ac-bordeaux.fr\/disciplines\/sti\/wp-content\/uploads\/sites\/41\/2015\/03\/logoWebMedia2.jpg\" alt=\"logoWebMedia2\" width=\"50\" height=\"51\" \/> Format Webm\u00e9dia S\u00e9quenc\u00e9<\/a><\/td>\n<\/tr>\n<\/tbody>\n<\/table>\n<p>&nbsp;<\/p>\n<hr \/>\n<div style=\"text-align: center\"><div><iframe loading=\"lazy\" frameborder=\"0\" width=\"770\" height=\"483.54838709677\" src=\"https:\/\/ent2d.ac-bordeaux.fr\/mediacad\/m\/10598\/d\/i\" webkitAllowFullScreen=\"true\" mozallowfullscreen=\"true\" allowFullScreen=\"true\" ><\/iframe><\/div><\/div>\n<hr \/>\n<p><strong><span style=\"text-decoration: underline\">Fiche connaissance vid\u00e9o\u00a0 : <span style=\"color: #000000;text-decoration: underline\">TC 3.2.4.6 Architecture client\/serveur<br \/>\n<\/span><\/span><\/strong><\/p>\n<p style=\"text-align: left\"><strong><span style=\"text-decoration: underline\">R\u00e9f\u00e9rences aux programmes<\/span><br \/>\n<\/strong><\/p>\n<p style=\"padding-left: 90px\"><em>Architecture client\/serveur : protocoles FTP et HTTP<\/em><\/p>\n<p>&nbsp;<\/p>\n<hr \/>\n<p><strong><span style=\"text-decoration: underline\">T\u00e9l\u00e9chargements :<\/span><br \/>\n<\/strong><\/p>\n<p>&nbsp;<\/p>\n<table style=\"height: 100px\" border=\"0\" width=\"770\" cellspacing=\"1\" cellpadding=\"1\">\n<tbody>\n<tr>\n<td style=\"width: 181.25px\"><img loading=\"lazy\" decoding=\"async\" class=\"alignnone wp-image-778 size-full\" src=\"https:\/\/ent2d.ac-bordeaux.fr\/disciplines\/sti\/wp-content\/uploads\/sites\/41\/2015\/04\/doc.jpg\" alt=\"\" width=\"50\" height=\"49\" \/>A venir<\/td>\n<td style=\"width: 181.25px\"><a href=\"https:\/\/ent2d.ac-bordeaux.fr\/mediacad\/pr\/media\/display\/m\/7465\/e\/mp4\/d\/d\" target=\"_blank\" rel=\"noopener\"><img loading=\"lazy\" decoding=\"async\" class=\"alignnone wp-image-38\" src=\"https:\/\/ent2d.ac-bordeaux.fr\/disciplines\/sti\/wp-content\/uploads\/sites\/41\/2015\/03\/logoVideo2.jpg\" alt=\"logoVideo2\" width=\"50\" height=\"51\" \/><\/a>Format vid\u00e9o Mp4<\/td>\n<td style=\"width: 181.25px\"><a href=\"https:\/\/ent2d.ac-bordeaux.fr\/mediacad\/pr\/media\/display\/m\/7465\/e\/webm\/d\/d\" target=\"_blank\" rel=\"noopener\"><img loading=\"lazy\" decoding=\"async\" class=\"alignnone wp-image-296\" src=\"https:\/\/ent2d.ac-bordeaux.fr\/disciplines\/sti\/wp-content\/uploads\/sites\/41\/2015\/03\/logoWebM2.jpg\" alt=\"logoWebM2\" width=\"50\" height=\"51\" \/><\/a>Format Web-M<\/td>\n<td style=\"width: 181.25px\"><a href=\"http:\/\/sti.ac-bordeaux.fr\/sti\/sti2d\/webmedia\/TC_3.2.4.6ClientServeur\" target=\"_blank\" rel=\"noopener\"><img loading=\"lazy\" decoding=\"async\" class=\"alignnone wp-image-35\" src=\"https:\/\/ent2d.ac-bordeaux.fr\/disciplines\/sti\/wp-content\/uploads\/sites\/41\/2015\/03\/logoWebMedia2.jpg\" alt=\"logoWebMedia2\" width=\"50\" height=\"51\" \/> Format Webm\u00e9dia S\u00e9quenc\u00e9<\/a><\/td>\n<\/tr>\n<\/tbody>\n<\/table>\n<p>&nbsp;<\/p>\n<hr \/>\n<div style=\"text-align: center\"><div><iframe loading=\"lazy\" frameborder=\"0\" width=\"770\" height=\"483.54838709677\" src=\"https:\/\/ent2d.ac-bordeaux.fr\/mediacad\/m\/7465\/d\/i\" webkitAllowFullScreen=\"true\" mozallowfullscreen=\"true\" allowFullScreen=\"true\" ><\/iframe><\/div><\/div>\n<hr \/>\n<p><strong><span style=\"text-decoration: underline\">Fiche connaissance vid\u00e9o\u00a0 : <span style=\"color: #000000;text-decoration: underline\">TC 3.2.4.7 Gestion d\u2019un n\u0153ud de r\u00e9seau<br \/>\n<\/span><\/span><\/strong><\/p>\n<p style=\"text-align: left\"><strong><span style=\"text-decoration: underline\">R\u00e9f\u00e9rences aux programmes<\/span><br \/>\n<\/strong><\/p>\n<p style=\"padding-left: 90px\"><em>Gestion d\u2019un noeud de r\u00e9seau par le param\u00e9trage d\u2019un routeur : adresses IP, Nat\/Pat, DNS, pare-feu<\/em><strong><br \/>\n<\/strong><\/p>\n<p>&nbsp;<\/p>\n<hr \/>\n<p><strong><span style=\"text-decoration: underline\">T\u00e9l\u00e9chargements :<\/span><br \/>\n<\/strong><\/p>\n<p>&nbsp;<\/p>\n<table style=\"height: 100px\" border=\"0\" width=\"770\" cellspacing=\"1\" cellpadding=\"1\">\n<tbody>\n<tr>\n<td style=\"width: 181.25px\"><img loading=\"lazy\" decoding=\"async\" class=\"alignnone wp-image-778 size-full\" src=\"https:\/\/ent2d.ac-bordeaux.fr\/disciplines\/sti\/wp-content\/uploads\/sites\/41\/2015\/04\/doc.jpg\" alt=\"\" width=\"50\" height=\"49\" \/>A venir<\/td>\n<td style=\"width: 181.25px\"><a href=\"https:\/\/ent2d.ac-bordeaux.fr\/mediacad\/pr\/media\/display\/m\/9183\/e\/mp4\/d\/d\" target=\"_blank\" rel=\"noopener\"><img loading=\"lazy\" decoding=\"async\" class=\"alignnone wp-image-38\" src=\"https:\/\/ent2d.ac-bordeaux.fr\/disciplines\/sti\/wp-content\/uploads\/sites\/41\/2015\/03\/logoVideo2.jpg\" alt=\"logoVideo2\" width=\"50\" height=\"51\" \/><\/a>Format vid\u00e9o Mp4<\/td>\n<td style=\"width: 181.25px\"><a href=\"https:\/\/ent2d.ac-bordeaux.fr\/mediacad\/pr\/media\/display\/m\/9183\/e\/webm\/d\/d\" target=\"_blank\" rel=\"noopener\"><img loading=\"lazy\" decoding=\"async\" class=\"alignnone wp-image-296\" src=\"https:\/\/ent2d.ac-bordeaux.fr\/disciplines\/sti\/wp-content\/uploads\/sites\/41\/2015\/03\/logoWebM2.jpg\" alt=\"logoWebM2\" width=\"50\" height=\"51\" \/><\/a>Format Web-M<\/td>\n<td style=\"width: 181.25px\"><a href=\"http:\/\/sti.ac-bordeaux.fr\/sti\/sti2d\/webmedia\/TC_3.2.4.7Routeur\" target=\"_blank\" rel=\"noopener\"><img loading=\"lazy\" decoding=\"async\" class=\"alignnone wp-image-35\" src=\"https:\/\/ent2d.ac-bordeaux.fr\/disciplines\/sti\/wp-content\/uploads\/sites\/41\/2015\/03\/logoWebMedia2.jpg\" alt=\"logoWebMedia2\" width=\"50\" height=\"51\" \/> Format Webm\u00e9dia S\u00e9quenc\u00e9<\/a><\/td>\n<\/tr>\n<\/tbody>\n<\/table>\n<p>&nbsp;<\/p>\n<hr \/>\n<div style=\"text-align: center\"><div><iframe loading=\"lazy\" frameborder=\"0\" width=\"770\" height=\"483.54838709677\" src=\"https:\/\/ent2d.ac-bordeaux.fr\/mediacad\/m\/9183\/d\/i\" webkitAllowFullScreen=\"true\" mozallowfullscreen=\"true\" allowFullScreen=\"true\" ><\/iframe><\/div><\/div>\n<hr \/>\n","protected":false},"excerpt":{"rendered":"<p>Fiche connaissance vid\u00e9o\u00a0 : TC 3.2.4.1 Transmission de l\u2019information R\u00e9f\u00e9rences aux programmes Transmission de l\u2019information (modulations d\u2019amplitude, modulations de fr\u00e9quence,<\/p>\n","protected":false},"author":222,"featured_media":0,"parent":751,"menu_order":0,"comment_status":"closed","ping_status":"closed","template":"","meta":{"_bbp_topic_count":0,"_bbp_reply_count":0,"_bbp_total_topic_count":0,"_bbp_total_reply_count":0,"_bbp_voice_count":0,"_bbp_anonymous_reply_count":0,"_bbp_topic_count_hidden":0,"_bbp_reply_count_hidden":0,"_bbp_forum_subforum_count":0,"footnotes":""},"class_list":["post-3922","page","type-page","status-publish","hentry"],"_links":{"self":[{"href":"https:\/\/ent2d.ac-bordeaux.fr\/disciplines\/sti-lycee\/wp-json\/wp\/v2\/pages\/3922","targetHints":{"allow":["GET"]}}],"collection":[{"href":"https:\/\/ent2d.ac-bordeaux.fr\/disciplines\/sti-lycee\/wp-json\/wp\/v2\/pages"}],"about":[{"href":"https:\/\/ent2d.ac-bordeaux.fr\/disciplines\/sti-lycee\/wp-json\/wp\/v2\/types\/page"}],"author":[{"embeddable":true,"href":"https:\/\/ent2d.ac-bordeaux.fr\/disciplines\/sti-lycee\/wp-json\/wp\/v2\/users\/222"}],"replies":[{"embeddable":true,"href":"https:\/\/ent2d.ac-bordeaux.fr\/disciplines\/sti-lycee\/wp-json\/wp\/v2\/comments?post=3922"}],"version-history":[{"count":0,"href":"https:\/\/ent2d.ac-bordeaux.fr\/disciplines\/sti-lycee\/wp-json\/wp\/v2\/pages\/3922\/revisions"}],"up":[{"embeddable":true,"href":"https:\/\/ent2d.ac-bordeaux.fr\/disciplines\/sti-lycee\/wp-json\/wp\/v2\/pages\/751"}],"wp:attachment":[{"href":"https:\/\/ent2d.ac-bordeaux.fr\/disciplines\/sti-lycee\/wp-json\/wp\/v2\/media?parent=3922"}],"curies":[{"name":"wp","href":"https:\/\/api.w.org\/{rel}","templated":true}]}}