{"id":3912,"date":"2017-10-01T09:26:11","date_gmt":"2017-10-01T07:26:11","guid":{"rendered":"http:\/\/blogacabdx.ac-bordeaux.fr\/ressii\/?page_id=3912"},"modified":"2017-10-01T09:26:11","modified_gmt":"2017-10-01T07:26:11","slug":"3-2-1-transformateurs-et-modulateurs-denergie-associes","status":"publish","type":"page","link":"https:\/\/ent2d.ac-bordeaux.fr\/disciplines\/sti-lycee\/tc\/3-2-1-transformateurs-et-modulateurs-denergie-associes\/","title":{"rendered":"3.2.1 Transformateurs et modulateurs d\u2019\u00e9nergie associ\u00e9s"},"content":{"rendered":"<p><strong><span style=\"text-decoration: underline\">Fiche connaissance vid\u00e9o\u00a0 : <span style=\"color: #000000;text-decoration: underline\">TC 3.2.1.1 Adaptateurs d\u2019\u00e9nergie<br \/>\n<\/span><\/span><\/strong><\/p>\n<p style=\"text-align: left\"><strong><span style=\"text-decoration: underline\">R\u00e9f\u00e9rences aux programmes<\/span><br \/>\n<\/strong><\/p>\n<p style=\"padding-left: 90px\"><em>Adaptateurs d\u2019\u00e9nergie : r\u00e9ducteurs m\u00e9caniques, transformateurs \u00e9lectriques parfaits et \u00e9changeurs thermiques<\/em><\/p>\n<p>&nbsp;<\/p>\n<hr \/>\n<p><strong><span style=\"text-decoration: underline\">T\u00e9l\u00e9chargements :<\/span><\/strong><em> \u00ab\u00a0r\u00e9ducteurs m\u00e9caniques\u00a0\u00bb<\/em><strong><br \/>\n<\/strong><\/p>\n<p>&nbsp;<\/p>\n<table style=\"height: 100px;width: 770px\" border=\"0\" cellspacing=\"1\" cellpadding=\"1\">\n<tbody>\n<tr>\n<td style=\"width: 181.25px\"><img loading=\"lazy\" decoding=\"async\" class=\"alignnone\" src=\"https:\/\/ent2d.ac-bordeaux.fr\/disciplines\/sti\/wp-content\/uploads\/sites\/41\/2015\/04\/doc.jpg\" alt=\"\" width=\"50\" height=\"49\" \/> A venir<\/td>\n<td style=\"width: 181.25px\"><a href=\"https:\/\/ent2d.ac-bordeaux.fr\/mediacad\/pr\/media\/display\/m\/6940\/e\/mp4\/d\/d\"><img loading=\"lazy\" decoding=\"async\" class=\"alignnone wp-image-38\" src=\"https:\/\/ent2d.ac-bordeaux.fr\/disciplines\/sti\/wp-content\/uploads\/sites\/41\/2015\/03\/logoVideo2.jpg\" alt=\"logoVideo2\" width=\"50\" height=\"51\" \/><\/a>Format vid\u00e9o Mp4<\/td>\n<td style=\"width: 181.25px\"><a href=\"https:\/\/ent2d.ac-bordeaux.fr\/mediacad\/pr\/media\/display\/m\/6940\/e\/webm\/d\/d\"><img loading=\"lazy\" decoding=\"async\" class=\"alignnone wp-image-296\" src=\"https:\/\/ent2d.ac-bordeaux.fr\/disciplines\/sti\/wp-content\/uploads\/sites\/41\/2015\/03\/logoWebM2.jpg\" alt=\"logoWebM2\" width=\"50\" height=\"51\" \/><\/a>Format Web-M<\/td>\n<td style=\"width: 181.25px\"><img loading=\"lazy\" decoding=\"async\" class=\"alignnone wp-image-35\" src=\"https:\/\/ent2d.ac-bordeaux.fr\/disciplines\/sti\/wp-content\/uploads\/sites\/41\/2015\/03\/logoWebMedia2.jpg\" alt=\"logoWebMedia2\" width=\"50\" height=\"51\" \/> Format Webm\u00e9dia S\u00e9quenc\u00e9<\/td>\n<\/tr>\n<\/tbody>\n<\/table>\n<hr \/>\n<div style=\"text-align: center\"><div><iframe loading=\"lazy\" frameborder=\"0\" width=\"770\" height=\"483.54838709677\" src=\"https:\/\/ent2d.ac-bordeaux.fr\/mediacad\/m\/6940\/d\/i\" webkitAllowFullScreen=\"true\" mozallowfullscreen=\"true\" allowFullScreen=\"true\" ><\/iframe><\/div><\/div>\n<hr \/>\n<p><strong><span style=\"text-decoration: underline\">T\u00e9l\u00e9chargements :<\/span><\/strong><em> \u00ab\u00a0transformateurs \u00e9lectriques parfaits\u00a0\u00bb<\/em><strong><br \/>\n<\/strong><\/p>\n<p>&nbsp;<\/p>\n<table style=\"height: 100px;width: 770px\" border=\"0\" cellspacing=\"1\" cellpadding=\"1\">\n<tbody>\n<tr>\n<td style=\"width: 181.25px\"><img loading=\"lazy\" decoding=\"async\" class=\"alignnone\" src=\"https:\/\/ent2d.ac-bordeaux.fr\/disciplines\/sti\/wp-content\/uploads\/sites\/41\/2015\/04\/doc.jpg\" alt=\"\" width=\"50\" height=\"49\" \/> A venir<\/td>\n<td style=\"width: 181.25px\"><img loading=\"lazy\" decoding=\"async\" class=\"alignnone wp-image-38\" src=\"https:\/\/ent2d.ac-bordeaux.fr\/disciplines\/sti\/wp-content\/uploads\/sites\/41\/2015\/03\/logoVideo2.jpg\" alt=\"logoVideo2\" width=\"50\" height=\"51\" \/>Format vid\u00e9o Mp4<\/td>\n<td style=\"width: 181.25px\"><img loading=\"lazy\" decoding=\"async\" class=\"alignnone wp-image-296\" src=\"https:\/\/ent2d.ac-bordeaux.fr\/disciplines\/sti\/wp-content\/uploads\/sites\/41\/2015\/03\/logoWebM2.jpg\" alt=\"logoWebM2\" width=\"50\" height=\"51\" \/>Format Web-M<\/td>\n<td style=\"width: 181.25px\"><img loading=\"lazy\" decoding=\"async\" class=\"alignnone wp-image-35\" src=\"https:\/\/ent2d.ac-bordeaux.fr\/disciplines\/sti\/wp-content\/uploads\/sites\/41\/2015\/03\/logoWebMedia2.jpg\" alt=\"logoWebMedia2\" width=\"50\" height=\"51\" \/> Format Webm\u00e9dia S\u00e9quenc\u00e9<\/td>\n<\/tr>\n<\/tbody>\n<\/table>\n<hr \/>\n<div style=\"text-align: center\"><div><iframe loading=\"lazy\" frameborder=\"0\" width=\"770\" height=\"483.54838709677\" src=\"https:\/\/ent2d.ac-bordeaux.fr\/mediacad\/m\/11532\/d\/i\" webkitAllowFullScreen=\"true\" mozallowfullscreen=\"true\" allowFullScreen=\"true\" ><\/iframe><\/div><\/div>\n<hr \/>\n<p><strong><span style=\"text-decoration: underline\">T\u00e9l\u00e9chargements :<\/span><\/strong><em> \u00ab\u00a0\u00e9changeurs thermiques\u00a0\u00bb<\/em><strong><br \/>\n<\/strong><\/p>\n<p>&nbsp;<\/p>\n<table style=\"height: 100px;width: 770px\" border=\"0\" cellspacing=\"1\" cellpadding=\"1\">\n<tbody>\n<tr>\n<td style=\"width: 181.25px\"><img loading=\"lazy\" decoding=\"async\" class=\"alignnone\" src=\"https:\/\/ent2d.ac-bordeaux.fr\/disciplines\/sti\/wp-content\/uploads\/sites\/41\/2015\/04\/doc.jpg\" alt=\"\" width=\"50\" height=\"49\" \/> A venir<\/td>\n<td style=\"width: 181.25px\"><a href=\"https:\/\/ent2d.ac-bordeaux.fr\/mediacad\/pr\/media\/display\/m\/3947\/e\/mp4\/d\/d\"><img loading=\"lazy\" decoding=\"async\" class=\"alignnone wp-image-38\" src=\"https:\/\/ent2d.ac-bordeaux.fr\/disciplines\/sti\/wp-content\/uploads\/sites\/41\/2015\/03\/logoVideo2.jpg\" alt=\"logoVideo2\" width=\"50\" height=\"51\" \/><\/a>Format vid\u00e9o Mp4<\/td>\n<td style=\"width: 181.25px\"><a href=\"https:\/\/ent2d.ac-bordeaux.fr\/mediacad\/pr\/media\/display\/m\/3947\/e\/webm\/d\/d\"><img loading=\"lazy\" decoding=\"async\" class=\"alignnone wp-image-296\" src=\"https:\/\/ent2d.ac-bordeaux.fr\/disciplines\/sti\/wp-content\/uploads\/sites\/41\/2015\/03\/logoWebM2.jpg\" alt=\"logoWebM2\" width=\"50\" height=\"51\" \/><\/a>Format Web-M<\/td>\n<td style=\"width: 181.25px\"><img loading=\"lazy\" decoding=\"async\" class=\"alignnone wp-image-35\" src=\"https:\/\/ent2d.ac-bordeaux.fr\/disciplines\/sti\/wp-content\/uploads\/sites\/41\/2015\/03\/logoWebMedia2.jpg\" alt=\"logoWebMedia2\" width=\"50\" height=\"51\" \/> Format Webm\u00e9dia S\u00e9quenc\u00e9<\/td>\n<\/tr>\n<\/tbody>\n<\/table>\n<hr \/>\n<div style=\"text-align: center\"><div><iframe loading=\"lazy\" frameborder=\"0\" width=\"770\" height=\"483.54838709677\" src=\"https:\/\/ent2d.ac-bordeaux.fr\/mediacad\/m\/3947\/d\/i\" webkitAllowFullScreen=\"true\" mozallowfullscreen=\"true\" allowFullScreen=\"true\" ><\/iframe><\/div><\/div>\n<hr \/>\n<p><strong><span style=\"text-decoration: underline\">Fiche connaissance vid\u00e9o\u00a0 : <span style=\"color: #000000;text-decoration: underline\">TC 3.2.1.2 Actionneurs et modulateurs<br \/>\n<\/span><\/span><\/strong><\/p>\n<p style=\"text-align: left\"><strong><span style=\"text-decoration: underline\">R\u00e9f\u00e9rences aux programmes<\/span><br \/>\n<\/strong><\/p>\n<p style=\"padding-left: 90px\"><em>Actionneurs et modulateurs : moteurs \u00e9lectriques et modulateurs, v\u00e9rins pneumatiques et interfaces, vannes pilot\u00e9es dans l\u2019habitat pour des applications hydrauliques et thermiques<\/em><\/p>\n<p>&nbsp;<\/p>\n<hr \/>\n<p><strong><span style=\"text-decoration: underline\">T\u00e9l\u00e9chargements : <\/span><\/strong><em>\u00ab\u00a0Les a<\/em><em>ctionneurs\u00a0\u00bb<\/em><strong><br \/>\n<\/strong><\/p>\n<p>&nbsp;<\/p>\n<table style=\"height: 100px;width: 770px\" border=\"0\" cellspacing=\"1\" cellpadding=\"1\">\n<tbody>\n<tr>\n<td style=\"width: 181.25px\"><img loading=\"lazy\" decoding=\"async\" class=\"alignnone\" src=\"https:\/\/ent2d.ac-bordeaux.fr\/disciplines\/sti\/wp-content\/uploads\/sites\/41\/2015\/04\/doc.jpg\" alt=\"\" width=\"50\" height=\"49\" \/> A venir<\/td>\n<td style=\"width: 181.25px\"><a href=\"https:\/\/ent2d.ac-bordeaux.fr\/mediacad\/pr\/media\/display\/m\/6462\/e\/mp4\/d\/d\"><img loading=\"lazy\" decoding=\"async\" class=\"alignnone wp-image-38\" src=\"https:\/\/ent2d.ac-bordeaux.fr\/disciplines\/sti\/wp-content\/uploads\/sites\/41\/2015\/03\/logoVideo2.jpg\" alt=\"logoVideo2\" width=\"50\" height=\"51\" \/><\/a>Format vid\u00e9o Mp4<\/td>\n<td style=\"width: 181.25px\"><a href=\"https:\/\/ent2d.ac-bordeaux.fr\/mediacad\/pr\/media\/display\/m\/6462\/e\/webm\/d\/d\"><img loading=\"lazy\" decoding=\"async\" class=\"alignnone wp-image-296\" src=\"https:\/\/ent2d.ac-bordeaux.fr\/disciplines\/sti\/wp-content\/uploads\/sites\/41\/2015\/03\/logoWebM2.jpg\" alt=\"logoWebM2\" width=\"50\" height=\"51\" \/><\/a>Format Web-M<\/td>\n<td style=\"width: 181.25px\"><img loading=\"lazy\" decoding=\"async\" class=\"alignnone wp-image-35\" src=\"https:\/\/ent2d.ac-bordeaux.fr\/disciplines\/sti\/wp-content\/uploads\/sites\/41\/2015\/03\/logoWebMedia2.jpg\" alt=\"logoWebMedia2\" width=\"50\" height=\"51\" \/> Format Webm\u00e9dia S\u00e9quenc\u00e9<\/td>\n<\/tr>\n<\/tbody>\n<\/table>\n<hr \/>\n<div style=\"text-align: center\"><div><iframe loading=\"lazy\" frameborder=\"0\" width=\"770\" height=\"483.54838709677\" src=\"https:\/\/ent2d.ac-bordeaux.fr\/mediacad\/m\/6462\/d\/i\" webkitAllowFullScreen=\"true\" mozallowfullscreen=\"true\" allowFullScreen=\"true\" ><\/iframe><\/div><\/div>\n<hr \/>\n<p><strong><span style=\"text-decoration: underline\">T\u00e9l\u00e9chargements : <\/span><\/strong><em>\u00ab\u00a0Les Modulateurs<\/em><em>\u00ab\u00a0<\/em><strong><br \/>\n<\/strong><\/p>\n<p>&nbsp;<\/p>\n<table style=\"height: 100px;width: 770px\" border=\"0\" cellspacing=\"1\" cellpadding=\"1\">\n<tbody>\n<tr>\n<td style=\"width: 181.25px\"><img loading=\"lazy\" decoding=\"async\" class=\"alignnone\" src=\"https:\/\/ent2d.ac-bordeaux.fr\/disciplines\/sti\/wp-content\/uploads\/sites\/41\/2015\/04\/doc.jpg\" alt=\"\" width=\"50\" height=\"49\" \/> A venir<\/td>\n<td style=\"width: 181.25px\"><img loading=\"lazy\" decoding=\"async\" class=\"alignnone wp-image-38\" src=\"https:\/\/ent2d.ac-bordeaux.fr\/disciplines\/sti\/wp-content\/uploads\/sites\/41\/2015\/03\/logoVideo2.jpg\" alt=\"logoVideo2\" width=\"50\" height=\"51\" \/>Format vid\u00e9o Mp4<\/td>\n<td style=\"width: 181.25px\"><img loading=\"lazy\" decoding=\"async\" class=\"alignnone wp-image-296\" src=\"https:\/\/ent2d.ac-bordeaux.fr\/disciplines\/sti\/wp-content\/uploads\/sites\/41\/2015\/03\/logoWebM2.jpg\" alt=\"logoWebM2\" width=\"50\" height=\"51\" \/>Format Web-M<\/td>\n<td style=\"width: 181.25px\"><img loading=\"lazy\" decoding=\"async\" class=\"alignnone wp-image-35\" src=\"https:\/\/ent2d.ac-bordeaux.fr\/disciplines\/sti\/wp-content\/uploads\/sites\/41\/2015\/03\/logoWebMedia2.jpg\" alt=\"logoWebMedia2\" width=\"50\" height=\"51\" \/> Format Webm\u00e9dia S\u00e9quenc\u00e9<\/td>\n<\/tr>\n<\/tbody>\n<\/table>\n<hr \/>\n<div style=\"text-align: center\"><div><iframe loading=\"lazy\" frameborder=\"0\" width=\"770\" height=\"483.54838709677\" src=\"https:\/\/ent2d.ac-bordeaux.fr\/mediacad\/m\/11532\/d\/i\" webkitAllowFullScreen=\"true\" mozallowfullscreen=\"true\" allowFullScreen=\"true\" ><\/iframe><\/div><\/div>\n<hr \/>\n<p><strong><span style=\"text-decoration: underline\">Fiche connaissance vid\u00e9o\u00a0 : <span style=\"color: #000000;text-decoration: underline\">TC 3.2.1.3 Accouplements<br \/>\n<\/span><\/span><\/strong><\/p>\n<p style=\"text-align: left\"><strong><span style=\"text-decoration: underline\">R\u00e9f\u00e9rences aux programmes<\/span><br \/>\n<\/strong><\/p>\n<p style=\"padding-left: 90px\"><em>Accouplements permanents ou non, freins<\/em><strong><br \/>\n<\/strong><\/p>\n<p>&nbsp;<\/p>\n<hr \/>\n<p><strong><span style=\"text-decoration: underline\">T\u00e9l\u00e9chargements :<\/span><br \/>\n<\/strong><\/p>\n<p>&nbsp;<\/p>\n<table style=\"height: 100px;width: 770px\" border=\"0\" cellspacing=\"1\" cellpadding=\"1\">\n<tbody>\n<tr>\n<td style=\"width: 181.25px\"><img loading=\"lazy\" decoding=\"async\" class=\"alignnone\" src=\"https:\/\/ent2d.ac-bordeaux.fr\/disciplines\/sti\/wp-content\/uploads\/sites\/41\/2015\/04\/doc.jpg\" alt=\"\" width=\"50\" height=\"49\" \/> A venir<\/td>\n<td style=\"width: 181.25px\"><img loading=\"lazy\" decoding=\"async\" class=\"alignnone wp-image-38\" src=\"https:\/\/ent2d.ac-bordeaux.fr\/disciplines\/sti\/wp-content\/uploads\/sites\/41\/2015\/03\/logoVideo2.jpg\" alt=\"logoVideo2\" width=\"50\" height=\"51\" \/>Format vid\u00e9o Mp4<\/td>\n<td style=\"width: 181.25px\"><img loading=\"lazy\" decoding=\"async\" class=\"alignnone wp-image-296\" src=\"https:\/\/ent2d.ac-bordeaux.fr\/disciplines\/sti\/wp-content\/uploads\/sites\/41\/2015\/03\/logoWebM2.jpg\" alt=\"logoWebM2\" width=\"50\" height=\"51\" \/>Format Web-M<\/td>\n<td style=\"width: 181.25px\"><img loading=\"lazy\" decoding=\"async\" class=\"alignnone wp-image-35\" src=\"https:\/\/ent2d.ac-bordeaux.fr\/disciplines\/sti\/wp-content\/uploads\/sites\/41\/2015\/03\/logoWebMedia2.jpg\" alt=\"logoWebMedia2\" width=\"50\" height=\"51\" \/> Format Webm\u00e9dia S\u00e9quenc\u00e9<\/td>\n<\/tr>\n<\/tbody>\n<\/table>\n<hr \/>\n<div style=\"text-align: center\"><div><iframe loading=\"lazy\" frameborder=\"0\" width=\"770\" height=\"483.54838709677\" src=\"https:\/\/ent2d.ac-bordeaux.fr\/mediacad\/m\/11532\/d\/i\" webkitAllowFullScreen=\"true\" mozallowfullscreen=\"true\" allowFullScreen=\"true\" ><\/iframe><\/div><\/div>\n<hr \/>\n<p><strong><span style=\"text-decoration: underline\">Fiche connaissance vid\u00e9o\u00a0 : <span style=\"color: #000000;text-decoration: underline\">TC 3.2.1.4 Convertisseurs d\u2019\u00e9nergie<br \/>\n<\/span><\/span><\/strong><\/p>\n<p><strong><span style=\"text-decoration: underline\">R\u00e9f\u00e9rences aux programmes<\/span><br \/>\n<\/strong><\/p>\n<p style=\"padding-left: 90px\"><em>Convertisseurs d\u2019\u00e9nergie : ventilateurs, pompes, compresseurs, moteur thermique<\/em><\/p>\n<p>&nbsp;<\/p>\n<hr \/>\n<p><strong><span style=\"text-decoration: underline\">T\u00e9l\u00e9chargements :<\/span><br \/>\n<\/strong><\/p>\n<p>&nbsp;<\/p>\n<table style=\"height: 100px;width: 770px\" border=\"0\" cellspacing=\"1\" cellpadding=\"1\">\n<tbody>\n<tr>\n<td style=\"width: 181.25px\"><img loading=\"lazy\" decoding=\"async\" class=\"alignnone\" src=\"https:\/\/ent2d.ac-bordeaux.fr\/disciplines\/sti\/wp-content\/uploads\/sites\/41\/2015\/04\/doc.jpg\" alt=\"\" width=\"50\" height=\"49\" \/> A venir<\/td>\n<td style=\"width: 181.25px\"><img loading=\"lazy\" decoding=\"async\" class=\"alignnone wp-image-38\" src=\"https:\/\/ent2d.ac-bordeaux.fr\/disciplines\/sti\/wp-content\/uploads\/sites\/41\/2015\/03\/logoVideo2.jpg\" alt=\"logoVideo2\" width=\"50\" height=\"51\" \/>Format vid\u00e9o Mp4<\/td>\n<td style=\"width: 181.25px\"><img loading=\"lazy\" decoding=\"async\" class=\"alignnone wp-image-296\" src=\"https:\/\/ent2d.ac-bordeaux.fr\/disciplines\/sti\/wp-content\/uploads\/sites\/41\/2015\/03\/logoWebM2.jpg\" alt=\"logoWebM2\" width=\"50\" height=\"51\" \/>Format Web-M<\/td>\n<td style=\"width: 181.25px\"><img loading=\"lazy\" decoding=\"async\" class=\"alignnone wp-image-35\" src=\"https:\/\/ent2d.ac-bordeaux.fr\/disciplines\/sti\/wp-content\/uploads\/sites\/41\/2015\/03\/logoWebMedia2.jpg\" alt=\"logoWebMedia2\" width=\"50\" height=\"51\" \/> Format Webm\u00e9dia S\u00e9quenc\u00e9<\/td>\n<\/tr>\n<\/tbody>\n<\/table>\n<hr \/>\n<div style=\"text-align: center\"><div><iframe loading=\"lazy\" frameborder=\"0\" width=\"770\" height=\"483.54838709677\" src=\"https:\/\/ent2d.ac-bordeaux.fr\/mediacad\/m\/11532\/d\/i\" webkitAllowFullScreen=\"true\" mozallowfullscreen=\"true\" allowFullScreen=\"true\" ><\/iframe><\/div><\/div>\n<hr \/>\n<p><strong><span style=\"text-decoration: underline\">Fiche connaissance vid\u00e9o\u00a0 : <span style=\"color: #000000;text-decoration: underline\">TC 3.2.1.5 \u00c9clairage<br \/>\n<\/span><\/span><\/strong><\/p>\n<p style=\"text-align: left\"><strong><span style=\"text-decoration: underline\">R\u00e9f\u00e9rences aux programmes<\/span><br \/>\n<\/strong><\/p>\n<p style=\"padding-left: 90px\"><em>\u00c9clairage<\/em><\/p>\n<p>&nbsp;<\/p>\n<hr \/>\n<p><strong><span style=\"text-decoration: underline\">T\u00e9l\u00e9chargements :<\/span><br \/>\n<\/strong><\/p>\n<p>&nbsp;<\/p>\n<table style=\"height: 100px;width: 770px\" border=\"0\" cellspacing=\"1\" cellpadding=\"1\">\n<tbody>\n<tr>\n<td style=\"width: 181.25px\"><img loading=\"lazy\" decoding=\"async\" class=\"alignnone\" src=\"https:\/\/ent2d.ac-bordeaux.fr\/disciplines\/sti\/wp-content\/uploads\/sites\/41\/2015\/04\/doc.jpg\" alt=\"\" width=\"50\" height=\"49\" \/> A venir<\/td>\n<td style=\"width: 181.25px\"><img loading=\"lazy\" decoding=\"async\" class=\"alignnone wp-image-38\" src=\"https:\/\/ent2d.ac-bordeaux.fr\/disciplines\/sti\/wp-content\/uploads\/sites\/41\/2015\/03\/logoVideo2.jpg\" alt=\"logoVideo2\" width=\"50\" height=\"51\" \/>Format vid\u00e9o Mp4<\/td>\n<td style=\"width: 181.25px\"><img loading=\"lazy\" decoding=\"async\" class=\"alignnone wp-image-296\" src=\"https:\/\/ent2d.ac-bordeaux.fr\/disciplines\/sti\/wp-content\/uploads\/sites\/41\/2015\/03\/logoWebM2.jpg\" alt=\"logoWebM2\" width=\"50\" height=\"51\" \/>Format Web-M<\/td>\n<td style=\"width: 181.25px\"><img loading=\"lazy\" decoding=\"async\" class=\"alignnone wp-image-35\" src=\"https:\/\/ent2d.ac-bordeaux.fr\/disciplines\/sti\/wp-content\/uploads\/sites\/41\/2015\/03\/logoWebMedia2.jpg\" alt=\"logoWebMedia2\" width=\"50\" height=\"51\" \/> Format Webm\u00e9dia S\u00e9quenc\u00e9<\/td>\n<\/tr>\n<\/tbody>\n<\/table>\n<hr \/>\n<div style=\"text-align: center\"><div><iframe loading=\"lazy\" frameborder=\"0\" width=\"770\" height=\"483.54838709677\" src=\"https:\/\/ent2d.ac-bordeaux.fr\/mediacad\/m\/11532\/d\/i\" webkitAllowFullScreen=\"true\" mozallowfullscreen=\"true\" allowFullScreen=\"true\" ><\/iframe><\/div><\/div>\n<hr \/>\n","protected":false},"excerpt":{"rendered":"<p>Fiche connaissance vid\u00e9o\u00a0 : TC 3.2.1.1 Adaptateurs d\u2019\u00e9nergie R\u00e9f\u00e9rences aux programmes Adaptateurs d\u2019\u00e9nergie : r\u00e9ducteurs m\u00e9caniques, transformateurs \u00e9lectriques parfaits et<\/p>\n","protected":false},"author":222,"featured_media":0,"parent":751,"menu_order":0,"comment_status":"closed","ping_status":"closed","template":"","meta":{"_bbp_topic_count":0,"_bbp_reply_count":0,"_bbp_total_topic_count":0,"_bbp_total_reply_count":0,"_bbp_voice_count":0,"_bbp_anonymous_reply_count":0,"_bbp_topic_count_hidden":0,"_bbp_reply_count_hidden":0,"_bbp_forum_subforum_count":0,"footnotes":""},"class_list":["post-3912","page","type-page","status-publish","hentry"],"_links":{"self":[{"href":"https:\/\/ent2d.ac-bordeaux.fr\/disciplines\/sti-lycee\/wp-json\/wp\/v2\/pages\/3912","targetHints":{"allow":["GET"]}}],"collection":[{"href":"https:\/\/ent2d.ac-bordeaux.fr\/disciplines\/sti-lycee\/wp-json\/wp\/v2\/pages"}],"about":[{"href":"https:\/\/ent2d.ac-bordeaux.fr\/disciplines\/sti-lycee\/wp-json\/wp\/v2\/types\/page"}],"author":[{"embeddable":true,"href":"https:\/\/ent2d.ac-bordeaux.fr\/disciplines\/sti-lycee\/wp-json\/wp\/v2\/users\/222"}],"replies":[{"embeddable":true,"href":"https:\/\/ent2d.ac-bordeaux.fr\/disciplines\/sti-lycee\/wp-json\/wp\/v2\/comments?post=3912"}],"version-history":[{"count":0,"href":"https:\/\/ent2d.ac-bordeaux.fr\/disciplines\/sti-lycee\/wp-json\/wp\/v2\/pages\/3912\/revisions"}],"up":[{"embeddable":true,"href":"https:\/\/ent2d.ac-bordeaux.fr\/disciplines\/sti-lycee\/wp-json\/wp\/v2\/pages\/751"}],"wp:attachment":[{"href":"https:\/\/ent2d.ac-bordeaux.fr\/disciplines\/sti-lycee\/wp-json\/wp\/v2\/media?parent=3912"}],"curies":[{"name":"wp","href":"https:\/\/api.w.org\/{rel}","templated":true}]}}