{"id":3654,"date":"2017-09-25T02:31:40","date_gmt":"2017-09-25T00:31:40","guid":{"rendered":"http:\/\/blogacabdx.ac-bordeaux.fr\/ressii\/?page_id=3654"},"modified":"2023-11-10T00:53:17","modified_gmt":"2023-11-09T23:53:17","slug":"2-1-1-organisation-fonctionnelle-dune-chaine-denergie","status":"publish","type":"page","link":"https:\/\/ent2d.ac-bordeaux.fr\/disciplines\/sti-lycee\/tc\/2-1-1-organisation-fonctionnelle-dune-chaine-denergie\/","title":{"rendered":"2.1.1 Organisation fonctionnelle d\u2019une cha\u00eene d\u2019\u00e9nergie"},"content":{"rendered":"<p><span style=\"font-family: arial,helvetica,sans-serif\"><strong><span style=\"text-decoration: underline\">Fiche connaissance vid\u00e9o\u00a0 : <span style=\"color: #000000;text-decoration: underline\">TC 2.1.1 Organisation fonctionnelle d\u2019une cha\u00eene d\u2019\u00e9nergie<br \/>\n<\/span><\/span><\/strong><\/span><\/p>\n<p style=\"text-align: left\"><span style=\"font-family: arial,helvetica,sans-serif\"><strong><span style=\"text-decoration: underline\">R\u00e9f\u00e9rences aux programmes<\/span><\/strong><\/span><\/p>\n<h6 style=\"padding-left: 90px\"><em><span style=\"font-family: arial,helvetica,sans-serif\">Caract\u00e9risation des fonctions relatives \u00e0 l\u2019\u00e9nergie : production, transport, distribution, stockage, transformation, modulation.<\/span><\/em><\/h6>\n<p>&nbsp;<\/p>\n<hr \/>\n<p><strong><span style=\"text-decoration: underline\">Le t\u00e9l\u00e9chargement est disponible apr\u00e8s ouverture de la vid\u00e9o cliquable ci-dessous<\/span><br \/>\n<\/strong><\/p>\n<p>&nbsp;<\/p>\n<p><a href=\"https:\/\/podeduc.apps.education.fr\/video\/27917-tc211-la-chaine-denergiemp4\/efe91b3cf54e10f41e71c4242e19afb8f28c8dfe1550d10d1625240d51cdae3d\/\" target=\"_blank\" rel=\"noopener\"><img loading=\"lazy\" decoding=\"async\" class=\"aligncenter wp-image-10507 size-full\" src=\"https:\/\/ent2d.ac-bordeaux.fr\/disciplines\/sti-lycee\/wp-content\/uploads\/sites\/64\/2023\/11\/TC_2_1_1.png\" alt=\"\" width=\"1024\" height=\"580\" srcset=\"https:\/\/ent2d.ac-bordeaux.fr\/disciplines\/sti-lycee\/wp-content\/uploads\/sites\/64\/2023\/11\/TC_2_1_1.png 1024w, https:\/\/ent2d.ac-bordeaux.fr\/disciplines\/sti-lycee\/wp-content\/uploads\/sites\/64\/2023\/11\/TC_2_1_1-300x170.png 300w, https:\/\/ent2d.ac-bordeaux.fr\/disciplines\/sti-lycee\/wp-content\/uploads\/sites\/64\/2023\/11\/TC_2_1_1-768x435.png 768w\" sizes=\"auto, (max-width: 1024px) 100vw, 1024px\" \/><\/a><\/p>\n<p>&nbsp;<\/p>\n<p>&nbsp;<\/p>\n<hr \/>\n<div style=\"position: relative;padding-top: 56.25%\"><\/div>\n<hr \/>\n","protected":false},"excerpt":{"rendered":"<p>Fiche connaissance vid\u00e9o\u00a0 : TC 2.1.1 Organisation fonctionnelle d\u2019une cha\u00eene d\u2019\u00e9nergie R\u00e9f\u00e9rences aux programmes Caract\u00e9risation des fonctions relatives \u00e0 l\u2019\u00e9nergie<\/p>\n","protected":false},"author":222,"featured_media":0,"parent":751,"menu_order":0,"comment_status":"closed","ping_status":"closed","template":"","meta":{"_bbp_topic_count":0,"_bbp_reply_count":0,"_bbp_total_topic_count":0,"_bbp_total_reply_count":0,"_bbp_voice_count":0,"_bbp_anonymous_reply_count":0,"_bbp_topic_count_hidden":0,"_bbp_reply_count_hidden":0,"_bbp_forum_subforum_count":0,"footnotes":""},"class_list":["post-3654","page","type-page","status-publish","hentry"],"_links":{"self":[{"href":"https:\/\/ent2d.ac-bordeaux.fr\/disciplines\/sti-lycee\/wp-json\/wp\/v2\/pages\/3654","targetHints":{"allow":["GET"]}}],"collection":[{"href":"https:\/\/ent2d.ac-bordeaux.fr\/disciplines\/sti-lycee\/wp-json\/wp\/v2\/pages"}],"about":[{"href":"https:\/\/ent2d.ac-bordeaux.fr\/disciplines\/sti-lycee\/wp-json\/wp\/v2\/types\/page"}],"author":[{"embeddable":true,"href":"https:\/\/ent2d.ac-bordeaux.fr\/disciplines\/sti-lycee\/wp-json\/wp\/v2\/users\/222"}],"replies":[{"embeddable":true,"href":"https:\/\/ent2d.ac-bordeaux.fr\/disciplines\/sti-lycee\/wp-json\/wp\/v2\/comments?post=3654"}],"version-history":[{"count":25,"href":"https:\/\/ent2d.ac-bordeaux.fr\/disciplines\/sti-lycee\/wp-json\/wp\/v2\/pages\/3654\/revisions"}],"predecessor-version":[{"id":10512,"href":"https:\/\/ent2d.ac-bordeaux.fr\/disciplines\/sti-lycee\/wp-json\/wp\/v2\/pages\/3654\/revisions\/10512"}],"up":[{"embeddable":true,"href":"https:\/\/ent2d.ac-bordeaux.fr\/disciplines\/sti-lycee\/wp-json\/wp\/v2\/pages\/751"}],"wp:attachment":[{"href":"https:\/\/ent2d.ac-bordeaux.fr\/disciplines\/sti-lycee\/wp-json\/wp\/v2\/media?parent=3654"}],"curies":[{"name":"wp","href":"https:\/\/api.w.org\/{rel}","templated":true}]}}