{"id":3634,"date":"2017-09-25T02:29:51","date_gmt":"2017-09-25T00:29:51","guid":{"rendered":"http:\/\/blogacabdx.ac-bordeaux.fr\/ressii\/?page_id=3634"},"modified":"2024-04-08T01:07:44","modified_gmt":"2024-04-07T23:07:44","slug":"1-2-1-etapes-de-la-demarche-de-conception","status":"publish","type":"page","link":"https:\/\/ent2d.ac-bordeaux.fr\/disciplines\/sti-lycee\/tc\/1-2-1-etapes-de-la-demarche-de-conception\/","title":{"rendered":"1.2.1 \u00c9tapes de la d\u00e9marche de conception"},"content":{"rendered":"\n<p class=\"has-text-align-left\"><strong><span style=\"text-decoration: underline\">Fiche connaissance vid\u00e9o&nbsp; : TC 1.2.1 \u00c9tapes de la d\u00e9marche de conception<\/span><\/strong><\/p>\n\n\n\n<p><strong><span style=\"text-decoration: underline\">R\u00e9f\u00e9rences aux programmes<\/span><br><\/strong><\/p>\n\n\n\n<h6 class=\"wp-block-heading\"><em><span style=\"font-family: arial,helvetica,sans-serif\">Expression du besoin, sp\u00e9cifications fonctionnelles d\u2019un syst\u00e8me (cahier des charges fonctionnel)<\/span><\/em><\/h6>\n\n\n\n<hr class=\"wp-block-separator has-alpha-channel-opacity\" \/>\n\n\n\n<p><strong><span style=\"text-decoration: underline\">T\u00e9l\u00e9chargements:<\/span><br><\/strong><\/p>\n\n\n\n<div class=\"wp-block-columns is-layout-flex wp-container-core-columns-is-layout-28f84493 wp-block-columns-is-layout-flex\">\n<div class=\"wp-block-column is-layout-flow wp-block-column-is-layout-flow\" style=\"flex-basis:100%\">\n<figure class=\"wp-block-table aligncenter\"><table class=\"has-black-color has-text-color has-link-color has-fixed-layout\"><tbody><tr><td><img loading=\"lazy\" decoding=\"async\" src=\"https:\/\/ent2d.ac-bordeaux.fr\/disciplines\/sti\/wp-content\/uploads\/sites\/41\/2015\/04\/doc.jpg\" alt=\"\" width=\"50\" height=\"49\"> <span style=\"font-size: 12px\">A venir<\/span><\/td><td><a href=\"https:\/\/ent2d.ac-bordeaux.fr\/mediacad\/pr\/media\/display\/m\/8388\/e\/mp4\/d\/d\" target=\"_blank\" rel=\"noopener noreferrer\"><img loading=\"lazy\" decoding=\"async\" class=\"alignnone wp-image-38\" src=\"https:\/\/ent2d.ac-bordeaux.fr\/disciplines\/sti\/wp-content\/uploads\/sites\/41\/2015\/03\/logoVideo2.jpg\" alt=\"logoVideo2\" width=\"50\" height=\"51\"><\/a>Format vid\u00e9o Mp4<\/td><\/tr><\/tbody><\/table><\/figure>\n<\/div>\n<\/div>\n\n\n\n<figure class=\"wp-block-image aligncenter\"><a href=\"https:\/\/tube-sciences-technologies.apps.education.fr\/videos\/embed\/b48abc49-c696-49b2-9069-d18330884792\" target=\"_blank\" rel=\"noopener\"><img loading=\"lazy\" decoding=\"async\" width=\"1024\" height=\"533\" src=\"https:\/\/ent2d.ac-bordeaux.fr\/disciplines\/sti-lycee\/wp-content\/uploads\/sites\/64\/2024\/04\/capture-TC-121.png\" alt=\"\" class=\"wp-image-10564\" srcset=\"https:\/\/ent2d.ac-bordeaux.fr\/disciplines\/sti-lycee\/wp-content\/uploads\/sites\/64\/2024\/04\/capture-TC-121.png 1024w, https:\/\/ent2d.ac-bordeaux.fr\/disciplines\/sti-lycee\/wp-content\/uploads\/sites\/64\/2024\/04\/capture-TC-121-300x156.png 300w, https:\/\/ent2d.ac-bordeaux.fr\/disciplines\/sti-lycee\/wp-content\/uploads\/sites\/64\/2024\/04\/capture-TC-121-768x400.png 768w\" sizes=\"auto, (max-width: 1024px) 100vw, 1024px\" \/><\/a><\/figure>\n","protected":false},"excerpt":{"rendered":"<p>Fiche connaissance vid\u00e9o&nbsp; : TC 1.2.1 \u00c9tapes de la d\u00e9marche de conception R\u00e9f\u00e9rences aux programmes Expression du besoin, sp\u00e9cifications fonctionnelles<\/p>\n","protected":false},"author":222,"featured_media":0,"parent":751,"menu_order":0,"comment_status":"closed","ping_status":"closed","template":"","meta":{"_bbp_topic_count":0,"_bbp_reply_count":0,"_bbp_total_topic_count":0,"_bbp_total_reply_count":0,"_bbp_voice_count":0,"_bbp_anonymous_reply_count":0,"_bbp_topic_count_hidden":0,"_bbp_reply_count_hidden":0,"_bbp_forum_subforum_count":0,"footnotes":""},"class_list":["post-3634","page","type-page","status-publish","hentry"],"_links":{"self":[{"href":"https:\/\/ent2d.ac-bordeaux.fr\/disciplines\/sti-lycee\/wp-json\/wp\/v2\/pages\/3634","targetHints":{"allow":["GET"]}}],"collection":[{"href":"https:\/\/ent2d.ac-bordeaux.fr\/disciplines\/sti-lycee\/wp-json\/wp\/v2\/pages"}],"about":[{"href":"https:\/\/ent2d.ac-bordeaux.fr\/disciplines\/sti-lycee\/wp-json\/wp\/v2\/types\/page"}],"author":[{"embeddable":true,"href":"https:\/\/ent2d.ac-bordeaux.fr\/disciplines\/sti-lycee\/wp-json\/wp\/v2\/users\/222"}],"replies":[{"embeddable":true,"href":"https:\/\/ent2d.ac-bordeaux.fr\/disciplines\/sti-lycee\/wp-json\/wp\/v2\/comments?post=3634"}],"version-history":[{"count":8,"href":"https:\/\/ent2d.ac-bordeaux.fr\/disciplines\/sti-lycee\/wp-json\/wp\/v2\/pages\/3634\/revisions"}],"predecessor-version":[{"id":10572,"href":"https:\/\/ent2d.ac-bordeaux.fr\/disciplines\/sti-lycee\/wp-json\/wp\/v2\/pages\/3634\/revisions\/10572"}],"up":[{"embeddable":true,"href":"https:\/\/ent2d.ac-bordeaux.fr\/disciplines\/sti-lycee\/wp-json\/wp\/v2\/pages\/751"}],"wp:attachment":[{"href":"https:\/\/ent2d.ac-bordeaux.fr\/disciplines\/sti-lycee\/wp-json\/wp\/v2\/media?parent=3634"}],"curies":[{"name":"wp","href":"https:\/\/api.w.org\/{rel}","templated":true}]}}