{"id":3586,"date":"2017-10-01T10:23:24","date_gmt":"2017-10-01T08:23:24","guid":{"rendered":"http:\/\/blogacabdx.ac-bordeaux.fr\/ressii\/?page_id=3586"},"modified":"2017-10-01T10:23:24","modified_gmt":"2017-10-01T08:23:24","slug":"1-1-1-parametres-de-la-competitivite","status":"publish","type":"page","link":"https:\/\/ent2d.ac-bordeaux.fr\/disciplines\/sti-lycee\/tc\/1-1-1-parametres-de-la-competitivite\/","title":{"rendered":"1.1.1 Param\u00e8tres de la comp\u00e9titivit\u00e9"},"content":{"rendered":"<p style=\"text-align: left\"><strong><span style=\"text-decoration: underline\">Fiche connaissance vid\u00e9o : <\/span><span style=\"color: #000000\"><span style=\"text-decoration: underline\">TC 1.1.1 Param\u00e8tres de la comp\u00e9titivit\u00e9<\/span><\/span><\/strong><\/p>\n<p style=\"text-align: left\"><strong><span style=\"text-decoration: underline\">R\u00e9f\u00e9rences aux programmes<\/span><br \/>\n<\/strong><\/p>\n<h6 style=\"padding-left: 90px\"><span style=\"font-family: arial,helvetica,sans-serif\"><em>Importance du service rendu (besoin r\u00e9el et besoin induit)<\/em><\/span><\/h6>\n<h6 style=\"padding-left: 90px\"><span style=\"font-family: arial,helvetica,sans-serif\"><em>Innovation (de produit, de proc\u00e9d\u00e9, de marketing)<\/em><\/span><\/h6>\n<h6 style=\"padding-left: 90px\"><span style=\"font-family: arial,helvetica,sans-serif\"><em>Recherche de solutions techniques (brevets) et cr\u00e9ativit\u00e9, strat\u00e9gie de propri\u00e9t\u00e9 industrielle (protection du nom, du design et de l\u2019aspect technique), enjeux de la normalisation<\/em><\/span><\/h6>\n<h6 style=\"padding-left: 90px\"><span style=\"font-family: arial,helvetica,sans-serif\"><em>Design produit et architecture<\/em><\/span><\/h6>\n<h6 style=\"padding-left: 90px\"><span style=\"font-family: arial,helvetica,sans-serif\"><em>Ergonomie : notion de confort, d\u2019efficacit\u00e9, de s\u00e9curit\u00e9 dans les relations homme-produit, homme-syst\u00e8me<\/em><\/span><\/h6>\n<hr \/>\n<p><strong><span style=\"text-decoration: underline\">T\u00e9l\u00e9chargements :<\/span><br \/>\n<\/strong><\/p>\n<p>&nbsp;<\/p>\n<table style=\"height: 100px;width: 770px\" border=\"0\" cellspacing=\"1\" cellpadding=\"1\">\n<tbody>\n<tr>\n<td style=\"width: 181.25px\"><img loading=\"lazy\" decoding=\"async\" class=\"alignnone\" src=\"https:\/\/ent2d.ac-bordeaux.fr\/disciplines\/sti\/wp-content\/uploads\/sites\/41\/2015\/04\/doc.jpg\" alt=\"\" width=\"50\" height=\"49\" \/> A venir<\/td>\n<td style=\"width: 181.25px\"><img loading=\"lazy\" decoding=\"async\" class=\"alignnone wp-image-38\" src=\"https:\/\/ent2d.ac-bordeaux.fr\/disciplines\/sti\/wp-content\/uploads\/sites\/41\/2015\/03\/logoVideo2.jpg\" alt=\"logoVideo2\" width=\"50\" height=\"51\" \/>Format vid\u00e9o Mp4<\/td>\n<td style=\"width: 181.25px\"><img loading=\"lazy\" decoding=\"async\" class=\"alignnone wp-image-296\" src=\"https:\/\/ent2d.ac-bordeaux.fr\/disciplines\/sti\/wp-content\/uploads\/sites\/41\/2015\/03\/logoWebM2.jpg\" alt=\"logoWebM2\" width=\"50\" height=\"51\" \/>Format Web-M<\/td>\n<td style=\"width: 181.25px\"><img loading=\"lazy\" decoding=\"async\" class=\"alignnone wp-image-35\" src=\"https:\/\/ent2d.ac-bordeaux.fr\/disciplines\/sti\/wp-content\/uploads\/sites\/41\/2015\/03\/logoWebMedia2.jpg\" alt=\"logoWebMedia2\" width=\"50\" height=\"51\" \/> Format Webm\u00e9dia S\u00e9quenc\u00e9<\/td>\n<\/tr>\n<\/tbody>\n<\/table>\n<hr \/>\n<div style=\"text-align: center\"><div><iframe loading=\"lazy\" frameborder=\"0\" width=\"770\" height=\"483.54838709677\" src=\"https:\/\/ent2d.ac-bordeaux.fr\/mediacad\/m\/11532\/d\/i\" webkitAllowFullScreen=\"true\" mozallowfullscreen=\"true\" allowFullScreen=\"true\" ><\/iframe><\/div><\/div>\n<hr \/>\n","protected":false},"excerpt":{"rendered":"<p>Fiche connaissance vid\u00e9o : TC 1.1.1 Param\u00e8tres de la comp\u00e9titivit\u00e9 R\u00e9f\u00e9rences aux programmes Importance du service rendu (besoin r\u00e9el et<\/p>\n","protected":false},"author":222,"featured_media":0,"parent":751,"menu_order":1,"comment_status":"closed","ping_status":"closed","template":"","meta":{"_bbp_topic_count":0,"_bbp_reply_count":0,"_bbp_total_topic_count":0,"_bbp_total_reply_count":0,"_bbp_voice_count":0,"_bbp_anonymous_reply_count":0,"_bbp_topic_count_hidden":0,"_bbp_reply_count_hidden":0,"_bbp_forum_subforum_count":0,"footnotes":""},"class_list":["post-3586","page","type-page","status-publish","hentry"],"_links":{"self":[{"href":"https:\/\/ent2d.ac-bordeaux.fr\/disciplines\/sti-lycee\/wp-json\/wp\/v2\/pages\/3586","targetHints":{"allow":["GET"]}}],"collection":[{"href":"https:\/\/ent2d.ac-bordeaux.fr\/disciplines\/sti-lycee\/wp-json\/wp\/v2\/pages"}],"about":[{"href":"https:\/\/ent2d.ac-bordeaux.fr\/disciplines\/sti-lycee\/wp-json\/wp\/v2\/types\/page"}],"author":[{"embeddable":true,"href":"https:\/\/ent2d.ac-bordeaux.fr\/disciplines\/sti-lycee\/wp-json\/wp\/v2\/users\/222"}],"replies":[{"embeddable":true,"href":"https:\/\/ent2d.ac-bordeaux.fr\/disciplines\/sti-lycee\/wp-json\/wp\/v2\/comments?post=3586"}],"version-history":[{"count":0,"href":"https:\/\/ent2d.ac-bordeaux.fr\/disciplines\/sti-lycee\/wp-json\/wp\/v2\/pages\/3586\/revisions"}],"up":[{"embeddable":true,"href":"https:\/\/ent2d.ac-bordeaux.fr\/disciplines\/sti-lycee\/wp-json\/wp\/v2\/pages\/751"}],"wp:attachment":[{"href":"https:\/\/ent2d.ac-bordeaux.fr\/disciplines\/sti-lycee\/wp-json\/wp\/v2\/media?parent=3586"}],"curies":[{"name":"wp","href":"https:\/\/api.w.org\/{rel}","templated":true}]}}