{"id":2240,"date":"2016-07-11T12:44:46","date_gmt":"2016-07-11T11:44:46","guid":{"rendered":"http:\/\/blogacabdx.ac-bordeaux.fr\/ressii\/?page_id=2240"},"modified":"2019-04-06T10:06:03","modified_gmt":"2019-04-06T08:06:03","slug":"msost-1-2-fe1-analyse-fonctionnelle-systemique","status":"publish","type":"page","link":"https:\/\/ent2d.ac-bordeaux.fr\/disciplines\/sti-college\/msost-1-2-fe1-analyse-fonctionnelle-systemique\/","title":{"rendered":"MSOST-1-2-FE1 &#8211; Analyse fonctionnelle syst\u00e9mique"},"content":{"rendered":"<hr \/>\n<h2><\/h2>\n<h3><span style=\"text-decoration: underline;color: #000000\">R\u00e9f\u00e9rence au texte officiel<\/span><\/h3>\n<h2 style=\"text-align: center\"><strong>THEME :<\/strong><\/h2>\n<h2 style=\"text-align: center\"><strong>LA MODELISATION ET LA SIMULATION DES OBJETS ET SYSTEMES TECHNIQUES<\/strong><\/h2>\n<table style=\"width: 100%\" cellspacing=\"1\" cellpadding=\"1\">\n<tbody>\n<tr>\n<td><\/td>\n<td><\/td>\n<\/tr>\n<tr>\n<td><strong>Connaissances et comp\u00e9tences associ\u00e9es<\/strong><\/td>\n<td><strong>Exemples de situations, d\u2019activit\u00e9s et de ressources pour l\u2019\u00e9l\u00e8ve<\/strong><\/td>\n<\/tr>\n<tr>\n<td colspan=\"2\"><strong>Analyser le fonctionnement et la structure d\u2019un objet<\/strong><\/td>\n<\/tr>\n<tr>\n<td style=\"width: 50%;text-align: left\">\n<p style=\"text-align: left\"><strong>Associer des solutions techniques \u00e0 des fonctions.<\/strong><br \/>\n<strong>MSOST-1-2-FE1<\/strong> \u00bb Analyse fonctionnelle syst\u00e9mique.<\/p>\n<\/td>\n<td style=\"text-align: justify\">Les activit\u00e9s exp\u00e9rimentales ont pour objectif de\u00a0v\u00e9ri\u0080fier les performances d\u2019un objet technique et\u00a0de v\u00e9ri\u0080fier qu\u2019elles sont conformes au cahier des\u00a0charges.<br \/>\nLes activit\u00e9s de montage et de d\u00e9montage<br \/>\npermettent de comprendre l\u2019architecture et le\u00a0fonctionnement d\u2019un objet technique.<br \/>\nLes mat\u00e9riaux utilis\u00e9s sont justi\u0080fi\u00e9s et les flux\u00a0d\u2019\u00e9nergie et d\u2019information sont rep\u00e9r\u00e9s et\u00a0analys\u00e9s.<br \/>\nDiagrammes, graphes.<br \/>\nLogiciels de CAO.<br \/>\nUne r\u00e9flexion doit \u00eatre men\u00e9e entre les r\u00e9sultats\u00a0de mesure et le contexte de leur obtention.<\/td>\n<\/tr>\n<\/tbody>\n<\/table>\n<hr \/>\n<h3><span style=\"text-decoration: underline\"><span style=\"color: #000000;text-decoration: underline\">Exemple de structuration de connaissances<\/span><\/span><\/h3>\n<p><a href=\"https:\/\/ent2d.ac-bordeaux.fr\/disciplines\/sti-college\/wp-content\/uploads\/sites\/63\/2016\/07\/MSOST-1-2-FE1-Analyse-systemique.jpg\"><img loading=\"lazy\" decoding=\"async\" class=\"alignnone wp-image-2262 size-full\" src=\"https:\/\/ent2d.ac-bordeaux.fr\/disciplines\/sti-college\/wp-content\/uploads\/sites\/63\/2016\/07\/MSOST-1-2-FE1-Analyse-systemique.jpg\" width=\"1600\" height=\"900\" \/><\/a><\/p>\n<table border=\"0\" cellspacing=\"1\" cellpadding=\"1\">\n<tbody>\n<tr>\n<td><a href=\"https:\/\/ent2d.ac-bordeaux.fr\/disciplines\/sti-college\/wp-content\/uploads\/sites\/63\/2016\/07\/MSOST-1-2-FE1-Analyse-systemique.jpg\" target=\"_blank\" rel=\"noopener noreferrer\"><img loading=\"lazy\" decoding=\"async\" class=\"alignnone wp-image-1491\" src=\"https:\/\/ent2d.ac-bordeaux.fr\/disciplines\/sti-college\/wp-content\/uploads\/sites\/63\/2016\/06\/jpg.png\" alt=\"\" width=\"51\" height=\"51\" srcset=\"https:\/\/ent2d.ac-bordeaux.fr\/disciplines\/sti-college\/wp-content\/uploads\/sites\/63\/2016\/06\/jpg.png 256w, https:\/\/ent2d.ac-bordeaux.fr\/disciplines\/sti-college\/wp-content\/uploads\/sites\/63\/2016\/06\/jpg-150x150.png 150w\" sizes=\"auto, (max-width: 51px) 100vw, 51px\" \/><\/a><br \/>\n<a href=\"https:\/\/ent2d.ac-bordeaux.fr\/disciplines\/sti-college\/wp-content\/uploads\/sites\/63\/2016\/07\/MSOST-1-2-FE1-Analyse-systemique.jpg\" target=\"_blank\" rel=\"noopener noreferrer\"><u><span style=\"color: #0066cc\">Fiche \u00e9l\u00e8ve format\u00a0image<\/span><\/u><\/a><\/td>\n<td><u><span style=\"color: #0066cc\"><img loading=\"lazy\" decoding=\"async\" class=\"alignnone wp-image-38\" src=\"https:\/\/ent2d.ac-bordeaux.fr\/disciplines\/sti-college\/wp-content\/uploads\/sites\/63\/2015\/03\/logoVideo2.jpg\" alt=\"logoVideo2\" width=\"50\" height=\"51\" \/><br \/>\n<\/span><\/u> Format vid\u00e9o Mp4<\/td>\n<td><img loading=\"lazy\" decoding=\"async\" class=\"alignnone wp-image-296\" src=\"https:\/\/ent2d.ac-bordeaux.fr\/disciplines\/sti-college\/wp-content\/uploads\/sites\/63\/2015\/03\/logoWebM2.jpg\" alt=\"logoWebM2\" width=\"50\" height=\"51\" \/><br \/>\nFormat vid\u00e9o Web-M<\/td>\n<td><img loading=\"lazy\" decoding=\"async\" class=\"alignnone wp-image-34\" src=\"https:\/\/ent2d.ac-bordeaux.fr\/disciplines\/sti-college\/wp-content\/uploads\/sites\/63\/2015\/03\/logoPdf2.jpg\" alt=\"logoPdf2\" width=\"50\" height=\"51\" \/><br \/>\nFiche professeur PDF<\/td>\n<\/tr>\n<\/tbody>\n<\/table>\n<hr \/>\n<h3><span style=\"color: #000000\"><span style=\"text-decoration: underline\">Exemple d&#8217;exploitation p\u00e9dagogique &#8211; 5\u00e8me<\/span><\/span><\/h3>\n<table style=\"width: 100%\" border=\"0\" cellspacing=\"1\" cellpadding=\"1\">\n<tbody>\n<tr>\n<td style=\"text-align: left\"><strong>Pistes de situations d\u00e9clenchantes<\/strong><\/td>\n<td style=\"text-align: justify\">\n<ul>\n<li style=\"font-weight: 400\"><span style=\"font-weight: 400\">Observation du fonctionnement d\u2019un robot (programme d\u00e9j\u00e0 t\u00e9l\u00e9vers\u00e9)<\/span><\/li>\n<\/ul>\n<\/td>\n<\/tr>\n<tr>\n<td style=\"text-align: left\"><strong>Pistes probl\u00e8mes<\/strong> <strong>technologiques<\/strong><\/td>\n<td style=\"text-align: left\">\n<ul>\n<li><span style=\"font-weight: 400\">Comment fait le robot pour \u00e9viter les obstacles\u00a0?<\/span><\/li>\n<li><span style=\"font-weight: 400\">Qu\u2019est ce qui permet au robot de suivre la piste\u00a0?<\/span><\/li>\n<li><span style=\"font-weight: 400\">Pourquoi le robot s\u2019arr\u00eate-t-il \u00e0 cet endroit pr\u00e9cis\u00a0?<\/span><\/li>\n<\/ul>\n<\/td>\n<\/tr>\n<tr>\n<td style=\"text-align: left\"><strong>Ressources Outils \u00e0 exploiter<\/strong><\/td>\n<td style=\"text-align: left\">\n<ul>\n<li style=\"font-weight: 400\"><span style=\"font-weight: 400\">Robot + programme d\u00e9j\u00e0 t\u00e9l\u00e9vers\u00e9.<\/span><\/li>\n<\/ul>\n<\/td>\n<\/tr>\n<tr>\n<td style=\"text-align: left\"><strong>Pistes d\u2019activit\u00e9s<\/strong><\/td>\n<td style=\"text-align: left\"><span style=\"font-weight: 400\">Demander aux \u00e9l\u00e8ves de :\u00a0<\/span><\/p>\n<ul>\n<li style=\"font-weight: 400\"><span style=\"font-weight: 400\">Analyser \u00e0 l&#8217;aide d&#8217;outils graphiques le fonctionnement du robot (tests), recherche sur les capteurs et les actionneurs, observation de l\u2019interface et interactivit\u00e9 avec le robot, travail sur l\u2019\u00e9nergie embarqu\u00e9e, \u00e9l\u00e9ments de traitement et de transmission de l\u2019information,\u2026<\/span><\/li>\n<\/ul>\n<\/td>\n<\/tr>\n<tr>\n<td style=\"text-align: left\"><strong>Exemples d\u2019objets<\/strong> <strong>supports<\/strong><\/td>\n<td style=\"text-align: left\">\n<ul>\n<li style=\"font-weight: 400\"><span style=\"font-weight: 400\">Robot Moway<\/span><\/li>\n<\/ul>\n<\/td>\n<\/tr>\n<\/tbody>\n<\/table>\n<h3><span style=\"color: #000000\"><span style=\"text-decoration: underline\">Exemple d&#8217;exploitation p\u00e9dagogique &#8211; 4\u00e8me<\/span><\/span><\/h3>\n<table style=\"width: 100%\" border=\"0\" cellspacing=\"1\" cellpadding=\"1\">\n<tbody>\n<tr>\n<td style=\"text-align: left\"><strong>Pistes de situations d\u00e9clenchantes<\/strong><\/td>\n<td style=\"text-align: justify\">\n<ul>\n<li style=\"font-weight: 400\"><span style=\"font-weight: 400\">Comment permettre l\u2019ouverture et la fermeture d\u2019un espace clos ?<\/span><\/li>\n<li style=\"font-weight: 400\">Comment permettre de s\u00e9curiser un habitat. (alarme myxybox) ?<\/li>\n<\/ul>\n<\/td>\n<\/tr>\n<tr>\n<td style=\"text-align: left\"><strong>Pistes probl\u00e8mes<\/strong> <strong>technologiques<\/strong><\/td>\n<td style=\"text-align: left\">\n<ul>\n<li style=\"font-weight: 400\"><span style=\"font-weight: 400\">Modification des programmes pour r\u00e9pondre \u00e0 une modification du cahier des charges,<\/span><\/li>\n<li style=\"font-weight: 400\"><span style=\"font-weight: 400\">Adaptation de la maquette aux diff\u00e9rents types de v\u00e9hicules,<\/span><\/li>\n<li style=\"font-weight: 400\"><span style=\"font-weight: 400\">Modifications suivant les diff\u00e9rents types d\u2019ouverture (\u00e0 la fran\u00e7aise, coulissante,) <\/span><span style=\"font-weight: 400\">adaptation \u00e0 son environnement.<\/span><\/li>\n<\/ul>\n<\/td>\n<\/tr>\n<tr>\n<td style=\"text-align: left\"><strong>Ressources Outils \u00e0 exploiter<\/strong><\/td>\n<td style=\"text-align: left\">\n<ul>\n<li style=\"font-weight: 400\"><span style=\"font-weight: 400\">Portail<\/span><\/li>\n<\/ul>\n<\/td>\n<\/tr>\n<tr>\n<td style=\"text-align: left\"><strong>Pistes d\u2019activit\u00e9s<\/strong><\/td>\n<td style=\"text-align: left\"><span style=\"font-weight: 400\">Demander aux \u00e9l\u00e8ves de :<\/span><\/p>\n<ul>\n<li style=\"font-weight: 400\"><span style=\"font-weight: 400\">Rechercher plusieurs solutions pour r\u00e9pondre \u00a0\u00e0 \u00a0une \u00a0fonction \u00a0dans \u00a0une \u00a0d\u00e9marche \u00a0de \u00a0r\u00e9solution \u00a0de \u00a0probl\u00e8mes.<\/span><\/li>\n<li style=\"font-weight: 400\"><span style=\"font-weight: 400\">Sp\u00e9cifier ou caract\u00e9riser quelques fonctions du cahier des charges, notamment sous forme de carte mentale.<\/span><\/li>\n<li style=\"font-weight: 400\"><span style=\"font-weight: 400\">Caract\u00e9riser quelques crit\u00e8res de performances associ\u00e9s \u00e0 des fonctions connues.<\/span><\/li>\n<\/ul>\n<\/td>\n<\/tr>\n<tr>\n<td style=\"text-align: left\"><strong>Exemples d\u2019objets<\/strong> <strong>supports<\/strong><\/td>\n<td style=\"text-align: left\">\n<ul>\n<li style=\"font-weight: 400\"><span style=\"font-weight: 400\">Le portail coulissant<\/span><\/li>\n<\/ul>\n<\/td>\n<\/tr>\n<\/tbody>\n<\/table>\n<h3><span style=\"color: #000000\"><span style=\"text-decoration: underline\">Exemple d&#8217;exploitation p\u00e9dagogique &#8211; 3\u00e8me<\/span><\/span><\/h3>\n<table style=\"width: 100%\" border=\"0\" cellspacing=\"1\" cellpadding=\"1\">\n<tbody>\n<tr>\n<td style=\"text-align: left\"><strong>Pistes de situations d\u00e9clenchantes<\/strong><\/td>\n<td style=\"text-align: justify\">\n<ul>\n<li style=\"font-weight: 400\"><span style=\"font-weight: 400\">Le toit du coll\u00e8ge est un toit plat, v\u00e9g\u00e9talis\u00e9. Mais parfois il pleut et des feuilles peuvent boucher les chenaux. L\u2019agent d\u2019entretien doit r\u00e9guli\u00e8rement monter sur le toit pour l\u2019inspecter\u2026<\/span><\/li>\n<li style=\"font-weight: 400\">Utilisation de robots capables de remplacer ou d\u2019aider l\u2019homme dans des situations dangereuses.<\/li>\n<\/ul>\n<\/td>\n<\/tr>\n<tr>\n<td style=\"text-align: left\"><strong>Pistes probl\u00e8mes<\/strong> <strong>technologiques<\/strong><\/td>\n<td style=\"text-align: left\">\n<ul>\n<li style=\"font-weight: 400\"><span style=\"font-weight: 400\">Comment permettre la surveillance du toit, sans risque pour l\u2019agent d\u2019entretien\u00a0?<\/span><\/li>\n<li style=\"font-weight: 400\">Comment permettre l\u2019exploration ou la r\u00e9paration \u00e0 distance par le robot ?<\/li>\n<\/ul>\n<\/td>\n<\/tr>\n<tr>\n<td style=\"text-align: left\"><strong>Ressources Outils \u00e0 exploiter<\/strong><\/td>\n<td style=\"text-align: left\">\n<ul>\n<li style=\"font-weight: 400\"><span style=\"font-weight: 400\">Vid\u00e9os du toit, interview de l\u2019agent d\u2019entretien expliquant les risques qu\u2019il court lorsqu\u2019il effectue cette maintenance<\/span><\/li>\n<li style=\"font-weight: 400\"><span style=\"font-weight: 400\">vid\u00e9os Tchernobyl et Fukushima.<\/span><\/li>\n<\/ul>\n<\/td>\n<\/tr>\n<tr>\n<td style=\"text-align: left\"><strong>Pistes d\u2019activit\u00e9s<\/strong><\/td>\n<td style=\"text-align: left\">\n<ul>\n<li style=\"font-weight: 400\"><span style=\"font-weight: 400\">Utiliser dans le cadre des projets, les outils num\u00e9riques adapt\u00e9s (organiser, rechercher, concevoir, produire, planifier, simuler<\/span><span style=\"font-weight: 400\">)<\/span><\/li>\n<\/ul>\n<\/td>\n<\/tr>\n<tr>\n<td style=\"text-align: left\"><strong>Exemples d\u2019objets<\/strong><\/td>\n<td style=\"text-align: left\">\n<ul>\n<li style=\"font-weight: 400\"><span style=\"font-weight: 400\">Robot +<\/span> <span style=\"font-weight: 400\">cam\u00e9ra embarqu\u00e9e<\/span><\/li>\n<li style=\"font-weight: 400\"><span style=\"font-weight: 400\">Drone + cam\u00e9ra embarqu\u00e9e<\/span><\/li>\n<\/ul>\n<\/td>\n<\/tr>\n<\/tbody>\n<\/table>\n<h3><\/h3>\n<hr \/>\n<h3><span style=\"text-decoration: underline;color: #000000\">Pour aller plus loin<\/span><\/h3>\n<ul>\n<li><span style=\"font-weight: 400\">NF X 50\u2010100 : <\/span><b>Analyse Fonctionnelle <\/b><span style=\"font-weight: 400\">\u2010 Caract\u00e9ristiques fondamentales \u2010 1996.<\/span><\/li>\n<li><span style=\"font-weight: 400\"> NF X 50\u2010151 : <\/span><b>Analyse de la Valeur<\/b><span style=\"font-weight: 400\">\u2010 Expression fonctionnelle du besoin et cahier des charges fonctionnel \u2010 1991.<\/span><\/li>\n<li><span style=\"font-weight: 400\"> FD X 50\u2010101 : <\/span><b>Analyse Fonctionnelle <\/b><span style=\"font-weight: 400\">\u2010 L&#8217;<\/span><b>Analyse Fonctionnelle <\/b><span style=\"font-weight: 400\">outil interdisciplinaire de comp\u00e9titivit\u00e9 \u2010 1995.<\/span><\/li>\n<li><span style=\"font-weight: 400\"> NF EN 1325\u20101 : Vocabulaire du Management par la Valeur, de l\u2019Analyse de la Valeur et de l\u2019<\/span><b>Analyse Fonctionnelle <\/b><span style=\"font-weight: 400\">\u2010 1 : analyse de la valeur et <\/span><b>Analyse Fonctionnelle <\/b><span style=\"font-weight: 400\">\u2010 1996.<\/span><\/li>\n<\/ul>\n<hr \/>\n<p><span style=\"color: #ff0000\">NB : Ces propositions sont mises \u00e0 disposition pour aider chacun dans sa r\u00e9flexion mais elles n&#8217;ont pas pu \u00eatre\u00a0finalis\u00e9es par manque de temps.\u00a0Ces fiches\u00a0seront donc am\u00e9lior\u00e9es au cours du d\u00e9but d&#8217;ann\u00e9e.<\/span><\/p>\n","protected":false},"excerpt":{"rendered":"<p>R\u00e9f\u00e9rence au texte officiel THEME : LA MODELISATION ET LA SIMULATION DES OBJETS ET SYSTEMES TECHNIQUES Connaissances et comp\u00e9tences associ\u00e9es<\/p>\n","protected":false},"author":210,"featured_media":0,"parent":0,"menu_order":0,"comment_status":"closed","ping_status":"closed","template":"","meta":{"footnotes":""},"class_list":["post-2240","page","type-page","status-publish","hentry"],"_links":{"self":[{"href":"https:\/\/ent2d.ac-bordeaux.fr\/disciplines\/sti-college\/wp-json\/wp\/v2\/pages\/2240","targetHints":{"allow":["GET"]}}],"collection":[{"href":"https:\/\/ent2d.ac-bordeaux.fr\/disciplines\/sti-college\/wp-json\/wp\/v2\/pages"}],"about":[{"href":"https:\/\/ent2d.ac-bordeaux.fr\/disciplines\/sti-college\/wp-json\/wp\/v2\/types\/page"}],"author":[{"embeddable":true,"href":"https:\/\/ent2d.ac-bordeaux.fr\/disciplines\/sti-college\/wp-json\/wp\/v2\/users\/210"}],"replies":[{"embeddable":true,"href":"https:\/\/ent2d.ac-bordeaux.fr\/disciplines\/sti-college\/wp-json\/wp\/v2\/comments?post=2240"}],"version-history":[{"count":1,"href":"https:\/\/ent2d.ac-bordeaux.fr\/disciplines\/sti-college\/wp-json\/wp\/v2\/pages\/2240\/revisions"}],"predecessor-version":[{"id":8416,"href":"https:\/\/ent2d.ac-bordeaux.fr\/disciplines\/sti-college\/wp-json\/wp\/v2\/pages\/2240\/revisions\/8416"}],"wp:attachment":[{"href":"https:\/\/ent2d.ac-bordeaux.fr\/disciplines\/sti-college\/wp-json\/wp\/v2\/media?parent=2240"}],"curies":[{"name":"wp","href":"https:\/\/api.w.org\/{rel}","templated":true}]}}