{"id":2236,"date":"2016-07-11T12:43:54","date_gmt":"2016-07-11T11:43:54","guid":{"rendered":"http:\/\/blogacabdx.ac-bordeaux.fr\/ressii\/?page_id=2236"},"modified":"2019-04-06T10:05:23","modified_gmt":"2019-04-06T08:05:23","slug":"msost-1-1-fe1-procedures-protocoles","status":"publish","type":"page","link":"https:\/\/ent2d.ac-bordeaux.fr\/disciplines\/sti-college\/msost-1-1-fe1-procedures-protocoles\/","title":{"rendered":"MSOST-1-1-FE1 &#8211; Proc\u00e9dures, protocoles"},"content":{"rendered":"<hr \/>\n<h2><\/h2>\n<h3><span style=\"text-decoration: underline;color: #000000\">R\u00e9f\u00e9rence au texte officiel<\/span><\/h3>\n<h2 style=\"text-align: center\"><strong>THEME : LA MODELISATION ET LA SIMULATION DES OBJETS ET SYSTEMES TECHNIQUES<\/strong><\/h2>\n<table style=\"width: 100%\" cellspacing=\"1\" cellpadding=\"1\">\n<tbody>\n<tr>\n<td><\/td>\n<td><\/td>\n<\/tr>\n<tr>\n<td><strong>Connaissances et comp\u00e9tences associ\u00e9es<\/strong><\/td>\n<td><strong>Exemples de situations, d\u2019activit\u00e9s et de ressources pour l\u2019\u00e9l\u00e8ve<\/strong><\/td>\n<\/tr>\n<tr>\n<td colspan=\"2\"><strong>Analyser le fonctionnement et la structure d\u2019un objet<\/strong><\/td>\n<\/tr>\n<tr>\n<td style=\"width: 50%;text-align: left\">\n<p style=\"text-align: left\"><strong>Respecter une proc\u00e9dure de travail garantissant\u00a0un r\u00e9sultat en respectant les r\u00e8gles de s\u00e9curit\u00e9 et\u00a0d\u2019utilisation des outils mis \u00e0 disposition.<\/strong><br \/>\n<strong>MSOST-1-1-FE1<\/strong> \u00bb Proc\u00e9dures, protocoles.<br \/>\n<strong>MSOST-1-1-FE2<\/strong>\u00a0\u00bb Ergonomie.<\/p>\n<\/td>\n<td style=\"text-align: justify\">Les activit\u00e9s exp\u00e9rimentales ont pour objectif de\u00a0v\u00e9rifier les performances d\u2019un objet technique et\u00a0de v\u00e9rifier qu\u2019elles sont conformes au cahier des\u00a0charges.<br \/>\nLes activit\u00e9s de montage et de d\u00e9montage<br \/>\npermettent de comprendre l\u2019architecture et le\u00a0fonctionnement d\u2019un objet technique.<br \/>\nLes mat\u00e9riaux utilis\u00e9s sont justifi\u00e9s et les flux\u00a0d\u2019\u00e9nergie et d\u2019information sont rep\u00e9r\u00e9s et\u00a0analys\u00e9s.<br \/>\nDiagrammes, graphes.<br \/>\nLogiciels de CAO.<br \/>\nUne r\u00e9flexion doit \u00eatre men\u00e9e entre les r\u00e9sultats\u00a0de mesure et le contexte de leur obtention.<\/td>\n<\/tr>\n<\/tbody>\n<\/table>\n<hr \/>\n<h3><span style=\"text-decoration: underline\"><span style=\"color: #000000;text-decoration: underline\">Exemple de structuration de connaissances<\/span><\/span><\/h3>\n<p><a href=\"https:\/\/ent2d.ac-bordeaux.fr\/disciplines\/sti-college\/wp-content\/uploads\/sites\/63\/2016\/07\/MSOST-1-1-FE1a-Proc\u00e9dures-et-Protocoles.jpg\"><img loading=\"lazy\" decoding=\"async\" class=\"alignnone wp-image-2250 size-full\" src=\"https:\/\/ent2d.ac-bordeaux.fr\/disciplines\/sti-college\/wp-content\/uploads\/sites\/63\/2016\/07\/MSOST-1-1-FE1a-Proc\u00e9dures-et-Protocoles.jpg\" width=\"1600\" height=\"900\" \/><\/a><\/p>\n<table border=\"0\" cellspacing=\"1\" cellpadding=\"1\">\n<tbody>\n<tr>\n<td><a href=\"https:\/\/ent2d.ac-bordeaux.fr\/disciplines\/sti\/wp-content\/uploads\/sites\/41\/2016\/07\/MSOST-1-1-FE1a-Proc%C3%A9dures-et-Protocoles.jpg\" target=\"_blank\" rel=\"noopener noreferrer\"><img loading=\"lazy\" decoding=\"async\" class=\"alignnone wp-image-1491\" src=\"https:\/\/ent2d.ac-bordeaux.fr\/disciplines\/sti-college\/wp-content\/uploads\/sites\/63\/2016\/06\/jpg.png\" alt=\"\" width=\"51\" height=\"51\" srcset=\"https:\/\/ent2d.ac-bordeaux.fr\/disciplines\/sti-college\/wp-content\/uploads\/sites\/63\/2016\/06\/jpg.png 256w, https:\/\/ent2d.ac-bordeaux.fr\/disciplines\/sti-college\/wp-content\/uploads\/sites\/63\/2016\/06\/jpg-150x150.png 150w\" sizes=\"auto, (max-width: 51px) 100vw, 51px\" \/><\/a><br \/>\n<a href=\"https:\/\/ent2d.ac-bordeaux.fr\/disciplines\/sti\/wp-content\/uploads\/sites\/41\/2016\/07\/MSOST-1-1-FE1a-Proc%C3%A9dures-et-Protocoles.jpg\" target=\"_blank\" rel=\"noopener noreferrer\"><u><span style=\"color: #0066cc\">Fiche \u00e9l\u00e8ve format\u00a0image<\/span><\/u><\/a><\/td>\n<td><u><span style=\"color: #0066cc\"><img loading=\"lazy\" decoding=\"async\" class=\"alignnone wp-image-38\" src=\"https:\/\/ent2d.ac-bordeaux.fr\/disciplines\/sti-college\/wp-content\/uploads\/sites\/63\/2015\/03\/logoVideo2.jpg\" alt=\"logoVideo2\" width=\"50\" height=\"51\" \/><br \/>\n<\/span><\/u> Format vid\u00e9o Mp4<\/td>\n<td><img loading=\"lazy\" decoding=\"async\" class=\"alignnone wp-image-296\" src=\"https:\/\/ent2d.ac-bordeaux.fr\/disciplines\/sti-college\/wp-content\/uploads\/sites\/63\/2015\/03\/logoWebM2.jpg\" alt=\"logoWebM2\" width=\"50\" height=\"51\" \/><br \/>\nFormat vid\u00e9o Web-M<\/td>\n<td><img loading=\"lazy\" decoding=\"async\" class=\"alignnone wp-image-34\" src=\"https:\/\/ent2d.ac-bordeaux.fr\/disciplines\/sti-college\/wp-content\/uploads\/sites\/63\/2015\/03\/logoPdf2.jpg\" alt=\"logoPdf2\" width=\"50\" height=\"51\" \/><br \/>\nFiche professeur PDF<\/td>\n<\/tr>\n<\/tbody>\n<\/table>\n<p><a href=\"https:\/\/ent2d.ac-bordeaux.fr\/disciplines\/sti-college\/wp-content\/uploads\/sites\/63\/2016\/07\/MSOST-1-1-FE1b-Proc\u00e9dures-et-Protocoles.jpg\"><img loading=\"lazy\" decoding=\"async\" class=\"alignnone wp-image-2251 size-full\" src=\"https:\/\/ent2d.ac-bordeaux.fr\/disciplines\/sti-college\/wp-content\/uploads\/sites\/63\/2016\/07\/MSOST-1-1-FE1b-Proc\u00e9dures-et-Protocoles.jpg\" width=\"1600\" height=\"900\" \/><\/a><\/p>\n<table border=\"0\" cellspacing=\"1\" cellpadding=\"1\">\n<tbody>\n<tr>\n<td><a href=\"https:\/\/ent2d.ac-bordeaux.fr\/disciplines\/sti\/wp-content\/uploads\/sites\/41\/2016\/07\/MSOST-1-1-FE1b-Proc%C3%A9dures-et-Protocoles.jpg\" target=\"_blank\" rel=\"noopener noreferrer\"><img loading=\"lazy\" decoding=\"async\" class=\"alignnone wp-image-1491\" src=\"https:\/\/ent2d.ac-bordeaux.fr\/disciplines\/sti-college\/wp-content\/uploads\/sites\/63\/2016\/06\/jpg.png\" alt=\"\" width=\"51\" height=\"51\" srcset=\"https:\/\/ent2d.ac-bordeaux.fr\/disciplines\/sti-college\/wp-content\/uploads\/sites\/63\/2016\/06\/jpg.png 256w, https:\/\/ent2d.ac-bordeaux.fr\/disciplines\/sti-college\/wp-content\/uploads\/sites\/63\/2016\/06\/jpg-150x150.png 150w\" sizes=\"auto, (max-width: 51px) 100vw, 51px\" \/><\/a><br \/>\n<a href=\"https:\/\/ent2d.ac-bordeaux.fr\/disciplines\/sti\/wp-content\/uploads\/sites\/41\/2016\/07\/MSOST-1-1-FE1b-Proc%C3%A9dures-et-Protocoles.jpg\" target=\"_blank\" rel=\"noopener noreferrer\"><u><span style=\"color: #0066cc\">Fiche \u00e9l\u00e8ve format\u00a0image<\/span><\/u><\/a><\/td>\n<td><u><span style=\"color: #0066cc\"><img loading=\"lazy\" decoding=\"async\" class=\"alignnone wp-image-38\" src=\"https:\/\/ent2d.ac-bordeaux.fr\/disciplines\/sti-college\/wp-content\/uploads\/sites\/63\/2015\/03\/logoVideo2.jpg\" alt=\"logoVideo2\" width=\"50\" height=\"51\" \/><br \/>\n<\/span><\/u> Format vid\u00e9o Mp4<\/td>\n<td><img loading=\"lazy\" decoding=\"async\" class=\"alignnone wp-image-296\" src=\"https:\/\/ent2d.ac-bordeaux.fr\/disciplines\/sti-college\/wp-content\/uploads\/sites\/63\/2015\/03\/logoWebM2.jpg\" alt=\"logoWebM2\" width=\"50\" height=\"51\" \/><br \/>\nFormat vid\u00e9o Web-M<\/td>\n<td><img loading=\"lazy\" decoding=\"async\" class=\"alignnone wp-image-34\" src=\"https:\/\/ent2d.ac-bordeaux.fr\/disciplines\/sti-college\/wp-content\/uploads\/sites\/63\/2015\/03\/logoPdf2.jpg\" alt=\"logoPdf2\" width=\"50\" height=\"51\" \/><br \/>\nFiche professeur PDF<\/td>\n<\/tr>\n<\/tbody>\n<\/table>\n<hr \/>\n<h3><span style=\"color: #000000\"><span style=\"text-decoration: underline\">Exemple d&#8217;exploitation p\u00e9dagogique &#8211; 5\u00e8me<\/span><\/span><\/h3>\n<table style=\"width: 100%\" border=\"0\" cellspacing=\"1\" cellpadding=\"1\">\n<tbody>\n<tr>\n<td style=\"text-align: left\"><strong>Pistes de situations d\u00e9clenchantes<\/strong><\/td>\n<td style=\"text-align: justify\">\n<ul>\n<li style=\"font-weight: 400\"><span style=\"font-weight: 400\">Pr\u00e9sentation d\u2019une fiche m\u00e9tier \u00ab\u00a0Le maitre d\u2019\u0153uvre\u00a0\u00bb, qui est-il\u00a0? que fait-il\u00a0?, de quoi se sert-il\u00a0?<\/span><\/li>\n<li style=\"font-weight: 400\"><span style=\"font-weight: 400\">M<\/span><span style=\"font-weight: 400\">on voisin agrandit sa maison, avant d\u2019ouvrir le chantier qu\u2019a t-il fait\u00a0? <\/span><\/li>\n<li style=\"font-weight: 400\"><span style=\"font-weight: 400\">L<\/span><span style=\"font-weight: 400\">a poste met en place la distribution automatique du courrier-comment s\u2019est- elle organis\u00e9e pour r\u00e9ussir.<\/span><\/li>\n<li style=\"font-weight: 400\">Construction d&#8217;un garage ou d&#8217;un tennis couvert en lamell\u00e9 coll\u00e9<\/li>\n<\/ul>\n<\/td>\n<\/tr>\n<tr>\n<td style=\"text-align: left\"><strong>Pistes probl\u00e8mes<\/strong> <strong>technologiques<\/strong><\/td>\n<td style=\"text-align: left\">\n<ul>\n<li style=\"font-weight: 400\"><span style=\"font-weight: 400\">Trouver le projet de r\u00e9alisation d\u2019une construction afin dans d\u00e9gager les principales phases et de comprendre l\u2019ordonnancement de celle-ci.<\/span><\/li>\n<li style=\"font-weight: 400\"><span style=\"font-weight: 400\">R\u00e9aliser un parcours simulant le trajet du facteur afin que l\u2019\u00e9l\u00e8ve le compare et v\u00e9rifie la coh\u00e9rence avec la proc\u00e9dure mise en place.<\/span><span style=\"font-weight: 400\">)<\/span><\/li>\n<\/ul>\n<\/td>\n<\/tr>\n<tr>\n<td style=\"text-align: left\"><strong>Ressources Outils \u00e0 exploiter<\/strong><\/td>\n<td style=\"text-align: left\">\n<ul>\n<li style=\"font-weight: 400\"><span style=\"font-weight: 400\">Plan de lotissement, <\/span><\/li>\n<li style=\"font-weight: 400\"><a href=\"http:\/\/www.onisep.fr\/\"><span style=\"font-weight: 400\">http:\/\/www.onisep.fr<\/span><\/a><\/li>\n<li style=\"font-weight: 400\"><span style=\"font-weight: 400\">http:\/\/ www.ffbatiment.fr\/<\/span><span style=\"font-weight: 400\"> &#8211;&gt; <\/span><span style=\"font-weight: 400\"><a href=\"http:\/\/www.ffbatiment.fr\/federation-francaise-du-batiment\/le-batiment-et-vous\/formation\/les-formations-batiment-par-metiers\/accueil.html\">les m\u00e9tiers du b\u00e2timent<\/a><\/span><\/li>\n<li style=\"font-weight: 400\">http:\/\/www.planete-tp.com\/<\/li>\n<li style=\"font-weight: 400\"><span style=\"font-weight: 400\">http:\/\/www.aquitec.com\/<\/span><\/li>\n<li style=\"font-weight: 400\"><a href=\"http:\/\/www.youscribe.com\/catalogue\/tous\/autres\/construire-sa-maison-les-etapes-du-chantier-2684591\"><span style=\"font-weight: 400\">http:\/\/www.youscribe.com\/catalogue\/tous\/autres\/construire-sa-maison-les-etapes-du-chantier-2684591<\/span><\/a><\/li>\n<\/ul>\n<\/td>\n<\/tr>\n<tr>\n<td style=\"text-align: left\"><strong>Pistes d\u2019activit\u00e9s<\/strong><\/td>\n<td style=\"text-align: left\"><span style=\"font-weight: 400\">Demander aux \u00e9l\u00e8ves de :\u00a0<\/span><\/p>\n<ul>\n<li style=\"font-weight: 400\"><span style=\"font-weight: 400\">Repr\u00e9senter ses id\u00e9es \u00e0 l\u2019aide de croquis, sch\u00e9mas, plans, repr\u00e9sentations num\u00e9riques<\/span><\/li>\n<\/ul>\n<\/td>\n<\/tr>\n<tr>\n<td style=\"text-align: left\"><strong>Exemples d\u2019objets<\/strong> <strong>supports<\/strong><\/td>\n<td style=\"text-align: left\">\n<ul>\n<li style=\"font-weight: 400\"><span style=\"font-weight: 400\">Tous les m\u00e9dias relatant de la construction d\u2019un ouvrage et accompagn\u00e9s du cahier des charges ou d\u00e9marche de projet<\/span><\/li>\n<li style=\"font-weight: 400\"><span style=\"font-weight: 400\">Robot avec pistes et maquettes pour simuler le d\u00e9placement d\u2019une voiture dans un lotissement.<\/span><\/li>\n<li style=\"font-weight: 400\">Maquette en lamell\u00e9 coll\u00e9 d&#8217;un tennis couvert (charpente)<\/li>\n<\/ul>\n<\/td>\n<\/tr>\n<\/tbody>\n<\/table>\n<h3><span style=\"color: #000000\"><span style=\"text-decoration: underline\">Exemple d&#8217;exploitation p\u00e9dagogique &#8211; 4\u00e8me<\/span><\/span><\/h3>\n<table style=\"width: 100%\" border=\"0\" cellspacing=\"1\" cellpadding=\"1\">\n<tbody>\n<tr>\n<td style=\"text-align: left\"><strong>Pistes de situations d\u00e9clenchantes<\/strong><\/td>\n<td style=\"text-align: justify\">\n<ul>\n<li style=\"font-weight: 400\"><span style=\"font-weight: 400\">R\u00e9am\u00e9nager un jardin (gazon, massifs&#8230;) qui a &#8220;grill\u00e9&#8221; sous l&#8217;effet de la chaleur de l&#8217;\u00e9t\u00e9<\/span><\/li>\n<li style=\"font-weight: 400\"><span style=\"font-weight: 400\">T\u00e9moignage d&#8217;une personne qui met beaucoup de temps pour arroser son jardin<\/span><\/li>\n<li style=\"font-weight: 400\"><span style=\"font-weight: 400\">Probl\u00e9matique sur s\u00e9curiser un espace<\/span><\/li>\n<\/ul>\n<\/td>\n<\/tr>\n<tr>\n<td style=\"text-align: left\"><strong>Pistes probl\u00e8mes<\/strong> <strong>technologiques<\/strong><\/td>\n<td style=\"text-align: left\">\n<ul>\n<li style=\"font-weight: 400\"><span style=\"font-weight: 400\">Sch\u00e9ma d\u2019implantation d\u2019un syst\u00e8me d\u2019arrosage automatique ou projet de mise en place avec liste des mat\u00e9riels \u00e0 implanter<\/span><\/li>\n<li style=\"font-weight: 400\"><span style=\"font-weight: 400\">Sch\u00e9ma d\u2019implantation d\u2019un syst\u00e8me d\u2019alarme (myxytybox).<\/span><\/li>\n<li style=\"font-weight: 400\">Sch\u00e9ma d\u2019implantation d\u2019un portail automatique.<\/li>\n<\/ul>\n<\/td>\n<\/tr>\n<tr>\n<td style=\"text-align: left\"><strong>Ressources Outils \u00e0 exploiter<\/strong><\/td>\n<td style=\"text-align: left\">\n<ul>\n<li style=\"font-weight: 400\">http:\/\/www.leroymerlin.fr\/v3\/p\/tous-les-contenus\/comment-installer-un-systeme-d-arrosage-enterre-l1400086035<\/li>\n<li style=\"font-weight: 400\">http:\/\/www.rainbird.fr\/comment-installer-un-systeme-darrosage-automatique<\/li>\n<li style=\"font-weight: 400\">http:\/\/potagerdurable.com\/realisation-systeme-irrigation-potager<\/li>\n<li style=\"font-weight: 400\">http:\/\/www.castorama.fr\/store\/doc\/Poser-une-alarme-sans-fil-en-video-1600024.html<\/li>\n<li style=\"font-weight: 400\">https:\/\/www.youtube.com\/watch?v=4eeneiFnj24http:\/\/www.domotique-info.fr\/2014\/06\/installation-automatisme-portail\/<\/li>\n<li style=\"font-weight: 400\">http:\/\/protectvol.online.fr\/synthese.html<\/li>\n<\/ul>\n<\/td>\n<\/tr>\n<tr>\n<td style=\"text-align: left\"><strong>Pistes d\u2019activit\u00e9s<\/strong><\/td>\n<td style=\"text-align: left\"><span style=\"font-weight: 400\">Demander aux \u00e9l\u00e8ves de :<\/span><\/p>\n<ul>\n<li style=\"font-weight: 400\"><span style=\"font-weight: 400\">Proc\u00e9dure d\u2019une installation d\u2019un syst\u00e8me automatis\u00e9 dans lieux diff\u00e9rents<\/span><\/li>\n<\/ul>\n<\/td>\n<\/tr>\n<tr>\n<td style=\"text-align: left\"><strong>Exemples d\u2019objets<\/strong> <strong>supports<\/strong><\/td>\n<td style=\"text-align: left\">\n<ul>\n<li style=\"font-weight: 400\"><span style=\"font-weight: 400\">Maquette num\u00e9rique ou r\u00e9el d\u2019un lieu pour installer un syst\u00e8me automatis\u00e9. <\/span><\/li>\n<\/ul>\n<\/td>\n<\/tr>\n<\/tbody>\n<\/table>\n<h3><span style=\"color: #000000\"><span style=\"text-decoration: underline\">Exemple d&#8217;exploitation p\u00e9dagogique &#8211; 3\u00e8me<\/span><\/span><\/h3>\n<table style=\"width: 100%\" border=\"0\" cellspacing=\"1\" cellpadding=\"1\">\n<tbody>\n<tr>\n<td style=\"text-align: left\"><strong>Pistes de situations d\u00e9clenchantes<\/strong><\/td>\n<td style=\"text-align: justify\">\n<ul>\n<li style=\"font-weight: 400\"><span style=\"font-weight: 400\"><span style=\"font-weight: 400\">\u00a0<\/span><\/span>Relever un des d\u00e9fis suivants\u00a0:<\/li>\n<li style=\"font-weight: 400\"><span style=\"font-weight: 400\">(<\/span><span style=\"font-weight: 400\">participer au <\/span><span style=\"font-weight: 400\">c<\/span><span style=\"font-weight: 400\">)C<\/span><span style=\"font-weight: 400\">oncours<\/span><span style=\"font-weight: 400\"> course en cours<\/span><\/li>\n<li style=\"font-weight: 400\"><span style=\"font-weight: 400\">Drone<\/span><\/li>\n<li style=\"font-weight: 400\">concours Robotique coll\u00e8ge<\/li>\n<\/ul>\n<\/td>\n<\/tr>\n<tr>\n<td style=\"text-align: left\"><strong>Pistes probl\u00e8mes<\/strong> <strong>technologiques<\/strong><\/td>\n<td style=\"text-align: left\">\n<ul>\n<li style=\"font-weight: 400\"><span style=\"font-weight: 400\">Analyse des cahiers des charges des concours<\/span><\/li>\n<li style=\"font-weight: 400\"><span style=\"font-weight: 400\">Conception du cahier des charges de la voiture pour course en cours, du drone, du robot en lien avec le projet retenue.<\/span><\/li>\n<li style=\"font-weight: 400\"><span style=\"font-weight: 400\">R\u00e9alisation du ou des parties du syst\u00e8me technique \u00e9tudi\u00e9,<\/span><\/li>\n<li style=\"font-weight: 400\">Communication<\/li>\n<\/ul>\n<\/td>\n<\/tr>\n<tr>\n<td style=\"text-align: left\"><strong>Ressources Outils \u00e0 exploiter<\/strong><\/td>\n<td style=\"text-align: left\">\n<ul>\n<li style=\"font-weight: 400\"><a href=\"http:\/\/www.course-en-cours.com\"><span style=\"font-weight: 400\">www.<\/span><b>course-en-cours<\/b><span style=\"font-weight: 400\">.com<\/span><\/a><span style=\"font-weight: 400\"> : <\/span><a href=\"http:\/\/www.course-en-cours.com\"><span style=\"font-weight: 400\">http:\/\/www.course-en-cours.com\/<\/span><\/a><\/li>\n<li style=\"font-weight: 400\"><span style=\"font-weight: 400\">Site de l\u2019acad\u00e9mie sur les drones <\/span><\/li>\n<li style=\"font-weight: 400\"><span style=\"font-weight: 400\">Robot EV3 et moway et leurs sites associ\u00e9s<\/span><\/li>\n<li style=\"font-weight: 400\"><span style=\"font-weight: 400\">http:\/\/robotekzone.free.fr\/<\/span><\/li>\n<\/ul>\n<\/td>\n<\/tr>\n<tr>\n<td style=\"text-align: left\"><strong>Pistes d\u2019activit\u00e9s<\/strong><\/td>\n<td style=\"text-align: left\">\n<ul>\n<li style=\"font-weight: 400\"><span style=\"font-weight: 400\">(<\/span><span style=\"font-weight: 400\">R\u00e9aliser l&#8217;analyse fonctionnelle d&#8217;objets techniques<\/span><span style=\"font-weight: 400\">)<\/span><\/li>\n<li style=\"font-weight: 400\"><span style=\"font-weight: 400\">Protocole de test de fonctionnement du robot ou capteur<\/span><\/li>\n<li style=\"font-weight: 400\"><span style=\"font-weight: 400\">Check-list du fonctionnement du drone<\/span><\/li>\n<\/ul>\n<\/td>\n<\/tr>\n<tr>\n<td style=\"text-align: left\"><strong>Exemples d\u2019objets<\/strong><\/td>\n<td style=\"text-align: left\">\n<ul>\n<li style=\"font-weight: 400\"><span style=\"font-weight: 400\">Robot avec pistes et maquettes pour simuler le d\u00e9placement d\u2019une voiture dans un lotissement.<\/span><span style=\"font-weight: 400\">&#8230;<\/span><\/li>\n<li style=\"font-weight: 400\"><span style=\"font-weight: 400\">maquette des \u00e9preuves<\/span><\/li>\n<\/ul>\n<\/td>\n<\/tr>\n<\/tbody>\n<\/table>\n<h3><\/h3>\n<hr \/>\n<h3><span style=\"text-decoration: underline;color: #000000\">Pour aller plus loin<\/span><\/h3>\n<ul>\n<li>&#8230;<\/li>\n<\/ul>\n<hr \/>\n<p><span style=\"color: #ff0000\">NB : Ces propositions sont mises \u00e0 disposition pour aider chacun dans sa r\u00e9flexion mais elles n&#8217;ont pas pu \u00eatre\u00a0finalis\u00e9es par manque de temps.\u00a0Ces fiches\u00a0seront donc am\u00e9lior\u00e9es au cours du d\u00e9but d&#8217;ann\u00e9e.<\/span><\/p>\n","protected":false},"excerpt":{"rendered":"<p>R\u00e9f\u00e9rence au texte officiel THEME : LA MODELISATION ET LA SIMULATION DES OBJETS ET SYSTEMES TECHNIQUES Connaissances et comp\u00e9tences associ\u00e9es<\/p>\n","protected":false},"author":210,"featured_media":0,"parent":0,"menu_order":0,"comment_status":"closed","ping_status":"closed","template":"","meta":{"footnotes":""},"class_list":["post-2236","page","type-page","status-publish","hentry"],"_links":{"self":[{"href":"https:\/\/ent2d.ac-bordeaux.fr\/disciplines\/sti-college\/wp-json\/wp\/v2\/pages\/2236","targetHints":{"allow":["GET"]}}],"collection":[{"href":"https:\/\/ent2d.ac-bordeaux.fr\/disciplines\/sti-college\/wp-json\/wp\/v2\/pages"}],"about":[{"href":"https:\/\/ent2d.ac-bordeaux.fr\/disciplines\/sti-college\/wp-json\/wp\/v2\/types\/page"}],"author":[{"embeddable":true,"href":"https:\/\/ent2d.ac-bordeaux.fr\/disciplines\/sti-college\/wp-json\/wp\/v2\/users\/210"}],"replies":[{"embeddable":true,"href":"https:\/\/ent2d.ac-bordeaux.fr\/disciplines\/sti-college\/wp-json\/wp\/v2\/comments?post=2236"}],"version-history":[{"count":1,"href":"https:\/\/ent2d.ac-bordeaux.fr\/disciplines\/sti-college\/wp-json\/wp\/v2\/pages\/2236\/revisions"}],"predecessor-version":[{"id":8414,"href":"https:\/\/ent2d.ac-bordeaux.fr\/disciplines\/sti-college\/wp-json\/wp\/v2\/pages\/2236\/revisions\/8414"}],"wp:attachment":[{"href":"https:\/\/ent2d.ac-bordeaux.fr\/disciplines\/sti-college\/wp-json\/wp\/v2\/media?parent=2236"}],"curies":[{"name":"wp","href":"https:\/\/api.w.org\/{rel}","templated":true}]}}