{"id":2150,"date":"2016-07-11T09:00:32","date_gmt":"2016-07-11T08:00:32","guid":{"rendered":"http:\/\/blogacabdx.ac-bordeaux.fr\/ressii\/?page_id=2150"},"modified":"2019-04-06T10:13:34","modified_gmt":"2019-04-06T08:13:34","slug":"ip-2-3-fe4-systemes-embarques","status":"publish","type":"page","link":"https:\/\/ent2d.ac-bordeaux.fr\/disciplines\/sti-college\/ip-2-3-fe4-systemes-embarques\/","title":{"rendered":"IP-2-3-FE4 &#8211; Syst\u00e8mes embarqu\u00e9s"},"content":{"rendered":"<hr \/>\n<h2><\/h2>\n<h3><span style=\"text-decoration: underline;color: #000000\">R\u00e9f\u00e9rence au texte officiel<\/span><\/h3>\n<h2 style=\"text-align: center\"><strong>THEME : L&#8217;INFORMATIQUE ET LA PROGRAMMATION<\/strong><\/h2>\n<table style=\"width: 100%\" cellspacing=\"1\" cellpadding=\"1\">\n<tbody>\n<tr>\n<td><\/td>\n<td><\/td>\n<\/tr>\n<tr>\n<td><strong>Connaissances et comp\u00e9tences associ\u00e9es<\/strong><\/td>\n<td><strong>Exemples de situations, d\u2019activit\u00e9s et de ressources pour l\u2019\u00e9l\u00e8ve<\/strong><\/td>\n<\/tr>\n<tr>\n<td colspan=\"2\"><strong>Exprimer sa pens\u00e9e \u00e0 l\u2019aide d\u2019outils de description adapt\u00e9s<\/strong><\/td>\n<\/tr>\n<tr>\n<td style=\"width: 50%;text-align: left\">\n<p style=\"text-align: left\"><strong>\u00c9crire un programme dans lequel des actions\u00a0sont d\u00e9clench\u00e9es par des \u00e9v\u00e9nements ext\u00e9rieurs.<br \/>\nIP-2-3-FE1\u00a0\u00bb Notions d\u2019algorithme et de programme.<br \/>\nIP-2-3-FE2\u00a0\u00bb Notion de variable informatique.<br \/>\nIP-2-3-FE3\u00a0\u00bb D\u00e9clenchement d\u2019une action par un\u00a0\u00e9v\u00e8nement, s\u00e9quences d\u2019instructions, boucles,\u00a0instructions conditionnelles.<br \/>\nIP-2-3-FE4\u00a0\u00bb Syst\u00e8mes embarqu\u00e9s.<br \/>\nIP-2-3-FE5\u00a0\u00bb Forme et transmission du signal.<br \/>\nIP-2-3-FE6\u00a0\u00bb Capteur, actionneur, interface.<\/strong><\/p>\n<\/td>\n<td style=\"text-align: justify\">Concevoir, param\u00e9trer, programmer des\u00a0applications informatiques pour des appareils<br \/>\nnomades.<br \/>\nObserver et d\u00e9crire le comportement d\u2019un\u00a0robot ou d\u2019un syst\u00e8me embarqu\u00e9. En d\u00e9crire les\u00a0\u00e9l\u00e9ments de sa programmation.<br \/>\nAgencer un robot (capteurs, actionneurs)\u00a0pour r\u00e9pondre \u00e0 une activit\u00e9 et un programme<br \/>\ndonn\u00e9s.<br \/>\n\u00c9crire, \u00e0 partir d\u2019un cahier des charges de\u00a0fonctionnement, un programme afin de\u00a0commander un syst\u00e8me ou un syst\u00e8me\u00a0programmable de la vie courante, identifier les\u00a0variables d\u2019entr\u00e9e et de sortie.<br \/>\nModifier un programme existant dans un\u00a0syst\u00e8me technique, afin d\u2019am\u00e9liorer son\u00a0comportement, ses performances pour mieux\u00a0r\u00e9pondre \u00e0 une probl\u00e9matique donn\u00e9e.<br \/>\nLes moyens utilis\u00e9s sont des syst\u00e8mes pluritechnologiques\u00a0r\u00e9els didactis\u00e9s ou non, dont la\u00a0programmation est pilot\u00e9e par ordinateur ou une\u00a0tablette num\u00e9rique. Ils peuvent \u00eatre compl\u00e9t\u00e9s<br \/>\npar l\u2019usage de mod\u00e9lisation num\u00e9rique\u00a0permettant des simulations et des modifications\u00a0du comportement.<\/td>\n<\/tr>\n<\/tbody>\n<\/table>\n<hr \/>\n<h3><span style=\"text-decoration: underline\"><span style=\"color: #000000;text-decoration: underline\">Exemple de structuration de connaissances<\/span><\/span><\/h3>\n<p style=\"text-align: right\"><a href=\"https:\/\/ent2d.ac-bordeaux.fr\/disciplines\/sti-college\/wp-content\/uploads\/sites\/63\/2016\/09\/IP-2-3-FE4-Syst\u00e8mes-embarques.jpg\"><img loading=\"lazy\" decoding=\"async\" class=\"alignnone wp-image-3359 size-full\" src=\"https:\/\/ent2d.ac-bordeaux.fr\/disciplines\/sti-college\/wp-content\/uploads\/sites\/63\/2016\/09\/IP-2-3-FE4-Syst\u00e8mes-embarques.jpg\" width=\"1389\" height=\"780\" srcset=\"https:\/\/ent2d.ac-bordeaux.fr\/disciplines\/sti-college\/wp-content\/uploads\/sites\/63\/2016\/09\/IP-2-3-FE4-Syst\u00e8mes-embarques.jpg 1389w, https:\/\/ent2d.ac-bordeaux.fr\/disciplines\/sti-college\/wp-content\/uploads\/sites\/63\/2016\/09\/IP-2-3-FE4-Syst\u00e8mes-embarques-300x168.jpg 300w, https:\/\/ent2d.ac-bordeaux.fr\/disciplines\/sti-college\/wp-content\/uploads\/sites\/63\/2016\/09\/IP-2-3-FE4-Syst\u00e8mes-embarques-768x431.jpg 768w, https:\/\/ent2d.ac-bordeaux.fr\/disciplines\/sti-college\/wp-content\/uploads\/sites\/63\/2016\/09\/IP-2-3-FE4-Syst\u00e8mes-embarques-1024x575.jpg 1024w\" sizes=\"auto, (max-width: 1389px) 100vw, 1389px\" \/><\/a><a class=\"cboxElement\" href=\"https:\/\/ent2d.ac-bordeaux.fr\/disciplines\/sti-college\/wp-content\/uploads\/sites\/63\/2016\/09\/IP-2-3-FE3b-Declenchement-dune-action.jpg\" rel=\"lightbox-3\"><em>Modifi\u00e9e 19\/09\/2016<\/em><\/a><\/p>\n<table border=\"0\" cellspacing=\"1\" cellpadding=\"1\">\n<tbody>\n<tr>\n<td><a href=\"https:\/\/ent2d.ac-bordeaux.fr\/disciplines\/sti\/wp-content\/uploads\/sites\/41\/2016\/09\/IP-2-3-FE4-Syst%C3%A8mes-embarques.jpg\" target=\"_blank\" rel=\"noopener noreferrer\"><img loading=\"lazy\" decoding=\"async\" class=\"alignnone wp-image-1491\" src=\"https:\/\/ent2d.ac-bordeaux.fr\/disciplines\/sti-college\/wp-content\/uploads\/sites\/63\/2016\/06\/jpg.png\" alt=\"\" width=\"51\" height=\"51\" srcset=\"https:\/\/ent2d.ac-bordeaux.fr\/disciplines\/sti-college\/wp-content\/uploads\/sites\/63\/2016\/06\/jpg.png 256w, https:\/\/ent2d.ac-bordeaux.fr\/disciplines\/sti-college\/wp-content\/uploads\/sites\/63\/2016\/06\/jpg-150x150.png 150w\" sizes=\"auto, (max-width: 51px) 100vw, 51px\" \/><\/a><br \/>\n<a href=\"https:\/\/ent2d.ac-bordeaux.fr\/disciplines\/sti\/wp-content\/uploads\/sites\/41\/2016\/09\/IP-2-3-FE4-Syst%C3%A8mes-embarques.jpg\" target=\"_blank\" rel=\"noopener noreferrer\"><u><span style=\"color: #0066cc\">Fiche \u00e9l\u00e8ve format\u00a0image<\/span><\/u><\/a><\/td>\n<td><u><span style=\"color: #0066cc\"><img loading=\"lazy\" decoding=\"async\" class=\"alignnone wp-image-38\" src=\"https:\/\/ent2d.ac-bordeaux.fr\/disciplines\/sti-college\/wp-content\/uploads\/sites\/63\/2015\/03\/logoVideo2.jpg\" alt=\"logoVideo2\" width=\"50\" height=\"51\" \/><br \/>\n<\/span><\/u> Format vid\u00e9o Mp4<\/td>\n<td><img loading=\"lazy\" decoding=\"async\" class=\"alignnone wp-image-296\" src=\"https:\/\/ent2d.ac-bordeaux.fr\/disciplines\/sti-college\/wp-content\/uploads\/sites\/63\/2015\/03\/logoWebM2.jpg\" alt=\"logoWebM2\" width=\"50\" height=\"51\" \/><br \/>\nFormat vid\u00e9o Web-M<\/td>\n<td><img loading=\"lazy\" decoding=\"async\" class=\"alignnone wp-image-34\" src=\"https:\/\/ent2d.ac-bordeaux.fr\/disciplines\/sti-college\/wp-content\/uploads\/sites\/63\/2015\/03\/logoPdf2.jpg\" alt=\"logoPdf2\" width=\"50\" height=\"51\" \/><br \/>\nFiche professeur PDF<\/td>\n<\/tr>\n<\/tbody>\n<\/table>\n<hr \/>\n<h3><span style=\"color: #000000\"><span style=\"text-decoration: underline\">Exemple d&#8217;exploitation p\u00e9dagogique &#8211; 5\u00e8me<\/span><\/span><\/h3>\n<table style=\"width: 100%\" border=\"0\" cellspacing=\"1\" cellpadding=\"1\">\n<tbody>\n<tr>\n<td style=\"text-align: left\"><strong>Pistes de situations d\u00e9clenchantes<\/strong><\/td>\n<td style=\"text-align: justify\">\n<ul>\n<li style=\"font-weight: 400\"><span style=\"font-weight: 400\">Pourquoi des drones arrivent \u00e0 se stabiliser de mani\u00e8re autonomes ?<\/span><\/li>\n<li style=\"font-weight: 400\"><span style=\"font-weight: 400\">Comment fonctionne une voiture sans conducteur ?<\/span><\/li>\n<\/ul>\n<\/td>\n<\/tr>\n<tr>\n<td style=\"text-align: left\"><strong>Pistes probl\u00e8mes<\/strong> <strong>technologiques<\/strong><\/td>\n<td style=\"text-align: left\">\n<ul>\n<li style=\"font-weight: 400\">\n<ul>\n<li style=\"font-weight: 400\"><span style=\"font-weight: 400\">Comment charger un programme dans un syst\u00e8me embarqu\u00e9 ?<\/span><\/li>\n<li style=\"font-weight: 400\"><span style=\"font-weight: 400\">Comment communiquer avec un objet connect\u00e9 ?<\/span><\/li>\n<\/ul>\n<\/li>\n<\/ul>\n<\/td>\n<\/tr>\n<tr>\n<td style=\"text-align: left\"><strong>Ressources Outils \u00e0 exploiter<\/strong><\/td>\n<td style=\"text-align: left\">\n<ul>\n<li style=\"font-weight: 400\"><span style=\"font-weight: 400\">Scratch \/ logicator \/ Moway world application nomades pour commander les objets connect\u00e9s (sur tablette, t\u00e9l\u00e9phone\u2026)<\/span><\/li>\n<\/ul>\n<\/td>\n<\/tr>\n<tr>\n<td style=\"text-align: left\"><strong>Pistes d\u2019activit\u00e9s<\/strong><\/td>\n<td style=\"text-align: left\"><span style=\"font-weight: 400\">Demander aux \u00e9l\u00e8ves de :\u00a0<\/span><\/p>\n<ul>\n<li style=\"font-weight: 400\"><span style=\"font-weight: 400\">Programmer un robot symbolisant le trajet d\u2019un robot aspirateur (sans variables incr\u00e9ment\u00e9s pour calculer la surface trait\u00e9e.)<\/span><\/li>\n<li style=\"font-weight: 400\"><span style=\"font-weight: 400\">Toutes les activit\u00e9s de programmations de robots.<\/span><\/li>\n<\/ul>\n<\/td>\n<\/tr>\n<tr>\n<td style=\"text-align: left\"><strong>Exemples d\u2019objets<\/strong> <strong>supports<\/strong><\/td>\n<td style=\"text-align: left\">\n<ul>\n<li style=\"font-weight: 400\"><span style=\"font-weight: 400\">Drones, robots, robots aspirateurs&#8230;<\/span><\/li>\n<\/ul>\n<\/td>\n<\/tr>\n<\/tbody>\n<\/table>\n<h3><span style=\"color: #000000\"><span style=\"text-decoration: underline\">Exemple d&#8217;exploitation p\u00e9dagogique &#8211; 4\u00e8me<\/span><\/span><\/h3>\n<table style=\"width: 100%\" border=\"0\" cellspacing=\"1\" cellpadding=\"1\">\n<tbody>\n<tr>\n<td style=\"text-align: left\"><strong>Pistes de situations d\u00e9clenchantes<\/strong><\/td>\n<td style=\"text-align: justify\">\n<ul>\n<li style=\"font-weight: 400\"><span style=\"font-weight: 400\">Pourquoi des drones arrivent \u00e0 se stabiliser de mani\u00e8re autonomes ?<\/span><\/li>\n<li style=\"font-weight: 400\"><span style=\"font-weight: 400\">Comment fonctionne une voiture sans conducteur en \u00e9tant capable d\u2019\u00e9viter les accidents et suivre une route ?<\/span><\/li>\n<\/ul>\n<\/td>\n<\/tr>\n<tr>\n<td style=\"text-align: left\"><strong>Pistes probl\u00e8mes<\/strong> <strong>technologiques<\/strong><\/td>\n<td style=\"text-align: left\">\n<ul>\n<li style=\"font-weight: 400\"><span style=\"font-weight: 400\">Comment communiquer avec un objet connect\u00e9 ?<\/span><\/li>\n<\/ul>\n<ul>\n<li style=\"font-weight: 400\"><span style=\"font-weight: 400\">Comment rendre autonome en \u00e9nergie un objets connect\u00e9 ?<\/span><\/li>\n<\/ul>\n<\/td>\n<\/tr>\n<tr>\n<td style=\"text-align: left\"><strong>Ressources Outils \u00e0 exploiter<\/strong><\/td>\n<td style=\"text-align: left\">\n<ul>\n<li style=\"font-weight: 400\"><span style=\"font-weight: 400\">Scratch \/ logicator \/ Moway world application nomades pour commander les objets connect\u00e9s (sur tablette, t\u00e9l\u00e9phone\u2026)<\/span><\/li>\n<\/ul>\n<\/td>\n<\/tr>\n<tr>\n<td style=\"text-align: left\"><strong>Pistes d\u2019activit\u00e9s<\/strong><\/td>\n<td style=\"text-align: left\"><span style=\"font-weight: 400\">Demander aux \u00e9l\u00e8ves de :<\/span><\/p>\n<ul>\n<li style=\"font-weight: 400\"><span style=\"font-weight: 400\">Toutes les activit\u00e9s de programmations de robots.<\/span><\/li>\n<li style=\"font-weight: 400\"><span style=\"font-weight: 400\">Cr\u00e9ation d&#8217;applications sous android pour smartphone et tablette dans le but de commander les objets connect\u00e9s.<\/span><\/li>\n<\/ul>\n<\/td>\n<\/tr>\n<tr>\n<td style=\"text-align: left\"><strong>Exemples d\u2019objets<\/strong> <strong>supports<\/strong><\/td>\n<td style=\"text-align: left\">\n<ul>\n<li style=\"font-weight: 400\"><span style=\"font-weight: 400\">Drones, robots, robots aspirateurs&#8230;<\/span><\/li>\n<\/ul>\n<\/td>\n<\/tr>\n<\/tbody>\n<\/table>\n<h3><span style=\"color: #000000\"><span style=\"text-decoration: underline\">Exemple d&#8217;exploitation p\u00e9dagogique &#8211; 3\u00e8me<\/span><\/span><\/h3>\n<table style=\"width: 100%\" border=\"0\" cellspacing=\"1\" cellpadding=\"1\">\n<tbody>\n<tr>\n<td style=\"text-align: left\"><strong>Pistes de situations d\u00e9clenchantes<\/strong><\/td>\n<td style=\"text-align: justify\">\n<ul>\n<li style=\"font-weight: 400\"><span style=\"font-weight: 400\">Pourquoi des drones arrivent \u00e0 se stabiliser de mani\u00e8re autonomes ?<\/span><\/li>\n<li style=\"font-weight: 400\"><span style=\"font-weight: 400\">Comment un drone peut-il retourner \u00e0 son point de d\u00e9part (ou r\u00e9aliser un parcours) sans pilote ?<\/span><\/li>\n<li style=\"font-weight: 400\"><span style=\"font-weight: 400\">Comment fonctionne une voiture sans conducteur en \u00e9tant capable d\u2019\u00e9viter les accidents et suivre une route ?<\/span><\/li>\n<li style=\"font-weight: 400\"><span style=\"font-weight: 400\">Comment un robot aspirateur adapte sont trajet aux obstacles qu\u2019il rencontre ?<\/span><\/li>\n<\/ul>\n<\/td>\n<\/tr>\n<tr>\n<td style=\"text-align: left\"><strong>Pistes probl\u00e8mes<\/strong> <strong>technologiques<\/strong><\/td>\n<td style=\"text-align: left\">\n<ul>\n<li style=\"font-weight: 400\"><span style=\"font-weight: 400\">Comment un syst\u00e8me embarqu\u00e9 peut-il modifier sont programme sans l\u2019intervention de l\u2019homme ?<\/span><\/li>\n<li style=\"font-weight: 400\"><span style=\"font-weight: 400\">Comment param\u00e9trer un parcours GPS ?<\/span><\/li>\n<li style=\"font-weight: 400\"><span style=\"font-weight: 400\">Comment programmer un robot pour qu\u2019il r\u00e9alise un parcours en couvrant une surface pr\u00e9cise ?<\/span><\/li>\n<\/ul>\n<\/td>\n<\/tr>\n<tr>\n<td style=\"text-align: left\"><strong>Ressources Outils \u00e0 exploiter<\/strong><\/td>\n<td style=\"text-align: left\">\n<ul>\n<li style=\"font-weight: 400\"><span style=\"font-weight: 400\">Scratch \/ logicator \/ Moway world application nomades pour commander les objets connect\u00e9s (sur tablette, t\u00e9l\u00e9phone\u2026)<\/span><\/li>\n<\/ul>\n<\/td>\n<\/tr>\n<tr>\n<td style=\"text-align: left\"><strong>Pistes d\u2019activit\u00e9s<\/strong><\/td>\n<td style=\"text-align: left\">\n<ul>\n<li style=\"font-weight: 400\"><span style=\"font-weight: 400\">Piloter un drone et le programmer pour qu\u2019il r\u00e9alise un parcours \u00e9tablis par GPS.<\/span><\/li>\n<li style=\"font-weight: 400\"><span style=\"font-weight: 400\">Programmer un robot pour qu\u2019il r\u00e9alise un parcours en couvrant une surface pr\u00e9cise (avec variables incr\u00e9ment\u00e9s pour calculer la surface trait\u00e9e). <\/span><\/li>\n<li style=\"font-weight: 400\"><span style=\"font-weight: 400\">Cr\u00e9ation d&#8217;applications sous android pour smartphone et tablette dans le but de commander les objets connect\u00e9s.<\/span><\/li>\n<\/ul>\n<\/td>\n<\/tr>\n<tr>\n<td style=\"text-align: left\"><strong>Exemples d\u2019objets<\/strong><\/td>\n<td style=\"text-align: left\">\n<ul>\n<li style=\"font-weight: 400\"><span style=\"font-weight: 400\">Drones, robots, robots aspirateurs&#8230;<\/span><\/li>\n<\/ul>\n<\/td>\n<\/tr>\n<\/tbody>\n<\/table>\n<h3><\/h3>\n<hr \/>\n<h3><span style=\"text-decoration: underline;color: #000000\">Pour aller plus loin<\/span><\/h3>\n<ul>\n<li>http:\/\/www.futura-sciences.com\/magazines\/high-tech\/infos\/dico\/d\/technologie-systeme-embarque-15282\/<\/li>\n<li>https:\/\/fr.wikipedia.org\/wiki\/Syst\u00e8me_embarqu\u00e9<\/li>\n<\/ul>\n<hr \/>\n<p><span style=\"color: #ff0000\">NB : Ces propositions sont mises \u00e0 disposition pour aider chacun dans sa r\u00e9flexion mais elles n&#8217;ont pas pu \u00eatre\u00a0finalis\u00e9es par manque de temps.\u00a0Ces fiches\u00a0seront donc am\u00e9lior\u00e9es au cours du d\u00e9but d&#8217;ann\u00e9e.<\/span><\/p>\n","protected":false},"excerpt":{"rendered":"<p>R\u00e9f\u00e9rence au texte officiel THEME : L&#8217;INFORMATIQUE ET LA PROGRAMMATION Connaissances et comp\u00e9tences associ\u00e9es Exemples de situations, d\u2019activit\u00e9s et de<\/p>\n","protected":false},"author":210,"featured_media":0,"parent":0,"menu_order":0,"comment_status":"closed","ping_status":"closed","template":"","meta":{"footnotes":""},"class_list":["post-2150","page","type-page","status-publish","hentry"],"_links":{"self":[{"href":"https:\/\/ent2d.ac-bordeaux.fr\/disciplines\/sti-college\/wp-json\/wp\/v2\/pages\/2150","targetHints":{"allow":["GET"]}}],"collection":[{"href":"https:\/\/ent2d.ac-bordeaux.fr\/disciplines\/sti-college\/wp-json\/wp\/v2\/pages"}],"about":[{"href":"https:\/\/ent2d.ac-bordeaux.fr\/disciplines\/sti-college\/wp-json\/wp\/v2\/types\/page"}],"author":[{"embeddable":true,"href":"https:\/\/ent2d.ac-bordeaux.fr\/disciplines\/sti-college\/wp-json\/wp\/v2\/users\/210"}],"replies":[{"embeddable":true,"href":"https:\/\/ent2d.ac-bordeaux.fr\/disciplines\/sti-college\/wp-json\/wp\/v2\/comments?post=2150"}],"version-history":[{"count":1,"href":"https:\/\/ent2d.ac-bordeaux.fr\/disciplines\/sti-college\/wp-json\/wp\/v2\/pages\/2150\/revisions"}],"predecessor-version":[{"id":8440,"href":"https:\/\/ent2d.ac-bordeaux.fr\/disciplines\/sti-college\/wp-json\/wp\/v2\/pages\/2150\/revisions\/8440"}],"wp:attachment":[{"href":"https:\/\/ent2d.ac-bordeaux.fr\/disciplines\/sti-college\/wp-json\/wp\/v2\/media?parent=2150"}],"curies":[{"name":"wp","href":"https:\/\/api.w.org\/{rel}","templated":true}]}}