{"id":2091,"date":"2016-07-08T14:59:40","date_gmt":"2016-07-08T13:59:40","guid":{"rendered":"http:\/\/blogacabdx.ac-bordeaux.fr\/ressii\/?page_id=2091"},"modified":"2019-04-06T10:03:05","modified_gmt":"2019-04-06T08:03:05","slug":"otscis-2-1-fe2-di%c2%81fferents-schemas","status":"publish","type":"page","link":"https:\/\/ent2d.ac-bordeaux.fr\/disciplines\/sti-college\/otscis-2-1-fe2-di%c2%81fferents-schemas\/","title":{"rendered":"OTSCIS-2-1-FE2 &#8211; Diff\u00e9rents sch\u00e9mas"},"content":{"rendered":"<hr \/>\n<h2><\/h2>\n<h3><span style=\"text-decoration: underline;color: #000000\">R\u00e9f\u00e9rence au texte officiel<\/span><\/h3>\n<h2 style=\"text-align: center\"><strong>THEME : LES OBJETS TECHNIQUES, LES SERVICES ET LES CHANGEMENTS INDUITS DANS LA SOCIETE<\/strong><\/h2>\n<table style=\"width: 100%\" cellspacing=\"1\" cellpadding=\"1\">\n<tbody>\n<tr>\n<td><\/td>\n<td><\/td>\n<\/tr>\n<tr>\n<td><strong>Connaissances et comp\u00e9tences associ\u00e9es<\/strong><\/td>\n<td><strong>Exemples de situations, d\u2019activit\u00e9s et de ressources pour l\u2019\u00e9l\u00e8ve<\/strong><\/td>\n<\/tr>\n<tr>\n<td colspan=\"2\"><strong>Exprimer sa pens\u00e9e \u00e0 l\u2019aide d\u2019outils de description adapt\u00e9s<\/strong><\/td>\n<\/tr>\n<tr>\n<td style=\"width: 50%;text-align: left\">\n<p style=\"text-align: left\"><strong>Exprimer sa pens\u00e9e \u00e0 l\u2019aide d\u2019outils de<\/strong><br \/>\n<strong> description adapt\u00e9s : croquis, sch\u00e9mas, graphes,\u00a0diagrammes, tableaux.<br \/>\nOTSCIS-2-1-FE1\u00a0\u00bb Croquis \u00e0 main lev\u00e9e<br \/>\nOTSCIS-2-1-FE2\u00a0\u00bb Diff\u00e9rents sch\u00e9mas<br \/>\nOTSCIS-2-1-FE3\u00a0\u00bb Carte heuristique<br \/>\nOTSCIS-2-1-FE4\u00a0\u00bb Notion d\u2019algorithme<\/strong><\/p>\n<\/td>\n<td style=\"text-align: justify\">Environnements num\u00e9riques de travail.<br \/>\nProgiciels de pr\u00e9sentation.<br \/>\nLogiciels de mindmapping.<br \/>\nCroquis, sch\u00e9mas, graphes, diagrammes,\u00a0tableaux.<br \/>\nLogiciels de CAO.<\/td>\n<\/tr>\n<\/tbody>\n<\/table>\n<hr \/>\n<h3><span style=\"text-decoration: underline\"><span style=\"color: #000000;text-decoration: underline\">Exemple de structuration de connaissances<\/span><\/span><\/h3>\n<p><a href=\"https:\/\/ent2d.ac-bordeaux.fr\/disciplines\/sti-college\/wp-content\/uploads\/sites\/63\/2016\/07\/OTSCIS-2-1-FE2-Diff\u00e9rents-sch\u00e9mas.jpg\"><img loading=\"lazy\" decoding=\"async\" class=\"alignnone wp-image-2112 size-full\" src=\"https:\/\/ent2d.ac-bordeaux.fr\/disciplines\/sti-college\/wp-content\/uploads\/sites\/63\/2016\/07\/OTSCIS-2-1-FE2-Diff\u00e9rents-sch\u00e9mas.jpg\" width=\"1600\" height=\"900\" srcset=\"https:\/\/ent2d.ac-bordeaux.fr\/disciplines\/sti-college\/wp-content\/uploads\/sites\/63\/2016\/07\/OTSCIS-2-1-FE2-Diff\u00e9rents-sch\u00e9mas.jpg 1600w, https:\/\/ent2d.ac-bordeaux.fr\/disciplines\/sti-college\/wp-content\/uploads\/sites\/63\/2016\/07\/OTSCIS-2-1-FE2-Diff\u00e9rents-sch\u00e9mas-300x169.jpg 300w, https:\/\/ent2d.ac-bordeaux.fr\/disciplines\/sti-college\/wp-content\/uploads\/sites\/63\/2016\/07\/OTSCIS-2-1-FE2-Diff\u00e9rents-sch\u00e9mas-768x432.jpg 768w, https:\/\/ent2d.ac-bordeaux.fr\/disciplines\/sti-college\/wp-content\/uploads\/sites\/63\/2016\/07\/OTSCIS-2-1-FE2-Diff\u00e9rents-sch\u00e9mas-1024x576.jpg 1024w\" sizes=\"auto, (max-width: 1600px) 100vw, 1600px\" \/><\/a><\/p>\n<table border=\"0\" cellspacing=\"1\" cellpadding=\"1\">\n<tbody>\n<tr>\n<td><a href=\"https:\/\/ent2d.ac-bordeaux.fr\/disciplines\/sti\/wp-content\/uploads\/sites\/41\/2016\/07\/OTSCIS-2-1-FE2-Diff%C3%A9rents-sch%C3%A9mas.jpg\" target=\"_blank\" rel=\"noopener noreferrer\"><img loading=\"lazy\" decoding=\"async\" class=\"alignnone wp-image-1491\" src=\"https:\/\/ent2d.ac-bordeaux.fr\/disciplines\/sti-college\/wp-content\/uploads\/sites\/63\/2016\/06\/jpg.png\" alt=\"\" width=\"51\" height=\"51\" srcset=\"https:\/\/ent2d.ac-bordeaux.fr\/disciplines\/sti-college\/wp-content\/uploads\/sites\/63\/2016\/06\/jpg.png 256w, https:\/\/ent2d.ac-bordeaux.fr\/disciplines\/sti-college\/wp-content\/uploads\/sites\/63\/2016\/06\/jpg-150x150.png 150w\" sizes=\"auto, (max-width: 51px) 100vw, 51px\" \/><\/a><br \/>\n<a href=\"https:\/\/ent2d.ac-bordeaux.fr\/disciplines\/sti\/wp-content\/uploads\/sites\/41\/2016\/07\/OTSCIS-2-1-FE2-Diff%C3%A9rents-sch%C3%A9mas.jpg\" target=\"_blank\" rel=\"noopener noreferrer\"><u><span style=\"color: #0066cc\">Fiche \u00e9l\u00e8ve format\u00a0image<\/span><\/u><\/a><\/td>\n<td><u><span style=\"color: #0066cc\"><img loading=\"lazy\" decoding=\"async\" class=\"alignnone wp-image-38\" src=\"https:\/\/ent2d.ac-bordeaux.fr\/disciplines\/sti-college\/wp-content\/uploads\/sites\/63\/2015\/03\/logoVideo2.jpg\" alt=\"logoVideo2\" width=\"50\" height=\"51\" \/><br \/>\n<\/span><\/u> Format vid\u00e9o Mp4<\/td>\n<td><img loading=\"lazy\" decoding=\"async\" class=\"alignnone wp-image-296\" src=\"https:\/\/ent2d.ac-bordeaux.fr\/disciplines\/sti-college\/wp-content\/uploads\/sites\/63\/2015\/03\/logoWebM2.jpg\" alt=\"logoWebM2\" width=\"50\" height=\"51\" \/><br \/>\nFormat vid\u00e9o Web-M<\/td>\n<td><img loading=\"lazy\" decoding=\"async\" class=\"alignnone wp-image-34\" src=\"https:\/\/ent2d.ac-bordeaux.fr\/disciplines\/sti-college\/wp-content\/uploads\/sites\/63\/2015\/03\/logoPdf2.jpg\" alt=\"logoPdf2\" width=\"50\" height=\"51\" \/><br \/>\nFiche professeur PDF<\/td>\n<\/tr>\n<\/tbody>\n<\/table>\n<hr \/>\n<h3><span style=\"color: #000000\"><span style=\"text-decoration: underline\">Exemple d&#8217;exploitation p\u00e9dagogique &#8211; 5\u00e8me<\/span><\/span><\/h3>\n<table style=\"width: 100%\" border=\"0\" cellspacing=\"1\" cellpadding=\"1\">\n<tbody>\n<tr>\n<td style=\"text-align: left\"><strong>Pistes de situations d\u00e9clenchantes<\/strong><\/td>\n<td style=\"text-align: justify\">\n<ul>\n<li><span style=\"font-weight: 400\">Les \u00e9l\u00e8ves disposent de plusieurs plans et images de pont de diff\u00e9rentes \u00e9poques pr\u00e9sentant des principes techniques diff\u00e9rents. Ils ont aussi un site Internet ou un diaporama pr\u00e9sentant <\/span><span style=\"font-weight: 400\">les innovations sur le plan des mat\u00e9riaux dans le domaine de la construction.<\/span><\/li>\n<li>Quel est le rapport entre ces deux sources d\u2019informations ?<\/li>\n<\/ul>\n<\/td>\n<\/tr>\n<tr>\n<td style=\"text-align: left\"><strong>Pistes probl\u00e8mes<\/strong> <strong>technologiques<\/strong><\/td>\n<td style=\"text-align: left\">\n<ul>\n<li style=\"font-weight: 400\"><span style=\"font-weight: 400\">Quels sont les mat\u00e9riaux utilis\u00e9s dans la construction de ponts ?<\/span><\/li>\n<li style=\"font-weight: 400\"><span style=\"font-weight: 400\">Pourquoi <\/span><span style=\"font-weight: 400\">les innovations sur le plan des mat\u00e9riaux de construction influencent l\u2019\u00e9volution des principes techniques de construction ?<\/span><\/li>\n<\/ul>\n<\/td>\n<\/tr>\n<tr>\n<td style=\"text-align: left\"><strong>Ressources Outils \u00e0 exploiter<\/strong><\/td>\n<td style=\"text-align: left\">\n<ul>\n<li style=\"font-weight: 400\"><span style=\"font-weight: 400\">Diff\u00e9rents types de plans (plans d\u2019ensemble, plans de coupe&#8230;) et une banque de donn\u00e9es sur les mat\u00e9riaux.<\/span><\/li>\n<li style=\"font-weight: 400\">Site Internet ou diaporama pr\u00e9sentant les innovations majeures dans le domaine des mat\u00e9riaux de construction.<\/li>\n<\/ul>\n<\/td>\n<\/tr>\n<tr>\n<td style=\"text-align: left\"><strong>Pistes d\u2019activit\u00e9s<\/strong><\/td>\n<td style=\"text-align: left\"><span style=\"font-weight: 400\">Demander aux \u00e9l\u00e8ves de :<\/span><\/p>\n<ul>\n<li style=\"font-weight: 400\"><span style=\"font-weight: 400\">Les \u00e9l\u00e8ves vont relier les innovations sur le plan des mat\u00e9riaux dans le domaine de la construction avec l\u2019\u00e9volution des principes techniques utilis\u00e9s pour la construction les ponts.<\/span><\/li>\n<\/ul>\n<\/td>\n<\/tr>\n<tr>\n<td style=\"text-align: left\"><strong>Exemples d\u2019objets<\/strong> <strong>supports<\/strong><\/td>\n<td style=\"text-align: left\">\n<ul>\n<li><span style=\"font-weight: 400\">Maquettes de ponts<\/span><\/li>\n<\/ul>\n<\/td>\n<\/tr>\n<\/tbody>\n<\/table>\n<h3><span style=\"color: #000000\"><span style=\"text-decoration: underline\">Exemple d&#8217;exploitation p\u00e9dagogique &#8211; 4\u00e8me<\/span><\/span><\/h3>\n<table style=\"width: 100%\" border=\"0\" cellspacing=\"1\" cellpadding=\"1\">\n<tbody>\n<tr>\n<td style=\"text-align: left\"><strong>Pistes de situations d\u00e9clenchantes<\/strong><\/td>\n<td style=\"text-align: justify\">\n<ul>\n<li><span style=\"font-weight: 400\">Les \u00e9l\u00e8ves disposent de plusieurs images ou vid\u00e9os pr\u00e9sentant deux situations reli\u00e9es par une fl\u00e8che avec un point d\u2019interrogation : l\u2019une o\u00f9 une personne ouvre manuellement une porte de portail et l\u2019autre o\u00f9 une personne commande cette ouverture avec une t\u00e9l\u00e9commande.<\/span><\/li>\n<li>Questionnement attendu : Comment passer de l\u2019ouverture manuelle \u00e0 une ouverture automatique ?<\/li>\n<\/ul>\n<\/td>\n<\/tr>\n<tr>\n<td style=\"text-align: left\"><strong>Pistes probl\u00e8mes<\/strong> <strong>technologiques<\/strong><\/td>\n<td style=\"text-align: left\">\n<ul>\n<li style=\"font-weight: 400\"><span style=\"font-weight: 400\">Comment passer \u00a0d\u2019un syst\u00e8me manuel \u00e0 un syst\u00e8me motoris\u00e9 ?<\/span><\/li>\n<li style=\"font-weight: 400\"><span style=\"font-weight: 400\">Comment passer d\u2019un syst\u00e8me motoris\u00e9 \u00e0 un syst\u00e8me automatique ?<\/span><\/li>\n<li style=\"font-weight: 400\">R\u00e9aliser le sch\u00e9ma \u00e9lectrique et le c\u00e2blage d\u2019une cha\u00eene d\u2019\u00e9nergie simple ?<\/li>\n<\/ul>\n<\/td>\n<\/tr>\n<tr>\n<td style=\"text-align: left\"><strong>Ressources Outils \u00e0 exploiter<\/strong><\/td>\n<td style=\"text-align: left\">\n<ul>\n<li><span style=\"font-weight: 400\">Diff\u00e9rents sch\u00e9mas \u00e9lectriques ou m\u00e9caniques des objets \u00e9tudi\u00e9s<\/span><\/li>\n<\/ul>\n<\/td>\n<\/tr>\n<tr>\n<td style=\"text-align: left\"><strong>Pistes d\u2019activit\u00e9s<\/strong><\/td>\n<td style=\"text-align: left\"><span style=\"font-weight: 400\">Demander aux \u00e9l\u00e8ves de :<\/span><\/p>\n<ul>\n<li style=\"font-weight: 400\"><span style=\"font-weight: 400\">Les \u00e9l\u00e8ves vont comparer l\u2019\u00e9volution des principes techniques de diff\u00e9rents objets sur le plan fonctionnel et structurel. Ils vont tracer des croquis et des sch\u00e9mas pour montrer les diff\u00e9rences et comprendre l\u2019\u00e9volution.<\/span><\/li>\n<\/ul>\n<\/td>\n<\/tr>\n<tr>\n<td style=\"text-align: left\"><strong>Exemples d\u2019objets<\/strong> <strong>supports<\/strong><\/td>\n<td style=\"text-align: left\">\n<ul>\n<li style=\"font-weight: 400\"><span style=\"font-weight: 400\">El\u00e9ments de c\u00e2blage \u00e9lectriques ou m\u00e9caniques<\/span><\/li>\n<\/ul>\n<\/td>\n<\/tr>\n<\/tbody>\n<\/table>\n<h3><span style=\"color: #000000\"><span style=\"text-decoration: underline\">Exemple d&#8217;exploitation p\u00e9dagogique &#8211; 3\u00e8me<\/span><\/span><\/h3>\n<table style=\"width: 100%\" border=\"0\" cellspacing=\"1\" cellpadding=\"1\">\n<tbody>\n<tr>\n<td style=\"text-align: left\"><strong>Pistes de situations d\u00e9clenchantes<\/strong><\/td>\n<td style=\"text-align: justify\">\n<ul>\n<li><span style=\"font-weight: 400\">Les \u00e9l\u00e8ves disposent de plusieurs images d\u2019a\u00e9ronef formant une lign\u00e9e, du premier avion au drone. Chaque image est reli\u00e9e par une fl\u00e8che avec au-dessus un point d\u2019interrogation. On peut rajouter un petit symbole pour susciter le questionnement, par exemple un dessin de L\u00e9onard de Vinci.<\/span><\/li>\n<li><span style=\"font-weight: 400\">Questionnement attendu :<\/span><span style=\"font-weight: 400\"> Comment est-on pass\u00e9 d\u2019un a\u00e9ronef \u00e0 un autre ? Quelles sont les inventions qui les s\u00e9parent ?<\/span><\/li>\n<\/ul>\n<\/td>\n<\/tr>\n<tr>\n<td style=\"text-align: left\"><strong>Pistes probl\u00e8mes<\/strong> <strong>technologiques<\/strong><\/td>\n<td style=\"text-align: left\">\n<ul>\n<li style=\"font-weight: 400\"><span style=\"font-weight: 400\">Associer une invention majeure \u00e0 une \u00e9volution technique dans le domaine de l\u2019a\u00e9ronautique ? <\/span><\/li>\n<li style=\"font-weight: 400\"><span style=\"font-weight: 400\">Associer une invention \u00e0 son sch\u00e9ma de principe ?<\/span><\/li>\n<\/ul>\n<\/td>\n<\/tr>\n<tr>\n<td style=\"text-align: left\"><strong>Ressources Outils \u00e0 exploiter<\/strong><\/td>\n<td style=\"text-align: left\">\n<ul>\n<li style=\"font-weight: 400\"><span style=\"font-weight: 400\">Diff\u00e9rents sch\u00e9mas \u00e9lectroniques ou m\u00e9caniques des objets \u00e9tudi\u00e9s<\/span><\/li>\n<li style=\"font-weight: 400\">Diaporama pr\u00e9sentant des inventions technologiques majeures dans tous les domaines.<\/li>\n<\/ul>\n<\/td>\n<\/tr>\n<tr>\n<td style=\"text-align: left\"><strong>Pistes d\u2019activit\u00e9s<\/strong><\/td>\n<td style=\"text-align: left\">\n<ul>\n<li style=\"font-weight: 400\"><span style=\"font-weight: 400\">Les \u00e9l\u00e8ves vont relier les inventions dans le domaine a\u00e9ronautique avec l\u2019\u00e9volution des a\u00e9ronefs. \u00a0L\u2019accent peut \u00eatre plac\u00e9 sur l\u2019\u00e9volution des principes m\u00e9caniques, \u00e9lectriques, \u00e9lectroniques et des communications.<\/span><\/li>\n<\/ul>\n<\/td>\n<\/tr>\n<tr>\n<td style=\"text-align: left\"><strong>Exemples d\u2019objets<\/strong><\/td>\n<td style=\"text-align: left\">\n<ul>\n<li style=\"font-weight: 400\"><span style=\"font-weight: 400\">Maquettes pr\u00e9sentes dans le laboratoire de technologie : drone, avion, h\u00e9licopt\u00e8res, planeurs, ect&#8230;<\/span><\/li>\n<\/ul>\n<\/td>\n<\/tr>\n<\/tbody>\n<\/table>\n<h3><\/h3>\n<hr \/>\n<h3><span style=\"text-decoration: underline;color: #000000\">Pour aller plus loin<\/span><\/h3>\n<ul>\n<li>Symboles \u00e9lectroniques:\u00a0<a href=\"https:\/\/fr.wikipedia.org\/wiki\/Symbole_%C3%A9lectronique\">https:\/\/fr.wikipedia.org\/wiki\/Symbole_%C3%A9lectronique<\/a><\/li>\n<li>Liaisons m\u00e9caniques:\u00a0<a href=\"https:\/\/fr.wikipedia.org\/wiki\/Liaison_(m%C3%A9canique)\">https:\/\/fr.wikipedia.org\/wiki\/Liaison_(m%C3%A9canique)<\/a><\/li>\n<li>Symboles hydrauliques:\u00a0<a href=\"https:\/\/fr.wikipedia.org\/wiki\/Sch%C3%A9ma_hydraulique\">https:\/\/fr.wikipedia.org\/wiki\/Sch%C3%A9ma_hydraulique<\/a><\/li>\n<li>Dessin technique:\u00a0<a href=\"https:\/\/fr.wikipedia.org\/wiki\/Dessin_technique\">https:\/\/fr.wikipedia.org\/wiki\/Dessin_technique<\/a><\/li>\n<\/ul>\n<hr \/>\n<p><span style=\"color: #ff0000\">NB : Ces propositions sont mises \u00e0 disposition pour aider chacun dans sa r\u00e9flexion mais elles n&#8217;ont pas pu \u00eatre\u00a0finalis\u00e9es par manque de temps.\u00a0Ces fiches\u00a0seront donc am\u00e9lior\u00e9es au cours du d\u00e9but d&#8217;ann\u00e9e.<\/span><\/p>\n","protected":false},"excerpt":{"rendered":"<p>R\u00e9f\u00e9rence au texte officiel THEME : LES OBJETS TECHNIQUES, LES SERVICES ET LES CHANGEMENTS INDUITS DANS LA SOCIETE Connaissances et<\/p>\n","protected":false},"author":210,"featured_media":0,"parent":0,"menu_order":0,"comment_status":"closed","ping_status":"closed","template":"","meta":{"footnotes":""},"class_list":["post-2091","page","type-page","status-publish","hentry"],"_links":{"self":[{"href":"https:\/\/ent2d.ac-bordeaux.fr\/disciplines\/sti-college\/wp-json\/wp\/v2\/pages\/2091","targetHints":{"allow":["GET"]}}],"collection":[{"href":"https:\/\/ent2d.ac-bordeaux.fr\/disciplines\/sti-college\/wp-json\/wp\/v2\/pages"}],"about":[{"href":"https:\/\/ent2d.ac-bordeaux.fr\/disciplines\/sti-college\/wp-json\/wp\/v2\/types\/page"}],"author":[{"embeddable":true,"href":"https:\/\/ent2d.ac-bordeaux.fr\/disciplines\/sti-college\/wp-json\/wp\/v2\/users\/210"}],"replies":[{"embeddable":true,"href":"https:\/\/ent2d.ac-bordeaux.fr\/disciplines\/sti-college\/wp-json\/wp\/v2\/comments?post=2091"}],"version-history":[{"count":1,"href":"https:\/\/ent2d.ac-bordeaux.fr\/disciplines\/sti-college\/wp-json\/wp\/v2\/pages\/2091\/revisions"}],"predecessor-version":[{"id":8410,"href":"https:\/\/ent2d.ac-bordeaux.fr\/disciplines\/sti-college\/wp-json\/wp\/v2\/pages\/2091\/revisions\/8410"}],"wp:attachment":[{"href":"https:\/\/ent2d.ac-bordeaux.fr\/disciplines\/sti-college\/wp-json\/wp\/v2\/media?parent=2091"}],"curies":[{"name":"wp","href":"https:\/\/api.w.org\/{rel}","templated":true}]}}