{"id":2061,"date":"2016-07-08T14:21:07","date_gmt":"2016-07-08T13:21:07","guid":{"rendered":"http:\/\/blogacabdx.ac-bordeaux.fr\/ressii\/?page_id=2061"},"modified":"2019-04-06T10:01:59","modified_gmt":"2019-04-06T08:01:59","slug":"otscis-1-3-comparer-et-commenter-les-evolutions-des-objets-en-articulant-dierents-points-de-vue-fonctionnel-structurel-environnemental-technique-scientifique-social-historique-economique","status":"publish","type":"page","link":"https:\/\/ent2d.ac-bordeaux.fr\/disciplines\/sti-college\/otscis-1-3-comparer-et-commenter-les-evolutions-des-objets-en-articulant-dierents-points-de-vue-fonctionnel-structurel-environnemental-technique-scientifique-social-historique-economique\/","title":{"rendered":"OTSCIS-1-3 &#8211; Comparer et commenter les \u00e9volutions des objets en articulant di!\u00e9rents points de vue : fonctionnel, structurel, environnemental, technique, scientifique, social, historique, \u00e9conomique"},"content":{"rendered":"<hr \/>\n<h2><\/h2>\n<h3><span style=\"text-decoration: underline;color: #000000\">R\u00e9f\u00e9rence au texte officiel<\/span><\/h3>\n<h2 style=\"text-align: center\"><strong>THEME : LES OBJETS TECHNIQUES, LES SERVICES ET LES CHANGEMENTS INDUITS DANS LA SOCIETE<\/strong><\/h2>\n<table style=\"width: 100%\" cellspacing=\"1\" cellpadding=\"1\">\n<tbody>\n<tr>\n<td><\/td>\n<td><\/td>\n<\/tr>\n<tr>\n<td><strong>Connaissances et comp\u00e9tences associ\u00e9es<\/strong><\/td>\n<td><strong>Exemples de situations, d\u2019activit\u00e9s et de ressources pour l\u2019\u00e9l\u00e8ve<\/strong><\/td>\n<\/tr>\n<tr>\n<td colspan=\"2\"><strong>Comparer et commenter les \u00e9volutions des objets et syst\u00e8mes<\/strong><\/td>\n<\/tr>\n<tr>\n<td style=\"width: 50%;text-align: left\">\n<p style=\"text-align: left\"><strong>OTSCIS-1-3 &#8211;\u00a0Comparer et commenter les \u00e9volutions des\u00a0objets en articulant diff\u00e9rents points de vue :\u00a0fonctionnel, structurel, environnemental,\u00a0technique, scientifique, social, historique, \u00e9conomique.<\/strong><\/p>\n<\/td>\n<td style=\"text-align: justify\">L\u2019analyse du fonctionnement d\u2019un objet\u00a0technique, de son comportement, de ses\u00a0performances et de son impact environnemental\u00a0doit \u00eatre replac\u00e9e dans son contexte. L\u2019\u00e9volution\u00a0de celui-ci doit \u00eatre prise en compte.<br \/>\nCollection d\u2019objets r\u00e9pondant \u00e0 un m\u00eame<br \/>\nbesoin.<br \/>\nRFID, GPS, WiFi<\/td>\n<\/tr>\n<\/tbody>\n<\/table>\n<hr \/>\n<h3><span style=\"text-decoration: underline\"><span style=\"color: #000000;text-decoration: underline\">Exemple de structuration de connaissances<\/span><\/span><\/h3>\n<p><a href=\"https:\/\/ent2d.ac-bordeaux.fr\/disciplines\/sti-college\/wp-content\/uploads\/sites\/63\/2016\/07\/OTSCIS-1-3-FE1-Comparer-commenter-Evolutions-OT-Comp.jpg\"><img loading=\"lazy\" decoding=\"async\" class=\"alignnone wp-image-2069 size-full\" src=\"https:\/\/ent2d.ac-bordeaux.fr\/disciplines\/sti-college\/wp-content\/uploads\/sites\/63\/2016\/07\/OTSCIS-1-3-FE1-Comparer-commenter-Evolutions-OT-Comp.jpg\" width=\"1600\" height=\"900\" srcset=\"https:\/\/ent2d.ac-bordeaux.fr\/disciplines\/sti-college\/wp-content\/uploads\/sites\/63\/2016\/07\/OTSCIS-1-3-FE1-Comparer-commenter-Evolutions-OT-Comp.jpg 1600w, https:\/\/ent2d.ac-bordeaux.fr\/disciplines\/sti-college\/wp-content\/uploads\/sites\/63\/2016\/07\/OTSCIS-1-3-FE1-Comparer-commenter-Evolutions-OT-Comp-300x169.jpg 300w, https:\/\/ent2d.ac-bordeaux.fr\/disciplines\/sti-college\/wp-content\/uploads\/sites\/63\/2016\/07\/OTSCIS-1-3-FE1-Comparer-commenter-Evolutions-OT-Comp-768x432.jpg 768w, https:\/\/ent2d.ac-bordeaux.fr\/disciplines\/sti-college\/wp-content\/uploads\/sites\/63\/2016\/07\/OTSCIS-1-3-FE1-Comparer-commenter-Evolutions-OT-Comp-1024x576.jpg 1024w\" sizes=\"auto, (max-width: 1600px) 100vw, 1600px\" \/><\/a><\/p>\n<table border=\"0\" cellspacing=\"1\" cellpadding=\"1\">\n<tbody>\n<tr>\n<td><a href=\"https:\/\/ent2d.ac-bordeaux.fr\/disciplines\/sti-college\/wp-content\/uploads\/sites\/63\/2016\/07\/OTSCIS-1-3-FE1-Comparer-commenter-Evolutions-OT-Comp.jpg\" target=\"_blank\" rel=\"noopener noreferrer\"><img loading=\"lazy\" decoding=\"async\" class=\"alignnone wp-image-1491\" src=\"https:\/\/ent2d.ac-bordeaux.fr\/disciplines\/sti-college\/wp-content\/uploads\/sites\/63\/2016\/06\/jpg.png\" alt=\"\" width=\"51\" height=\"51\" srcset=\"https:\/\/ent2d.ac-bordeaux.fr\/disciplines\/sti-college\/wp-content\/uploads\/sites\/63\/2016\/06\/jpg.png 256w, https:\/\/ent2d.ac-bordeaux.fr\/disciplines\/sti-college\/wp-content\/uploads\/sites\/63\/2016\/06\/jpg-150x150.png 150w\" sizes=\"auto, (max-width: 51px) 100vw, 51px\" \/><\/a><br \/>\n<a href=\"https:\/\/ent2d.ac-bordeaux.fr\/disciplines\/sti-college\/wp-content\/uploads\/sites\/63\/2016\/07\/OTSCIS-1-3-FE1-Comparer-commenter-Evolutions-OT-Comp.jpg\" target=\"_blank\" rel=\"noopener noreferrer\"><u><span style=\"color: #0066cc\">Fiche \u00e9l\u00e8ve format\u00a0image<\/span><\/u><\/a><\/td>\n<td><u><span style=\"color: #0066cc\"><img loading=\"lazy\" decoding=\"async\" class=\"alignnone wp-image-38\" src=\"https:\/\/ent2d.ac-bordeaux.fr\/disciplines\/sti-college\/wp-content\/uploads\/sites\/63\/2015\/03\/logoVideo2.jpg\" alt=\"logoVideo2\" width=\"50\" height=\"51\" \/><br \/>\n<\/span><\/u> Format vid\u00e9o Mp4<\/td>\n<td><img loading=\"lazy\" decoding=\"async\" class=\"alignnone wp-image-296\" src=\"https:\/\/ent2d.ac-bordeaux.fr\/disciplines\/sti-college\/wp-content\/uploads\/sites\/63\/2015\/03\/logoWebM2.jpg\" alt=\"logoWebM2\" width=\"50\" height=\"51\" \/><br \/>\nFormat vid\u00e9o Web-M<\/td>\n<td><img loading=\"lazy\" decoding=\"async\" class=\"alignnone wp-image-34\" src=\"https:\/\/ent2d.ac-bordeaux.fr\/disciplines\/sti-college\/wp-content\/uploads\/sites\/63\/2015\/03\/logoPdf2.jpg\" alt=\"logoPdf2\" width=\"50\" height=\"51\" \/><br \/>\nFiche professeur PDF<\/td>\n<\/tr>\n<\/tbody>\n<\/table>\n<hr \/>\n<h3><span style=\"color: #000000\"><span style=\"text-decoration: underline\">Exemple d&#8217;exploitation p\u00e9dagogique &#8211; 5\u00e8me<\/span><\/span><\/h3>\n<table style=\"width: 100%\" border=\"0\" cellspacing=\"1\" cellpadding=\"1\">\n<tbody>\n<tr>\n<td style=\"text-align: left\"><strong>Pistes de situations d\u00e9clenchantes<\/strong><\/td>\n<td style=\"text-align: justify\"><i><span style=\"font-weight: 400\">Vid\u00e9o sur la route solaire Wattway de Colas<\/span><\/i><i><span style=\"font-weight: 400\"> : <\/span><\/i><a href=\"https:\/\/youtu.be\/YtB_u_PvQrQ\"><i><span style=\"font-weight: 400\">https:\/\/youtu.be\/YtB_u_PvQrQ<\/span><\/i><\/a><\/td>\n<\/tr>\n<tr>\n<td style=\"text-align: left\"><strong>Pistes probl\u00e8mes<\/strong> <strong>technologiques<\/strong><\/td>\n<td style=\"text-align: left\">\n<ul>\n<li style=\"font-weight: 400\"><i><span style=\"font-weight: 400\">Quelle est la fonction d\u2019usage d\u2019une route ? <\/span><\/i><\/li>\n<li style=\"font-weight: 400\"><i><span style=\"font-weight: 400\">Quel est le r\u00f4le social et \u00e9conomique des routes ? <\/span><\/i><\/li>\n<li style=\"font-weight: 400\"><i><span style=\"font-weight: 400\">Quels ont \u00e9t\u00e9 les mat\u00e9riaux utilis\u00e9s au cours du temps pour la construction des routes? Quel est leur impact sur l\u2019environnement ? <\/span><\/i><\/li>\n<li style=\"font-weight: 400\"><i><span style=\"font-weight: 400\">Quelle est \u00a0l\u2019innovation technologique apport\u00e9e par l\u2019invention de la route solaire ?<\/span><\/i><\/li>\n<\/ul>\n<\/td>\n<\/tr>\n<tr>\n<td style=\"text-align: left\"><strong>Ressources Outils \u00e0 exploiter<\/strong><\/td>\n<td style=\"text-align: left\">\n<ul>\n<li style=\"font-weight: 400\">http:\/\/www.futura-sciences.com\/magazines\/environnement\/infos\/actu\/d\/developpement-durable-wattway-route-solaire-colas-produire-electricite-60108\/<\/li>\n<li style=\"font-weight: 400\">http:\/\/www.sciencesetavenir.fr\/nature-environnement\/developpement-durable\/20151014.OBS7653\/la-route-solaire-rupture-technologique.html<\/li>\n<li style=\"font-weight: 400\">https:\/\/fr.wikipedia.org\/wiki\/Histoire_des_routes<\/li>\n<\/ul>\n<\/td>\n<\/tr>\n<tr>\n<td style=\"text-align: left\"><strong>Pistes d\u2019activit\u00e9s<\/strong><\/td>\n<td style=\"text-align: left\"><span style=\"font-weight: 400\">Demander aux \u00e9l\u00e8ves de :<\/span><\/p>\n<ul>\n<li style=\"font-weight: 400\"><i><span style=\"font-weight: 400\">R\u00e9aliser une frise chronologique des principales \u00e9volutions technologiques,<\/span><\/i><\/li>\n<li style=\"font-weight: 400\"><i><span style=\"font-weight: 400\">D\u00e9crire l&#8217; \u00e9volution des mat\u00e9riaux et leur impact sur l&#8217;environnement<\/span><\/i><\/li>\n<li style=\"font-weight: 400\"><i><span style=\"font-weight: 400\">Conversion d\u2019\u00e9nergie (solaire vers \u00e9lectricit\u00e9 (invention du panneau solaire photovolta\u00efque)<\/span><\/i><\/li>\n<li style=\"font-weight: 400\"><i><span style=\"font-weight: 400\">Transition \u00e9cologique<\/span><\/i><\/li>\n<\/ul>\n<\/td>\n<\/tr>\n<tr>\n<td style=\"text-align: left\"><strong>Exemples d\u2019objets<\/strong> <strong>supports<\/strong><\/td>\n<td style=\"text-align: left\">\n<ul>\n<li><i><span style=\"font-weight: 400\">Infrastructures routi\u00e8res, b\u00e2timents &#8230;<\/span><\/i><\/li>\n<\/ul>\n<\/td>\n<\/tr>\n<\/tbody>\n<\/table>\n<h3><span style=\"color: #000000\"><span style=\"text-decoration: underline\">Exemple d&#8217;exploitation p\u00e9dagogique &#8211; 4\u00e8me<\/span><\/span><\/h3>\n<table style=\"width: 100%\" border=\"0\" cellspacing=\"1\" cellpadding=\"1\">\n<tbody>\n<tr>\n<td style=\"text-align: left\"><strong>Pistes de situations d\u00e9clenchantes<\/strong><\/td>\n<td style=\"text-align: justify\">\n<ul>\n<li><span style=\"font-weight: 400\">Enqu\u00eate : Les smartphones nous rendent-ils b\u00eates ?<\/span><a href=\"http:\/\/www.minutefacile.com\/high-tech-auto\/high-tech-et-internet\/19747-influence-des-smartphones-sur-le-comportement\/\"><span style=\"font-weight: 400\">http:\/\/www.minutefacile.com\/high-tech-auto\/high-tech-et-internet\/19747-influence-des-smartphones-sur-le-comportement\/<\/span><\/a><\/li>\n<\/ul>\n<\/td>\n<\/tr>\n<tr>\n<td style=\"text-align: left\"><strong>Pistes probl\u00e8mes<\/strong> <strong>technologiques<\/strong><\/td>\n<td style=\"text-align: left\">\n<ul>\n<li style=\"font-weight: 400\"><i><span style=\"font-weight: 400\">Comment ont \u00e9volu\u00e9 les usages du t\u00e9l\u00e9phone \u00e0 travers le temps ?<\/span><\/i><\/li>\n<li style=\"font-weight: 400\"><i><span style=\"font-weight: 400\">Comment et pourquoi cette \u00e9volution a t\u2019elle \u00e9t\u00e9 possible ?<\/span><\/i><\/li>\n<li style=\"font-weight: 400\"><i><span style=\"font-weight: 400\">Quel est l\u2019impact de l\u2019usage du t\u00e9l\u00e9phone sur nos comportements ?<\/span><\/i><\/li>\n<\/ul>\n<\/td>\n<\/tr>\n<tr>\n<td style=\"text-align: left\"><strong>Ressources Outils \u00e0 exploiter<\/strong><\/td>\n<td style=\"text-align: left\"><\/td>\n<\/tr>\n<tr>\n<td style=\"text-align: left\"><strong>Pistes d\u2019activit\u00e9s<\/strong><\/td>\n<td style=\"text-align: left\"><span style=\"font-weight: 400\">Demander aux \u00e9l\u00e8ves de :<\/span><\/p>\n<ul>\n<li style=\"font-weight: 400\"><span style=\"font-weight: 400\">\u00c9tudier l&#8217;impact du d\u00e9veloppement des communications sans fil \u00e0 distance, leurs r\u00e8gles d&#8217;usage.<\/span><\/li>\n<\/ul>\n<\/td>\n<\/tr>\n<tr>\n<td style=\"text-align: left\"><strong>Exemples d\u2019objets<\/strong> <strong>supports<\/strong><\/td>\n<td style=\"text-align: left\">\n<ul>\n<li style=\"font-weight: 400\">&#8230;<\/li>\n<\/ul>\n<\/td>\n<\/tr>\n<\/tbody>\n<\/table>\n<h3><span style=\"color: #000000\"><span style=\"text-decoration: underline\">Exemple d&#8217;exploitation p\u00e9dagogique &#8211; 3\u00e8me<\/span><\/span><\/h3>\n<table style=\"width: 100%\" border=\"0\" cellspacing=\"1\" cellpadding=\"1\">\n<tbody>\n<tr>\n<td style=\"text-align: left\"><strong>Pistes de situations d\u00e9clenchantes<\/strong><\/td>\n<td style=\"text-align: justify\">\n<ul>\n<li><span style=\"font-weight: 400\">Vid\u00e9o sur un test de livraison par drone : <\/span><span style=\"font-weight: 400\">\u00a0<\/span><a href=\"http:\/\/videos.lesechos.fr\/\"><span style=\"font-weight: 400\">http:\/\/videos.lesechos.fr\/<\/span><\/a><\/li>\n<\/ul>\n<\/td>\n<\/tr>\n<tr>\n<td style=\"text-align: left\"><strong>Pistes probl\u00e8mes<\/strong> <strong>technologiques<\/strong><\/td>\n<td style=\"text-align: left\">\n<ul>\n<li style=\"font-weight: 400\"><span style=\"font-weight: 400\">Comment ont \u00e9volu\u00e9 les moyens de livraison ?<\/span><\/li>\n<li style=\"font-weight: 400\"><span style=\"font-weight: 400\">A quelles contraintes doit r\u00e9pondre la livraison par drone par rapport aux syst\u00e8mes existants ?<\/span><\/li>\n<li style=\"font-weight: 400\"><span style=\"font-weight: 400\">Quels changements peut-elle apporter (impact environnemental, social et \u00e9conomique)<\/span><\/li>\n<li style=\"font-weight: 400\"><span style=\"font-weight: 400\">Quelles autres pistes pourraient-on envisager ?<\/span><\/li>\n<\/ul>\n<\/td>\n<\/tr>\n<tr>\n<td style=\"text-align: left\"><strong>Ressources Outils \u00e0 exploiter<\/strong><\/td>\n<td style=\"text-align: left\">\n<ul>\n<li style=\"font-weight: 400\"><a href=\"http:\/\/www.francetvinfo.fr\/economie\/transports\/le-colis-voiturage-en-plein-essor_1285119.html\"><span style=\"font-weight: 400\">http:\/\/www.francetvinfo.fr\/economie\/transports\/le-colis-voiturage-en-plein-essor_1285119.html<\/span><\/a><\/li>\n<li style=\"font-weight: 400\"><span style=\"font-weight: 400\">Evolution des moyens de transport : <\/span><a href=\"https:\/\/www.youtube.com\/watch?v=aQTXUZXRuJM\"><span style=\"font-weight: 400\">https:\/\/www.youtube.com\/watch?v=aQTXUZXRuJM<\/span><\/a><\/li>\n<li style=\"font-weight: 400\"><span style=\"font-weight: 400\">Logiciel de PAO ou partage <\/span><a href=\"https:\/\/fr.padlet.com\"><span style=\"font-weight: 400\">https:\/\/fr.<\/span><b>padlet<\/b><span style=\"font-weight: 400\">.com<\/span><\/a><span style=\"font-weight: 400\"> ou <\/span><a href=\"https:\/\/prezi.com\"><span style=\"font-weight: 400\">https:\/\/prezi.com<\/span><\/a><\/li>\n<\/ul>\n<\/td>\n<\/tr>\n<tr>\n<td style=\"text-align: left\"><strong>Pistes d\u2019activit\u00e9s<\/strong><\/td>\n<td style=\"text-align: left\">\n<ul>\n<li style=\"font-weight: 400\"><span style=\"font-weight: 400\">D\u00e9crire l&#8217;\u00e9volution d&#8217;objets de l&#8217;environnement proche de l&#8217;\u00e9l\u00e8ve en lui demandant de faire des parall\u00e8les avec les fonctions, l&#8217;histoire, l&#8217;environnement, les progr\u00e8s de l&#8217;\u00e9poque, les moyens \u00e9conomiques et techniques<\/span><\/li>\n<li style=\"font-weight: 400\"><span style=\"font-weight: 400\">Argumenter ses choix par rapport \u00e0 l\u2019impact sur la soci\u00e9t\u00e9,aux pr\u00e9occupations du d\u00e9veloppement durable.<\/span><\/li>\n<\/ul>\n<\/td>\n<\/tr>\n<tr>\n<td style=\"text-align: left\"><strong>Exemples d\u2019objets<\/strong><\/td>\n<td style=\"text-align: left\">\n<ul>\n<li style=\"font-weight: 400\"><span style=\"font-weight: 400\">drone, livraison par transport routier, a\u00e9rien, maritime, ferroviaire &#8230;<\/span><\/li>\n<\/ul>\n<\/td>\n<\/tr>\n<\/tbody>\n<\/table>\n<h3><\/h3>\n<hr \/>\n<h3><span style=\"text-decoration: underline;color: #000000\">Pour aller plus loin<\/span><\/h3>\n<hr \/>\n<p><span style=\"color: #ff0000\">NB : Ces propositions sont mises \u00e0 disposition pour aider chacun dans sa r\u00e9flexion mais elles n&#8217;ont pas pu \u00eatre\u00a0finalis\u00e9es par manque de temps.\u00a0Ces fiches\u00a0seront donc am\u00e9lior\u00e9es au cours du d\u00e9but d&#8217;ann\u00e9e.<\/span><\/p>\n","protected":false},"excerpt":{"rendered":"<p>R\u00e9f\u00e9rence au texte officiel THEME : LES OBJETS TECHNIQUES, LES SERVICES ET LES CHANGEMENTS INDUITS DANS LA SOCIETE Connaissances et<\/p>\n","protected":false},"author":210,"featured_media":0,"parent":0,"menu_order":0,"comment_status":"closed","ping_status":"closed","template":"","meta":{"footnotes":""},"class_list":["post-2061","page","type-page","status-publish","hentry"],"_links":{"self":[{"href":"https:\/\/ent2d.ac-bordeaux.fr\/disciplines\/sti-college\/wp-json\/wp\/v2\/pages\/2061","targetHints":{"allow":["GET"]}}],"collection":[{"href":"https:\/\/ent2d.ac-bordeaux.fr\/disciplines\/sti-college\/wp-json\/wp\/v2\/pages"}],"about":[{"href":"https:\/\/ent2d.ac-bordeaux.fr\/disciplines\/sti-college\/wp-json\/wp\/v2\/types\/page"}],"author":[{"embeddable":true,"href":"https:\/\/ent2d.ac-bordeaux.fr\/disciplines\/sti-college\/wp-json\/wp\/v2\/users\/210"}],"replies":[{"embeddable":true,"href":"https:\/\/ent2d.ac-bordeaux.fr\/disciplines\/sti-college\/wp-json\/wp\/v2\/comments?post=2061"}],"version-history":[{"count":1,"href":"https:\/\/ent2d.ac-bordeaux.fr\/disciplines\/sti-college\/wp-json\/wp\/v2\/pages\/2061\/revisions"}],"predecessor-version":[{"id":8406,"href":"https:\/\/ent2d.ac-bordeaux.fr\/disciplines\/sti-college\/wp-json\/wp\/v2\/pages\/2061\/revisions\/8406"}],"wp:attachment":[{"href":"https:\/\/ent2d.ac-bordeaux.fr\/disciplines\/sti-college\/wp-json\/wp\/v2\/media?parent=2061"}],"curies":[{"name":"wp","href":"https:\/\/api.w.org\/{rel}","templated":true}]}}