{"id":1975,"date":"2016-07-08T12:05:11","date_gmt":"2016-07-08T11:05:11","guid":{"rendered":"http:\/\/blogacabdx.ac-bordeaux.fr\/ressii\/?page_id=1975"},"modified":"2019-04-06T09:58:58","modified_gmt":"2019-04-06T07:58:58","slug":"c4-dic-1-5-fe1-arborescence","status":"publish","type":"page","link":"https:\/\/ent2d.ac-bordeaux.fr\/disciplines\/sti-college\/c4-dic-1-5-fe1-arborescence\/","title":{"rendered":"C4-DIC-1-5-FE1 &#8211; Arborescence"},"content":{"rendered":"<hr \/>\n<h2><\/h2>\n<h3><span style=\"text-decoration: underline;color: #000000\">R\u00e9f\u00e9rence au texte officiel<\/span><\/h3>\n<h2 style=\"text-align: center\"><strong>THEME :\u00a0DESIGN, INNOVATION ET CREATIVITE<\/strong><\/h2>\n<table style=\"width: 100%\" cellspacing=\"1\" cellpadding=\"1\">\n<tbody>\n<tr>\n<td><\/td>\n<td><\/td>\n<\/tr>\n<tr>\n<td><strong>Connaissances et comp\u00e9tences associ\u00e9es<\/strong><\/td>\n<td><strong>Exemples de situations, d\u2019activit\u00e9s et de ressources pour l\u2019\u00e9l\u00e8ve<\/strong><\/td>\n<\/tr>\n<tr>\n<td colspan=\"2\"><strong>Imaginer des solutions en r\u00e9ponse aux besoins,<\/strong><br \/>\n<strong>mat\u00e9rialiser une id\u00e9e en int\u00e9grant une dimension design<\/strong><\/td>\n<\/tr>\n<tr>\n<td style=\"width: 50%;text-align: left\">\n<p style=\"text-align: left\"><strong>Organiser, structurer et stocker des ressources<\/strong><br \/>\n<strong> num\u00e9riques.<\/strong><br \/>\n<strong>DIC-1-5-FE1\u00a0<\/strong>\u00bb Arborescence.<\/p>\n<\/td>\n<td style=\"text-align: justify\"><span style=\"font-weight: 400\">Toute production num\u00e9rique d\u2019\u00e9l\u00e8ves doit \u00eatre stock\u00e9e. En rapport avec le th\u00e8me \u00e9tudi\u00e9, nous devons nous assurer que les \u00e9l\u00e8ves puissent structurer et organiser leur lecteur de stockage.<\/span><\/td>\n<\/tr>\n<\/tbody>\n<\/table>\n<hr \/>\n<h3 style=\"text-align: left\"><span style=\"text-decoration: underline\"><span style=\"color: #000000;text-decoration: underline\">Exemple de structuration de connaissances<\/span><\/span><\/h3>\n<p><a href=\"https:\/\/ent2d.ac-bordeaux.fr\/disciplines\/sti-college\/wp-content\/uploads\/sites\/63\/2016\/07\/DIC-1-5-FE1-Arborescence.jpg\"><img loading=\"lazy\" decoding=\"async\" class=\"alignnone wp-image-1981 size-full\" src=\"https:\/\/ent2d.ac-bordeaux.fr\/disciplines\/sti-college\/wp-content\/uploads\/sites\/63\/2016\/07\/DIC-1-5-FE1-Arborescence.jpg\" width=\"1600\" height=\"900\" srcset=\"https:\/\/ent2d.ac-bordeaux.fr\/disciplines\/sti-college\/wp-content\/uploads\/sites\/63\/2016\/07\/DIC-1-5-FE1-Arborescence.jpg 1600w, https:\/\/ent2d.ac-bordeaux.fr\/disciplines\/sti-college\/wp-content\/uploads\/sites\/63\/2016\/07\/DIC-1-5-FE1-Arborescence-300x169.jpg 300w, https:\/\/ent2d.ac-bordeaux.fr\/disciplines\/sti-college\/wp-content\/uploads\/sites\/63\/2016\/07\/DIC-1-5-FE1-Arborescence-768x432.jpg 768w, https:\/\/ent2d.ac-bordeaux.fr\/disciplines\/sti-college\/wp-content\/uploads\/sites\/63\/2016\/07\/DIC-1-5-FE1-Arborescence-1024x576.jpg 1024w\" sizes=\"auto, (max-width: 1600px) 100vw, 1600px\" \/><\/a><\/p>\n<table border=\"0\" cellspacing=\"1\" cellpadding=\"1\">\n<tbody>\n<tr>\n<td><a href=\"https:\/\/ent2d.ac-bordeaux.fr\/disciplines\/sti-college\/wp-content\/uploads\/sites\/63\/2016\/07\/DIC-1-5-FE1-Arborescence.jpg\" target=\"_blank\" rel=\"noopener noreferrer\"><img loading=\"lazy\" decoding=\"async\" class=\"alignnone wp-image-1491\" src=\"https:\/\/ent2d.ac-bordeaux.fr\/disciplines\/sti-college\/wp-content\/uploads\/sites\/63\/2016\/06\/jpg.png\" alt=\"\" width=\"51\" height=\"51\" srcset=\"https:\/\/ent2d.ac-bordeaux.fr\/disciplines\/sti-college\/wp-content\/uploads\/sites\/63\/2016\/06\/jpg.png 256w, https:\/\/ent2d.ac-bordeaux.fr\/disciplines\/sti-college\/wp-content\/uploads\/sites\/63\/2016\/06\/jpg-150x150.png 150w\" sizes=\"auto, (max-width: 51px) 100vw, 51px\" \/><\/a><br \/>\n<a href=\"https:\/\/ent2d.ac-bordeaux.fr\/disciplines\/sti-college\/wp-content\/uploads\/sites\/63\/2016\/07\/DIC-1-5-FE1-Arborescence.jpg\" target=\"_blank\" rel=\"noopener noreferrer\"><u><span style=\"color: #0066cc\">Fiche \u00e9l\u00e8ve format\u00a0image<\/span><\/u><\/a><\/td>\n<td><u><span style=\"color: #0066cc\"><img loading=\"lazy\" decoding=\"async\" class=\"alignnone wp-image-38\" src=\"https:\/\/ent2d.ac-bordeaux.fr\/disciplines\/sti-college\/wp-content\/uploads\/sites\/63\/2015\/03\/logoVideo2.jpg\" alt=\"logoVideo2\" width=\"50\" height=\"51\" \/><br \/>\n<\/span><\/u> Format vid\u00e9o Mp4<\/td>\n<td><img loading=\"lazy\" decoding=\"async\" class=\"alignnone wp-image-296\" src=\"https:\/\/ent2d.ac-bordeaux.fr\/disciplines\/sti-college\/wp-content\/uploads\/sites\/63\/2015\/03\/logoWebM2.jpg\" alt=\"logoWebM2\" width=\"50\" height=\"51\" \/><br \/>\nFormat vid\u00e9o Web-M<\/td>\n<td><img loading=\"lazy\" decoding=\"async\" class=\"alignnone wp-image-34\" src=\"https:\/\/ent2d.ac-bordeaux.fr\/disciplines\/sti-college\/wp-content\/uploads\/sites\/63\/2015\/03\/logoPdf2.jpg\" alt=\"logoPdf2\" width=\"50\" height=\"51\" \/><br \/>\nFiche professeur PDF<\/td>\n<\/tr>\n<\/tbody>\n<\/table>\n<hr \/>\n<h3><span style=\"color: #000000\"><span style=\"text-decoration: underline\">Exemple d&#8217;exploitation p\u00e9dagogique &#8211; 5\u00e8me<\/span><\/span><\/h3>\n<table style=\"width: 100%\" border=\"0\" cellspacing=\"1\" cellpadding=\"1\">\n<tbody>\n<tr>\n<td style=\"text-align: left\"><strong>Pistes de situations d\u00e9clenchantes<\/strong><\/td>\n<td style=\"text-align: justify\">\n<ul>\n<li style=\"font-weight: 400\"><span style=\"font-weight: 400\">Cr\u00e9er ou am\u00e9liorer une maison en 3D<\/span><\/li>\n<li style=\"font-weight: 400\"><span style=\"font-weight: 400\">Les \u00e9l\u00e8ves peuvent sauvegarder leurs recherches, en les classant en dossier, sous dossiers, et en jonglant en fonction du support de sauvegarde.<\/span><\/li>\n<li style=\"font-weight: 400\">Pour modifier ou am\u00e9liorer une mod\u00e9lisation existante, l\u2019\u00e9l\u00e8ve devra le r\u00e9cup\u00e9rer sur un lecteur ressource, et l\u2019enregistrer sous leur lecteur personnel.<\/li>\n<\/ul>\n<\/td>\n<\/tr>\n<tr>\n<td style=\"text-align: left\"><strong>Pistes probl\u00e8mes<\/strong> <strong>technologiques<\/strong><\/td>\n<td style=\"text-align: left\">\n<ul>\n<li><span style=\"font-weight: 400\">Sur quels lecteurs je peux sauvegarder\u00a0? <\/span><\/li>\n<li><span style=\"font-weight: 400\">Pourquoi certains lecteurs sont prot\u00e9g\u00e9s\u00a0? <\/span><\/li>\n<li><span style=\"font-weight: 400\">Comment modifier un fichier en lecture seule\u00a0? <\/span><\/li>\n<li><span style=\"font-weight: 400\">Comment le rendre visible par le reste de mon groupe\u00a0?<\/span><\/li>\n<\/ul>\n<\/td>\n<\/tr>\n<tr>\n<td style=\"text-align: left\"><strong>Ressources Outils \u00e0 exploiter<\/strong><\/td>\n<td style=\"text-align: left\">\n<ul>\n<li style=\"font-weight: 400\"><span style=\"font-weight: 400\">Environnement solstice ou autre<\/span><\/li>\n<li style=\"font-weight: 400\"><span style=\"font-weight: 400\">Mettre \u00e0 disposition un fichier sous le lecteur R:\\<\/span><\/li>\n<li style=\"font-weight: 400\"><span style=\"font-weight: 400\">Utilisation de logiciels comme google sketch up ou sweet home 3D pour am\u00e9liorer une mod\u00e9lisation<\/span><\/li>\n<li style=\"font-weight: 400\"><span style=\"font-weight: 400\">Enregistrer sous le lecteur T:\\ ou P:\\ si le fichier doit \u00eatre partag\u00e9<\/span><\/li>\n<\/ul>\n<\/td>\n<\/tr>\n<tr>\n<td style=\"text-align: left\"><strong>Pistes d\u2019activit\u00e9s<\/strong><\/td>\n<td style=\"text-align: left\"><span style=\"font-weight: 400\">Demander aux \u00e9l\u00e8ves de :<\/span><\/p>\n<ul>\n<li style=\"font-weight: 400\"><span style=\"font-weight: 400\">Organiser son espace de stockage num\u00e9rique personnel en fonction des \u00e9tapes du projet et des documents<\/span><\/li>\n<\/ul>\n<\/td>\n<\/tr>\n<tr>\n<td style=\"text-align: left\"><strong>Exemples d\u2019objets<\/strong> <strong>supports<\/strong><\/td>\n<td style=\"text-align: left\">\n<ul>\n<li style=\"font-weight: 400\"><span style=\"font-weight: 400\">Questionnement d\u2019objets riches dans leur \u00e9volution V\u00e9lo \u2013 \u00e9clairage urbain \u2013 t\u00e9l\u00e9phone \u2013 etc<\/span><\/li>\n<li style=\"font-weight: 400\"><span style=\"font-weight: 400\">Am\u00e9lioration d\u2019un habitat existant<\/span><\/li>\n<li style=\"font-weight: 400\"><span style=\"font-weight: 400\">Cr\u00e9ation d\u2019un habitat bioclimatique et l\u2019int\u00e9grer dans un quartier<\/span><\/li>\n<\/ul>\n<\/td>\n<\/tr>\n<\/tbody>\n<\/table>\n<h3><span style=\"color: #000000\"><span style=\"text-decoration: underline\">Exemple d&#8217;exploitation p\u00e9dagogique &#8211; 4\u00e8me<\/span><\/span><\/h3>\n<table style=\"width: 100%\" border=\"0\" cellspacing=\"1\" cellpadding=\"1\">\n<tbody>\n<tr>\n<td style=\"text-align: left\"><strong>Pistes de situations d\u00e9clenchantes<\/strong><\/td>\n<td style=\"text-align: justify\">\n<ul>\n<li style=\"text-align: left\"><span style=\"font-weight: 400\">Am\u00e9liorer l\u2019ouvrant d\u2019un portail coulissant<\/span><\/li>\n<li style=\"text-align: left\"><span style=\"font-weight: 400\">Permettre l\u2019accessibilit\u00e9 d\u2019une personne \u00e0 mobilit\u00e9 r\u00e9duite dans une habitation contemporaine<\/span><\/li>\n<li style=\"text-align: left\"><span style=\"font-weight: 400\">Rendre la maison connect\u00e9e pour plus de confort et\/ou de s\u00e9curit\u00e9<\/span><\/li>\n<li style=\"text-align: left\">Pr\u00e9senter un mod\u00e8le de portail \u00a0r\u00e9pondant \u00e0 une contrainte<\/li>\n<\/ul>\n<\/td>\n<\/tr>\n<tr>\n<td style=\"text-align: left\"><strong>Pistes probl\u00e8mes<\/strong> <strong>technologiques<\/strong><\/td>\n<td style=\"text-align: left\">\n<ul>\n<li><span style=\"font-weight: 400\">Sur quels lecteurs je peux sauvegarder\u00a0? <\/span><\/li>\n<li><span style=\"font-weight: 400\">Pourquoi certains lecteurs sont prot\u00e9g\u00e9s\u00a0? <\/span><\/li>\n<li><span style=\"font-weight: 400\">Comment modifier un fichier en lecture seule\u00a0? <\/span><\/li>\n<li><span style=\"font-weight: 400\">Comment le rendre visible par le reste de mon groupe\u00a0?<\/span><\/li>\n<li><span style=\"font-weight: 400\">Comment partager et compl\u00e9ter en temps r\u00e9el un m\u00eame document<\/span><\/li>\n<\/ul>\n<\/td>\n<\/tr>\n<tr>\n<td style=\"text-align: left\"><strong>Ressources Outils \u00e0 exploiter<\/strong><\/td>\n<td style=\"text-align: left\">\n<ul>\n<li style=\"font-weight: 400\"><span style=\"font-weight: 400\">ILIAS<\/span><\/li>\n<li style=\"font-weight: 400\"><span style=\"font-weight: 400\">Solstice<\/span><\/li>\n<li style=\"font-weight: 400\"><span style=\"font-weight: 400\">Google DRIVE docs ou slides<\/span><\/li>\n<\/ul>\n<\/td>\n<\/tr>\n<tr>\n<td style=\"text-align: left\"><strong>Pistes d\u2019activit\u00e9s<\/strong><\/td>\n<td style=\"text-align: left\"><span style=\"font-weight: 400\">Demander aux \u00e9l\u00e8ves de :<\/span><\/p>\n<ul>\n<li style=\"font-weight: 400\"><span style=\"font-weight: 400\">Organiser ses espaces de stockage num\u00e9riques personnels et sur l\u2019ENT en fonction des types de documents r\u00e9alis\u00e9s<\/span><\/li>\n<\/ul>\n<\/td>\n<\/tr>\n<tr>\n<td style=\"text-align: left\"><strong>Exemples d\u2019objets<\/strong> <strong>supports<\/strong><\/td>\n<td style=\"text-align: left\">\n<ul>\n<li><span style=\"font-weight: 400\">Projets simples avec d\u00e9veloppement de l\u2019\u00e9tude fonctionnelle <\/span><\/li>\n<li style=\"font-weight: 400\"><span style=\"font-weight: 400\">Portail coulissant\u00a0: cr\u00e9er un ouvrant, proposer des solutions pour des clients avec des contraintes diff\u00e9rentes par ilots<\/span><\/li>\n<\/ul>\n<\/td>\n<\/tr>\n<\/tbody>\n<\/table>\n<h3><span style=\"color: #000000\"><span style=\"text-decoration: underline\">Exemple d&#8217;exploitation p\u00e9dagogique &#8211; 3\u00e8me<\/span><\/span><\/h3>\n<table style=\"width: 100%\" border=\"0\" cellspacing=\"1\" cellpadding=\"1\">\n<tbody>\n<tr>\n<td style=\"text-align: left\"><strong>Pistes de situations d\u00e9clenchantes<\/strong><\/td>\n<td style=\"text-align: justify\">\n<ul>\n<li><span style=\"font-weight: 400\">Comment embellir un robot sans ch\u00e2ssis\u00a0? <\/span><\/li>\n<li><span style=\"font-weight: 400\">Observer, recenser les d\u00e9fauts, \u00e9tablir un protocole et une mod\u00e9lisation pour un robot\u00a0?<\/span><\/li>\n<li>Pr\u00e9senter ses solutions au reste des groupes<\/li>\n<\/ul>\n<\/td>\n<\/tr>\n<tr>\n<td style=\"text-align: left\"><strong>Pistes probl\u00e8mes<\/strong> <strong>technologiques<\/strong><\/td>\n<td style=\"text-align: left\">\n<ul>\n<li style=\"font-weight: 400\"><span style=\"font-weight: 400\">Analyser un OT existant, Proposer des am\u00e9liorations, r\u00e9aliser un diaporama des am\u00e9liorations possibles, partage d\u2019un m\u00eame fichier sur un cloud..<\/span><\/li>\n<\/ul>\n<\/td>\n<\/tr>\n<tr>\n<td style=\"text-align: left\"><strong>Ressources Outils \u00e0 exploiter<\/strong><\/td>\n<td style=\"text-align: left\">\n<ul>\n<li style=\"font-weight: 400\"><span style=\"font-weight: 400\">ILIAS<\/span><\/li>\n<li style=\"font-weight: 400\"><span style=\"font-weight: 400\">Solstice<\/span><\/li>\n<li style=\"font-weight: 400\"><span style=\"font-weight: 400\">Google DRIVE docs ou slides<\/span><\/li>\n<\/ul>\n<\/td>\n<\/tr>\n<tr>\n<td style=\"text-align: left\"><strong>Pistes d\u2019activit\u00e9s<\/strong><\/td>\n<td style=\"text-align: left\">\n<ul>\n<li style=\"font-weight: 400\"><span style=\"font-weight: 400\">Organiser un espace num\u00e9rique de stockage partag\u00e9 pour son groupe<\/span><\/li>\n<li style=\"font-weight: 400\"><span style=\"font-weight: 400\">Stocker les documents du projet (ressources&#8230;)<\/span><\/li>\n<\/ul>\n<\/td>\n<\/tr>\n<tr>\n<td style=\"text-align: left\"><strong>Exemples d\u2019objets<\/strong><\/td>\n<td style=\"text-align: left\">\n<ul>\n<li><span style=\"font-weight: 400\">Projets pluri-technologiques et communicants<\/span><\/li>\n<\/ul>\n<\/td>\n<\/tr>\n<\/tbody>\n<\/table>\n<hr \/>\n<h3><span style=\"text-decoration: underline;color: #000000\">Pour aller plus loin<\/span><\/h3>\n<ul>\n<li style=\"font-weight: 400\"><span style=\"font-weight: 400\">ENT : <\/span><a href=\"http:\/\/cria.ac-bordeaux.fr\/externe\/pedagogique\/projets\/ent\/index.php\"><span style=\"font-weight: 400\">http:\/\/cria.ac-bordeaux.fr\/externe\/pedagogique\/projets\/ent\/index.php<\/span><\/a><\/li>\n<li style=\"font-weight: 400\"><span style=\"font-weight: 400\">Scribe : <\/span><a href=\"http:\/\/cria.ac-bordeaux.fr\/externe\/pedagogique\/projets\/scribe\/index.php\"><span style=\"font-weight: 400\">http:\/\/cria.ac-bordeaux.fr\/externe\/pedagogique\/projets\/scribe\/index.php<\/span><\/a><\/li>\n<li style=\"font-weight: 400\"><span style=\"font-weight: 400\">Solstice : <\/span><a href=\"http:\/\/cria.ac-bordeaux.fr\/externe\/pedagogique\/projets\/solstice\/index.php\"><span style=\"font-weight: 400\">http:\/\/cria.ac-bordeaux.fr\/externe\/pedagogique\/projets\/solstice\/index.php<\/span><\/a><\/li>\n<\/ul>\n<hr \/>\n<p><span style=\"color: #ff0000\">NB : Ces propositions sont mises \u00e0 disposition pour aider chacun dans sa r\u00e9flexion mais elles n&#8217;ont pas pu \u00eatre\u00a0finalis\u00e9es par manque de temps.\u00a0Ces fiches\u00a0seront donc am\u00e9lior\u00e9es au cours du d\u00e9but d&#8217;ann\u00e9e.<\/span><\/p>\n","protected":false},"excerpt":{"rendered":"<p>R\u00e9f\u00e9rence au texte officiel THEME :\u00a0DESIGN, INNOVATION ET CREATIVITE Connaissances et comp\u00e9tences associ\u00e9es Exemples de situations, d\u2019activit\u00e9s et de ressources<\/p>\n","protected":false},"author":210,"featured_media":0,"parent":0,"menu_order":0,"comment_status":"closed","ping_status":"closed","template":"","meta":{"footnotes":""},"class_list":["post-1975","page","type-page","status-publish","hentry"],"_links":{"self":[{"href":"https:\/\/ent2d.ac-bordeaux.fr\/disciplines\/sti-college\/wp-json\/wp\/v2\/pages\/1975","targetHints":{"allow":["GET"]}}],"collection":[{"href":"https:\/\/ent2d.ac-bordeaux.fr\/disciplines\/sti-college\/wp-json\/wp\/v2\/pages"}],"about":[{"href":"https:\/\/ent2d.ac-bordeaux.fr\/disciplines\/sti-college\/wp-json\/wp\/v2\/types\/page"}],"author":[{"embeddable":true,"href":"https:\/\/ent2d.ac-bordeaux.fr\/disciplines\/sti-college\/wp-json\/wp\/v2\/users\/210"}],"replies":[{"embeddable":true,"href":"https:\/\/ent2d.ac-bordeaux.fr\/disciplines\/sti-college\/wp-json\/wp\/v2\/comments?post=1975"}],"version-history":[{"count":1,"href":"https:\/\/ent2d.ac-bordeaux.fr\/disciplines\/sti-college\/wp-json\/wp\/v2\/pages\/1975\/revisions"}],"predecessor-version":[{"id":8397,"href":"https:\/\/ent2d.ac-bordeaux.fr\/disciplines\/sti-college\/wp-json\/wp\/v2\/pages\/1975\/revisions\/8397"}],"wp:attachment":[{"href":"https:\/\/ent2d.ac-bordeaux.fr\/disciplines\/sti-college\/wp-json\/wp\/v2\/media?parent=1975"}],"curies":[{"name":"wp","href":"https:\/\/api.w.org\/{rel}","templated":true}]}}