{"id":1931,"date":"2016-07-08T10:35:39","date_gmt":"2016-07-08T09:35:39","guid":{"rendered":"http:\/\/blogacabdx.ac-bordeaux.fr\/ressii\/?page_id=1931"},"modified":"2019-04-06T09:58:31","modified_gmt":"2019-04-06T07:58:31","slug":"c4-dic-1-4-fe5-realite-augmentee","status":"publish","type":"page","link":"https:\/\/ent2d.ac-bordeaux.fr\/disciplines\/sti-college\/c4-dic-1-4-fe5-realite-augmentee\/","title":{"rendered":"C4-DIC-1-4-FE5 &#8211; R\u00e9alit\u00e9 augment\u00e9e"},"content":{"rendered":"<hr \/>\n<h2><\/h2>\n<h3><span style=\"text-decoration: underline;color: #000000\">R\u00e9f\u00e9rence au texte officiel<\/span><\/h3>\n<h2 style=\"text-align: center\"><strong>THEME :\u00a0DESIGN, INNOVATION ET CREATIVITE<\/strong><\/h2>\n<table style=\"width: 100%\" cellspacing=\"1\" cellpadding=\"1\">\n<tbody>\n<tr>\n<td><\/td>\n<td><\/td>\n<\/tr>\n<tr>\n<td><strong>Connaissances et comp\u00e9tences associ\u00e9es<\/strong><\/td>\n<td><strong>Exemples de situations, d\u2019activit\u00e9s et de ressources pour l\u2019\u00e9l\u00e8ve<\/strong><\/td>\n<\/tr>\n<tr>\n<td colspan=\"2\"><strong>Imaginer des solutions en r\u00e9ponse aux besoins,<\/strong><br \/>\n<strong>mat\u00e9rialiser une id\u00e9e en int\u00e9grant une dimension design<\/strong><\/td>\n<\/tr>\n<tr>\n<td style=\"width: 50%;text-align: left\">\n<p style=\"text-align: left\"><strong>Imaginer des solutions pour produire des objets<\/strong><br \/>\n<strong> et des \u00e9l\u00e9ments de programmes informatiques en<\/strong><strong> r\u00e9ponse au besoin.<br \/>\nDIC-1-4-FE1\u00a0\u00bb Design.<br \/>\nDIC-1-4-FE2\u00a0\u00bb Innovation et cr\u00e9ativit\u00e9.<br \/>\nDIC-1-4-FE3\u00a0\u00bb Veille.<br \/>\nDIC-1-4-FE4\u00a0\u00bb Repr\u00e9sentation de solutions\u00a0(croquis, sch\u00e9mas, algorithmes).<br \/>\nDIC-1-4-FE5\u00a0\u00bb R\u00e9alit\u00e9 augment\u00e9e.<br \/>\nDIC-1-4-FE6\u00a0\u00bb Objets connect\u00e9s.<\/strong><\/p>\n<\/td>\n<td style=\"text-align: justify\">Environnement num\u00e9riques de travail sp\u00e9cialis\u00e9s\u00a0dans la production (CAO, Web, bases de<br \/>\nconnaissances, etc.).<br \/>\nApplications num\u00e9riques de gestion de projet\u00a0(planification, t\u00e2ches, etc.).<br \/>\nProgiciels de pr\u00e9sentation.<\/td>\n<\/tr>\n<\/tbody>\n<\/table>\n<hr \/>\n<h3><span style=\"text-decoration: underline\"><span style=\"color: #000000;text-decoration: underline\">Exemple de structuration de connaissances<\/span><\/span><\/h3>\n<p><a href=\"https:\/\/ent2d.ac-bordeaux.fr\/disciplines\/sti-college\/wp-content\/uploads\/sites\/63\/2016\/07\/DIC-1-4-FE5-Realit\u00e9-augment\u00e9e.jpg\"><img loading=\"lazy\" decoding=\"async\" class=\"alignnone wp-image-1966 size-full\" src=\"https:\/\/ent2d.ac-bordeaux.fr\/disciplines\/sti-college\/wp-content\/uploads\/sites\/63\/2016\/07\/DIC-1-4-FE5-Realit\u00e9-augment\u00e9e.jpg\" width=\"1600\" height=\"900\" srcset=\"https:\/\/ent2d.ac-bordeaux.fr\/disciplines\/sti-college\/wp-content\/uploads\/sites\/63\/2016\/07\/DIC-1-4-FE5-Realit\u00e9-augment\u00e9e.jpg 1600w, https:\/\/ent2d.ac-bordeaux.fr\/disciplines\/sti-college\/wp-content\/uploads\/sites\/63\/2016\/07\/DIC-1-4-FE5-Realit\u00e9-augment\u00e9e-300x169.jpg 300w, https:\/\/ent2d.ac-bordeaux.fr\/disciplines\/sti-college\/wp-content\/uploads\/sites\/63\/2016\/07\/DIC-1-4-FE5-Realit\u00e9-augment\u00e9e-768x432.jpg 768w, https:\/\/ent2d.ac-bordeaux.fr\/disciplines\/sti-college\/wp-content\/uploads\/sites\/63\/2016\/07\/DIC-1-4-FE5-Realit\u00e9-augment\u00e9e-1024x576.jpg 1024w\" sizes=\"auto, (max-width: 1600px) 100vw, 1600px\" \/><\/a><\/p>\n<table border=\"0\" cellspacing=\"1\" cellpadding=\"1\">\n<tbody>\n<tr>\n<td><a href=\"https:\/\/ent2d.ac-bordeaux.fr\/disciplines\/sti\/wp-content\/uploads\/sites\/41\/2016\/07\/DIC-1-4-FE5-Realit%C3%A9-augment%C3%A9e.jpg\" target=\"_blank\" rel=\"noopener noreferrer\"><img loading=\"lazy\" decoding=\"async\" class=\"alignnone wp-image-1491\" src=\"https:\/\/ent2d.ac-bordeaux.fr\/disciplines\/sti-college\/wp-content\/uploads\/sites\/63\/2016\/06\/jpg.png\" alt=\"\" width=\"51\" height=\"51\" srcset=\"https:\/\/ent2d.ac-bordeaux.fr\/disciplines\/sti-college\/wp-content\/uploads\/sites\/63\/2016\/06\/jpg.png 256w, https:\/\/ent2d.ac-bordeaux.fr\/disciplines\/sti-college\/wp-content\/uploads\/sites\/63\/2016\/06\/jpg-150x150.png 150w\" sizes=\"auto, (max-width: 51px) 100vw, 51px\" \/><\/a><br \/>\n<a href=\"https:\/\/ent2d.ac-bordeaux.fr\/disciplines\/sti\/wp-content\/uploads\/sites\/41\/2016\/07\/DIC-1-4-FE5-Realit%C3%A9-augment%C3%A9e.jpg\" target=\"_blank\" rel=\"noopener noreferrer\"><u><span style=\"color: #0066cc\">Fiche \u00e9l\u00e8ve format\u00a0image<\/span><\/u><\/a><\/td>\n<td><u><span style=\"color: #0066cc\"><img loading=\"lazy\" decoding=\"async\" class=\"alignnone wp-image-38\" src=\"https:\/\/ent2d.ac-bordeaux.fr\/disciplines\/sti-college\/wp-content\/uploads\/sites\/63\/2015\/03\/logoVideo2.jpg\" alt=\"logoVideo2\" width=\"50\" height=\"51\" \/><br \/>\n<\/span><\/u> Format vid\u00e9o Mp4<\/td>\n<td><img loading=\"lazy\" decoding=\"async\" class=\"alignnone wp-image-296\" src=\"https:\/\/ent2d.ac-bordeaux.fr\/disciplines\/sti-college\/wp-content\/uploads\/sites\/63\/2015\/03\/logoWebM2.jpg\" alt=\"logoWebM2\" width=\"50\" height=\"51\" \/><br \/>\nFormat vid\u00e9o Web-M<\/td>\n<td><img loading=\"lazy\" decoding=\"async\" class=\"alignnone wp-image-34\" src=\"https:\/\/ent2d.ac-bordeaux.fr\/disciplines\/sti-college\/wp-content\/uploads\/sites\/63\/2015\/03\/logoPdf2.jpg\" alt=\"logoPdf2\" width=\"50\" height=\"51\" \/><br \/>\nFiche professeur PDF<\/td>\n<\/tr>\n<\/tbody>\n<\/table>\n<hr \/>\n<h3><span style=\"color: #000000\"><span style=\"text-decoration: underline\">Exemple d&#8217;exploitation p\u00e9dagogique &#8211; 5\u00e8me<\/span><\/span><\/h3>\n<table style=\"width: 100%\" border=\"0\" cellspacing=\"1\" cellpadding=\"1\">\n<tbody>\n<tr>\n<td style=\"text-align: left\"><strong>Pistes de situations d\u00e9clenchantes<\/strong><\/td>\n<td style=\"text-align: justify\">&nbsp;<\/p>\n<ul>\n<li style=\"font-weight: 400\"><span style=\"font-weight: 400\">Les \u00e9l\u00e8ves visionnent une vid\u00e9o de l\u2019utilisation d\u2019une cam\u00e9ra thermique : <\/span><a href=\"http:\/\/www.leroymerlin.fr\/v3\/p\/lm-videos\/louer-une-camera-de-diagnostic-thermique-vIUZFEQ2HKEYHAZDQO4811081?queryredirect=camera_thermique&amp;numpage=1\"><span style=\"font-weight: 400\">http:\/\/www.leroymerlin.fr\/v3\/p\/lm-videos\/louer-une-camera-de-diagnostic-thermique-vIUZFEQ2HKEYHAZDQO4811081?queryredirect=camera_thermique&amp;numpage=1<\/span><\/a><\/li>\n<li style=\"font-weight: 400\"><span style=\"font-weight: 400\">Simulation de vision thermique sur t\u00e9l\u00e9phone portable <\/span><\/li>\n<li><span style=\"font-weight: 400\">Les \u00e9l\u00e8ves visionnent une vid\u00e9o d\u2019objets L\u00e9go en r\u00e9alit\u00e9 augment\u00e9e : <\/span><a href=\"https:\/\/www.youtube.com\/watch?v=SV-cD9vDkGU\"><span style=\"font-weight: 400\">https:\/\/www.youtube.com\/watch?v=SV-cD9vDkGU<\/span><\/a><\/li>\n<\/ul>\n<\/td>\n<\/tr>\n<tr>\n<td style=\"text-align: left\"><strong>Pistes probl\u00e8mes<\/strong> <strong>technologiques<\/strong><\/td>\n<td style=\"text-align: left\">\n<ul>\n<li><span style=\"font-weight: 400\">Bilan \u00e9nerg\u00e9tique d\u2019un b\u00e2timent (cam\u00e9ra thermique)<\/span><\/li>\n<\/ul>\n<\/td>\n<\/tr>\n<tr>\n<td style=\"text-align: left\"><strong>Ressources Outils \u00e0 exploiter<\/strong><\/td>\n<td style=\"text-align: left\">\n<ul>\n<li style=\"font-weight: 400\"><a href=\"http:\/\/sti.ac-bordeaux.fr\/techno\/j1j2prof\/ralit_augmente.html\"><span style=\"font-weight: 400\">http:\/\/sti.ac-bordeaux.fr\/techno\/j1j2prof\/ralit_augmente.html<\/span><\/a><\/li>\n<li style=\"font-weight: 400\"><span style=\"font-weight: 400\">Application gratuite Andro\u00efd : <\/span><a href=\"https:\/\/play.google.com\/store\/apps\/details?id=mobi.borken.android.cameraeffects.app.tvc&amp;hl=fr\"><span style=\"font-weight: 400\">https:\/\/play.google.com\/store\/apps\/details?id=mobi.borken.android.cameraeffects.app.tvc&amp;hl=fr<\/span><\/a><\/li>\n<li style=\"font-weight: 400\"><span style=\"font-weight: 400\">Cam\u00e9ra thermique lou\u00e9e<\/span><\/li>\n<\/ul>\n<\/td>\n<\/tr>\n<tr>\n<td style=\"text-align: left\"><strong>Pistes d\u2019activit\u00e9s<\/strong><\/td>\n<td style=\"text-align: left\"><span style=\"font-weight: 400\">Demander aux \u00e9l\u00e8ves de :<\/span><\/p>\n<ul>\n<li><span style=\"font-weight: 400\">Rechercher les am\u00e9liorations de l\u2019isolation thermique d\u2019un b\u00e2timent.<\/span><\/li>\n<\/ul>\n<\/td>\n<\/tr>\n<tr>\n<td style=\"text-align: left\"><strong>Exemples d\u2019objets<\/strong> <strong>supports<\/strong><\/td>\n<td style=\"text-align: left\">\n<ul>\n<li><span style=\"font-weight: 400\">Proposition d\u2019am\u00e9lioration de l\u2019isolation<\/span><\/li>\n<\/ul>\n<\/td>\n<\/tr>\n<\/tbody>\n<\/table>\n<h3><span style=\"color: #000000\"><span style=\"text-decoration: underline\">Exemple d&#8217;exploitation p\u00e9dagogique &#8211; 4\u00e8me<\/span><\/span><\/h3>\n<table style=\"width: 100%\" border=\"0\" cellspacing=\"1\" cellpadding=\"1\">\n<tbody>\n<tr>\n<td style=\"text-align: left\"><strong>Pistes de situations d\u00e9clenchantes<\/strong><\/td>\n<td style=\"text-align: justify\">&nbsp;<\/p>\n<ul>\n<li style=\"text-align: left\"><span style=\"font-weight: 400\">Photo d\u2019une maison avec un terrain \u00e9troit avec une cl\u00f4ture \u00a0sans portail.<\/span><\/li>\n<\/ul>\n<\/td>\n<\/tr>\n<tr>\n<td style=\"text-align: left\"><strong>Pistes probl\u00e8mes<\/strong> <strong>technologiques<\/strong><\/td>\n<td style=\"text-align: left\">\n<ul>\n<li><span style=\"font-weight: 400\">Est-ce qu\u2019un portail coulissant peut fonctionner dans l\u2019espace disponible ?<\/span><\/li>\n<\/ul>\n<\/td>\n<\/tr>\n<tr>\n<td style=\"text-align: left\"><strong>Ressources Outils \u00e0 exploiter<\/strong><\/td>\n<td style=\"text-align: left\">\n<ul>\n<li>\u00a0<a href=\"https:\/\/www.youtube.com\/watch?v=CyNwSf7xtiA\"><span style=\"font-weight: 400\">https:\/\/www.youtube.com\/watch?v=CyNwSf7xtiA<\/span><\/a><\/li>\n<\/ul>\n<ul>\n<li style=\"font-weight: 400\"><span style=\"font-weight: 400\">application augment<\/span><\/li>\n<li style=\"font-weight: 400\"><span style=\"font-weight: 400\">tablette<\/span><\/li>\n<li style=\"font-weight: 400\"><span style=\"font-weight: 400\">traqueurs sur http:\/\/www.augment.com\/fr\/modeles-3d-exemple\/<\/span><\/li>\n<\/ul>\n<\/td>\n<\/tr>\n<tr>\n<td style=\"text-align: left\"><strong>Pistes d\u2019activit\u00e9s<\/strong><\/td>\n<td style=\"text-align: left\"><span style=\"font-weight: 400\">Demander aux \u00e9l\u00e8ves de :<\/span><\/p>\n<ul>\n<li><span style=\"font-weight: 400\">visualiser si le portail s\u2019ins\u00e8re bien dans l\u2019espace disponible avec la r\u00e9alit\u00e9 augment\u00e9e<\/span><\/li>\n<\/ul>\n<\/td>\n<\/tr>\n<tr>\n<td style=\"text-align: left\"><strong>Exemples d\u2019objets<\/strong> <strong>supports<\/strong><\/td>\n<td style=\"text-align: left\">\n<ul>\n<li style=\"font-weight: 400\"><span style=\"font-weight: 400\">traqueur portail<\/span><\/li>\n<\/ul>\n<\/td>\n<\/tr>\n<\/tbody>\n<\/table>\n<h3><span style=\"color: #000000\"><span style=\"text-decoration: underline\">Exemple d&#8217;exploitation p\u00e9dagogique &#8211; 3\u00e8me<\/span><\/span><\/h3>\n<table style=\"width: 100%\" border=\"0\" cellspacing=\"1\" cellpadding=\"1\">\n<tbody>\n<tr>\n<td style=\"text-align: left\"><strong>Pistes de situations d\u00e9clenchantes<\/strong><\/td>\n<td style=\"text-align: justify\">\n<ul>\n<li><span style=\"font-weight: 400\">les \u00e9l\u00e8ves visionnent la vid\u00e9o : <\/span><a href=\"http:\/\/sti.ac-bordeaux.fr\/techno\/j1j2prof\/cest_quoi_.html\"><span style=\"font-weight: 400\">http:\/\/sti.ac-bordeaux.fr\/techno\/j1j2prof\/cest_quoi_.html<\/span><\/a><\/li>\n<\/ul>\n<\/td>\n<\/tr>\n<tr>\n<td style=\"text-align: left\"><strong>Pistes probl\u00e8mes<\/strong> <strong>technologiques<\/strong><\/td>\n<td style=\"text-align: left\">\n<ul>\n<li style=\"font-weight: 400\"><span style=\"font-weight: 400\">pr\u00e9senter son projet googlesketchup<\/span><\/li>\n<\/ul>\n<\/td>\n<\/tr>\n<tr>\n<td style=\"text-align: left\"><strong>Ressources Outils \u00e0 exploiter<\/strong><\/td>\n<td style=\"text-align: left\">\n<ul>\n<li style=\"font-weight: 400\"><span style=\"font-weight: 400\">Logiciel google sketchup avec air m\u00e9dia<\/span><\/li>\n<li style=\"font-weight: 400\"><span style=\"font-weight: 400\">Application Aurasma \u00a0<\/span><span style=\"font-weight: 400\">(<\/span><a href=\"https:\/\/play.google.com\/store\/apps\/details?id=com.ar.augment&amp;hl=fr\"><span style=\"font-weight: 400\">Android<\/span><\/a><span style=\"font-weight: 400\"> et <\/span><a href=\"https:\/\/itunes.apple.com\/us\/app\/augment-3d-augmented-reality\/id506463171?mt=8\"><span style=\"font-weight: 400\">iOs<\/span><\/a><span style=\"font-weight: 400\">) <\/span><span style=\"font-weight: 400\">: <\/span><a href=\"https:\/\/www.aurasma.com\/\"><span style=\"font-weight: 400\">https:\/\/www.aurasma.com\/<\/span><\/a><\/li>\n<li style=\"font-weight: 400\"><span style=\"font-weight: 400\">Application <\/span><a href=\"http:\/\/augmentedev.com\/fr\/\"><span style=\"font-weight: 400\">Augment<\/span><\/a><span style=\"font-weight: 400\"> (<\/span><a href=\"https:\/\/play.google.com\/store\/apps\/details?id=com.ar.augment&amp;hl=fr\"><span style=\"font-weight: 400\">Android<\/span><\/a><span style=\"font-weight: 400\"> et <\/span><a href=\"https:\/\/itunes.apple.com\/us\/app\/augment-3d-augmented-reality\/id506463171?mt=8\"><span style=\"font-weight: 400\">iOs<\/span><\/a><span style=\"font-weight: 400\">) : \u00a0<\/span><a href=\"http:\/\/augmentedev.com\/fr\/\"><span style=\"font-weight: 400\">http:\/\/augmentedev.com\/fr\/<\/span><\/a><\/li>\n<\/ul>\n<\/td>\n<\/tr>\n<tr>\n<td style=\"text-align: left\"><strong>Pistes d\u2019activit\u00e9s<\/strong><\/td>\n<td style=\"text-align: left\">\n<ul>\n<li><span style=\"font-weight: 400\">apr\u00e8s avoir r\u00e9aliser son projet sur Googlesketchup, faire une pr\u00e9sentation dynamique avec la r\u00e9alit\u00e9 augment\u00e9e<\/span><\/li>\n<\/ul>\n<\/td>\n<\/tr>\n<tr>\n<td style=\"text-align: left\"><strong>Exemples d\u2019objets<\/strong><\/td>\n<td style=\"text-align: left\">\n<ul>\n<li>https:\/\/www.youtube.com\/watch?v=YYPbzQnuGtM<\/li>\n<li>https:\/\/www.youtube.com\/watch?v=q9GfBbN9wCI<\/li>\n<\/ul>\n<\/td>\n<\/tr>\n<\/tbody>\n<\/table>\n<h3><\/h3>\n<hr \/>\n<h3><span style=\"text-decoration: underline;color: #000000\">Pour aller plus loin<\/span><\/h3>\n<ul>\n<li><a href=\"https:\/\/fr.wikipedia.org\/wiki\/R%C3%A9alit%C3%A9_augment%C3%A9e\"><span style=\"font-weight: 400\">Wikip\u00e9dia \u00a0: https:\/\/fr.wikipedia.org\/wiki\/R%C3%A9alit%C3%A9_augment%C3%A9e<\/span><\/a><\/li>\n<li>Association de promotion de la r\u00e9alit\u00e9 augment\u00e9e : http:\/\/www.augmented-reality.fr\/<\/li>\n<li><a href=\"http:\/\/www.bordeaux-tourisme.com\/offre\/fiche\/imayana-bordeaux-xviiie-siecle-en-realite-augmentee\/OP031AQU033V500LHR\">Visite de Bordeaux au 18e si\u00e9cle &#8211; Projet Imayana : http:\/\/www.bordeaux-tourisme.com\/offre\/fiche\/imayana-bordeaux-xviiie-siecle-en-realite-augmentee\/OP031AQU033V500LHR<\/a><\/li>\n<li style=\"font-weight: 400\"><a href=\"https:\/\/www.youtube.com\/watch?v=28rxC3avugU\"><span style=\"font-weight: 400\">Entreprise fran\u00e7aise : https:\/\/www.youtube.com\/watch?v=28rxC3avugU<\/span><\/a><\/li>\n<li style=\"font-weight: 400\"><span style=\"font-weight: 400\">Des exemples : http:\/\/www.augmented-reality.fr\/cest-quoi-la-realite-augmentee\/des-exemples-dutilisation-de-la-realite-augmentee\/<\/span><\/li>\n<\/ul>\n<hr \/>\n<p><span style=\"color: #ff0000\">NB : Ces propositions sont mises \u00e0 disposition pour aider chacun dans sa r\u00e9flexion mais elles n&#8217;ont pas pu \u00eatre\u00a0finalis\u00e9es par manque de temps.\u00a0Ces fiches\u00a0seront donc am\u00e9lior\u00e9es au cours du d\u00e9but d&#8217;ann\u00e9e.<\/span><\/p>\n","protected":false},"excerpt":{"rendered":"<p>R\u00e9f\u00e9rence au texte officiel THEME :\u00a0DESIGN, INNOVATION ET CREATIVITE Connaissances et comp\u00e9tences associ\u00e9es Exemples de situations, d\u2019activit\u00e9s et de ressources<\/p>\n","protected":false},"author":210,"featured_media":0,"parent":0,"menu_order":0,"comment_status":"closed","ping_status":"closed","template":"","meta":{"footnotes":""},"class_list":["post-1931","page","type-page","status-publish","hentry"],"_links":{"self":[{"href":"https:\/\/ent2d.ac-bordeaux.fr\/disciplines\/sti-college\/wp-json\/wp\/v2\/pages\/1931","targetHints":{"allow":["GET"]}}],"collection":[{"href":"https:\/\/ent2d.ac-bordeaux.fr\/disciplines\/sti-college\/wp-json\/wp\/v2\/pages"}],"about":[{"href":"https:\/\/ent2d.ac-bordeaux.fr\/disciplines\/sti-college\/wp-json\/wp\/v2\/types\/page"}],"author":[{"embeddable":true,"href":"https:\/\/ent2d.ac-bordeaux.fr\/disciplines\/sti-college\/wp-json\/wp\/v2\/users\/210"}],"replies":[{"embeddable":true,"href":"https:\/\/ent2d.ac-bordeaux.fr\/disciplines\/sti-college\/wp-json\/wp\/v2\/comments?post=1931"}],"version-history":[{"count":1,"href":"https:\/\/ent2d.ac-bordeaux.fr\/disciplines\/sti-college\/wp-json\/wp\/v2\/pages\/1931\/revisions"}],"predecessor-version":[{"id":8395,"href":"https:\/\/ent2d.ac-bordeaux.fr\/disciplines\/sti-college\/wp-json\/wp\/v2\/pages\/1931\/revisions\/8395"}],"wp:attachment":[{"href":"https:\/\/ent2d.ac-bordeaux.fr\/disciplines\/sti-college\/wp-json\/wp\/v2\/media?parent=1931"}],"curies":[{"name":"wp","href":"https:\/\/api.w.org\/{rel}","templated":true}]}}