{"id":1929,"date":"2016-07-08T10:35:12","date_gmt":"2016-07-08T09:35:12","guid":{"rendered":"http:\/\/blogacabdx.ac-bordeaux.fr\/ressii\/?page_id=1929"},"modified":"2019-04-06T09:58:15","modified_gmt":"2019-04-06T07:58:15","slug":"c4-dic-1-4-fe4-representation-de-solutions-croquis-schemas-algorithmes","status":"publish","type":"page","link":"https:\/\/ent2d.ac-bordeaux.fr\/disciplines\/sti-college\/c4-dic-1-4-fe4-representation-de-solutions-croquis-schemas-algorithmes\/","title":{"rendered":"C4-DIC-1-4-FE4 &#8211; Repr\u00e9sentation de solutions (croquis, sch\u00e9mas, algorithmes)"},"content":{"rendered":"<hr \/>\n<h2><\/h2>\n<h3><span style=\"text-decoration: underline;color: #000000\">R\u00e9f\u00e9rence au texte officiel<\/span><\/h3>\n<h2 style=\"text-align: center\"><strong>THEME :\u00a0DESIGN, INNOVATION ET CREATIVITE<\/strong><\/h2>\n<table style=\"width: 100%\" cellspacing=\"1\" cellpadding=\"1\">\n<tbody>\n<tr>\n<td><\/td>\n<td><\/td>\n<\/tr>\n<tr>\n<td><strong>Connaissances et comp\u00e9tences associ\u00e9es<\/strong><\/td>\n<td><strong>Exemples de situations, d\u2019activit\u00e9s et de ressources pour l\u2019\u00e9l\u00e8ve<\/strong><\/td>\n<\/tr>\n<tr>\n<td colspan=\"2\"><strong>Imaginer des solutions en r\u00e9ponse aux besoins,<\/strong><br \/>\n<strong>mat\u00e9rialiser une id\u00e9e en int\u00e9grant une dimension design<\/strong><\/td>\n<\/tr>\n<tr>\n<td style=\"width: 50%;text-align: left\">\n<p style=\"text-align: left\"><strong>Imaginer des solutions pour produire des objets<\/strong><br \/>\n<strong> et des \u00e9l\u00e9ments de programmes informatiques en<\/strong><strong> r\u00e9ponse au besoin.<br \/>\nDIC-1-4-FE1\u00a0\u00bb Design.<br \/>\nDIC-1-4-FE2\u00a0\u00bb Innovation et cr\u00e9ativit\u00e9.<br \/>\nDIC-1-4-FE3\u00a0\u00bb Veille.<br \/>\nDIC-1-4-FE4\u00a0\u00bb Repr\u00e9sentation de solutions\u00a0(croquis, sch\u00e9mas, algorithmes).<br \/>\nDIC-1-4-FE5\u00a0\u00bb R\u00e9alit\u00e9 augment\u00e9e.<br \/>\nDIC-1-4-FE6\u00a0\u00bb Objets connect\u00e9s.<\/strong><\/p>\n<\/td>\n<td style=\"text-align: justify\">Environnement num\u00e9riques de travail sp\u00e9cialis\u00e9s\u00a0dans la production (CAO, Web, bases de<br \/>\nconnaissances, etc.).<br \/>\nApplications num\u00e9riques de gestion de projet\u00a0(planification, t\u00e2ches, etc.).<br \/>\nProgiciels de pr\u00e9sentation.<\/td>\n<\/tr>\n<\/tbody>\n<\/table>\n<hr \/>\n<h3><span style=\"text-decoration: underline\"><span style=\"color: #000000;text-decoration: underline\">Exemple de structuration de connaissances<\/span><\/span><\/h3>\n<p><a href=\"https:\/\/ent2d.ac-bordeaux.fr\/disciplines\/sti-college\/wp-content\/uploads\/sites\/63\/2016\/07\/DIC-1-4-FE4a-Repr\u00e9sentation-de-solutions-Croquis.jpg\"><img loading=\"lazy\" decoding=\"async\" class=\"alignnone wp-image-1956 size-full\" src=\"https:\/\/ent2d.ac-bordeaux.fr\/disciplines\/sti-college\/wp-content\/uploads\/sites\/63\/2016\/07\/DIC-1-4-FE4a-Repr\u00e9sentation-de-solutions-Croquis.jpg\" width=\"1600\" height=\"900\" srcset=\"https:\/\/ent2d.ac-bordeaux.fr\/disciplines\/sti-college\/wp-content\/uploads\/sites\/63\/2016\/07\/DIC-1-4-FE4a-Repr\u00e9sentation-de-solutions-Croquis.jpg 1600w, https:\/\/ent2d.ac-bordeaux.fr\/disciplines\/sti-college\/wp-content\/uploads\/sites\/63\/2016\/07\/DIC-1-4-FE4a-Repr\u00e9sentation-de-solutions-Croquis-300x169.jpg 300w, https:\/\/ent2d.ac-bordeaux.fr\/disciplines\/sti-college\/wp-content\/uploads\/sites\/63\/2016\/07\/DIC-1-4-FE4a-Repr\u00e9sentation-de-solutions-Croquis-768x432.jpg 768w, https:\/\/ent2d.ac-bordeaux.fr\/disciplines\/sti-college\/wp-content\/uploads\/sites\/63\/2016\/07\/DIC-1-4-FE4a-Repr\u00e9sentation-de-solutions-Croquis-1024x576.jpg 1024w\" sizes=\"auto, (max-width: 1600px) 100vw, 1600px\" \/><\/a><\/p>\n<table border=\"0\" cellspacing=\"1\" cellpadding=\"1\">\n<tbody>\n<tr>\n<td><a href=\"https:\/\/ent2d.ac-bordeaux.fr\/disciplines\/sti\/wp-content\/uploads\/sites\/41\/2016\/07\/DIC-1-4-FE4a-Repr%C3%A9sentation-de-solutions-Croquis.jpg\" target=\"_blank\" rel=\"noopener noreferrer\"><img loading=\"lazy\" decoding=\"async\" class=\"alignnone wp-image-1491\" src=\"https:\/\/ent2d.ac-bordeaux.fr\/disciplines\/sti-college\/wp-content\/uploads\/sites\/63\/2016\/06\/jpg.png\" alt=\"\" width=\"51\" height=\"51\" srcset=\"https:\/\/ent2d.ac-bordeaux.fr\/disciplines\/sti-college\/wp-content\/uploads\/sites\/63\/2016\/06\/jpg.png 256w, https:\/\/ent2d.ac-bordeaux.fr\/disciplines\/sti-college\/wp-content\/uploads\/sites\/63\/2016\/06\/jpg-150x150.png 150w\" sizes=\"auto, (max-width: 51px) 100vw, 51px\" \/><\/a><br \/>\n<a href=\"https:\/\/ent2d.ac-bordeaux.fr\/disciplines\/sti\/wp-content\/uploads\/sites\/41\/2016\/07\/DIC-1-4-FE4a-Repr%C3%A9sentation-de-solutions-Croquis.jpg\" target=\"_blank\" rel=\"noopener noreferrer\"><u><span style=\"color: #0066cc\">Fiche \u00e9l\u00e8ve format\u00a0image<\/span><\/u><\/a><\/td>\n<td><u><span style=\"color: #0066cc\"><img loading=\"lazy\" decoding=\"async\" class=\"alignnone wp-image-38\" src=\"https:\/\/ent2d.ac-bordeaux.fr\/disciplines\/sti-college\/wp-content\/uploads\/sites\/63\/2015\/03\/logoVideo2.jpg\" alt=\"logoVideo2\" width=\"50\" height=\"51\" \/><br \/>\n<\/span><\/u> Format vid\u00e9o Mp4<\/td>\n<td><img loading=\"lazy\" decoding=\"async\" class=\"alignnone wp-image-296\" src=\"https:\/\/ent2d.ac-bordeaux.fr\/disciplines\/sti-college\/wp-content\/uploads\/sites\/63\/2015\/03\/logoWebM2.jpg\" alt=\"logoWebM2\" width=\"50\" height=\"51\" \/><br \/>\nFormat vid\u00e9o Web-M<\/td>\n<td><img loading=\"lazy\" decoding=\"async\" class=\"alignnone wp-image-34\" src=\"https:\/\/ent2d.ac-bordeaux.fr\/disciplines\/sti-college\/wp-content\/uploads\/sites\/63\/2015\/03\/logoPdf2.jpg\" alt=\"logoPdf2\" width=\"50\" height=\"51\" \/><br \/>\nFiche professeur PDF<\/td>\n<\/tr>\n<\/tbody>\n<\/table>\n<p><a href=\"https:\/\/ent2d.ac-bordeaux.fr\/disciplines\/sti-college\/wp-content\/uploads\/sites\/63\/2016\/07\/DIC-1-4-FE4b-Repr\u00e9sentation-de-solutions-Sch\u00e9ma.jpg\"><img loading=\"lazy\" decoding=\"async\" class=\"alignnone wp-image-1957 size-full\" src=\"https:\/\/ent2d.ac-bordeaux.fr\/disciplines\/sti-college\/wp-content\/uploads\/sites\/63\/2016\/07\/DIC-1-4-FE4b-Repr\u00e9sentation-de-solutions-Sch\u00e9ma.jpg\" width=\"1600\" height=\"900\" srcset=\"https:\/\/ent2d.ac-bordeaux.fr\/disciplines\/sti-college\/wp-content\/uploads\/sites\/63\/2016\/07\/DIC-1-4-FE4b-Repr\u00e9sentation-de-solutions-Sch\u00e9ma.jpg 1600w, https:\/\/ent2d.ac-bordeaux.fr\/disciplines\/sti-college\/wp-content\/uploads\/sites\/63\/2016\/07\/DIC-1-4-FE4b-Repr\u00e9sentation-de-solutions-Sch\u00e9ma-300x169.jpg 300w, https:\/\/ent2d.ac-bordeaux.fr\/disciplines\/sti-college\/wp-content\/uploads\/sites\/63\/2016\/07\/DIC-1-4-FE4b-Repr\u00e9sentation-de-solutions-Sch\u00e9ma-768x432.jpg 768w, https:\/\/ent2d.ac-bordeaux.fr\/disciplines\/sti-college\/wp-content\/uploads\/sites\/63\/2016\/07\/DIC-1-4-FE4b-Repr\u00e9sentation-de-solutions-Sch\u00e9ma-1024x576.jpg 1024w\" sizes=\"auto, (max-width: 1600px) 100vw, 1600px\" \/><\/a><\/p>\n<table border=\"0\" cellspacing=\"1\" cellpadding=\"1\">\n<tbody>\n<tr>\n<td><a href=\"https:\/\/ent2d.ac-bordeaux.fr\/disciplines\/sti\/wp-content\/uploads\/sites\/41\/2016\/07\/DIC-1-4-FE4a-Repr%C3%A9sentation-de-solutions-Croquis.jpg\" target=\"_blank\" rel=\"noopener noreferrer\"><img loading=\"lazy\" decoding=\"async\" class=\"alignnone wp-image-1491\" src=\"https:\/\/ent2d.ac-bordeaux.fr\/disciplines\/sti-college\/wp-content\/uploads\/sites\/63\/2016\/06\/jpg.png\" alt=\"\" width=\"51\" height=\"51\" srcset=\"https:\/\/ent2d.ac-bordeaux.fr\/disciplines\/sti-college\/wp-content\/uploads\/sites\/63\/2016\/06\/jpg.png 256w, https:\/\/ent2d.ac-bordeaux.fr\/disciplines\/sti-college\/wp-content\/uploads\/sites\/63\/2016\/06\/jpg-150x150.png 150w\" sizes=\"auto, (max-width: 51px) 100vw, 51px\" \/><\/a><br \/>\n<a href=\"https:\/\/ent2d.ac-bordeaux.fr\/disciplines\/sti\/wp-content\/uploads\/sites\/41\/2016\/07\/DIC-1-4-FE4a-Repr%C3%A9sentation-de-solutions-Croquis.jpg\" target=\"_blank\" rel=\"noopener noreferrer\"><u><span style=\"color: #0066cc\">Fiche \u00e9l\u00e8ve format\u00a0image<\/span><\/u><\/a><\/td>\n<td><u><span style=\"color: #0066cc\"><img loading=\"lazy\" decoding=\"async\" class=\"alignnone wp-image-38\" src=\"https:\/\/ent2d.ac-bordeaux.fr\/disciplines\/sti-college\/wp-content\/uploads\/sites\/63\/2015\/03\/logoVideo2.jpg\" alt=\"logoVideo2\" width=\"50\" height=\"51\" \/><br \/>\n<\/span><\/u> Format vid\u00e9o Mp4<\/td>\n<td><img loading=\"lazy\" decoding=\"async\" class=\"alignnone wp-image-296\" src=\"https:\/\/ent2d.ac-bordeaux.fr\/disciplines\/sti-college\/wp-content\/uploads\/sites\/63\/2015\/03\/logoWebM2.jpg\" alt=\"logoWebM2\" width=\"50\" height=\"51\" \/><br \/>\nFormat vid\u00e9o Web-M<\/td>\n<td><img loading=\"lazy\" decoding=\"async\" class=\"alignnone wp-image-34\" src=\"https:\/\/ent2d.ac-bordeaux.fr\/disciplines\/sti-college\/wp-content\/uploads\/sites\/63\/2015\/03\/logoPdf2.jpg\" alt=\"logoPdf2\" width=\"50\" height=\"51\" \/><br \/>\nFiche professeur PDF<\/td>\n<\/tr>\n<\/tbody>\n<\/table>\n<p><a href=\"https:\/\/ent2d.ac-bordeaux.fr\/disciplines\/sti-college\/wp-content\/uploads\/sites\/63\/2016\/07\/DIC-1-4-FE4c-Repr\u00e9sentation-de-solutions-Algorithme.jpg\"><img loading=\"lazy\" decoding=\"async\" class=\"alignnone wp-image-1958 size-full\" src=\"https:\/\/ent2d.ac-bordeaux.fr\/disciplines\/sti-college\/wp-content\/uploads\/sites\/63\/2016\/07\/DIC-1-4-FE4c-Repr\u00e9sentation-de-solutions-Algorithme.jpg\" width=\"1600\" height=\"900\" srcset=\"https:\/\/ent2d.ac-bordeaux.fr\/disciplines\/sti-college\/wp-content\/uploads\/sites\/63\/2016\/07\/DIC-1-4-FE4c-Repr\u00e9sentation-de-solutions-Algorithme.jpg 1600w, https:\/\/ent2d.ac-bordeaux.fr\/disciplines\/sti-college\/wp-content\/uploads\/sites\/63\/2016\/07\/DIC-1-4-FE4c-Repr\u00e9sentation-de-solutions-Algorithme-300x169.jpg 300w, https:\/\/ent2d.ac-bordeaux.fr\/disciplines\/sti-college\/wp-content\/uploads\/sites\/63\/2016\/07\/DIC-1-4-FE4c-Repr\u00e9sentation-de-solutions-Algorithme-768x432.jpg 768w, https:\/\/ent2d.ac-bordeaux.fr\/disciplines\/sti-college\/wp-content\/uploads\/sites\/63\/2016\/07\/DIC-1-4-FE4c-Repr\u00e9sentation-de-solutions-Algorithme-1024x576.jpg 1024w\" sizes=\"auto, (max-width: 1600px) 100vw, 1600px\" \/><\/a><\/p>\n<table border=\"0\" cellspacing=\"1\" cellpadding=\"1\">\n<tbody>\n<tr>\n<td><a href=\"https:\/\/ent2d.ac-bordeaux.fr\/disciplines\/sti\/wp-content\/uploads\/sites\/41\/2016\/07\/DIC-1-4-FE4c-Repr%C3%A9sentation-de-solutions-Algorithme.jpg\" target=\"_blank\" rel=\"noopener noreferrer\"><img loading=\"lazy\" decoding=\"async\" class=\"alignnone wp-image-1491\" src=\"https:\/\/ent2d.ac-bordeaux.fr\/disciplines\/sti-college\/wp-content\/uploads\/sites\/63\/2016\/06\/jpg.png\" alt=\"\" width=\"51\" height=\"51\" srcset=\"https:\/\/ent2d.ac-bordeaux.fr\/disciplines\/sti-college\/wp-content\/uploads\/sites\/63\/2016\/06\/jpg.png 256w, https:\/\/ent2d.ac-bordeaux.fr\/disciplines\/sti-college\/wp-content\/uploads\/sites\/63\/2016\/06\/jpg-150x150.png 150w\" sizes=\"auto, (max-width: 51px) 100vw, 51px\" \/><\/a><br \/>\n<a href=\"https:\/\/ent2d.ac-bordeaux.fr\/disciplines\/sti\/wp-content\/uploads\/sites\/41\/2016\/07\/DIC-1-4-FE4c-Repr%C3%A9sentation-de-solutions-Algorithme.jpg\" target=\"_blank\" rel=\"noopener noreferrer\"><u><span style=\"color: #0066cc\">Fiche \u00e9l\u00e8ve format\u00a0image<\/span><\/u><\/a><\/td>\n<td><u><span style=\"color: #0066cc\"><img loading=\"lazy\" decoding=\"async\" class=\"alignnone wp-image-38\" src=\"https:\/\/ent2d.ac-bordeaux.fr\/disciplines\/sti-college\/wp-content\/uploads\/sites\/63\/2015\/03\/logoVideo2.jpg\" alt=\"logoVideo2\" width=\"50\" height=\"51\" \/><br \/>\n<\/span><\/u> Format vid\u00e9o Mp4<\/td>\n<td><img loading=\"lazy\" decoding=\"async\" class=\"alignnone wp-image-296\" src=\"https:\/\/ent2d.ac-bordeaux.fr\/disciplines\/sti-college\/wp-content\/uploads\/sites\/63\/2015\/03\/logoWebM2.jpg\" alt=\"logoWebM2\" width=\"50\" height=\"51\" \/><br \/>\nFormat vid\u00e9o Web-M<\/td>\n<td><img loading=\"lazy\" decoding=\"async\" class=\"alignnone wp-image-34\" src=\"https:\/\/ent2d.ac-bordeaux.fr\/disciplines\/sti-college\/wp-content\/uploads\/sites\/63\/2015\/03\/logoPdf2.jpg\" alt=\"logoPdf2\" width=\"50\" height=\"51\" \/><br \/>\nFiche professeur PDF<\/td>\n<\/tr>\n<\/tbody>\n<\/table>\n<hr \/>\n<h3><span style=\"color: #000000\"><span style=\"text-decoration: underline\">Exemple d&#8217;exploitation p\u00e9dagogique &#8211; 5\u00e8me<\/span><\/span><\/h3>\n<table style=\"width: 100%\" border=\"0\" cellspacing=\"1\" cellpadding=\"1\">\n<tbody>\n<tr>\n<td style=\"text-align: left\"><strong>Pistes de situations d\u00e9clenchantes<\/strong><\/td>\n<td style=\"text-align: justify\">\n<ul>\n<li style=\"font-weight: 400\"><span style=\"font-weight: 400\">Les \u00e9l\u00e8ves visionnent une vid\u00e9o sur l\u2019\u00e9vacuation des laboratoires de technologie : <\/span><a href=\"https:\/\/youtu.be\/0V2lUI15_l4\"><span style=\"font-weight: 400\">https:\/\/youtu.be\/0V2lUI15_l4<\/span><\/a><\/li>\n<\/ul>\n<\/td>\n<\/tr>\n<tr>\n<td style=\"text-align: left\"><strong>Pistes probl\u00e8mes<\/strong> <strong>technologiques<\/strong><\/td>\n<td style=\"text-align: left\">\n<ul>\n<li style=\"font-weight: 400\"><span style=\"font-weight: 400\">Quand la disposition d&#8217;un espace de travail n&#8217;est pas id\u00e9ale en cas d\u2019\u00e9vacuation, que peut-on faire ?<\/span><\/li>\n<\/ul>\n<\/td>\n<\/tr>\n<tr>\n<td style=\"text-align: left\"><strong>Ressources Outils \u00e0 exploiter<\/strong><\/td>\n<td style=\"text-align: left\">\n<ul>\n<li style=\"font-weight: 400\"><span style=\"font-weight: 400\">Logiciel SweetHome<\/span><\/li>\n<li style=\"font-weight: 400\"><span style=\"font-weight: 400\">Plans du coll\u00e8ge<\/span><\/li>\n<\/ul>\n<\/td>\n<\/tr>\n<tr>\n<td style=\"text-align: left\"><strong>Pistes d\u2019activit\u00e9s<\/strong><\/td>\n<td style=\"text-align: left\"><span style=\"font-weight: 400\">Demander aux \u00e9l\u00e8ves de :<\/span><\/p>\n<ul>\n<li style=\"font-weight: 400\"><span style=\"font-weight: 400\">Trouver des solutions d\u2019am\u00e9nagement des locaux pour am\u00e9liorer la circulation (croquis, plans).<\/span><\/li>\n<\/ul>\n<\/td>\n<\/tr>\n<tr>\n<td style=\"text-align: left\"><strong>Exemples d\u2019objets<\/strong> <strong>supports<\/strong><\/td>\n<td style=\"text-align: left\">\n<ul>\n<li>\u00a0<span style=\"font-weight: 400\">Maquette des laboratoires de technologie<\/span><\/li>\n<\/ul>\n<\/td>\n<\/tr>\n<\/tbody>\n<\/table>\n<h3><span style=\"color: #000000\"><span style=\"text-decoration: underline\">Exemple d&#8217;exploitation p\u00e9dagogique &#8211; 4\u00e8me<\/span><\/span><\/h3>\n<table style=\"width: 100%\" border=\"0\" cellspacing=\"1\" cellpadding=\"1\">\n<tbody>\n<tr>\n<td style=\"text-align: left\"><strong>Pistes de situations d\u00e9clenchantes<\/strong><\/td>\n<td style=\"text-align: justify\">\n<ul>\n<li style=\"font-weight: 400\">\n<p style=\"text-align: left\"><span style=\"font-weight: 400\">Les \u00e9l\u00e8ves visionnent une vid\u00e9o qui pr\u00e9sente un probl\u00e8me soci\u00e9tal : <\/span><span style=\"font-weight: 400\">le cambriolage : <\/span><\/p>\n<p style=\"text-align: left\"><a href=\"http:\/\/sti.ac-bordeaux.fr\/techno\/for_dune\/box_13\/Journal_de_20h_-_Rubrique_Faits_divers.mp4\"><span style=\"font-weight: 400\">http:\/\/sti.ac-bordeaux.fr\/techno\/for_dune\/box_13\/Journal_de_20h_-_Rubrique_Faits_divers.mp4<\/span><\/a><\/p>\n<\/li>\n<\/ul>\n<\/td>\n<\/tr>\n<tr>\n<td style=\"text-align: left\"><strong>Pistes probl\u00e8mes<\/strong> <strong>technologiques<\/strong><\/td>\n<td style=\"text-align: left\">\n<ul>\n<li style=\"font-weight: 400\"><span style=\"font-weight: 400\">Comment fermer un espace (jardin, terrain), tout en permettant son acc\u00e8s <\/span><span style=\"font-weight: 400\">? <\/span><\/li>\n<\/ul>\n<p><span style=\"font-weight: 400\">http:\/\/sti.ac-bordeaux.fr\/techno\/for_dune\/portail_automatise\/problmatique_1__a_la_campagne.html<\/span><\/p>\n<ul>\n<li style=\"font-weight: 400\"><span style=\"font-weight: 400\">Quelles sont les solutions possibles pour emp\u00eacher les cambriolages ?<\/span><\/li>\n<\/ul>\n<\/td>\n<\/tr>\n<tr>\n<td style=\"text-align: left\"><strong>Ressources Outils \u00e0 exploiter<\/strong><\/td>\n<td style=\"text-align: left\"><\/td>\n<\/tr>\n<tr>\n<td style=\"text-align: left\"><strong>Pistes d\u2019activit\u00e9s<\/strong><\/td>\n<td style=\"text-align: left\"><span style=\"font-weight: 400\">Demander aux \u00e9l\u00e8ves de :<\/span><\/p>\n<ul>\n<li style=\"font-weight: 400\"><span style=\"font-weight: 400\">Croquis d\u2019une cl\u00f4ture autour de la maison (photo fournie)<\/span><\/li>\n<li style=\"font-weight: 400\"><span style=\"font-weight: 400\">Sch\u00e9ma \u00e9lectrique de la pose d\u2019une alarme<\/span><\/li>\n<li style=\"font-weight: 400\"><span style=\"font-weight: 400\">Algorithme simple du fonctionnement d\u2019une alarme<\/span><\/li>\n<\/ul>\n<\/td>\n<\/tr>\n<tr>\n<td style=\"text-align: left\"><strong>Exemples d\u2019objets<\/strong> <strong>supports<\/strong><\/td>\n<td style=\"text-align: left\">\n<ul>\n<li style=\"font-weight: 400\"><span style=\"font-weight: 400\">Photo du terrain : http:\/\/sti.ac-bordeaux.fr\/techno\/for_dune\/portail_automatise\/image%20terrain%20nu%20avec%20maison.jpg<\/span><\/li>\n<li style=\"font-weight: 400\"><span style=\"font-weight: 400\">maquette de syst\u00e8me d\u2019alarme<\/span><\/li>\n<li style=\"font-weight: 400\"><span style=\"font-weight: 400\">Plan de la maison ou de l\u2019appartement \u00e0 prot\u00e9ger<\/span><\/li>\n<\/ul>\n<\/td>\n<\/tr>\n<\/tbody>\n<\/table>\n<h3><span style=\"color: #000000\"><span style=\"text-decoration: underline\">Exemple d&#8217;exploitation p\u00e9dagogique &#8211; 3\u00e8me<\/span><\/span><\/h3>\n<table style=\"width: 100%\" border=\"0\" cellspacing=\"1\" cellpadding=\"1\">\n<tbody>\n<tr>\n<td style=\"text-align: left\"><strong>Pistes de situations d\u00e9clenchantes<\/strong><\/td>\n<td style=\"text-align: justify\">\n<ul>\n<li style=\"font-weight: 400\"><span style=\"font-weight: 400\">Les \u00e9l\u00e8ves visionnent une vid\u00e9o qui pr\u00e9sente un probl\u00e8me technique dans une centrale nucl\u00e9aire : http:\/\/www.lepoint.fr\/monde\/l-accident-nucleaire-de-fukushima-explique-en-une-minute-11-03-2016-2024599_24.php<\/span><\/li>\n<\/ul>\n<\/td>\n<\/tr>\n<tr>\n<td style=\"text-align: left\"><strong>Pistes probl\u00e8mes<\/strong> <strong>technologiques<\/strong><\/td>\n<td style=\"text-align: left\">\n<ul>\n<li style=\"font-weight: 400\"><span style=\"font-weight: 400\">Comment faire un \u00e9tat des lieux dans la centrale sans \u00eatre irradi\u00e9 ?<\/span><\/li>\n<\/ul>\n<\/td>\n<\/tr>\n<tr>\n<td style=\"text-align: left\"><strong>Ressources Outils \u00e0 exploiter<\/strong><\/td>\n<td style=\"text-align: left\">\n<ul>\n<li style=\"font-weight: 400\"><span style=\"font-weight: 400\">Logiciel Scratch<\/span><\/li>\n<li style=\"font-weight: 400\"><span style=\"font-weight: 400\">Robot programmable<\/span><\/li>\n<li style=\"font-weight: 400\"><span style=\"font-weight: 400\">Plan d\u2019un b\u00e2timent<\/span><\/li>\n<\/ul>\n<\/td>\n<\/tr>\n<tr>\n<td style=\"text-align: left\"><strong>Pistes d\u2019activit\u00e9s<\/strong><\/td>\n<td style=\"text-align: left\">\n<ul>\n<li style=\"font-weight: 400\"><span style=\"font-weight: 400\">Programmation du robot pour explorer le b\u00e2timent (plans, algorithme)<\/span><\/li>\n<li style=\"font-weight: 400\"><span style=\"font-weight: 400\">Fixation d\u2019un support de fixation d\u2019une webcam wifi (croquis, plans)<\/span><\/li>\n<\/ul>\n<\/td>\n<\/tr>\n<tr>\n<td style=\"text-align: left\"><strong>Exemples d\u2019objets<\/strong><\/td>\n<td style=\"text-align: left\">\n<ul>\n<li style=\"font-weight: 400\"><span style=\"font-weight: 400\">Robot programmable<\/span><\/li>\n<\/ul>\n<\/td>\n<\/tr>\n<\/tbody>\n<\/table>\n<h3><\/h3>\n<hr \/>\n<h3><span style=\"text-decoration: underline;color: #000000\">Pour aller plus loin<\/span><\/h3>\n<hr \/>\n<p><span style=\"color: #ff0000\">NB : Ces propositions sont mises \u00e0 disposition pour aider chacun dans sa r\u00e9flexion mais elles n&#8217;ont pas pu \u00eatre\u00a0finalis\u00e9es par manque de temps.\u00a0Ces fiches\u00a0seront donc am\u00e9lior\u00e9es au cours du d\u00e9but d&#8217;ann\u00e9e.<\/span><\/p>\n","protected":false},"excerpt":{"rendered":"<p>R\u00e9f\u00e9rence au texte officiel THEME :\u00a0DESIGN, INNOVATION ET CREATIVITE Connaissances et comp\u00e9tences associ\u00e9es Exemples de situations, d\u2019activit\u00e9s et de ressources<\/p>\n","protected":false},"author":210,"featured_media":0,"parent":0,"menu_order":0,"comment_status":"closed","ping_status":"closed","template":"","meta":{"footnotes":""},"class_list":["post-1929","page","type-page","status-publish","hentry"],"_links":{"self":[{"href":"https:\/\/ent2d.ac-bordeaux.fr\/disciplines\/sti-college\/wp-json\/wp\/v2\/pages\/1929","targetHints":{"allow":["GET"]}}],"collection":[{"href":"https:\/\/ent2d.ac-bordeaux.fr\/disciplines\/sti-college\/wp-json\/wp\/v2\/pages"}],"about":[{"href":"https:\/\/ent2d.ac-bordeaux.fr\/disciplines\/sti-college\/wp-json\/wp\/v2\/types\/page"}],"author":[{"embeddable":true,"href":"https:\/\/ent2d.ac-bordeaux.fr\/disciplines\/sti-college\/wp-json\/wp\/v2\/users\/210"}],"replies":[{"embeddable":true,"href":"https:\/\/ent2d.ac-bordeaux.fr\/disciplines\/sti-college\/wp-json\/wp\/v2\/comments?post=1929"}],"version-history":[{"count":1,"href":"https:\/\/ent2d.ac-bordeaux.fr\/disciplines\/sti-college\/wp-json\/wp\/v2\/pages\/1929\/revisions"}],"predecessor-version":[{"id":8394,"href":"https:\/\/ent2d.ac-bordeaux.fr\/disciplines\/sti-college\/wp-json\/wp\/v2\/pages\/1929\/revisions\/8394"}],"wp:attachment":[{"href":"https:\/\/ent2d.ac-bordeaux.fr\/disciplines\/sti-college\/wp-json\/wp\/v2\/media?parent=1929"}],"curies":[{"name":"wp","href":"https:\/\/api.w.org\/{rel}","templated":true}]}}