{"id":1909,"date":"2016-07-08T10:22:07","date_gmt":"2016-07-08T09:22:07","guid":{"rendered":"http:\/\/blogacabdx.ac-bordeaux.fr\/ressii\/?page_id=1909"},"modified":"2019-04-06T09:57:11","modified_gmt":"2019-04-06T07:57:11","slug":"c4-dic-1-3-fe1-organisation-dun-groupe-de-projet-role-des-participants-planning-revue-de-projets","status":"publish","type":"page","link":"https:\/\/ent2d.ac-bordeaux.fr\/disciplines\/sti-college\/c4-dic-1-3-fe1-organisation-dun-groupe-de-projet-role-des-participants-planning-revue-de-projets\/","title":{"rendered":"C4-DIC-1-3-FE1 &#8211; Organisation d\u2019un groupe de projet, r\u00f4le des participants, planning, revue de projets"},"content":{"rendered":"<hr \/>\n<h2><\/h2>\n<h3><span style=\"text-decoration: underline;color: #000000\">R\u00e9f\u00e9rence au texte officiel<\/span><\/h3>\n<h2 style=\"text-align: center\"><strong>THEME :\u00a0DESIGN, INNOVATION ET CREATIVITE<\/strong><\/h2>\n<table style=\"width: 100%\" cellspacing=\"1\" cellpadding=\"1\">\n<tbody>\n<tr>\n<td><\/td>\n<td><\/td>\n<\/tr>\n<tr>\n<td><strong>Connaissances et comp\u00e9tences associ\u00e9es<\/strong><\/td>\n<td><strong>Exemples de situations, d\u2019activit\u00e9s et de ressources pour l\u2019\u00e9l\u00e8ve<\/strong><\/td>\n<\/tr>\n<tr>\n<td colspan=\"2\"><strong>Imaginer des solutions en r\u00e9ponse aux besoins,<\/strong><br \/>\n<strong>mat\u00e9rialiser une id\u00e9e en int\u00e9grant une dimension design<\/strong><\/td>\n<\/tr>\n<tr>\n<td style=\"width: 50%;text-align: left\">\n<p style=\"text-align: left\"><strong>Participer \u00e0 l\u2019organisation de projets, la d\u00e9finition<\/strong><strong> des r\u00f4les, la planification (se projeter et anticiper)<\/strong><strong> et aux revues de projet.<\/strong><br \/>\n<strong>DIC-1-3-FE1\u00a0<\/strong>\u00bb Organisation d\u2019un groupe de projet, r\u00f4le des\u00a0participants, planning, revue de projets.<\/p>\n<\/td>\n<td style=\"text-align: justify\">Organisation d\u2019un groupe de projet : r\u00e9partition\u00a0des r\u00f4les, revue de projet, pr\u00e9sentation des\u00a0r\u00e9sultats.<\/td>\n<\/tr>\n<\/tbody>\n<\/table>\n<hr \/>\n<h3><span style=\"text-decoration: underline\"><span style=\"color: #000000;text-decoration: underline\">Exemple de structuration de connaissances<\/span><\/span><\/h3>\n<p><a href=\"https:\/\/ent2d.ac-bordeaux.fr\/disciplines\/sti-college\/wp-content\/uploads\/sites\/63\/2016\/07\/DIC-1-3-FE1a-Organisation-dun-groupe-de-projet.jpg\"><img loading=\"lazy\" decoding=\"async\" class=\"alignnone wp-image-1916 size-full\" src=\"https:\/\/ent2d.ac-bordeaux.fr\/disciplines\/sti-college\/wp-content\/uploads\/sites\/63\/2016\/07\/DIC-1-3-FE1a-Organisation-dun-groupe-de-projet.jpg\" width=\"1600\" height=\"900\" srcset=\"https:\/\/ent2d.ac-bordeaux.fr\/disciplines\/sti-college\/wp-content\/uploads\/sites\/63\/2016\/07\/DIC-1-3-FE1a-Organisation-dun-groupe-de-projet.jpg 1600w, https:\/\/ent2d.ac-bordeaux.fr\/disciplines\/sti-college\/wp-content\/uploads\/sites\/63\/2016\/07\/DIC-1-3-FE1a-Organisation-dun-groupe-de-projet-300x169.jpg 300w, https:\/\/ent2d.ac-bordeaux.fr\/disciplines\/sti-college\/wp-content\/uploads\/sites\/63\/2016\/07\/DIC-1-3-FE1a-Organisation-dun-groupe-de-projet-768x432.jpg 768w, https:\/\/ent2d.ac-bordeaux.fr\/disciplines\/sti-college\/wp-content\/uploads\/sites\/63\/2016\/07\/DIC-1-3-FE1a-Organisation-dun-groupe-de-projet-1024x576.jpg 1024w\" sizes=\"auto, (max-width: 1600px) 100vw, 1600px\" \/><\/a><\/p>\n<table border=\"0\" cellspacing=\"1\" cellpadding=\"1\">\n<tbody>\n<tr>\n<td><a href=\"https:\/\/ent2d.ac-bordeaux.fr\/disciplines\/sti-college\/wp-content\/uploads\/sites\/63\/2016\/07\/DIC-1-3-FE1a-Organisation-dun-groupe-de-projet.jpg\" target=\"_blank\" rel=\"noopener noreferrer\"><img loading=\"lazy\" decoding=\"async\" class=\"alignnone wp-image-1491\" src=\"https:\/\/ent2d.ac-bordeaux.fr\/disciplines\/sti-college\/wp-content\/uploads\/sites\/63\/2016\/06\/jpg.png\" alt=\"\" width=\"51\" height=\"51\" srcset=\"https:\/\/ent2d.ac-bordeaux.fr\/disciplines\/sti-college\/wp-content\/uploads\/sites\/63\/2016\/06\/jpg.png 256w, https:\/\/ent2d.ac-bordeaux.fr\/disciplines\/sti-college\/wp-content\/uploads\/sites\/63\/2016\/06\/jpg-150x150.png 150w\" sizes=\"auto, (max-width: 51px) 100vw, 51px\" \/><\/a><br \/>\n<a href=\"https:\/\/ent2d.ac-bordeaux.fr\/disciplines\/sti-college\/wp-content\/uploads\/sites\/63\/2016\/07\/DIC-1-3-FE1a-Organisation-dun-groupe-de-projet.jpg\" target=\"_blank\" rel=\"noopener noreferrer\"><u><span style=\"color: #0066cc\">Fiche \u00e9l\u00e8ve format\u00a0image<\/span><\/u><\/a><\/td>\n<td><u><span style=\"color: #0066cc\"><img loading=\"lazy\" decoding=\"async\" class=\"alignnone wp-image-38\" src=\"https:\/\/ent2d.ac-bordeaux.fr\/disciplines\/sti-college\/wp-content\/uploads\/sites\/63\/2015\/03\/logoVideo2.jpg\" alt=\"logoVideo2\" width=\"50\" height=\"51\" \/><br \/>\n<\/span><\/u> Format vid\u00e9o Mp4<\/td>\n<td><img loading=\"lazy\" decoding=\"async\" class=\"alignnone wp-image-296\" src=\"https:\/\/ent2d.ac-bordeaux.fr\/disciplines\/sti-college\/wp-content\/uploads\/sites\/63\/2015\/03\/logoWebM2.jpg\" alt=\"logoWebM2\" width=\"50\" height=\"51\" \/><br \/>\nFormat vid\u00e9o Web-M<\/td>\n<td><img loading=\"lazy\" decoding=\"async\" class=\"alignnone wp-image-34\" src=\"https:\/\/ent2d.ac-bordeaux.fr\/disciplines\/sti-college\/wp-content\/uploads\/sites\/63\/2015\/03\/logoPdf2.jpg\" alt=\"logoPdf2\" width=\"50\" height=\"51\" \/><br \/>\nFiche professeur PDF<\/td>\n<\/tr>\n<\/tbody>\n<\/table>\n<p><a href=\"https:\/\/ent2d.ac-bordeaux.fr\/disciplines\/sti-college\/wp-content\/uploads\/sites\/63\/2016\/07\/DIC-1-3-FE1b-Organisation-dun-groupe-de-projet-Roles.jpg\"><img loading=\"lazy\" decoding=\"async\" class=\"alignnone wp-image-1917 size-full\" src=\"https:\/\/ent2d.ac-bordeaux.fr\/disciplines\/sti-college\/wp-content\/uploads\/sites\/63\/2016\/07\/DIC-1-3-FE1b-Organisation-dun-groupe-de-projet-Roles.jpg\" width=\"1600\" height=\"900\" srcset=\"https:\/\/ent2d.ac-bordeaux.fr\/disciplines\/sti-college\/wp-content\/uploads\/sites\/63\/2016\/07\/DIC-1-3-FE1b-Organisation-dun-groupe-de-projet-Roles.jpg 1600w, https:\/\/ent2d.ac-bordeaux.fr\/disciplines\/sti-college\/wp-content\/uploads\/sites\/63\/2016\/07\/DIC-1-3-FE1b-Organisation-dun-groupe-de-projet-Roles-300x169.jpg 300w, https:\/\/ent2d.ac-bordeaux.fr\/disciplines\/sti-college\/wp-content\/uploads\/sites\/63\/2016\/07\/DIC-1-3-FE1b-Organisation-dun-groupe-de-projet-Roles-768x432.jpg 768w, https:\/\/ent2d.ac-bordeaux.fr\/disciplines\/sti-college\/wp-content\/uploads\/sites\/63\/2016\/07\/DIC-1-3-FE1b-Organisation-dun-groupe-de-projet-Roles-1024x576.jpg 1024w\" sizes=\"auto, (max-width: 1600px) 100vw, 1600px\" \/><\/a><\/p>\n<table border=\"0\" cellspacing=\"1\" cellpadding=\"1\">\n<tbody>\n<tr>\n<td><a href=\"https:\/\/ent2d.ac-bordeaux.fr\/disciplines\/sti-college\/wp-content\/uploads\/sites\/63\/2016\/07\/DIC-1-3-FE1b-Organisation-dun-groupe-de-projet-Roles.jpg\" target=\"_blank\" rel=\"noopener noreferrer\"><img loading=\"lazy\" decoding=\"async\" class=\"alignnone wp-image-1491\" src=\"https:\/\/ent2d.ac-bordeaux.fr\/disciplines\/sti-college\/wp-content\/uploads\/sites\/63\/2016\/06\/jpg.png\" alt=\"\" width=\"51\" height=\"51\" srcset=\"https:\/\/ent2d.ac-bordeaux.fr\/disciplines\/sti-college\/wp-content\/uploads\/sites\/63\/2016\/06\/jpg.png 256w, https:\/\/ent2d.ac-bordeaux.fr\/disciplines\/sti-college\/wp-content\/uploads\/sites\/63\/2016\/06\/jpg-150x150.png 150w\" sizes=\"auto, (max-width: 51px) 100vw, 51px\" \/><\/a><br \/>\n<a href=\"https:\/\/ent2d.ac-bordeaux.fr\/disciplines\/sti-college\/wp-content\/uploads\/sites\/63\/2016\/07\/DIC-1-3-FE1b-Organisation-dun-groupe-de-projet-Roles.jpg\" target=\"_blank\" rel=\"noopener noreferrer\"><u><span style=\"color: #0066cc\">Fiche \u00e9l\u00e8ve format\u00a0image<\/span><\/u><\/a><\/td>\n<td><u><span style=\"color: #0066cc\"><img loading=\"lazy\" decoding=\"async\" class=\"alignnone wp-image-38\" src=\"https:\/\/ent2d.ac-bordeaux.fr\/disciplines\/sti-college\/wp-content\/uploads\/sites\/63\/2015\/03\/logoVideo2.jpg\" alt=\"logoVideo2\" width=\"50\" height=\"51\" \/><br \/>\n<\/span><\/u> Format vid\u00e9o Mp4<\/td>\n<td><img loading=\"lazy\" decoding=\"async\" class=\"alignnone wp-image-296\" src=\"https:\/\/ent2d.ac-bordeaux.fr\/disciplines\/sti-college\/wp-content\/uploads\/sites\/63\/2015\/03\/logoWebM2.jpg\" alt=\"logoWebM2\" width=\"50\" height=\"51\" \/><br \/>\nFormat vid\u00e9o Web-M<\/td>\n<td><img loading=\"lazy\" decoding=\"async\" class=\"alignnone wp-image-34\" src=\"https:\/\/ent2d.ac-bordeaux.fr\/disciplines\/sti-college\/wp-content\/uploads\/sites\/63\/2015\/03\/logoPdf2.jpg\" alt=\"logoPdf2\" width=\"50\" height=\"51\" \/><br \/>\nFiche professeur PDF<\/td>\n<\/tr>\n<\/tbody>\n<\/table>\n<p><a href=\"https:\/\/ent2d.ac-bordeaux.fr\/disciplines\/sti-college\/wp-content\/uploads\/sites\/63\/2016\/07\/DIC-1-3-FE1c-Organisation-dun-groupe-de-projet-Planning.jpg\"><img loading=\"lazy\" decoding=\"async\" class=\"alignnone wp-image-1918 size-full\" src=\"https:\/\/ent2d.ac-bordeaux.fr\/disciplines\/sti-college\/wp-content\/uploads\/sites\/63\/2016\/07\/DIC-1-3-FE1c-Organisation-dun-groupe-de-projet-Planning.jpg\" width=\"1600\" height=\"900\" srcset=\"https:\/\/ent2d.ac-bordeaux.fr\/disciplines\/sti-college\/wp-content\/uploads\/sites\/63\/2016\/07\/DIC-1-3-FE1c-Organisation-dun-groupe-de-projet-Planning.jpg 1600w, https:\/\/ent2d.ac-bordeaux.fr\/disciplines\/sti-college\/wp-content\/uploads\/sites\/63\/2016\/07\/DIC-1-3-FE1c-Organisation-dun-groupe-de-projet-Planning-300x169.jpg 300w, https:\/\/ent2d.ac-bordeaux.fr\/disciplines\/sti-college\/wp-content\/uploads\/sites\/63\/2016\/07\/DIC-1-3-FE1c-Organisation-dun-groupe-de-projet-Planning-768x432.jpg 768w, https:\/\/ent2d.ac-bordeaux.fr\/disciplines\/sti-college\/wp-content\/uploads\/sites\/63\/2016\/07\/DIC-1-3-FE1c-Organisation-dun-groupe-de-projet-Planning-1024x576.jpg 1024w\" sizes=\"auto, (max-width: 1600px) 100vw, 1600px\" \/><\/a><\/p>\n<table border=\"0\" cellspacing=\"1\" cellpadding=\"1\">\n<tbody>\n<tr>\n<td><a href=\"https:\/\/ent2d.ac-bordeaux.fr\/disciplines\/sti-college\/wp-content\/uploads\/sites\/63\/2016\/07\/DIC-1-3-FE1c-Organisation-dun-groupe-de-projet-Planning.jpg\" target=\"_blank\" rel=\"noopener noreferrer\"><img loading=\"lazy\" decoding=\"async\" class=\"alignnone wp-image-1491\" src=\"https:\/\/ent2d.ac-bordeaux.fr\/disciplines\/sti-college\/wp-content\/uploads\/sites\/63\/2016\/06\/jpg.png\" alt=\"\" width=\"51\" height=\"51\" srcset=\"https:\/\/ent2d.ac-bordeaux.fr\/disciplines\/sti-college\/wp-content\/uploads\/sites\/63\/2016\/06\/jpg.png 256w, https:\/\/ent2d.ac-bordeaux.fr\/disciplines\/sti-college\/wp-content\/uploads\/sites\/63\/2016\/06\/jpg-150x150.png 150w\" sizes=\"auto, (max-width: 51px) 100vw, 51px\" \/><\/a><br \/>\n<a href=\"https:\/\/ent2d.ac-bordeaux.fr\/disciplines\/sti-college\/wp-content\/uploads\/sites\/63\/2016\/07\/DIC-1-3-FE1c-Organisation-dun-groupe-de-projet-Planning.jpg\" target=\"_blank\" rel=\"noopener noreferrer\"><u><span style=\"color: #0066cc\">Fiche \u00e9l\u00e8ve format\u00a0image<\/span><\/u><\/a><\/td>\n<td><u><span style=\"color: #0066cc\"><img loading=\"lazy\" decoding=\"async\" class=\"alignnone wp-image-38\" src=\"https:\/\/ent2d.ac-bordeaux.fr\/disciplines\/sti-college\/wp-content\/uploads\/sites\/63\/2015\/03\/logoVideo2.jpg\" alt=\"logoVideo2\" width=\"50\" height=\"51\" \/><br \/>\n<\/span><\/u> Format vid\u00e9o Mp4<\/td>\n<td><img loading=\"lazy\" decoding=\"async\" class=\"alignnone wp-image-296\" src=\"https:\/\/ent2d.ac-bordeaux.fr\/disciplines\/sti-college\/wp-content\/uploads\/sites\/63\/2015\/03\/logoWebM2.jpg\" alt=\"logoWebM2\" width=\"50\" height=\"51\" \/><br \/>\nFormat vid\u00e9o Web-M<\/td>\n<td><img loading=\"lazy\" decoding=\"async\" class=\"alignnone wp-image-34\" src=\"https:\/\/ent2d.ac-bordeaux.fr\/disciplines\/sti-college\/wp-content\/uploads\/sites\/63\/2015\/03\/logoPdf2.jpg\" alt=\"logoPdf2\" width=\"50\" height=\"51\" \/><br \/>\nFiche professeur PDF<\/td>\n<\/tr>\n<\/tbody>\n<\/table>\n<hr \/>\n<h3><span style=\"color: #000000\"><span style=\"text-decoration: underline\">Exemple d&#8217;exploitation p\u00e9dagogique &#8211; 5\u00e8me<\/span><\/span><\/h3>\n<table style=\"width: 100%\" border=\"0\" cellspacing=\"1\" cellpadding=\"1\">\n<tbody>\n<tr>\n<td style=\"text-align: left\"><strong>Pistes de situations d\u00e9clenchantes<\/strong><\/td>\n<td style=\"text-align: justify\">\n<ul>\n<li><span style=\"font-weight: 400\">Comment construire une maison \u00e9cologique en respectant la contrainte de temps du cahier des charges.<\/span><\/li>\n<\/ul>\n<\/td>\n<\/tr>\n<tr>\n<td style=\"text-align: left\"><strong>Pistes probl\u00e8mes<\/strong> <strong>technologiques<\/strong><\/td>\n<td style=\"text-align: left\">\n<ul>\n<li style=\"font-weight: 400\"><span style=\"font-weight: 400\">D\u00e9finir l\u2019ordre des \u00e9tapes de construction d\u2019une maison et rep\u00e9rer les \u00e9tapes que l\u2019on peut faire en parall\u00e8le.<\/span><\/li>\n<\/ul>\n<\/td>\n<\/tr>\n<tr>\n<td style=\"text-align: left\"><strong>Ressources Outils \u00e0 exploiter<\/strong><\/td>\n<td style=\"text-align: left\">\n<ul>\n<li style=\"font-weight: 400\"><a href=\"https:\/\/www.youtube.com\/watch?v=7p7iPNhg9SY\"><span style=\"font-weight: 400\">https:\/\/www.youtube.com\/watch?v=7p7iPNhg9SY<\/span><\/a><\/li>\n<li style=\"font-weight: 400\"><a href=\"https:\/\/www.youtube.com\/watch?v=tSJsTbv-UAI\"><span style=\"font-weight: 400\">https:\/\/www.youtube.com\/watch?v=tSJsTbv-UAI<\/span><\/a><\/li>\n<li style=\"font-weight: 400\"><span style=\"font-weight: 400\">Diagramme Gantt<\/span><\/li>\n<li style=\"font-weight: 400\"><span style=\"font-weight: 400\">Logiciel Gantt Project<\/span><\/li>\n<\/ul>\n<\/td>\n<\/tr>\n<tr>\n<td style=\"text-align: left\"><strong>Pistes d\u2019activit\u00e9s<\/strong><\/td>\n<td style=\"text-align: left\"><span style=\"font-weight: 400\">Demander aux \u00e9l\u00e8ves de :<\/span><\/p>\n<ul>\n<li style=\"font-weight: 400\"><span style=\"font-weight: 400\">lecture d\u2019un diagramme Gantt \u00a0et identifier les r\u00f4les et les t\u00e2ches de chacun pour les \u00e9tapes de construction d\u2019une maison<\/span><\/li>\n<\/ul>\n<\/td>\n<\/tr>\n<tr>\n<td style=\"text-align: left\"><strong>Exemples d\u2019objets<\/strong> <strong>supports<\/strong><\/td>\n<td style=\"text-align: left\"><\/td>\n<\/tr>\n<\/tbody>\n<\/table>\n<h3><span style=\"color: #000000\"><span style=\"text-decoration: underline\">Exemple d&#8217;exploitation p\u00e9dagogique &#8211; 4\u00e8me<\/span><\/span><\/h3>\n<table style=\"width: 100%\" border=\"0\" cellspacing=\"1\" cellpadding=\"1\">\n<tbody>\n<tr>\n<td style=\"text-align: left\"><strong>Pistes de situations d\u00e9clenchantes<\/strong><\/td>\n<td style=\"text-align: justify\">\n<ul>\n<li><span style=\"font-weight: 400\">Les \u00e9l\u00e8ves visionnent un vid\u00e9o qui montre le probl\u00e8me des cambriolages :\u00a0<\/span><a href=\"http:\/\/sti.ac-bordeaux.fr\/techno\/for_dune\/box_13\/squence_conception_et_installation_dun_systme_dalarme.html\"><span style=\"font-weight: 400\">http:\/\/sti.ac-bordeaux.fr\/techno\/for_dune\/box_13\/squence_conception_et_installation_dun_systme_dalarme.html<\/span><\/a><a href=\"http:\/\/sti.ac-bordeaux.fr\/techno\/for_dune\/box_13\/sance_1__problmatique.html\"><span style=\"font-weight: 400\">http:\/\/sti.ac-bordeaux.fr\/techno\/for_dune\/box_13\/sance_1__problmatique.html<\/span><\/a><\/li>\n<\/ul>\n<\/td>\n<\/tr>\n<tr>\n<td style=\"text-align: left\"><strong>Pistes probl\u00e8mes<\/strong> <strong>technologiques<\/strong><\/td>\n<td style=\"text-align: left\">\n<ul>\n<li><span style=\"font-weight: 400\">comment prot\u00e9ger ma maison des cambriolages ? recherche par groupe<\/span><\/li>\n<\/ul>\n<\/td>\n<\/tr>\n<tr>\n<td style=\"text-align: left\"><strong>Ressources Outils \u00e0 exploiter<\/strong><\/td>\n<td style=\"text-align: left\">\n<ul>\n<li style=\"font-weight: 400\">http:\/\/sti.ac-bordeaux.fr\/techno\/for_dune\/box_13\/appropriation_de_la_situation3.html<\/li>\n<\/ul>\n<\/td>\n<\/tr>\n<tr>\n<td style=\"text-align: left\"><strong>Pistes d\u2019activit\u00e9s<\/strong><\/td>\n<td style=\"text-align: left\"><span style=\"font-weight: 400\">Demander aux \u00e9l\u00e8ves de :<\/span><\/p>\n<ul>\n<li style=\"font-weight: 400\"><span style=\"font-weight: 400\">faire une revue de projet pour s\u2019assurer que les \u00e9l\u00e8ves ont bien d\u00e9fini tous les points importants \u00e0 s\u00e9curiser dans une maison<\/span><\/li>\n<li style=\"font-weight: 400\"><span style=\"font-weight: 400\">Recherche d\u2019une solution pour prot\u00e9ger la maison avec proposition de chaque \u00eelot : organisation du groupe et r\u00e9partition des r\u00f4les.<\/span><\/li>\n<\/ul>\n<\/td>\n<\/tr>\n<tr>\n<td style=\"text-align: left\"><strong>Exemples d\u2019objets<\/strong> <strong>supports<\/strong><\/td>\n<td style=\"text-align: left\">\n<ul>\n<li><span style=\"font-weight: 400\">Alarme <\/span><\/li>\n<\/ul>\n<\/td>\n<\/tr>\n<\/tbody>\n<\/table>\n<h3><span style=\"color: #000000\"><span style=\"text-decoration: underline\">Exemple d&#8217;exploitation p\u00e9dagogique &#8211; 3\u00e8me<\/span><\/span><\/h3>\n<table style=\"width: 100%\" border=\"0\" cellspacing=\"1\" cellpadding=\"1\">\n<tbody>\n<tr>\n<td style=\"text-align: left\"><strong>Pistes de situations d\u00e9clenchantes<\/strong><\/td>\n<td style=\"text-align: justify\">\n<ul>\n<li style=\"font-weight: 400\"><span style=\"font-weight: 400\">Les \u00e9l\u00e8ves d\u00e9couvrent un objet en kit.<\/span><\/li>\n<li style=\"font-weight: 400\"><span style=\"font-weight: 400\">Lors d\u2019un projet, les \u00e9l\u00e8ves doivent s\u2019organiser pour r\u00e9aliser l\u2019objet.<\/span><\/li>\n<\/ul>\n<\/td>\n<\/tr>\n<tr>\n<td style=\"text-align: left\"><strong>Pistes probl\u00e8mes<\/strong> <strong>technologiques<\/strong><\/td>\n<td style=\"text-align: left\">\n<ul>\n<li style=\"font-weight: 400\"><span style=\"font-weight: 400\">Rechercher l\u2019ordre de r\u00e9alisation d\u2019un objet.<\/span><\/li>\n<li style=\"font-weight: 400\"><span style=\"font-weight: 400\">Rechercher l\u2019ordre de montage d\u2019un objet en kit.<\/span><\/li>\n<\/ul>\n<\/td>\n<\/tr>\n<tr>\n<td style=\"text-align: left\"><strong>Ressources Outils \u00e0 exploiter<\/strong><\/td>\n<td style=\"text-align: left\">\n<ul>\n<li style=\"font-weight: 400\"><span style=\"font-weight: 400\">Logiciel Gantt Project<\/span><\/li>\n<\/ul>\n<\/td>\n<\/tr>\n<tr>\n<td style=\"text-align: left\"><strong>Pistes d\u2019activit\u00e9s<\/strong><\/td>\n<td style=\"text-align: left\">\n<ul>\n<li style=\"font-weight: 400\"><span style=\"font-weight: 400\">R\u00e9aliser le diagramme Gantt du projet de l\u2019ann\u00e9e<\/span><\/li>\n<\/ul>\n<\/td>\n<\/tr>\n<tr>\n<td style=\"text-align: left\"><strong>Exemples d\u2019objets<\/strong> <strong>supports<\/strong><\/td>\n<td style=\"text-align: left\">\n<ul>\n<li style=\"font-weight: 400\"><span style=\"font-weight: 400\">Projets pluri-technologiques et communicants<\/span><\/li>\n<\/ul>\n<\/td>\n<\/tr>\n<\/tbody>\n<\/table>\n<h3><\/h3>\n<hr \/>\n<h3><span style=\"text-decoration: underline;color: #000000\">Pour aller plus loin<\/span><\/h3>\n<ul>\n<li style=\"font-weight: 400\"><span style=\"font-weight: 400\">Planning\u00a0: <\/span><a href=\"https:\/\/fr.wikipedia.org\/wiki\/Diagramme_de_Gantt\"><span style=\"font-weight: 400\">diagramme de Gantt<\/span><\/a><span style=\"font-weight: 400\"> \/ <\/span><a href=\"https:\/\/fr.wikipedia.org\/wiki\/PERT\"><span style=\"font-weight: 400\">diagramme Pert<\/span><\/a><\/li>\n<li style=\"font-weight: 400\">https:\/\/www.pedagogie.ac-aix-marseille.fr\/upload\/docs\/application\/pdf\/2012-04\/cours_planning_pert.pdf<\/li>\n<li style=\"font-weight: 400\"><span style=\"font-weight: 400\">Revue de projet\u00a0: <\/span><a href=\"http:\/\/www.techmania.fr\/revue_de_projet\/revue_de_projet.pdf\"><span style=\"font-weight: 400\">http:\/\/www.techmania.fr\/revue_de_projet\/revue_de_projet.pdf<\/span><\/a><\/li>\n<\/ul>\n<hr \/>\n<p><span style=\"color: #ff0000\">NB : Ces propositions sont mises \u00e0 disposition pour aider chacun dans sa r\u00e9flexion mais elles n&#8217;ont pas pu \u00eatre\u00a0finalis\u00e9es par manque de temps.\u00a0Ces fiches\u00a0seront donc am\u00e9lior\u00e9es au cours du d\u00e9but d&#8217;ann\u00e9e.<\/span><\/p>\n","protected":false},"excerpt":{"rendered":"<p>R\u00e9f\u00e9rence au texte officiel THEME :\u00a0DESIGN, INNOVATION ET CREATIVITE Connaissances et comp\u00e9tences associ\u00e9es Exemples de situations, d\u2019activit\u00e9s et de ressources<\/p>\n","protected":false},"author":210,"featured_media":0,"parent":0,"menu_order":0,"comment_status":"closed","ping_status":"closed","template":"","meta":{"footnotes":""},"class_list":["post-1909","page","type-page","status-publish","hentry"],"_links":{"self":[{"href":"https:\/\/ent2d.ac-bordeaux.fr\/disciplines\/sti-college\/wp-json\/wp\/v2\/pages\/1909","targetHints":{"allow":["GET"]}}],"collection":[{"href":"https:\/\/ent2d.ac-bordeaux.fr\/disciplines\/sti-college\/wp-json\/wp\/v2\/pages"}],"about":[{"href":"https:\/\/ent2d.ac-bordeaux.fr\/disciplines\/sti-college\/wp-json\/wp\/v2\/types\/page"}],"author":[{"embeddable":true,"href":"https:\/\/ent2d.ac-bordeaux.fr\/disciplines\/sti-college\/wp-json\/wp\/v2\/users\/210"}],"replies":[{"embeddable":true,"href":"https:\/\/ent2d.ac-bordeaux.fr\/disciplines\/sti-college\/wp-json\/wp\/v2\/comments?post=1909"}],"version-history":[{"count":1,"href":"https:\/\/ent2d.ac-bordeaux.fr\/disciplines\/sti-college\/wp-json\/wp\/v2\/pages\/1909\/revisions"}],"predecessor-version":[{"id":8390,"href":"https:\/\/ent2d.ac-bordeaux.fr\/disciplines\/sti-college\/wp-json\/wp\/v2\/pages\/1909\/revisions\/8390"}],"wp:attachment":[{"href":"https:\/\/ent2d.ac-bordeaux.fr\/disciplines\/sti-college\/wp-json\/wp\/v2\/media?parent=1909"}],"curies":[{"name":"wp","href":"https:\/\/api.w.org\/{rel}","templated":true}]}}