{"id":1894,"date":"2016-07-08T09:52:17","date_gmt":"2016-07-08T08:52:17","guid":{"rendered":"http:\/\/blogacabdx.ac-bordeaux.fr\/ressii\/?page_id=1894"},"modified":"2019-04-06T09:56:42","modified_gmt":"2019-04-06T07:56:42","slug":"c4-dic-1-2-fe1-outils-numeriques-de-presentation","status":"publish","type":"page","link":"https:\/\/ent2d.ac-bordeaux.fr\/disciplines\/sti-college\/c4-dic-1-2-fe1-outils-numeriques-de-presentation\/","title":{"rendered":"C4-DIC-1-2-FE1 &#8211; Outils num\u00e9riques de pr\u00e9sentation"},"content":{"rendered":"<hr \/>\n<h2><\/h2>\n<h3><span style=\"text-decoration: underline;color: #000000\">R\u00e9f\u00e9rence au texte officiel<\/span><\/h3>\n<h2 style=\"text-align: center\"><strong>THEME :\u00a0DESIGN, INNOVATION ET CREATIVITE<\/strong><\/h2>\n<table style=\"width: 100%\" cellspacing=\"1\" cellpadding=\"1\">\n<tbody>\n<tr>\n<td><\/td>\n<td><\/td>\n<\/tr>\n<tr>\n<td><strong>Connaissances et comp\u00e9tences associ\u00e9es<\/strong><\/td>\n<td><strong>Exemples de situations, d\u2019activit\u00e9s et de ressources pour l\u2019\u00e9l\u00e8ve<\/strong><\/td>\n<\/tr>\n<tr>\n<td colspan=\"2\"><strong>Imaginer des solutions en r\u00e9ponse aux besoins,<\/strong><br \/>\n<strong>mat\u00e9rialiser une id\u00e9e en int\u00e9grant une dimension design<\/strong><\/td>\n<\/tr>\n<tr>\n<td style=\"width: 50%;text-align: left\">\n<p style=\"text-align: left\"><strong>Imaginer, synth\u00e9tiser et formaliser une\u00a0proc\u00e9dure, un protocole.<\/strong><br \/>\n<strong>DIC-1-2-FE1<\/strong> \u00bb Outils num\u00e9riques de pr\u00e9sentation.<br \/>\n<strong>DIC-1-2-FE2<\/strong> \u00bb Charte graphique.<\/p>\n<\/td>\n<td style=\"text-align: justify\">Pr\u00e9sentation d\u2019objets techniques dans leur\u00a0environnement et du besoin auquel ils\u00a0r\u00e9pondent.<\/p>\n<p>Formalisation ou analyse d\u2019un cahier des charges\u00a0pour faire \u00e9voluer un objet technique ou pour\u00a0imaginer un nouvel objet technique r\u00e9pondant \u00e0\u00a0un besoin nouveau ou en \u00e9volution.<\/td>\n<\/tr>\n<\/tbody>\n<\/table>\n<hr \/>\n<h3><span style=\"text-decoration: underline\"><span style=\"color: #000000;text-decoration: underline\">Exemple de structuration de connaissances<\/span><\/span><\/h3>\n<p><a href=\"https:\/\/ent2d.ac-bordeaux.fr\/disciplines\/sti-college\/wp-content\/uploads\/sites\/63\/2016\/07\/DIC-1-2-FE1-Outils-num\u00e9riques-de-pr\u00e9sentation.jpg\"><img loading=\"lazy\" decoding=\"async\" class=\"alignnone wp-image-1901 size-full\" src=\"https:\/\/ent2d.ac-bordeaux.fr\/disciplines\/sti-college\/wp-content\/uploads\/sites\/63\/2016\/07\/DIC-1-2-FE1-Outils-num\u00e9riques-de-pr\u00e9sentation.jpg\" width=\"1600\" height=\"900\" srcset=\"https:\/\/ent2d.ac-bordeaux.fr\/disciplines\/sti-college\/wp-content\/uploads\/sites\/63\/2016\/07\/DIC-1-2-FE1-Outils-num\u00e9riques-de-pr\u00e9sentation.jpg 1600w, https:\/\/ent2d.ac-bordeaux.fr\/disciplines\/sti-college\/wp-content\/uploads\/sites\/63\/2016\/07\/DIC-1-2-FE1-Outils-num\u00e9riques-de-pr\u00e9sentation-300x169.jpg 300w, https:\/\/ent2d.ac-bordeaux.fr\/disciplines\/sti-college\/wp-content\/uploads\/sites\/63\/2016\/07\/DIC-1-2-FE1-Outils-num\u00e9riques-de-pr\u00e9sentation-768x432.jpg 768w, https:\/\/ent2d.ac-bordeaux.fr\/disciplines\/sti-college\/wp-content\/uploads\/sites\/63\/2016\/07\/DIC-1-2-FE1-Outils-num\u00e9riques-de-pr\u00e9sentation-1024x576.jpg 1024w\" sizes=\"auto, (max-width: 1600px) 100vw, 1600px\" \/><\/a><\/p>\n<table border=\"0\" cellspacing=\"1\" cellpadding=\"1\">\n<tbody>\n<tr>\n<td><a href=\"https:\/\/ent2d.ac-bordeaux.fr\/disciplines\/sti\/wp-content\/uploads\/sites\/41\/2016\/07\/DIC-1-2-FE1-Outils-num%C3%A9riques-de-pr%C3%A9sentation.jpg\" target=\"_blank\" rel=\"noopener noreferrer\"><img loading=\"lazy\" decoding=\"async\" class=\"alignnone wp-image-1491\" src=\"https:\/\/ent2d.ac-bordeaux.fr\/disciplines\/sti-college\/wp-content\/uploads\/sites\/63\/2016\/06\/jpg.png\" alt=\"\" width=\"51\" height=\"51\" srcset=\"https:\/\/ent2d.ac-bordeaux.fr\/disciplines\/sti-college\/wp-content\/uploads\/sites\/63\/2016\/06\/jpg.png 256w, https:\/\/ent2d.ac-bordeaux.fr\/disciplines\/sti-college\/wp-content\/uploads\/sites\/63\/2016\/06\/jpg-150x150.png 150w\" sizes=\"auto, (max-width: 51px) 100vw, 51px\" \/><\/a><br \/>\n<a href=\"https:\/\/ent2d.ac-bordeaux.fr\/disciplines\/sti\/wp-content\/uploads\/sites\/41\/2016\/07\/DIC-1-2-FE1-Outils-num%C3%A9riques-de-pr%C3%A9sentation.jpg\" target=\"_blank\" rel=\"noopener noreferrer\"><u><span style=\"color: #0066cc\">Fiche \u00e9l\u00e8ve format\u00a0image<\/span><\/u><\/a><\/td>\n<td><u><span style=\"color: #0066cc\"><img loading=\"lazy\" decoding=\"async\" class=\"alignnone wp-image-38\" src=\"https:\/\/ent2d.ac-bordeaux.fr\/disciplines\/sti-college\/wp-content\/uploads\/sites\/63\/2015\/03\/logoVideo2.jpg\" alt=\"logoVideo2\" width=\"50\" height=\"51\" \/><br \/>\n<\/span><\/u> Format vid\u00e9o Mp4<\/td>\n<td><img loading=\"lazy\" decoding=\"async\" class=\"alignnone wp-image-296\" src=\"https:\/\/ent2d.ac-bordeaux.fr\/disciplines\/sti-college\/wp-content\/uploads\/sites\/63\/2015\/03\/logoWebM2.jpg\" alt=\"logoWebM2\" width=\"50\" height=\"51\" \/><br \/>\nFormat vid\u00e9o Web-M<\/td>\n<td><img loading=\"lazy\" decoding=\"async\" class=\"alignnone wp-image-34\" src=\"https:\/\/ent2d.ac-bordeaux.fr\/disciplines\/sti-college\/wp-content\/uploads\/sites\/63\/2015\/03\/logoPdf2.jpg\" alt=\"logoPdf2\" width=\"50\" height=\"51\" \/><br \/>\nFiche professeur PDF<\/td>\n<\/tr>\n<\/tbody>\n<\/table>\n<hr \/>\n<h3><span style=\"color: #000000\"><span style=\"text-decoration: underline\">Exemple d&#8217;exploitation p\u00e9dagogique &#8211; 5\u00e8me<\/span><\/span><\/h3>\n<table style=\"width: 100%\" border=\"0\" cellspacing=\"1\" cellpadding=\"1\">\n<tbody>\n<tr>\n<td style=\"text-align: left\"><strong>Pistes de situations d\u00e9clenchantes<\/strong><\/td>\n<td style=\"text-align: justify\">\n<ul>\n<li><span style=\"font-weight: 400\">Les \u00e9l\u00e8ves ont cherch\u00e9 les diff\u00e9rents ponts de Bordeaux et doivent r\u00e9fl\u00e9chir sur l\u2019int\u00e9gration du nouveau pont de Floirac.<\/span><\/li>\n<li>Les \u00e9l\u00e8ves doivent r\u00e9fl\u00e9chir \u00e0 une construction \u00e9cologique pour l\u2019int\u00e9grer dans le nouveau \u00e9co-quartier de leur ville.<\/li>\n<\/ul>\n<\/td>\n<\/tr>\n<tr>\n<td style=\"text-align: left\"><strong>Pistes probl\u00e8mes<\/strong> <strong>technologiques<\/strong><\/td>\n<td style=\"text-align: left\">\n<ul>\n<li><span style=\"font-weight: 400\">Comment franchir la rivi\u00e8re qui s\u00e9pare 2 rives, sans emp\u00e9cher la venue des paquebots\u00a0? Quelles sont les diff\u00e9rentes contraintes \u00e0 respecter\u00a0?<\/span><\/li>\n<li>Comment r\u00e9abiliter un quartier en \u00e9co quartier\u00a0? Quelles sont les diff\u00e9rents point \u00e0 rendre \u00e9colo..\u00a0?<\/li>\n<\/ul>\n<\/td>\n<\/tr>\n<tr>\n<td style=\"text-align: left\"><strong>Ressources Outils \u00e0 exploiter<\/strong><\/td>\n<td style=\"text-align: left\">\n<ul>\n<li style=\"font-weight: 400\"><span style=\"font-weight: 400\">Internet<\/span><\/li>\n<li style=\"font-weight: 400\"><span style=\"font-weight: 400\">Vid\u00e9o sur l\u2019\u00e9tat actuel de la circulation \u00e0 Bdx et sur la construction du\u00a0Z\u00e9nith<\/span><\/li>\n<li style=\"font-weight: 400\"><span style=\"font-weight: 400\">Vues et plan de masse du quartier \u00e0 r\u00e9habiliter<\/span><\/li>\n<li style=\"font-weight: 400\"><span style=\"font-weight: 400\">Freemind \u00e0 compl\u00e9ter<\/span><\/li>\n<\/ul>\n<\/td>\n<\/tr>\n<tr>\n<td style=\"text-align: left\"><strong>Pistes d\u2019activit\u00e9s<\/strong><\/td>\n<td style=\"text-align: left\"><span style=\"font-weight: 400\">Demander aux \u00e9l\u00e8ves de :<\/span><\/p>\n<ul>\n<li style=\"font-weight: 400\"><span style=\"font-weight: 400\">Reconstituer des lign\u00e9es d\u2019objets \u00e0 partir de propositions d\u2019objets, de principes de fonctionnement et de dates <\/span><\/li>\n<li style=\"font-weight: 400\"><span style=\"font-weight: 400\">Recenser les diff\u00e9rents ponts de bdx<\/span><\/li>\n<li style=\"font-weight: 400\"><span style=\"font-weight: 400\">Se questionner sur l\u2019utilit\u00e9 d\u2019un 7\u00b0 pont\u00a0?<\/span><\/li>\n<li style=\"font-weight: 400\"><span style=\"font-weight: 400\">Quelles sont les orientations \u00e9cologiques \u00e0 respecter <\/span><\/li>\n<\/ul>\n<\/td>\n<\/tr>\n<tr>\n<td style=\"text-align: left\"><strong>Exemples d\u2019objets<\/strong> <strong>supports<\/strong><\/td>\n<td style=\"text-align: left\">\n<ul>\n<li style=\"font-weight: 400\"><span style=\"font-weight: 400\">Questionnement d\u2019objets riches dans leur \u00e9volution V\u00e9lo \u2013 \u00e9clairage urbain \u2013 t\u00e9l\u00e9phone \u2013 etc<\/span><\/li>\n<\/ul>\n<\/td>\n<\/tr>\n<\/tbody>\n<\/table>\n<h3><span style=\"color: #000000\"><span style=\"text-decoration: underline\">Exemple d&#8217;exploitation p\u00e9dagogique &#8211; 4\u00e8me<\/span><\/span><\/h3>\n<table style=\"width: 100%\" border=\"0\" cellspacing=\"1\" cellpadding=\"1\">\n<tbody>\n<tr>\n<td style=\"text-align: left\"><strong>Pistes de situations d\u00e9clenchantes<\/strong><\/td>\n<td style=\"text-align: justify\">\n<ul>\n<li><span style=\"font-weight: 400\">Les \u00e9l\u00e8ves doivent int\u00e9grer une alarme dans leur habitat. En fonction des pi\u00e8ces, ils doivent mettre en place des strat\u00e9gies pour s\u00e9curiser de fa\u00e7on invisible leur maison.<\/span><\/li>\n<\/ul>\n<\/td>\n<\/tr>\n<tr>\n<td style=\"text-align: left\"><strong>Pistes probl\u00e8mes<\/strong> <strong>technologiques<\/strong><\/td>\n<td style=\"text-align: left\">\n<ul>\n<li><span style=\"font-weight: 400\">Ou placer les diff\u00e9rents \u00e9l\u00e9ments de s\u00e9curit\u00e9 d\u2019une alarme\u00a0? Quels angles sont couverts\u00a0?<\/span><\/li>\n<\/ul>\n<\/td>\n<\/tr>\n<tr>\n<td style=\"text-align: left\"><strong>Ressources Outils \u00e0 exploiter<\/strong><\/td>\n<td style=\"text-align: left\">\n<ul>\n<li style=\"font-weight: 400\"><span style=\"font-weight: 400\">Maquette d\u2019une maison A4, autoprog, divers capteurs,<\/span><\/li>\n<li style=\"font-weight: 400\"><span style=\"font-weight: 400\">Respecter l\u2019ordre d\u2019installation et mise en place des capteurs<\/span><\/li>\n<\/ul>\n<\/td>\n<\/tr>\n<tr>\n<td style=\"text-align: left\"><strong>Pistes d\u2019activit\u00e9s<\/strong><\/td>\n<td style=\"text-align: left\"><span style=\"font-weight: 400\">Demander aux \u00e9l\u00e8ves de :<\/span><\/p>\n<ul>\n<li style=\"font-weight: 400\"><span style=\"font-weight: 400\">Placer dans une lign\u00e9e d\u2019objets des inventions ayant chang\u00e9es les solutions techniques adopt\u00e9es<\/span><\/li>\n<li style=\"font-weight: 400\"><span style=\"font-weight: 400\">Mise en place d\u2019une alarme<\/span><\/li>\n<li style=\"font-weight: 400\"><span style=\"font-weight: 400\">Avec Scratch, mod\u00e9liser l\u2019int\u00e9rieur des objets et simuler une intrusion<\/span><\/li>\n<\/ul>\n<\/td>\n<\/tr>\n<tr>\n<td style=\"text-align: left\"><strong>Exemples d\u2019objets<\/strong> <strong>supports<\/strong><\/td>\n<td style=\"text-align: left\">\n<ul>\n<li><span style=\"font-weight: 400\">Projets simples avec d\u00e9veloppement de l\u2019\u00e9tude fonctionnelle<\/span><\/li>\n<\/ul>\n<\/td>\n<\/tr>\n<\/tbody>\n<\/table>\n<h3><span style=\"color: #000000\"><span style=\"text-decoration: underline\">Exemple d&#8217;exploitation p\u00e9dagogique &#8211; 3\u00e8me<\/span><\/span><\/h3>\n<table style=\"width: 100%\" border=\"0\" cellspacing=\"1\" cellpadding=\"1\">\n<tbody>\n<tr>\n<td style=\"text-align: left\"><strong>Pistes de situations d\u00e9clenchantes<\/strong><\/td>\n<td style=\"text-align: justify\">\n<ul>\n<li><span style=\"font-weight: 400\">Les \u00e9l\u00e8ves participent \u00e0 un concours de robotique inter classe. Ils doivent cr\u00e9er un ch\u00e2ssis ext\u00e9rieur respectant plusieurs contraintes. Ils doivent planifier leurs travaux et leurs programmations avec un Gantt.<\/span><\/li>\n<\/ul>\n<\/td>\n<\/tr>\n<tr>\n<td style=\"text-align: left\"><strong>Pistes probl\u00e8mes<\/strong> <strong>technologiques<\/strong><\/td>\n<td style=\"text-align: left\">\n<ul>\n<li><span style=\"font-weight: 400\">Quelles t\u00e2ches doivent \u00eatre faite, par qui et dans quel ordre\u00a0?<\/span><\/li>\n<\/ul>\n<\/td>\n<\/tr>\n<tr>\n<td style=\"text-align: left\"><strong>Ressources Outils \u00e0 exploiter<\/strong><\/td>\n<td style=\"text-align: left\">\n<ul>\n<li><span style=\"font-weight: 400\">Gantt Project<\/span><\/li>\n<\/ul>\n<\/td>\n<\/tr>\n<tr>\n<td style=\"text-align: left\"><strong>Pistes d\u2019activit\u00e9s<\/strong><\/td>\n<td style=\"text-align: left\">\n<ul>\n<li style=\"font-weight: 400\"><span style=\"font-weight: 400\">Comparer les \u00e9volutions de deux objets du point de vue fonctionnel, structurel, environnemental, technique, scientifique, social, historique, \u00e9conomique et les pr\u00e9senter sous une forme num\u00e9rique choisie<\/span><\/li>\n<\/ul>\n<\/td>\n<\/tr>\n<tr>\n<td style=\"text-align: left\"><strong>Exemples d\u2019objets<\/strong> <strong>supports<\/strong><\/td>\n<td style=\"text-align: left\">\n<ul>\n<li style=\"font-weight: 400\"><span style=\"font-weight: 400\">Projets pluri-technologiques et communicants<\/span><\/li>\n<li style=\"font-weight: 400\"><span style=\"font-weight: 400\">Mbot, Moto Prog, n\u2019importe quel robot am\u00e9liorable<\/span><\/li>\n<\/ul>\n<\/td>\n<\/tr>\n<\/tbody>\n<\/table>\n<h3><\/h3>\n<hr \/>\n<h3><span style=\"text-decoration: underline;color: #000000\">Pour aller plus loin<\/span><\/h3>\n<ul>\n<li>&#8230;<\/li>\n<\/ul>\n<hr \/>\n<p><span style=\"color: #ff0000\">NB : Ces propositions sont mises \u00e0 disposition pour aider chacun dans sa r\u00e9flexion mais elles n&#8217;ont pas pu \u00eatre\u00a0finalis\u00e9es par manque de temps.\u00a0Ces fiches\u00a0seront donc am\u00e9lior\u00e9es au cours du d\u00e9but d&#8217;ann\u00e9e.<\/span><\/p>\n","protected":false},"excerpt":{"rendered":"<p>R\u00e9f\u00e9rence au texte officiel THEME :\u00a0DESIGN, INNOVATION ET CREATIVITE Connaissances et comp\u00e9tences associ\u00e9es Exemples de situations, d\u2019activit\u00e9s et de ressources<\/p>\n","protected":false},"author":210,"featured_media":0,"parent":0,"menu_order":0,"comment_status":"closed","ping_status":"closed","template":"","meta":{"footnotes":""},"class_list":["post-1894","page","type-page","status-publish","hentry"],"_links":{"self":[{"href":"https:\/\/ent2d.ac-bordeaux.fr\/disciplines\/sti-college\/wp-json\/wp\/v2\/pages\/1894","targetHints":{"allow":["GET"]}}],"collection":[{"href":"https:\/\/ent2d.ac-bordeaux.fr\/disciplines\/sti-college\/wp-json\/wp\/v2\/pages"}],"about":[{"href":"https:\/\/ent2d.ac-bordeaux.fr\/disciplines\/sti-college\/wp-json\/wp\/v2\/types\/page"}],"author":[{"embeddable":true,"href":"https:\/\/ent2d.ac-bordeaux.fr\/disciplines\/sti-college\/wp-json\/wp\/v2\/users\/210"}],"replies":[{"embeddable":true,"href":"https:\/\/ent2d.ac-bordeaux.fr\/disciplines\/sti-college\/wp-json\/wp\/v2\/comments?post=1894"}],"version-history":[{"count":1,"href":"https:\/\/ent2d.ac-bordeaux.fr\/disciplines\/sti-college\/wp-json\/wp\/v2\/pages\/1894\/revisions"}],"predecessor-version":[{"id":8388,"href":"https:\/\/ent2d.ac-bordeaux.fr\/disciplines\/sti-college\/wp-json\/wp\/v2\/pages\/1894\/revisions\/8388"}],"wp:attachment":[{"href":"https:\/\/ent2d.ac-bordeaux.fr\/disciplines\/sti-college\/wp-json\/wp\/v2\/media?parent=1894"}],"curies":[{"name":"wp","href":"https:\/\/api.w.org\/{rel}","templated":true}]}}