{"id":1788,"date":"2016-07-07T07:46:44","date_gmt":"2016-07-07T06:46:44","guid":{"rendered":"http:\/\/blogacabdx.ac-bordeaux.fr\/ressii\/?page_id=1788"},"modified":"2019-04-06T09:20:43","modified_gmt":"2019-04-06T07:20:43","slug":"c3-mmei-3-1a-lenergie-existe-sous-di%c2%81fferentes-formes-energie-associee-a-un-objet-en-mouvement-energie-thermique-electrique","status":"publish","type":"page","link":"https:\/\/ent2d.ac-bordeaux.fr\/disciplines\/sti-college\/c3-mmei-3-1a-lenergie-existe-sous-di%c2%81fferentes-formes-energie-associee-a-un-objet-en-mouvement-energie-thermique-electrique\/","title":{"rendered":"C3-MMEI-3-1a &#8211; L\u2019\u00e9nergie existe sous diff\u00e9rentes formes (\u00e9nergie associ\u00e9e \u00e0 un objet en mouvement, \u00e9nergie thermique, \u00e9lectrique\u2026)"},"content":{"rendered":"<hr \/>\n<h2><\/h2>\n<h3><span style=\"text-decoration: underline;color: #000000\">R\u00e9f\u00e9rence au texte officiel<\/span><\/h3>\n<h2 style=\"text-align: center\"><strong>THEME : MATERIAUX ET OBJETS TECHNIQUES<\/strong><\/h2>\n<table style=\"width: 100%\" cellspacing=\"1\" cellpadding=\"1\">\n<tbody>\n<tr>\n<td><\/td>\n<td><\/td>\n<\/tr>\n<tr>\n<td><strong>Connaissances et comp\u00e9tences associ\u00e9es<\/strong><\/td>\n<td><strong>Exemples de situations, d\u2019activit\u00e9s et de ressources pour l\u2019\u00e9l\u00e8ve<\/strong><\/td>\n<\/tr>\n<tr>\n<td style=\"text-align: center\" colspan=\"2\"><strong>Identifier diff\u00e9rentes sources et connaitre quelques conversions d\u2019\u00e9nergie<\/strong><\/td>\n<\/tr>\n<tr>\n<td style=\"width: 50%;text-align: left\">\n<p style=\"text-align: left\"><strong>Identifier des sources d\u2019\u00e9nergie et des formes.<\/strong><br \/>\n<strong>MMEI-3-1a<\/strong> \u00bb L\u2019\u00e9nergie existe sous diff\u00e9rentes formes\u00a0(\u00e9nergie associ\u00e9e \u00e0 un objet en mouvement,\u00a0\u00e9nergie thermique, \u00e9lectrique\u2026).<\/p>\n<p style=\"text-align: left\"><strong>MMEI-3-2<\/strong> &#8211; Prendre conscience que l\u2019\u00eatre humain a besoin\u00a0d\u2019\u00e9nergie pour vivre, se chauffer, se d\u00e9placer,\u00a0s\u2019\u00e9clairer\u2026<\/p>\n<p style=\"text-align: left\"><strong>Reconnaitre les situations o\u00f9 l\u2019\u00e9nergie est\u00a0stock\u00e9e, transform\u00e9e, utilis\u00e9e.\u00a0La fabrication et le\u00a0fonctionnement d\u2019un objet technique n\u00e9cessitent\u00a0de l\u2019\u00e9nergie.<\/strong><br \/>\n<strong>MMEI-3-3a<\/strong> \u00bb Exemples de sources d\u2019\u00e9nergie utilis\u00e9es par\u00a0les \u00eatres humains : charbon, p\u00e9trole, bois,\u00a0uranium, aliments, vent, Soleil, eau et\u00a0barrage, pile\u2026<br \/>\n<strong>MMEI-3-3b<\/strong> \u00bb Notion d\u2019\u00e9nergie renouvelable.<br \/>\n<strong>MMEI-3-3c<\/strong> \u00bb Identifier quelques \u00e9l\u00e9ments d\u2019une chaine\u00a0d\u2019\u00e9nergie\u00a0domestique simple.<br \/>\n<strong>MMEI-3-3d<\/strong> \u00bb Quelques dispositifs visant \u00e0 \u00e9conomiser la\u00a0consommation d\u2019\u00e9nergie<a href=\"https:\/\/ent2d.ac-bordeaux.fr\/disciplines\/sti\/c3-mmei-3-4d-quelques-dispositifs-visant-a-economiser-la-consommation-denergie\/\">.<\/a><\/p>\n<\/td>\n<td style=\"text-align: justify\">L\u2019\u00e9nergie associ\u00e9e \u00e0 un objet en mouvement apparait comme une forme d\u2019\u00e9nergie facile\u00a0\u00e0 percevoir par l\u2019\u00e9l\u00e8ve, et comme pouvant se\u00a0convertir en \u00e9nergie thermique.<\/p>\n<p>Le professeur peut privil\u00e9gier la mise en oeuvre\u00a0de dispositifs exp\u00e9rimentaux analys\u00e9s sous leurs\u00a0aspects \u00e9nerg\u00e9tiques: \u00e9olienne, circuit \u00e9lectrique\u00a0simple, dispositif de freinage, moulin \u00e0 eau, objet\u00a0technique\u2026<\/p>\n<p>On prend appui sur des exemples simples\u00a0(v\u00e9lo qui freine, objets du quotidien, l\u2019\u00eatre\u00a0humain en introduisant les formes d\u2019\u00e9nergie\u00a0mobilis\u00e9es et les diff\u00e9rentes consommations (par\u00a0exemple : \u00e9nergie thermique, \u00e9nergie associ\u00e9e\u00a0au mouvement d\u2019un objet, \u00e9nergie \u00e9lectrique,\u00a0\u00e9nergie associ\u00e9e \u00e0 une r\u00e9action chimique, \u00e9nergie\u00a0lumineuse\u2026).<\/p>\n<p>Exemples de consommation domestique\u00a0(chauffage, lumi\u00e8re, ordinateur, transports).<\/td>\n<\/tr>\n<\/tbody>\n<\/table>\n<hr \/>\n<h3><span style=\"color: #000000\">Exemple de structuration de connaissances<\/span><\/h3>\n<p><a href=\"https:\/\/ent2d.ac-bordeaux.fr\/disciplines\/sti-college\/wp-content\/uploads\/sites\/63\/2016\/11\/C3-MMEI-3-1a-FormesEnergies.jpg\"><img loading=\"lazy\" decoding=\"async\" class=\"alignnone wp-image-3416 size-full\" src=\"https:\/\/ent2d.ac-bordeaux.fr\/disciplines\/sti-college\/wp-content\/uploads\/sites\/63\/2016\/11\/C3-MMEI-3-1a-FormesEnergies.jpg\" width=\"1600\" height=\"900\" srcset=\"https:\/\/ent2d.ac-bordeaux.fr\/disciplines\/sti-college\/wp-content\/uploads\/sites\/63\/2016\/11\/C3-MMEI-3-1a-FormesEnergies.jpg 1600w, https:\/\/ent2d.ac-bordeaux.fr\/disciplines\/sti-college\/wp-content\/uploads\/sites\/63\/2016\/11\/C3-MMEI-3-1a-FormesEnergies-300x169.jpg 300w, https:\/\/ent2d.ac-bordeaux.fr\/disciplines\/sti-college\/wp-content\/uploads\/sites\/63\/2016\/11\/C3-MMEI-3-1a-FormesEnergies-768x432.jpg 768w, https:\/\/ent2d.ac-bordeaux.fr\/disciplines\/sti-college\/wp-content\/uploads\/sites\/63\/2016\/11\/C3-MMEI-3-1a-FormesEnergies-1024x576.jpg 1024w\" sizes=\"auto, (max-width: 1600px) 100vw, 1600px\" \/><\/a><\/p>\n<table border=\"0\" cellspacing=\"1\" cellpadding=\"1\">\n<tbody>\n<tr>\n<td><a href=\"https:\/\/blogacabdx.ac-bordeaux.fr\/ressii\/wp-content\/uploads\/sites\/10\/2016\/11\/C3-MMEI-3-1a-FormesEnergies.jpg\" target=\"_blank\" rel=\"noopener noreferrer\"><img loading=\"lazy\" decoding=\"async\" class=\"alignnone wp-image-1491\" src=\"https:\/\/ent2d.ac-bordeaux.fr\/disciplines\/sti-college\/wp-content\/uploads\/sites\/63\/2016\/06\/jpg.png\" width=\"51\" height=\"51\" srcset=\"https:\/\/ent2d.ac-bordeaux.fr\/disciplines\/sti-college\/wp-content\/uploads\/sites\/63\/2016\/06\/jpg.png 256w, https:\/\/ent2d.ac-bordeaux.fr\/disciplines\/sti-college\/wp-content\/uploads\/sites\/63\/2016\/06\/jpg-150x150.png 150w\" sizes=\"auto, (max-width: 51px) 100vw, 51px\" \/><\/a><br \/>\n<a href=\"https:\/\/blogacabdx.ac-bordeaux.fr\/ressii\/wp-content\/uploads\/sites\/10\/2016\/11\/C3-MMEI-3-1a-FormesEnergies.jpg\" target=\"_blank\" rel=\"noopener noreferrer\">Fiche \u00e9l\u00e8ve format\u00a0image<\/a><\/td>\n<td><img loading=\"lazy\" decoding=\"async\" class=\"alignnone wp-image-38\" src=\"https:\/\/ent2d.ac-bordeaux.fr\/disciplines\/sti-college\/wp-content\/uploads\/sites\/63\/2015\/03\/logoVideo2.jpg\" alt=\"logoVideo2\" width=\"50\" height=\"51\" \/><br \/>\nFormat vid\u00e9o Mp4<\/td>\n<td><a href=\"https:\/\/ent2d.ac-bordeaux.fr\/disciplines\/sti-college\/wp-content\/uploads\/sites\/63\/2016\/09\/C3-MMEI3a-FormesEnergies.pdf\" target=\"_blank\" rel=\"noopener noreferrer\"><img loading=\"lazy\" decoding=\"async\" class=\"alignnone wp-image-3196\" src=\"https:\/\/ent2d.ac-bordeaux.fr\/disciplines\/sti-college\/wp-content\/uploads\/sites\/63\/2016\/09\/pdf_eleve.jpg\" alt=\"\" width=\"52\" height=\"52\" \/><\/a><br \/>\n<a href=\"https:\/\/ent2d.ac-bordeaux.fr\/disciplines\/sti-college\/wp-content\/uploads\/sites\/63\/2016\/09\/C3-MMEI3a-FormesEnergies.pdf\" target=\"_blank\" rel=\"noopener noreferrer\">Fiche \u00e9l\u00e8ve PDF<\/a><\/td>\n<td><a href=\"https:\/\/ent2d.ac-bordeaux.fr\/disciplines\/sti-college\/wp-content\/uploads\/sites\/63\/2016\/09\/ST_MMEI_Identifier-diff\u00e9rentes-sources-et-connaitre-quelques-conversions-d\u00e9nergie.pdf\" target=\"_blank\" rel=\"noopener noreferrer\"><img loading=\"lazy\" decoding=\"async\" class=\"alignnone wp-image-3194\" src=\"https:\/\/ent2d.ac-bordeaux.fr\/disciplines\/sti-college\/wp-content\/uploads\/sites\/63\/2016\/09\/pdf_prof.jpg\" alt=\"\" width=\"52\" height=\"52\" \/><\/a><br \/>\n<a href=\"https:\/\/ent2d.ac-bordeaux.fr\/disciplines\/sti-college\/wp-content\/uploads\/sites\/63\/2016\/09\/ST_MMEI_Identifier-diff\u00e9rentes-sources-et-connaitre-quelques-conversions-d\u00e9nergie.pdf\" target=\"_blank\" rel=\"noopener noreferrer\">Fiche professeur PDF<\/a><\/td>\n<\/tr>\n<\/tbody>\n<\/table>\n<hr \/>\n<h3><span style=\"color: #000000\"><span style=\"text-decoration: underline\">Exemple d&#8217;exploitation p\u00e9dagogique<\/span><\/span><\/h3>\n<table style=\"width: 100%\" border=\"0\" cellspacing=\"1\" cellpadding=\"1\">\n<tbody>\n<tr>\n<td style=\"text-align: left\"><strong>Pistes de situations d\u00e9clenchantes<\/strong><\/td>\n<td style=\"text-align: justify\">\n<ul>\n<li><span style=\"font-weight: 400\">Partir des besoins en \u00e9nergie des objets techniques de l\u2019environnement de l\u2019\u00e9l\u00e8ve et s\u2019interroger sur l\u2019origine des \u00e9nergies utilis\u00e9es.<\/span><\/li>\n<li>Partir d\u2019exemples comme un montage photo ou vid\u00e9o d\u2019une personne qui est dans le d\u00e9sert avec un t\u00e9l\u00e9phone portable dans une main et un chargeur dans l\u2019autre. Amener les \u00e9l\u00e8ves \u00e0 se poser la question de la source d\u2019\u00e9nergie pour recharger ce portable. (chargeur solaire)<\/li>\n<\/ul>\n<\/td>\n<\/tr>\n<tr>\n<td style=\"text-align: left\"><strong>Pistes probl\u00e8mes<\/strong> <strong>technologiques<\/strong><\/td>\n<td style=\"text-align: left\">\n<ul>\n<li><span style=\"font-weight: 400\">D&#8217;o\u00f9 vient l\u2019\u00e9nergie que nous utilisons ? O\u00f9 trouver de l\u2019\u00e9nergie ?<\/span><\/li>\n<li><span style=\"font-weight: 400\">Comment se forme l\u2019\u00e9nergie que nous utilisons pour le fonctionnement des objets techniques ?<\/span><\/li>\n<li>Comment choisir les \u00e9nergies \u00e0 partir des sources \u00e0 disposition ?<\/li>\n<\/ul>\n<\/td>\n<\/tr>\n<tr>\n<td style=\"text-align: left\"><strong>Ressources Outils \u00e0 exploiter<\/strong><\/td>\n<td style=\"text-align: left\">&nbsp;<\/p>\n<ul>\n<li style=\"font-weight: 400\"><span style=\"font-weight: 400\">Ressources documentaires et animations des sites type CEA, EDF, explorateurs \u00e9nergie<\/span><\/li>\n<\/ul>\n<ul>\n<li style=\"font-weight: 400\"><span style=\"font-weight: 400\">Exp\u00e9rimentations avec panneaux solaires, \u00e9oliennes \u2026<\/span><\/li>\n<\/ul>\n<ul>\n<li style=\"font-weight: 400\"><span style=\"font-weight: 400\">Animations <\/span><a href=\"http:\/\/portail.cea.fr\/multimedia\/Pages\/animations.aspx\"><span style=\"font-weight: 400\">CEA<\/span><\/a><span style=\"font-weight: 400\"> (<\/span><a href=\"http:\/\/portail.cea.fr\/multimedia\/Pages\/animations.aspx\"><span style=\"font-weight: 400\">portail.cea.fr\/multimedia\/Pages\/animations.aspx<\/span><\/a><span style=\"font-weight: 400\">)<\/span><\/li>\n<li style=\"font-weight: 400\"><span style=\"font-weight: 400\">Ressources m\u00e9dia EDF :<\/span>\n<ul>\n<li style=\"font-weight: 400\"><span style=\"font-weight: 400\"><a href=\"https:\/\/www.edf.fr\/groupe-edf\/espaces-dedies\/l-energie-de-a-a-z\">https:\/\/www.edf.fr\/groupe-edf\/espaces-dedies\/l-energie-de-a-a-z<\/a><\/span><\/li>\n<li style=\"font-weight: 400\"><span style=\"font-weight: 400\"><a href=\"http:\/\/enseignants.edf.com\/mediatheque\/video\">http:\/\/enseignants.edf.com\/mediatheque\/video<\/a><\/span><\/li>\n<li style=\"font-weight: 400\"><a href=\"http:\/\/www.edf.com\/html\/ecole_energie\/\"><span style=\"font-weight: 400\">http:\/\/www.edf.com\/html\/ecole_energie\/<\/span><\/a><\/li>\n<\/ul>\n<\/li>\n<\/ul>\n<ul>\n<li style=\"font-weight: 400\"><span style=\"font-weight: 400\">Les diff\u00e9rents modes de production de l\u2019\u00e9nergie par RTS.ch<\/span>\n<ul>\n<li style=\"font-weight: 400\"><a href=\"http:\/\/info.tsr.ch\/infographies\/energie\/energie.php\"><span style=\"font-weight: 400\">http:\/\/info.tsr.ch\/infographies\/energie\/energie.php<\/span><\/a><\/li>\n<\/ul>\n<\/li>\n<\/ul>\n<ul>\n<li style=\"font-weight: 400\"><span style=\"font-weight: 400\">Les explorateurs de l\u2019\u00e9nergie <\/span><a href=\"http:\/\/www.explorateurs-energie.com\/\"><span style=\"font-weight: 400\">http:\/\/www.explorateurs-energie.com\/<\/span><\/a><\/li>\n<li style=\"font-weight: 400\"><span style=\"font-weight: 400\">vid\u00e9os et animations du site educapoles.org <\/span>\n<ul>\n<li style=\"font-weight: 400\"><span style=\"font-weight: 400\"><a href=\"http:\/\/www.educapoles.org\/fr\/\">http:\/\/www.educapoles.org\/fr\/<\/a><\/span><\/li>\n<\/ul>\n<\/li>\n<li style=\"font-weight: 400\"><span style=\"font-weight: 400\">Animations et questionnaire sur les \u00e9nergies<\/span>\n<ul>\n<li style=\"font-weight: 400\"><a href=\"https:\/\/fr.brainpop.com\/sciencesdelaterre\/energie\/sourcesdenergie\/\"><span style=\"font-weight: 400\">https:\/\/fr.brainpop.com\/sciencesdelaterre\/energie\/sourcesdenergie\/<\/span><\/a><\/li>\n<\/ul>\n<\/li>\n<\/ul>\n<\/td>\n<\/tr>\n<tr>\n<td style=\"text-align: left\"><strong>Pistes d\u2019activit\u00e9s<\/strong><\/td>\n<td style=\"text-align: left\"><span style=\"font-weight: 400\">Demander aux \u00e9l\u00e8ves de :<\/span><\/p>\n<ul>\n<li style=\"font-weight: 400\"><span style=\"font-weight: 400\">Identifier les \u00e9nergies d\u2019entr\u00e9e des objets techniques \u00e9tudi\u00e9s,<\/span><\/li>\n<li style=\"font-weight: 400\"><span style=\"font-weight: 400\">Rep\u00e9rer la source d\u2019\u00e9nergie utilis\u00e9e (soleil, vent \u2026),<\/span><\/li>\n<li style=\"font-weight: 400\"><span style=\"font-weight: 400\">Expliquer comment se forme telle ou telle source d\u2019\u00e9nergie.<\/span><\/li>\n<\/ul>\n<\/td>\n<\/tr>\n<tr>\n<td style=\"text-align: left\"><strong>Exemples d\u2019objets<\/strong> <strong>supports<\/strong><\/td>\n<td style=\"text-align: left\">\n<ul>\n<li style=\"font-weight: 400\"><span style=\"font-weight: 400\">Eventail de moyens de transports (maquettes) fonctionnant avec des \u00e9nergies diff\u00e9rentes (un par \u00eelot)<\/span><\/li>\n<li style=\"font-weight: 400\"><span style=\"font-weight: 400\">On prend appui sur des exemples simples : v\u00e9lo qui freine, objets du quotidien<\/span><\/li>\n<li><span style=\"font-weight: 400\">Ex : solaire (<\/span><a href=\"http:\/\/www.a4.fr\/kit-individuel-soldrag-avec-grappes-rouges.html\"><span style=\"font-weight: 400\">http:\/\/www.a4.fr\/kit-individuel-soldrag-avec-grappes-rouges.html<\/span><\/a><span style=\"font-weight: 400\">) ; \u00e9olien (<\/span><a href=\"http:\/\/www.a4.fr\/kit-individuel-char-a-voile-avec-grappe-propulso-noire.html\"><span style=\"font-weight: 400\">http:\/\/www.a4.fr\/kit-individuel-char-a-voile-avec-grappe-propulso-noire.html<\/span><\/a><span style=\"font-weight: 400\"> + <\/span><a href=\"http:\/\/www.a4.fr\/polypropylene-bleu-translucide-0-5-300-x-400-voile-cav.html\"><span style=\"font-weight: 400\">http:\/\/www.a4.fr\/polypropylene-bleu-translucide-0-5-300-x-400-voile-cav.html<\/span><\/a><span style=\"font-weight: 400\"> + <\/span><a href=\"http:\/\/www.a4.fr\/kit-individuel-option-radiocommande-pour-char-a-voile-4159.htm\"><span style=\"font-weight: 400\">http:\/\/www.a4.fr\/kit-individuel-option-radiocommande-pour-char-a-voile-4159.htm<\/span><\/a><span style=\"font-weight: 400\">l<\/span><span style=\"font-weight: 400\"> ) ; musculaire (<\/span><a href=\"http:\/\/www.a4.fr\/kit-individuel-dragster-ressort-avec-grappe-grise.html\"><span style=\"font-weight: 400\">http:\/\/www.a4.fr\/kit-individuel-dragster-ressort-avec-grappe-grise.html<\/span><\/a><span style=\"font-weight: 400\">) ; chimique hydrog\u00e8ne (<\/span><a href=\"http:\/\/www.a4.fr\/voiture-a-hydrogene-a-pile-reversible.html\"><span style=\"font-weight: 400\">http:\/\/www.a4.fr\/voiture-a-hydrogene-a-pile-reversible.html<\/span><\/a><span style=\"font-weight: 400\">) ; chimique pile \u00e9lectrique (<\/span><a href=\"http:\/\/www.a4.fr\/kit-individuel-dragster-courroie-avec-grappe-grise.html\"><span style=\"font-weight: 400\">http:\/\/www.a4.fr\/kit-individuel-dragster-courroie-avec-grappe-grise.html<\/span><\/a><span style=\"font-weight: 400\">) ; chimique air comprim\u00e9 (<\/span><a href=\"http:\/\/www.natureetdecouvertes.com\/cadeau-enfant\/jeux-jouets-6-10-ans\/jeux-scientifiques\/voiture-aero-propulsee-30145210\"><span style=\"font-weight: 400\">http:\/\/www.natureetdecouvertes.com\/cadeau-enfant\/jeux-jouets-6-10-ans\/jeux-scientifiques\/voiture-aero-propulsee-30145210<\/span><\/a><span style=\"font-weight: 400\">) ; etc.<\/span><\/li>\n<\/ul>\n<\/td>\n<\/tr>\n<\/tbody>\n<\/table>\n<hr \/>\n<h3><\/h3>\n<hr \/>\n<h3><span style=\"text-decoration: underline;color: #000000\">Pour aller plus loin<\/span><\/h3>\n<ul>\n<li><a href=\"http:\/\/www.connaissancedesenergies.org\/\" target=\"_blank\" rel=\"noopener noreferrer\">Connaissance Des Energies<\/a><\/li>\n<li><a href=\"http:\/\/portail.cea.fr\/multimedia\" target=\"_blank\" rel=\"noopener noreferrer\">M\u00e9diath\u00e8que du CEA<\/a><\/li>\n<li><a href=\"http:\/\/www.planete-energies.com\/fr\" target=\"_blank\" rel=\"noopener noreferrer\">Plan\u00e8te Energies<\/a><\/li>\n<li><a href=\"http:\/\/www.education-developpement-durable.fr\/index.php\" target=\"_blank\" rel=\"noopener noreferrer\"><span style=\"font-weight: 400\">Education D\u00e9veloppement durable<\/span><\/a><\/li>\n<li><a href=\"http:\/\/www.edd.ac-versailles.fr\/spip.php?rubrique37#pagination_articles\" target=\"_blank\" rel=\"noopener noreferrer\">Edd de l\u2019acad\u00e9mie de Versailles<\/a><\/li>\n<li><a href=\"http:\/\/www.education-developpement-durable.fr\/dtp.php?type=med&amp;cat=cartes\" target=\"_blank\" rel=\"noopener noreferrer\">Education D\u00e9veloppement durable<\/a><\/li>\n<li><a href=\"http:\/\/www.fnh.org\/naturoscope\/Energie.htm\" target=\"_blank\" rel=\"noopener noreferrer\">Naturoscope : Energie<\/a><\/li>\n<li><a href=\"http:\/\/www.insee.fr\/fr\/methodes\/default.asp?page=definitions\/liste-definitions.htm\" target=\"_blank\" rel=\"noopener noreferrer\">D\u00e9finitions de L\u2019Insee<\/a><\/li>\n<li><a href=\"http:\/\/www.fondation-lamap.org\/sites\/default\/files\/upload\/media\/minisites\/EIST\/PDF\/Comment_fonctionne_le_monde_Energie_et_energies_092010.pdf\" target=\"_blank\" rel=\"noopener noreferrer\">Fondation LAMAP<\/a><\/li>\n<li><a href=\"http:\/\/www.pactes-energie.org\/\" target=\"_blank\" rel=\"noopener noreferrer\">Pactes Energies (ressources documentaires, vid\u00e9o\u2026)<\/a><\/li>\n<li><a href=\"http:\/\/www.japprends-lenergie.fr\/ressources\/wiki-energie\/ressource\/sommaire\" target=\"_blank\" rel=\"noopener noreferrer\">J\u2019apprends l\u2019Energie<\/a><\/li>\n<\/ul>\n<p>&nbsp;<\/p>\n<hr \/>\n<h3><\/h3>\n","protected":false},"excerpt":{"rendered":"<p>R\u00e9f\u00e9rence au texte officiel THEME : MATERIAUX ET OBJETS TECHNIQUES Connaissances et comp\u00e9tences associ\u00e9es Exemples de situations, d\u2019activit\u00e9s et de<\/p>\n","protected":false},"author":210,"featured_media":0,"parent":0,"menu_order":0,"comment_status":"closed","ping_status":"closed","template":"","meta":{"footnotes":""},"class_list":["post-1788","page","type-page","status-publish","hentry"],"_links":{"self":[{"href":"https:\/\/ent2d.ac-bordeaux.fr\/disciplines\/sti-college\/wp-json\/wp\/v2\/pages\/1788","targetHints":{"allow":["GET"]}}],"collection":[{"href":"https:\/\/ent2d.ac-bordeaux.fr\/disciplines\/sti-college\/wp-json\/wp\/v2\/pages"}],"about":[{"href":"https:\/\/ent2d.ac-bordeaux.fr\/disciplines\/sti-college\/wp-json\/wp\/v2\/types\/page"}],"author":[{"embeddable":true,"href":"https:\/\/ent2d.ac-bordeaux.fr\/disciplines\/sti-college\/wp-json\/wp\/v2\/users\/210"}],"replies":[{"embeddable":true,"href":"https:\/\/ent2d.ac-bordeaux.fr\/disciplines\/sti-college\/wp-json\/wp\/v2\/comments?post=1788"}],"version-history":[{"count":1,"href":"https:\/\/ent2d.ac-bordeaux.fr\/disciplines\/sti-college\/wp-json\/wp\/v2\/pages\/1788\/revisions"}],"predecessor-version":[{"id":8352,"href":"https:\/\/ent2d.ac-bordeaux.fr\/disciplines\/sti-college\/wp-json\/wp\/v2\/pages\/1788\/revisions\/8352"}],"wp:attachment":[{"href":"https:\/\/ent2d.ac-bordeaux.fr\/disciplines\/sti-college\/wp-json\/wp\/v2\/media?parent=1788"}],"curies":[{"name":"wp","href":"https:\/\/api.w.org\/{rel}","templated":true}]}}