{"id":1755,"date":"2016-07-06T15:02:14","date_gmt":"2016-07-06T14:02:14","guid":{"rendered":"http:\/\/blogacabdx.ac-bordeaux.fr\/ressii\/?page_id=1755"},"modified":"2019-04-06T09:36:02","modified_gmt":"2019-04-06T07:36:02","slug":"c3-mot-5d-usage-de-logiciels-usuels","status":"publish","type":"page","link":"https:\/\/ent2d.ac-bordeaux.fr\/disciplines\/sti-college\/c3-mot-5d-usage-de-logiciels-usuels\/","title":{"rendered":"C3-MOT-5d &#8211; Usage de logiciels usuels"},"content":{"rendered":"<hr \/>\n<h2><\/h2>\n<h3><span style=\"text-decoration: underline;color: #000000\">R\u00e9f\u00e9rence au texte officiel<\/span><\/h3>\n<h2 style=\"text-align: center\"><strong>THEME : MATERIAUX ET OBJETS TECHNIQUES<\/strong><\/h2>\n<table style=\"width: 100%\" cellspacing=\"1\" cellpadding=\"1\">\n<tbody>\n<tr>\n<td><\/td>\n<td><\/td>\n<\/tr>\n<tr>\n<td><strong>Connaissances et comp\u00e9tences associ\u00e9es<\/strong><\/td>\n<td><strong>Exemples de situations, d\u2019activit\u00e9s et de ressources pour l\u2019\u00e9l\u00e8ve<\/strong><\/td>\n<\/tr>\n<tr>\n<td style=\"text-align: center\" colspan=\"2\"><strong>Rep\u00e9rer et comprendre la communication et la gestion de l\u2019information<\/strong><\/td>\n<\/tr>\n<tr>\n<td style=\"width: 50%;text-align: left\"><strong>MOT-5a\u00a0<\/strong>\u00bb Environnement num\u00e9rique de travail.<br \/>\n<strong>MOT-5b\u00a0<\/strong>\u00bb Le stockage des donn\u00e9es, notions\u00a0d\u2019algorithmes, les objets programmables.<br \/>\n<strong>MOT-5c\u00a0<\/strong>\u00bb Usage des moyens num\u00e9riques dans un\u00a0r\u00e9seau.<br \/>\n<strong>MOT-5d\u00a0<\/strong>\u00bb Usage de logiciels usuels.<\/td>\n<td style=\"text-align: justify\">Les \u00e9l\u00e8ves apprennent \u00e0 connaitre\u00a0l\u2019organisation d\u2019un environnement\u00a0num\u00e9rique. Ils d\u00e9crivent un syst\u00e8me technique\u00a0par ses composants et leurs relations. Les\u00a0\u00e9l\u00e8ves d\u00e9couvrent l\u2019algorithme en utilisant des\u00a0logiciels d\u2019applications visuelles et ludiques.<br \/>\nIls exploitent les moyens informatiques en\u00a0pratiquant le travail collaboratif. Les \u00e9l\u00e8ves\u00a0maitrisent le fonctionnement de logiciels<br \/>\nusuels et s\u2019approprient leur fonctionnement.<\/td>\n<\/tr>\n<\/tbody>\n<\/table>\n<hr \/>\n<h3><span style=\"text-decoration: underline\"><span style=\"color: #000000;text-decoration: underline\">Exemple de structuration de connaissances<\/span><\/span><\/h3>\n<p><a href=\"https:\/\/ent2d.ac-bordeaux.fr\/disciplines\/sti-college\/wp-content\/uploads\/sites\/63\/2016\/11\/C3-MOT-5d-LogicielsUsuels.jpg\"><img loading=\"lazy\" decoding=\"async\" class=\"alignnone wp-image-3446 size-full\" src=\"https:\/\/ent2d.ac-bordeaux.fr\/disciplines\/sti-college\/wp-content\/uploads\/sites\/63\/2016\/11\/C3-MOT-5d-LogicielsUsuels.jpg\" width=\"1600\" height=\"900\" srcset=\"https:\/\/ent2d.ac-bordeaux.fr\/disciplines\/sti-college\/wp-content\/uploads\/sites\/63\/2016\/11\/C3-MOT-5d-LogicielsUsuels.jpg 1600w, https:\/\/ent2d.ac-bordeaux.fr\/disciplines\/sti-college\/wp-content\/uploads\/sites\/63\/2016\/11\/C3-MOT-5d-LogicielsUsuels-300x169.jpg 300w, https:\/\/ent2d.ac-bordeaux.fr\/disciplines\/sti-college\/wp-content\/uploads\/sites\/63\/2016\/11\/C3-MOT-5d-LogicielsUsuels-768x432.jpg 768w, https:\/\/ent2d.ac-bordeaux.fr\/disciplines\/sti-college\/wp-content\/uploads\/sites\/63\/2016\/11\/C3-MOT-5d-LogicielsUsuels-1024x576.jpg 1024w\" sizes=\"auto, (max-width: 1600px) 100vw, 1600px\" \/><\/a><\/p>\n<table border=\"0\" cellspacing=\"1\" cellpadding=\"1\">\n<tbody>\n<tr>\n<td><a href=\"https:\/\/blogacabdx.ac-bordeaux.fr\/ressii\/wp-content\/uploads\/sites\/10\/2016\/11\/C3-MOT-5d-LogicielsUsuels.jpg\" target=\"_blank\" rel=\"noopener noreferrer\"><img loading=\"lazy\" decoding=\"async\" class=\"alignnone wp-image-1491\" src=\"https:\/\/ent2d.ac-bordeaux.fr\/disciplines\/sti-college\/wp-content\/uploads\/sites\/63\/2016\/06\/jpg.png\" width=\"51\" height=\"51\" srcset=\"https:\/\/ent2d.ac-bordeaux.fr\/disciplines\/sti-college\/wp-content\/uploads\/sites\/63\/2016\/06\/jpg.png 256w, https:\/\/ent2d.ac-bordeaux.fr\/disciplines\/sti-college\/wp-content\/uploads\/sites\/63\/2016\/06\/jpg-150x150.png 150w\" sizes=\"auto, (max-width: 51px) 100vw, 51px\" \/><\/a><br \/>\n<a href=\"https:\/\/blogacabdx.ac-bordeaux.fr\/ressii\/wp-content\/uploads\/sites\/10\/2016\/11\/C3-MOT-5d-LogicielsUsuels.jpg\" target=\"_blank\" rel=\"noopener noreferrer\"><span style=\"color: #0066cc\">Fiche \u00e9l\u00e8ve format\u00a0image<\/span><\/a><\/td>\n<td><u><span style=\"color: #0066cc\"><img loading=\"lazy\" decoding=\"async\" class=\"alignnone wp-image-38\" src=\"https:\/\/ent2d.ac-bordeaux.fr\/disciplines\/sti-college\/wp-content\/uploads\/sites\/63\/2015\/03\/logoVideo2.jpg\" alt=\"logoVideo2\" width=\"50\" height=\"51\" \/><br \/>\n<\/span><\/u> Format vid\u00e9o Mp4<\/td>\n<td><a href=\"https:\/\/ent2d.ac-bordeaux.fr\/disciplines\/sti-college\/wp-content\/uploads\/sites\/63\/2016\/11\/C3-MOT-5d-LogicielsUsuels.pdf\" target=\"_blank\" rel=\"noopener noreferrer\"><img loading=\"lazy\" decoding=\"async\" class=\"alignnone wp-image-3196\" src=\"https:\/\/ent2d.ac-bordeaux.fr\/disciplines\/sti-college\/wp-content\/uploads\/sites\/63\/2016\/09\/pdf_eleve.jpg\" width=\"52\" height=\"52\" \/><\/a><br \/>\n<a href=\"https:\/\/ent2d.ac-bordeaux.fr\/disciplines\/sti-college\/wp-content\/uploads\/sites\/63\/2016\/11\/C3-MOT-5d-LogicielsUsuels.pdf\" target=\"_blank\" rel=\"noopener noreferrer\">Fiche \u00e9l\u00e8ve PDF<\/a><\/td>\n<td><a href=\"https:\/\/ent2d.ac-bordeaux.fr\/disciplines\/sti-college\/wp-content\/uploads\/sites\/63\/2016\/09\/FPv7-ST_MOT_5-Communication-et-la-gestion-de-linformation.docx.pdf\" target=\"_blank\" rel=\"noopener noreferrer\"><img loading=\"lazy\" decoding=\"async\" class=\"alignnone wp-image-3194\" src=\"https:\/\/ent2d.ac-bordeaux.fr\/disciplines\/sti-college\/wp-content\/uploads\/sites\/63\/2016\/09\/pdf_prof.jpg\" width=\"52\" height=\"52\" \/><\/a><br \/>\n<a href=\"https:\/\/ent2d.ac-bordeaux.fr\/disciplines\/sti-college\/wp-content\/uploads\/sites\/63\/2016\/09\/FPv7-ST_MOT_5-Communication-et-la-gestion-de-linformation.docx.pdf\" target=\"_blank\" rel=\"noopener noreferrer\"><span style=\"color: #0066cc\">Fiche professeur PDF<\/span><\/a><\/td>\n<\/tr>\n<\/tbody>\n<\/table>\n<hr \/>\n<h3><span style=\"color: #000000\"><span style=\"text-decoration: underline\">Exemple d&#8217;exploitation p\u00e9dagogique<\/span><\/span><\/h3>\n<table style=\"width: 100%\" border=\"0\" cellspacing=\"1\" cellpadding=\"1\">\n<tbody>\n<tr>\n<td style=\"text-align: left\"><strong>Pistes de situations d\u00e9clenchantes<\/strong><\/td>\n<td style=\"text-align: justify\"><span style=\"font-weight: 400\">Les \u00e9l\u00e8ves vont avoir besoin de mener de multiples activit\u00e9s des recherches, d\u2019exp\u00e9rimentations et de productions de documents num\u00e9riques tout au long de l\u2019ann\u00e9e. Des postes informatiques connect\u00e9s au r\u00e9seau de l\u2019\u00e9tablissement sont \u00e0 leur disposition.<\/span><\/p>\n<ul>\n<li><span style=\"font-weight: 400\">Partir de chaque situation d\u2019activit\u00e9s pour utiliser diff\u00e9rents logiciels usuels<\/span><\/li>\n<\/ul>\n<\/td>\n<\/tr>\n<tr>\n<td style=\"text-align: left\"><strong>Pistes probl\u00e8mes<\/strong> <strong>technologiques<\/strong><\/td>\n<td style=\"text-align: left\">\n<ul>\n<li><span style=\"font-weight: 400\">Avec quels logiciels effectuer des recherches et comment les utiliser ?<\/span><\/li>\n<li><span style=\"font-weight: 400\">Avec quels logiciels pr\u00e9senter les r\u00e9sultats des recherches, comment les utiliser ?<\/span><\/li>\n<li><span style=\"font-weight: 400\">Avec quels logiciels observer des mod\u00e9lisations num\u00e9riques et comment les utiliser ? &#8230;<\/span><\/li>\n<li><span style=\"font-weight: 400\">A quoi servent tous ces raccourcis sur le bureau de l\u2019ordinateur ?<\/span><\/li>\n<li>Que nous faut-il de plus que les postes informatiques pour mener \u00e0 bien nos activit\u00e9s ?<\/li>\n<\/ul>\n<\/td>\n<\/tr>\n<tr>\n<td style=\"text-align: left\"><strong>Ressources Outils \u00e0 exploiter<\/strong><\/td>\n<td style=\"text-align: left\">\n<ul>\n<li style=\"font-weight: 400\"><span style=\"font-weight: 400\">Mat\u00e9riel informatique et logiciels install\u00e9s de la salle de Sciences et Technologies.<\/span><\/li>\n<li style=\"font-weight: 400\"><span style=\"font-weight: 400\">Navigateur internet et logiciels de bureautique comme la suite gratuite LibreOffice<\/span><\/li>\n<li style=\"font-weight: 400\"><span style=\"font-weight: 400\">Animations du site Technoflash <\/span><a href=\"http:\/\/www.techno-flash.com\/\"><span style=\"font-weight: 400\">http:\/\/www.techno-flash.com\/<\/span><\/a><\/li>\n<\/ul>\n<\/td>\n<\/tr>\n<tr>\n<td style=\"text-align: left\"><strong>Pistes d\u2019activit\u00e9s<\/strong><\/td>\n<td style=\"text-align: left\">\n<ul>\n<li style=\"font-weight: 400\"><span style=\"font-weight: 400\">Rechercher sur le bureau des postes de la salle de Sciences et Technologie au moins un logiciel pour \u2026 Cr\u00e9er un document texte, cr\u00e9er un diaporama \u2026, afficher des pages internet&#8230; <\/span><\/li>\n<li style=\"font-weight: 400\"><span style=\"font-weight: 400\">Utiliser diff\u00e9rents logiciels usuels dans toutes les activit\u00e9s de l\u2019ann\u00e9e.<\/span><\/li>\n<\/ul>\n<\/td>\n<\/tr>\n<tr>\n<td style=\"text-align: left\"><strong>Exemples d\u2019objets<\/strong> <strong>supports<\/strong><\/td>\n<td style=\"text-align: left\">\n<ul>\n<li style=\"font-weight: 400\"><span style=\"font-weight: 400\">Comp\u00e9tence transversale \u00e0 toutes les autres comp\u00e9tences.<\/span><\/li>\n<li style=\"font-weight: 400\"><span style=\"font-weight: 400\">Exploitation des outils informatiques pour cr\u00e9er, communiquer, \u00e9changer, stocker, traiter \u2026 les informations de projets et recherches.<\/span><\/li>\n<\/ul>\n<\/td>\n<\/tr>\n<\/tbody>\n<\/table>\n<hr \/>\n<h3><span style=\"text-decoration: underline;color: #000000\">Pour aller plus loin<\/span><\/h3>\n<ul>\n<li><a href=\"http:\/\/www.techno-flash.com\/\" target=\"_blank\" rel=\"noopener noreferrer\"><span style=\"font-weight: 400\">Animations du site Technoflash<\/span><\/a><\/li>\n<li><a href=\"http:\/\/sti.ac-bordeaux.fr\/techno\/for_dune\/dune_bao\/\" target=\"_blank\" rel=\"noopener noreferrer\"><span style=\"font-weight: 400\">Boite \u00e0 outils num\u00e9riques acad\u00e9mique de Technologie<\/span><\/a><\/li>\n<\/ul>\n<p>&nbsp;<\/p>\n<hr \/>\n<h3><\/h3>\n","protected":false},"excerpt":{"rendered":"<p>R\u00e9f\u00e9rence au texte officiel THEME : MATERIAUX ET OBJETS TECHNIQUES Connaissances et comp\u00e9tences associ\u00e9es Exemples de situations, d\u2019activit\u00e9s et de<\/p>\n","protected":false},"author":210,"featured_media":0,"parent":0,"menu_order":0,"comment_status":"closed","ping_status":"closed","template":"","meta":{"footnotes":""},"class_list":["post-1755","page","type-page","status-publish","hentry"],"_links":{"self":[{"href":"https:\/\/ent2d.ac-bordeaux.fr\/disciplines\/sti-college\/wp-json\/wp\/v2\/pages\/1755","targetHints":{"allow":["GET"]}}],"collection":[{"href":"https:\/\/ent2d.ac-bordeaux.fr\/disciplines\/sti-college\/wp-json\/wp\/v2\/pages"}],"about":[{"href":"https:\/\/ent2d.ac-bordeaux.fr\/disciplines\/sti-college\/wp-json\/wp\/v2\/types\/page"}],"author":[{"embeddable":true,"href":"https:\/\/ent2d.ac-bordeaux.fr\/disciplines\/sti-college\/wp-json\/wp\/v2\/users\/210"}],"replies":[{"embeddable":true,"href":"https:\/\/ent2d.ac-bordeaux.fr\/disciplines\/sti-college\/wp-json\/wp\/v2\/comments?post=1755"}],"version-history":[{"count":1,"href":"https:\/\/ent2d.ac-bordeaux.fr\/disciplines\/sti-college\/wp-json\/wp\/v2\/pages\/1755\/revisions"}],"predecessor-version":[{"id":8379,"href":"https:\/\/ent2d.ac-bordeaux.fr\/disciplines\/sti-college\/wp-json\/wp\/v2\/pages\/1755\/revisions\/8379"}],"wp:attachment":[{"href":"https:\/\/ent2d.ac-bordeaux.fr\/disciplines\/sti-college\/wp-json\/wp\/v2\/media?parent=1755"}],"curies":[{"name":"wp","href":"https:\/\/api.w.org\/{rel}","templated":true}]}}