{"id":10129,"date":"2019-09-20T13:13:37","date_gmt":"2019-09-20T11:13:37","guid":{"rendered":"https:\/\/ent2d.ac-bordeaux.fr\/disciplines\/sti-college\/?page_id=10129"},"modified":"2023-11-08T18:28:08","modified_gmt":"2023-11-08T17:28:08","slug":"ip-2-1-analyser-le-comportement-attendu-dun-systeme-reel-et-decomposer-le-probleme-pose-en-sous-problemes-d","status":"publish","type":"page","link":"https:\/\/ent2d.ac-bordeaux.fr\/disciplines\/sti-college\/ip-2-1-analyser-le-comportement-attendu-dun-systeme-reel-et-decomposer-le-probleme-pose-en-sous-problemes-d\/","title":{"rendered":"IP-2-1-Analyser le comportement attendu d\u2019un syst\u00e8me r\u00e9el et d\u00e9composer le probl\u00e8me pos\u00e9 en sous-probl\u00e8mes (D)"},"content":{"rendered":"<table style=\"width: 670.484px\">\n<tbody>\n<tr>\n<td style=\"width: 364px;text-align: center;vertical-align: middle\"><a href=\"https:\/\/tube-sciences-technologies.apps.education.fr\/videos\/embed\/6489a2d6-f9b4-41d3-b646-c2a22f17f33a\" target=\"_blank\" rel=\"noopener noreferrer\"><img decoding=\"async\" class=\"aligncenter\" src=\"https:\/\/ent2d.ac-bordeaux.fr\/disciplines\/sti-college\/wp-content\/uploads\/sites\/63\/2019\/02\/IP-2-1-D-Analyser_le_comportement_attendu_dun_systeme-300x169.jpg\" \/><\/a><\/td>\n<td style=\"width: 297.484px;text-align: center;vertical-align: middle\">\n<p style=\"text-align: center\"><a href=\"https:\/\/tube-sciences-technologies.apps.education.fr\/w\/dq4rFx4LanqJ6oHiM1qiM5\" target=\"_blank\" rel=\"noopener\"><img loading=\"lazy\" decoding=\"async\" class=\"alignnone wp-image-16168 size-full\" src=\"https:\/\/ent2d.ac-bordeaux.fr\/disciplines\/sti-college\/wp-content\/uploads\/sites\/63\/2023\/02\/AppsEducationTube-100.png\" alt=\"\" width=\"100\" height=\"100\" \/><\/a><\/p>\n<p style=\"text-align: center\"><a href=\"https:\/\/tube-sciences-technologies.apps.education.fr\/download\/videos\/6489a2d6-f9b4-41d3-b646-c2a22f17f33a-720.mp4\" target=\"_blank\" rel=\"noopener noreferrer\"><img loading=\"lazy\" decoding=\"async\" class=\"alignnone size-full wp-image-9944\" src=\"https:\/\/ent2d.ac-bordeaux.fr\/disciplines\/sti-college\/wp-content\/uploads\/sites\/63\/2019\/09\/Telecharger.jpg\" alt=\"\" width=\"120\" height=\"44\" \/><\/a><\/p>\n<p><strong>VIP6<\/strong><\/td>\n<\/tr>\n<\/tbody>\n<\/table>\n<table style=\"width: 669.712px\">\n<tbody>\n<tr>\n<td style=\"width: 364px;text-align: center;vertical-align: middle\"><span style=\"font-size: 10pt\">Quiz autocorrectif sur la ressource vid\u00e9o\u00a0<\/span><\/td>\n<td style=\"width: 296.712px;text-align: center;vertical-align: middle\"><a href=\"https:\/\/forms.gle\/XGxejZdZzc7LrETf8\" target=\"_blank\" rel=\"noopener noreferrer\"><img loading=\"lazy\" decoding=\"async\" class=\"wp-image-11427 aligncenter\" src=\"https:\/\/ent2d.ac-bordeaux.fr\/disciplines\/sti-college\/wp-content\/uploads\/sites\/63\/2020\/04\/Quiz1.jpg\" alt=\"\" width=\"90\" height=\"89\" \/><\/a><strong>QIP6<\/strong><\/td>\n<\/tr>\n<\/tbody>\n<\/table>\n<p>&nbsp;<\/p>\n<table style=\"width: 493px\">\n<tbody>\n<tr>\n<td style=\"width: 364px;text-align: center\"><span style=\"font-size: 10pt\"><img loading=\"lazy\" decoding=\"async\" class=\"alignnone wp-image-11943 size-thumbnail\" src=\"https:\/\/ent2d.ac-bordeaux.fr\/disciplines\/sti-college\/wp-content\/uploads\/sites\/63\/2020\/05\/ip-2-1-analyser-le-comportement-attendu-dun-systeme-reel-et-decomposer-le-probleme-pose-en-sous-problemes-d-150x150.jpg\" alt=\"\" width=\"150\" height=\"150\" \/> <\/span><\/td>\n<\/tr>\n<\/tbody>\n<\/table>\n","protected":false},"excerpt":{"rendered":"<p>VIP6 Quiz autocorrectif sur la ressource vid\u00e9o\u00a0 QIP6 &nbsp;<\/p>\n","protected":false},"author":210,"featured_media":0,"parent":0,"menu_order":0,"comment_status":"closed","ping_status":"closed","template":"","meta":{"footnotes":""},"class_list":["post-10129","page","type-page","status-publish","hentry"],"_links":{"self":[{"href":"https:\/\/ent2d.ac-bordeaux.fr\/disciplines\/sti-college\/wp-json\/wp\/v2\/pages\/10129","targetHints":{"allow":["GET"]}}],"collection":[{"href":"https:\/\/ent2d.ac-bordeaux.fr\/disciplines\/sti-college\/wp-json\/wp\/v2\/pages"}],"about":[{"href":"https:\/\/ent2d.ac-bordeaux.fr\/disciplines\/sti-college\/wp-json\/wp\/v2\/types\/page"}],"author":[{"embeddable":true,"href":"https:\/\/ent2d.ac-bordeaux.fr\/disciplines\/sti-college\/wp-json\/wp\/v2\/users\/210"}],"replies":[{"embeddable":true,"href":"https:\/\/ent2d.ac-bordeaux.fr\/disciplines\/sti-college\/wp-json\/wp\/v2\/comments?post=10129"}],"version-history":[{"count":7,"href":"https:\/\/ent2d.ac-bordeaux.fr\/disciplines\/sti-college\/wp-json\/wp\/v2\/pages\/10129\/revisions"}],"predecessor-version":[{"id":17405,"href":"https:\/\/ent2d.ac-bordeaux.fr\/disciplines\/sti-college\/wp-json\/wp\/v2\/pages\/10129\/revisions\/17405"}],"wp:attachment":[{"href":"https:\/\/ent2d.ac-bordeaux.fr\/disciplines\/sti-college\/wp-json\/wp\/v2\/media?parent=10129"}],"curies":[{"name":"wp","href":"https:\/\/api.w.org\/{rel}","templated":true}]}}