{"id":10109,"date":"2019-09-20T12:20:58","date_gmt":"2019-09-20T10:20:58","guid":{"rendered":"https:\/\/ent2d.ac-bordeaux.fr\/disciplines\/sti-college\/?page_id=10109"},"modified":"2023-11-08T18:20:37","modified_gmt":"2023-11-08T17:20:37","slug":"msost-1-7-notions-decarts-entre-les-attentes-fixees-par-le-cahier-des-charges-et-les-resultats-de-lexperimentation","status":"publish","type":"page","link":"https:\/\/ent2d.ac-bordeaux.fr\/disciplines\/sti-college\/msost-1-7-notions-decarts-entre-les-attentes-fixees-par-le-cahier-des-charges-et-les-resultats-de-lexperimentation\/","title":{"rendered":"MSOST-1-7-Notions d\u2019\u00e9carts entre les attentes fix\u00e9es par le cahier des charges et les r\u00e9sultats de l\u2019exp\u00e9rimentation"},"content":{"rendered":"<table style=\"width: 684.486px\">\n<tbody>\n<tr>\n<td style=\"width: 364px;text-align: center;vertical-align: middle\"><a href=\"https:\/\/tube-sciences-technologies.apps.education.fr\/videos\/embed\/7261ffd9-0f12-4a68-be4e-97c0270e4d7e\" target=\"_blank\" rel=\"noopener noreferrer\"><img decoding=\"async\" class=\"aligncenter\" src=\"https:\/\/ent2d.ac-bordeaux.fr\/disciplines\/sti-college\/wp-content\/uploads\/sites\/63\/2019\/02\/MSOST-1-7-C1-DMF-Ecart-Cdcf-300x169.jpg\" \/><\/a><\/td>\n<td style=\"width: 311.486px;text-align: center;vertical-align: middle\">\n<p style=\"text-align: center\"><a href=\"https:\/\/tube-sciences-technologies.apps.education.fr\/w\/f8dJXWjdF3N3MyrkdijyHm\" target=\"_blank\" rel=\"noopener\"><img loading=\"lazy\" decoding=\"async\" class=\"alignnone wp-image-16168 size-full\" src=\"https:\/\/ent2d.ac-bordeaux.fr\/disciplines\/sti-college\/wp-content\/uploads\/sites\/63\/2023\/02\/AppsEducationTube-100.png\" alt=\"\" width=\"100\" height=\"100\" \/><\/a><\/p>\n<p style=\"text-align: center\"><a href=\"https:\/\/tube-sciences-technologies.apps.education.fr\/download\/videos\/7261ffd9-0f12-4a68-be4e-97c0270e4d7e-900.mp4\" target=\"_blank\" rel=\"noopener noreferrer\"><img loading=\"lazy\" decoding=\"async\" class=\"alignnone size-full wp-image-9944\" src=\"https:\/\/ent2d.ac-bordeaux.fr\/disciplines\/sti-college\/wp-content\/uploads\/sites\/63\/2019\/09\/Telecharger.jpg\" alt=\"\" width=\"120\" height=\"44\" \/><\/a><\/p>\n<p><strong>VMSOST26<\/strong><\/td>\n<\/tr>\n<\/tbody>\n<\/table>\n<table style=\"width: 687.646px\">\n<tbody>\n<tr>\n<td style=\"width: 364px;text-align: center;vertical-align: middle\"><span style=\"font-size: 10pt\">Quiz autocorrectif sur la ressource vid\u00e9o\u00a0<\/span><\/td>\n<td style=\"width: 314.646px;text-align: center;vertical-align: middle\"><a href=\"https:\/\/forms.gle\/bVZzmGQDgweHPjFa9\" target=\"_blank\" rel=\"noopener noreferrer\"><img loading=\"lazy\" decoding=\"async\" class=\"wp-image-11427 aligncenter\" src=\"https:\/\/ent2d.ac-bordeaux.fr\/disciplines\/sti-college\/wp-content\/uploads\/sites\/63\/2020\/04\/Quiz1.jpg\" alt=\"\" width=\"90\" height=\"89\" \/><\/a><strong>QMSOST26<\/strong><\/td>\n<\/tr>\n<\/tbody>\n<\/table>\n<p>&nbsp;<\/p>\n<table style=\"width: 493px\">\n<tbody>\n<tr>\n<td style=\"width: 364px;text-align: center\"><span style=\"font-size: 10pt\"><img loading=\"lazy\" decoding=\"async\" class=\"alignnone wp-image-11925 size-thumbnail\" src=\"https:\/\/ent2d.ac-bordeaux.fr\/disciplines\/sti-college\/wp-content\/uploads\/sites\/63\/2020\/05\/msost-1-7-notions-decarts-entre-les-attentes-fixees-par-le-cahier-des-charges-et-les-resultats-de-lexperimentation-150x150.jpg\" alt=\"\" width=\"150\" height=\"150\" \/> <\/span><\/td>\n<\/tr>\n<\/tbody>\n<\/table>\n","protected":false},"excerpt":{"rendered":"<p>VMSOST26 Quiz autocorrectif sur la ressource vid\u00e9o\u00a0 QMSOST26 &nbsp;<\/p>\n","protected":false},"author":210,"featured_media":0,"parent":0,"menu_order":0,"comment_status":"closed","ping_status":"closed","template":"","meta":{"footnotes":""},"class_list":["post-10109","page","type-page","status-publish","hentry"],"_links":{"self":[{"href":"https:\/\/ent2d.ac-bordeaux.fr\/disciplines\/sti-college\/wp-json\/wp\/v2\/pages\/10109","targetHints":{"allow":["GET"]}}],"collection":[{"href":"https:\/\/ent2d.ac-bordeaux.fr\/disciplines\/sti-college\/wp-json\/wp\/v2\/pages"}],"about":[{"href":"https:\/\/ent2d.ac-bordeaux.fr\/disciplines\/sti-college\/wp-json\/wp\/v2\/types\/page"}],"author":[{"embeddable":true,"href":"https:\/\/ent2d.ac-bordeaux.fr\/disciplines\/sti-college\/wp-json\/wp\/v2\/users\/210"}],"replies":[{"embeddable":true,"href":"https:\/\/ent2d.ac-bordeaux.fr\/disciplines\/sti-college\/wp-json\/wp\/v2\/comments?post=10109"}],"version-history":[{"count":7,"href":"https:\/\/ent2d.ac-bordeaux.fr\/disciplines\/sti-college\/wp-json\/wp\/v2\/pages\/10109\/revisions"}],"predecessor-version":[{"id":17397,"href":"https:\/\/ent2d.ac-bordeaux.fr\/disciplines\/sti-college\/wp-json\/wp\/v2\/pages\/10109\/revisions\/17397"}],"wp:attachment":[{"href":"https:\/\/ent2d.ac-bordeaux.fr\/disciplines\/sti-college\/wp-json\/wp\/v2\/media?parent=10109"}],"curies":[{"name":"wp","href":"https:\/\/api.w.org\/{rel}","templated":true}]}}