{"id":10069,"date":"2019-09-20T11:49:45","date_gmt":"2019-09-20T09:49:45","guid":{"rendered":"https:\/\/ent2d.ac-bordeaux.fr\/disciplines\/sti-college\/?page_id=10069"},"modified":"2023-11-08T19:29:52","modified_gmt":"2023-11-08T18:29:52","slug":"msost-1-3-representation-fonctionnelle-des-systemes-structure-des-systemes-f","status":"publish","type":"page","link":"https:\/\/ent2d.ac-bordeaux.fr\/disciplines\/sti-college\/msost-1-3-representation-fonctionnelle-des-systemes-structure-des-systemes-f\/","title":{"rendered":"MSOST-1-3-Repr\u00e9sentation fonctionnelle des syst\u00e8mes &#8211; Structure des syst\u00e8mes (F)"},"content":{"rendered":"<table style=\"width: 703.444px\">\n<tbody>\n<tr>\n<td style=\"width: 364px;text-align: center;vertical-align: middle\"><a href=\"https:\/\/tube-sciences-technologies.apps.education.fr\/videos\/embed\/e79fb9c7-187b-4750-9b95-4c8dd5023c8c\" target=\"_blank\" rel=\"noopener noreferrer\"><img decoding=\"async\" class=\"aligncenter\" src=\"https:\/\/ent2d.ac-bordeaux.fr\/disciplines\/sti-college\/wp-content\/uploads\/sites\/63\/2019\/02\/MSOST-1-3-F-Representation-fonctionnelle-300x169.jpg\" \/><\/a><\/td>\n<td style=\"width: 330.444px;text-align: center;vertical-align: middle\">\n<p style=\"text-align: center\"><a href=\"https:\/\/tube-sciences-technologies.apps.education.fr\/w\/uAUPTSGLvZudmqx46sd97Q\" target=\"_blank\" rel=\"noopener\"><img loading=\"lazy\" decoding=\"async\" class=\"alignnone wp-image-16168 size-full\" src=\"https:\/\/ent2d.ac-bordeaux.fr\/disciplines\/sti-college\/wp-content\/uploads\/sites\/63\/2023\/02\/AppsEducationTube-100.png\" alt=\"\" width=\"100\" height=\"100\" \/><\/a><\/p>\n<p style=\"text-align: center\"><a href=\"https:\/\/tube-sciences-technologies.apps.education.fr\/download\/videos\/e79fb9c7-187b-4750-9b95-4c8dd5023c8c-900.mp4\" target=\"_blank\" rel=\"noopener noreferrer\"><img loading=\"lazy\" decoding=\"async\" class=\"alignnone size-full wp-image-9944\" src=\"https:\/\/ent2d.ac-bordeaux.fr\/disciplines\/sti-college\/wp-content\/uploads\/sites\/63\/2019\/09\/Telecharger.jpg\" alt=\"\" width=\"120\" height=\"44\" \/><\/a><\/p>\n<p><strong>VMSOST7<\/strong><\/td>\n<\/tr>\n<\/tbody>\n<\/table>\n<table style=\"width: 559.729px\">\n<tbody>\n<tr>\n<td style=\"width: 364px;text-align: center;vertical-align: middle\"><span style=\"font-size: 10pt\">Quiz autocorrectif sur la ressource vid\u00e9o\u00a0<\/span><\/td>\n<td style=\"width: 186.729px;text-align: center;vertical-align: middle\"><a href=\"https:\/\/forms.gle\/QqDoLw3MXXfsHmk68\" target=\"_blank\" rel=\"noopener noreferrer\"><img loading=\"lazy\" decoding=\"async\" class=\"wp-image-11427 aligncenter\" src=\"https:\/\/ent2d.ac-bordeaux.fr\/disciplines\/sti-college\/wp-content\/uploads\/sites\/63\/2020\/04\/Quiz1.jpg\" alt=\"\" width=\"90\" height=\"89\" \/><\/a><strong>VMSOST7<\/strong><\/td>\n<\/tr>\n<\/tbody>\n<\/table>\n<p>&nbsp;<\/p>\n<table style=\"width: 493px\">\n<tbody>\n<tr>\n<td style=\"width: 364px;text-align: center\"><span style=\"font-size: 10pt\"><img loading=\"lazy\" decoding=\"async\" class=\"alignnone wp-image-11887 size-thumbnail\" src=\"https:\/\/ent2d.ac-bordeaux.fr\/disciplines\/sti-college\/wp-content\/uploads\/sites\/63\/2020\/05\/msost-1-3-representation-fonctionnelle-des-systemes-structure-des-systemes-f-150x150.jpg\" alt=\"\" width=\"150\" height=\"150\" \/> <\/span><\/td>\n<\/tr>\n<\/tbody>\n<\/table>\n","protected":false},"excerpt":{"rendered":"<p>VMSOST7 Quiz autocorrectif sur la ressource vid\u00e9o\u00a0 VMSOST7 &nbsp;<\/p>\n","protected":false},"author":210,"featured_media":0,"parent":0,"menu_order":0,"comment_status":"closed","ping_status":"closed","template":"","meta":{"footnotes":""},"class_list":["post-10069","page","type-page","status-publish","hentry"],"_links":{"self":[{"href":"https:\/\/ent2d.ac-bordeaux.fr\/disciplines\/sti-college\/wp-json\/wp\/v2\/pages\/10069","targetHints":{"allow":["GET"]}}],"collection":[{"href":"https:\/\/ent2d.ac-bordeaux.fr\/disciplines\/sti-college\/wp-json\/wp\/v2\/pages"}],"about":[{"href":"https:\/\/ent2d.ac-bordeaux.fr\/disciplines\/sti-college\/wp-json\/wp\/v2\/types\/page"}],"author":[{"embeddable":true,"href":"https:\/\/ent2d.ac-bordeaux.fr\/disciplines\/sti-college\/wp-json\/wp\/v2\/users\/210"}],"replies":[{"embeddable":true,"href":"https:\/\/ent2d.ac-bordeaux.fr\/disciplines\/sti-college\/wp-json\/wp\/v2\/comments?post=10069"}],"version-history":[{"count":7,"href":"https:\/\/ent2d.ac-bordeaux.fr\/disciplines\/sti-college\/wp-json\/wp\/v2\/pages\/10069\/revisions"}],"predecessor-version":[{"id":17429,"href":"https:\/\/ent2d.ac-bordeaux.fr\/disciplines\/sti-college\/wp-json\/wp\/v2\/pages\/10069\/revisions\/17429"}],"wp:attachment":[{"href":"https:\/\/ent2d.ac-bordeaux.fr\/disciplines\/sti-college\/wp-json\/wp\/v2\/media?parent=10069"}],"curies":[{"name":"wp","href":"https:\/\/api.w.org\/{rel}","templated":true}]}}