{"id":5587,"date":"2023-10-31T10:14:05","date_gmt":"2023-10-31T09:14:05","guid":{"rendered":"https:\/\/ent2d.ac-bordeaux.fr\/disciplines\/ses\/?page_id=5587"},"modified":"2023-10-31T11:33:03","modified_gmt":"2023-10-31T10:33:03","slug":"mentions-legales","status":"publish","type":"page","link":"https:\/\/ent2d.ac-bordeaux.fr\/disciplines\/ses\/mentions-legales\/","title":{"rendered":"Mentions L\u00e9gales"},"content":{"rendered":"\n<pre>\nDirecteur de publication : Fran\u00e7ois VERGNES, IA-IPR de SES\n\nWebmaster : Paul Gyselinck (<span class=\"d\"><\/span>paul.gyselinck@ac-bordeaux.fr) \n\nH\u00e9bergement : DSI - Rectorat de l'Acad\u00e9mie de Bordeaux\n<\/pre>\n\n\n\n<div class=\"field--item\">  <div class=\"clearfix paragraph paragraph--type--texte paragraph--view-mode--default\">\n          \n<div class=\"row col-md-12\">\n      \n           <div class=\"field field--name-field-prgh-texte1 field--type-text-long field--label-hidden field--item\"><div><strong>Droits d&#8217;auteurs :<\/strong><\/div>\n\n\n\n<p><div>Ce site rel\u00e8ve de la l\u00e9gislation fran\u00e7aise et internationale sur le droit d&#8217;auteur et la propri\u00e9t\u00e9 intellectuelle. Tous les droits de reproduction sont r\u00e9serv\u00e9s.<\/div>\n<\/p>\n\n\n<p><strong>Liens hypertextes :<\/strong><\/p>\n\n<p>Ce site contient des liens hypertextes permettant l&#8217;acc\u00e8s \u00e0 des sites qui ne sont pas \u00e9dit\u00e9s par le responsable de ce site. En cons\u00e9quence l&#8217;Acad\u00e9mie de Bordeaux ne saurait \u00eatre tenue pour responsable du contenu des sites auxquels l&#8217;internaute aurait ainsi acc\u00e8s.<br \/>\n <\/p>\n\n<P><div><strong>Liens hypertextes vers notre site :<\/strong><\/div>\n<\/P>\n\n<p>A l&#8217;exception de sites diffusant des informations et\/ou contenus ayant un caract\u00e8re ill\u00e9gal et\/ou \u00e0 caract\u00e8re politique, religieux, pornographique, x\u00e9nophobe, vous pouvez cr\u00e9er un lien hypertexte vers notre site \u00e0 partir de votre site, sous la r\u00e9serve qu&#8217;il s&#8217;agisse d&#8217;un lien qui ouvre notre site dans une nouvelle fen\u00eatre de navigation laissant appara\u00eetre l&#8217;adresse \u00ab Adresse du site \u00bb. La mise en place de liens hypertextes n\u2019autorise en aucune fa\u00e7on la reproduction ou la pr\u00e9sentation sur des sites tiers d\u2019\u00e9l\u00e9ments de notre site sous forme de &#8220;frame&#8221; ou syst\u00e8me apparent\u00e9.<\/p>\n\n<p>Enfin, la mise en place de lien hypertexte n\u2019autorise en aucune fa\u00e7on de proposer l\u2019envoi d\u2019un message pr\u00e9-r\u00e9dig\u00e9 \u00e0 une adresse mail li\u00e9e au \u00e0 notre site ou la mise en place d\u2019un syst\u00e8me permettant l\u2019envoi massif de messages quel qu&#8217;en soit la nature.<br \/>\nAu titre de la pr\u00e9sente autorisation, \u00ab Les site de SES \u00bb de l\u2019acad\u00e9mie de Bordeaux se r\u00e9serve toutefois un droit d&#8217;opposition.<\/p>\n\n<p>Il est formellement interdit de collecter et d\u2019utiliser les informations disponibles sur le site \u00e0 des fins commerciales. Cette interdiction s\u2019\u00e9tend notamment, sans que cette liste ne soit limitative, \u00e0 tout \u00e9l\u00e9ment r\u00e9dactionnel figurant sur le site, \u00e0 la pr\u00e9sentation des \u00e9crans, aux logiciels n\u00e9cessaires \u00e0 l\u2019exploitation, aux logos, images, photos, graphiques, de quelque nature qu\u2019ils soient.<\/p>\n<\/div>\n      \n  <\/div>\n      <\/div>\n<\/div>\n\n      \n        <p>    <div class=\"field field--name-field-prgh-texte1 field--type-text-long field--label-hidden field--item\"><p><strong>Cr\u00e9dits :<\/strong><\/p>\n\n<p>Ce site a \u00e9t\u00e9 r\u00e9alis\u00e9 et mis \u00e0 jour par \u00c9ric CASSAGNE jusqu&#8217;\u00e0 la rentr\u00e9e 2023. Il a \u00e9t\u00e9 remplac\u00e9 dans cette mission par Paul GYSELINCK, sous la direction de Fran\u00e7ois VERGNES.\n<\/p>\n\n      <\/div>\n<\/div>\n          <\/div>\n","protected":false},"excerpt":{"rendered":"<p>Directeur de publication : Fran\u00e7ois VERGNES, IA-IPR de SES Webmaster : Paul Gyselinck (paul.gyselinck@ac-bordeaux.fr) H\u00e9bergement : DSI &#8211; Rectorat de l&#8217;Acad\u00e9mie de Bordeaux Droits d&#8217;auteurs : Ce site rel\u00e8ve de la l\u00e9gislation fran\u00e7aise et internationale sur le droit d&#8217;auteur et la propri\u00e9t\u00e9 intellectuelle. Tous les droits de reproduction sont r\u00e9serv\u00e9s. Liens hypertextes : Ce site &hellip; <\/p>\n<p><a class=\"more-link btn\" href=\"https:\/\/ent2d.ac-bordeaux.fr\/disciplines\/ses\/mentions-legales\/\">Lire la suite<\/a><\/p>\n","protected":false},"author":2435,"featured_media":0,"parent":0,"menu_order":0,"comment_status":"closed","ping_status":"closed","template":"","meta":{"footnotes":""},"class_list":["post-5587","page","type-page","status-publish","hentry","nodate","item-wrap"],"_links":{"self":[{"href":"https:\/\/ent2d.ac-bordeaux.fr\/disciplines\/ses\/wp-json\/wp\/v2\/pages\/5587","targetHints":{"allow":["GET"]}}],"collection":[{"href":"https:\/\/ent2d.ac-bordeaux.fr\/disciplines\/ses\/wp-json\/wp\/v2\/pages"}],"about":[{"href":"https:\/\/ent2d.ac-bordeaux.fr\/disciplines\/ses\/wp-json\/wp\/v2\/types\/page"}],"author":[{"embeddable":true,"href":"https:\/\/ent2d.ac-bordeaux.fr\/disciplines\/ses\/wp-json\/wp\/v2\/users\/2435"}],"replies":[{"embeddable":true,"href":"https:\/\/ent2d.ac-bordeaux.fr\/disciplines\/ses\/wp-json\/wp\/v2\/comments?post=5587"}],"version-history":[{"count":4,"href":"https:\/\/ent2d.ac-bordeaux.fr\/disciplines\/ses\/wp-json\/wp\/v2\/pages\/5587\/revisions"}],"predecessor-version":[{"id":5618,"href":"https:\/\/ent2d.ac-bordeaux.fr\/disciplines\/ses\/wp-json\/wp\/v2\/pages\/5587\/revisions\/5618"}],"wp:attachment":[{"href":"https:\/\/ent2d.ac-bordeaux.fr\/disciplines\/ses\/wp-json\/wp\/v2\/media?parent=5587"}],"curies":[{"name":"wp","href":"https:\/\/api.w.org\/{rel}","templated":true}]}}