{"id":5413,"date":"2023-10-10T08:46:02","date_gmt":"2023-10-10T07:46:02","guid":{"rendered":"https:\/\/ent2d.ac-bordeaux.fr\/disciplines\/ses\/?page_id=5413"},"modified":"2023-10-10T08:52:30","modified_gmt":"2023-10-10T07:52:30","slug":"le-continuum-bac-3-bac3","status":"publish","type":"page","link":"https:\/\/ent2d.ac-bordeaux.fr\/disciplines\/ses\/le-continuum-bac-3-bac3\/","title":{"rendered":"Le continuum Bac-3 \/ Bac+3"},"content":{"rendered":"\n<ul>\n<li><a href=\"http:\/\/www.ac-bordeaux.fr\/cid90847\/enseignement-superieur.html\">Statistiques sur l\u2019enseignement sup\u00e9rieur (acad\u00e9mie de Bordeaux)<\/a><\/li>\n<li><a href=\"http:\/\/www.onisep.fr\/\">ONISEP<\/a><\/li>\n<li><a href=\"https:\/\/www.parcoursup.fr\/index.php?desc=cest_quoi\">PARCOURSUP<\/a><\/li>\n<li><a href=\"https:\/\/cache.media.enseignementsup-recherche.gouv.fr\/file\/Actus\/16\/8\/AttendusLicence-_12-12-2017_867168.pdf\">Attendus du sup\u00e9rieur<\/a><\/li>\n<li><a href=\"https:\/\/cache.media.eduscol.education.fr\/file\/Bac2021\/27\/3\/GUIDE_Accompagnement-Orientation_seconde_et_choix_de_specialite_1060273.pdf\">Accompagnement \u00e0 l\u2019orientation en seconde<\/a><\/li>\n<\/ul>\n","protected":false},"excerpt":{"rendered":"<p>Statistiques sur l\u2019enseignement sup\u00e9rieur (acad\u00e9mie de Bordeaux) ONISEP PARCOURSUP Attendus du sup\u00e9rieur Accompagnement \u00e0 l\u2019orientation en seconde<\/p>\n","protected":false},"author":2435,"featured_media":0,"parent":0,"menu_order":0,"comment_status":"closed","ping_status":"closed","template":"","meta":{"footnotes":""},"class_list":["post-5413","page","type-page","status-publish","hentry","nodate","item-wrap"],"_links":{"self":[{"href":"https:\/\/ent2d.ac-bordeaux.fr\/disciplines\/ses\/wp-json\/wp\/v2\/pages\/5413","targetHints":{"allow":["GET"]}}],"collection":[{"href":"https:\/\/ent2d.ac-bordeaux.fr\/disciplines\/ses\/wp-json\/wp\/v2\/pages"}],"about":[{"href":"https:\/\/ent2d.ac-bordeaux.fr\/disciplines\/ses\/wp-json\/wp\/v2\/types\/page"}],"author":[{"embeddable":true,"href":"https:\/\/ent2d.ac-bordeaux.fr\/disciplines\/ses\/wp-json\/wp\/v2\/users\/2435"}],"replies":[{"embeddable":true,"href":"https:\/\/ent2d.ac-bordeaux.fr\/disciplines\/ses\/wp-json\/wp\/v2\/comments?post=5413"}],"version-history":[{"count":7,"href":"https:\/\/ent2d.ac-bordeaux.fr\/disciplines\/ses\/wp-json\/wp\/v2\/pages\/5413\/revisions"}],"predecessor-version":[{"id":5421,"href":"https:\/\/ent2d.ac-bordeaux.fr\/disciplines\/ses\/wp-json\/wp\/v2\/pages\/5413\/revisions\/5421"}],"wp:attachment":[{"href":"https:\/\/ent2d.ac-bordeaux.fr\/disciplines\/ses\/wp-json\/wp\/v2\/media?parent=5413"}],"curies":[{"name":"wp","href":"https:\/\/api.w.org\/{rel}","templated":true}]}}