{"id":5345,"date":"2023-10-07T23:49:20","date_gmt":"2023-10-07T22:49:20","guid":{"rendered":"https:\/\/ent2d.ac-bordeaux.fr\/disciplines\/ses\/?page_id=5345"},"modified":"2025-05-14T22:03:18","modified_gmt":"2025-05-14T21:03:18","slug":"actualites","status":"publish","type":"page","link":"https:\/\/ent2d.ac-bordeaux.fr\/disciplines\/ses\/","title":{"rendered":"Bienvenue sur le site des SES de l&#8217;acad\u00e9mie de Bordeaux"},"content":{"rendered":"\n<p><\/p>\n\n\n\n<div style=\"margin-bottom: 20px;padding: 15px;border: 1px solid #ddd;border-radius: 5px;background-color: #f9f9f9\">\n    <p style=\"font-size: 1.1em;line-height: 1.6\">\n        <strong style=\"color: #333\">\n            Ce site a pour ambition de fournir des informations et des ressources s\u00e9lectionn\u00e9es par l&#8217;inspection pour aider les professeurs \u00e0 exercer leurs missions.\n        <\/strong>\n    <\/p>\n<\/div>\n\n<div style=\"text-align: center;margin-top: 20px\">\n    <a href=\"https:\/\/ent2d.ac-bordeaux.fr\/disciplines\/ses\/category\/actualites\/lisa\/\" title=\"Consulter les lettres d'information Lis@\" style=\"background-color: #0073aa;color: white !important;padding: 10px 20px;text-align: center;text-decoration: none;border-radius: 5px;font-size: 1em;font-weight: bold;margin-top: 10px\">\n        Consulter les Lettres d&#8217;information &#8220;Lis@&#8221;\n    <\/a>\n<\/div>\n","protected":false},"excerpt":{"rendered":"<p>Ce site a pour ambition de fournir des informations et des ressources s\u00e9lectionn\u00e9es par l&#8217;inspection pour aider les professeurs \u00e0 exercer leurs missions. Consulter les Lettres d&#8217;information &#8220;Lis@&#8221;<\/p>\n","protected":false},"author":2435,"featured_media":0,"parent":0,"menu_order":0,"comment_status":"closed","ping_status":"closed","template":"","meta":{"footnotes":""},"class_list":["post-5345","page","type-page","status-publish","hentry","nodate","item-wrap"],"_links":{"self":[{"href":"https:\/\/ent2d.ac-bordeaux.fr\/disciplines\/ses\/wp-json\/wp\/v2\/pages\/5345","targetHints":{"allow":["GET"]}}],"collection":[{"href":"https:\/\/ent2d.ac-bordeaux.fr\/disciplines\/ses\/wp-json\/wp\/v2\/pages"}],"about":[{"href":"https:\/\/ent2d.ac-bordeaux.fr\/disciplines\/ses\/wp-json\/wp\/v2\/types\/page"}],"author":[{"embeddable":true,"href":"https:\/\/ent2d.ac-bordeaux.fr\/disciplines\/ses\/wp-json\/wp\/v2\/users\/2435"}],"replies":[{"embeddable":true,"href":"https:\/\/ent2d.ac-bordeaux.fr\/disciplines\/ses\/wp-json\/wp\/v2\/comments?post=5345"}],"version-history":[{"count":29,"href":"https:\/\/ent2d.ac-bordeaux.fr\/disciplines\/ses\/wp-json\/wp\/v2\/pages\/5345\/revisions"}],"predecessor-version":[{"id":6492,"href":"https:\/\/ent2d.ac-bordeaux.fr\/disciplines\/ses\/wp-json\/wp\/v2\/pages\/5345\/revisions\/6492"}],"wp:attachment":[{"href":"https:\/\/ent2d.ac-bordeaux.fr\/disciplines\/ses\/wp-json\/wp\/v2\/media?parent=5345"}],"curies":[{"name":"wp","href":"https:\/\/api.w.org\/{rel}","templated":true}]}}