{"id":5312,"date":"2023-10-07T22:26:03","date_gmt":"2023-10-07T21:26:03","guid":{"rendered":"https:\/\/ent2d.ac-bordeaux.fr\/disciplines\/ses\/?page_id=5312"},"modified":"2023-10-10T22:23:31","modified_gmt":"2023-10-10T21:23:31","slug":"lis-n1","status":"publish","type":"page","link":"https:\/\/ent2d.ac-bordeaux.fr\/disciplines\/ses\/lis-n1\/","title":{"rendered":"Lis@ n\u00b01"},"content":{"rendered":"\nMesdames, Messieurs,&nbsp;<div><br><\/div><div>Vous allez dans les prochaines \nheures rencontrer les \u00e9l\u00e8ves qui vous sont confi\u00e9s pour l&#8217;ann\u00e9e scolaire\n qui s&#8217;ouvre. Je suis convaincu que vous trouverez les meilleurs \narguments, les outils p\u00e9dagogiques les mieux adapt\u00e9s, les modalit\u00e9s \nd&#8217;\u00e9valuation les plus motivantes pour amener chaque groupe et chaque \n\u00e9l\u00e8ve vers leur meilleur niveau.<\/div><div>L&#8217;\u00e9quipe acad\u00e9mique se tient \u00e0\n vos c\u00f4t\u00e9s pour ce faire et le livret d&#8217;accueil joint \u00e0 cette premi\u00e8re <span class=\"il\">Lis<\/span>@ \nde l&#8217;ann\u00e9e scolaire pr\u00e9sente un certain nombre de ressources qui&nbsp; pourront enrichir vos \ncours mais aussi all\u00e9ger la charge de travail.<\/div><div>Je reviendrai \nprochainement sur le retour au calendrier historique pour les \u00e9preuves \ndu Bac. Des pr\u00e9cisions sont attendues pour la fin du mois, d\u00e9lai \nn\u00e9cessaire pour assurer les consultations avec les organisations \nprofessionnelles. Cette \u00e9volution, attendue par beaucoup, demandera sans\n doute quelques ajustements tant dans vos progressions&nbsp; que dans les \ncontenus de certaines formations. Il semble pertinent de commencer \nl&#8217;ann\u00e9e en terminale par des questionnements essentiels comme la \ncroissance ou la structure sociale.&nbsp;<\/div><div><br><\/div><div>Vous \nnoterez qu&#8217;Eric Cassagne passe le relais \u00e0 Paul Gyselink pour \nl&#8217;animation du p\u00f4le num\u00e9rique de l&#8217;\u00e9quipe acad\u00e9mique de SES. Je remercie\n Eric Cassagne pour son investissement important en quantit\u00e9 et en \nqualit\u00e9, des ann\u00e9es durant, pour nous familiariser avec les &#8220;nouvelles \ntechnologies de l&#8217;information et de la communication&#8221; et mettre en \nvaleur les usages num\u00e9riques que nombre d&#8217;entre vous ont d\u00e9velopp\u00e9s.<\/div><div><br><\/div><div>Les\n deux pr\u00e9parations aux concours internes (agr\u00e9gation et CAPES) sont \nouvertes cette ann\u00e9e encore. La pr\u00e9pa &#8220;Agreg&#8221; est d\u00e9j\u00e0 partie sur un bon \nrythme, celle pour le CAPES est conditionn\u00e9e par la prise de poste de \nnos coll\u00e8gues contractuels. Si vous souhaitez participer \u00e0 la pr\u00e9paration au CAPES interne de SES, je vous invite \u00e0 vous pr\u00e9inscrire avant le 13 septembre\n\n \u00e0 partir du lien suivant m\u00eame si vous n&#8217;avez pas encore de poste en ce d\u00e9but d&#8217;ann\u00e9e <a href=\"https:\/\/portailrh.ac-bordeaux.fr\/sofia-fmo-acad\/default\/session\/preregistrationadd\/globalSessionId\/61621\/tab\/trainee\/pill\/individualTrainingPlan\/infos\/60727%7C01%7CS1%7C2023-09-27_15:00:00%7C2023-09-27_17:00:00\" target=\"_blank\" data-saferedirecturl=\"https:\/\/www.google.com\/url?q=https:\/\/portailrh.ac-bordeaux.fr\/sofia-fmo-acad\/default\/session\/preregistrationadd\/globalSessionId\/61621\/tab\/trainee\/pill\/individualTrainingPlan\/infos\/60727%257C01%257CS1%257C2023-09-27_15:00:00%257C2023-09-27_17:00:00&amp;source=gmail&amp;ust=1696799678498000&amp;usg=AOvVaw3iyK7gWZVeoFL8XdQH9fD9\" rel=\"noopener\">https:\/\/portailrh.ac-bordeaux.fr\/sofia-fmo-acad\/default\/session\/preregistrationadd\/globalSessionId\/61621\/tab\/trainee\/pill\/individualTrainingPlan\/infos\/60727|01|S1|2023-09-27_15:00:00|2023-09-27_17:00:00<\/a>\n\nVous pouvez contacter les responsables de ces deux concours (voir le livret d&#8217;accueil pour les coordonn\u00e9es) pour de plus amples informations. <br><\/div><div><br><\/div><div>Je remercie les coordonnateurs de la \ndiscipline dans chaque \u00e9tablissement d&#8217;alerter les professeurs entrant dans l&#8217;acad\u00e9mie, en les \ninvitant \u00e0 prendre contact avec Eric Duclos ou moi pour \u00e9tudier les \nmodalit\u00e9s d&#8217;accompagnement et conna\u00eetre leur situation professionnelle \nen cette rentr\u00e9e scolaire. Ces informations viendront compl\u00e9ter celles \ndont nous pouvons parfois disposer.<\/div><div><br><\/div><div>Enfin, merci \u00e0 tous de veiller \u00e0 garder votre messagerie professionnelle disponible.<\/div><div><br><\/div><div>Je reviens vers vous dans les jours qui viennent \u00e0 travers la traditionnelle lettre de rentr\u00e9e !<\/div><div><br><\/div><div>Restant\n \u00e0 votre disposition, notamment pour accompagner le d\u00e9marrage de cette \nnouvelle ann\u00e9e. N&#8217;h\u00e9sitez pas \u00e0 signaler les dysfonctionnements, dont \ncertains peuvent ne pas \u00eatre connus de nous ou des services au \nrectorat.<\/div><div><br><\/div><div>Je souhaite \u00e0 chacun de vous une bonne rentr\u00e9e.<\/div><font color=\"#888888\"><div><br>Fran\u00e7ois Vergnes,<br><font size=\"2\" face=\"Helvetica\" color=\"#808080\">Inspecteur d&#8217;Acad\u00e9mie, Inspecteur P\u00e9dagogique R\u00e9gional de Sciences \u00e9conomiques et sociales<br>5, rue Joseph de Carayon-Latour, CS 81499, 33060 BORDEAUX Cedex<br><a href=\"mailto:ois.vergnes@ac-bordeaux.fr\" target=\"_blank\" rel=\"noopener\">fran\u00e7ois.vergnes@ac-bordeaux.fr<\/a><\/font><\/font>\n\n<\/div>\n","protected":false},"excerpt":{"rendered":"<p>Mesdames, Messieurs,&nbsp; Vous allez dans les prochaines heures rencontrer les \u00e9l\u00e8ves qui vous sont confi\u00e9s pour l&#8217;ann\u00e9e scolaire qui s&#8217;ouvre. Je suis convaincu que vous trouverez les meilleurs arguments, les outils p\u00e9dagogiques les mieux adapt\u00e9s, les modalit\u00e9s d&#8217;\u00e9valuation les plus motivantes pour amener chaque groupe et chaque \u00e9l\u00e8ve vers leur meilleur niveau. L&#8217;\u00e9quipe acad\u00e9mique se &hellip; <\/p>\n<p><a class=\"more-link btn\" href=\"https:\/\/ent2d.ac-bordeaux.fr\/disciplines\/ses\/lis-n1\/\">Lire la suite<\/a><\/p>\n","protected":false},"author":2435,"featured_media":0,"parent":0,"menu_order":22,"comment_status":"closed","ping_status":"closed","template":"","meta":{"footnotes":""},"class_list":["post-5312","page","type-page","status-publish","hentry","nodate","item-wrap"],"_links":{"self":[{"href":"https:\/\/ent2d.ac-bordeaux.fr\/disciplines\/ses\/wp-json\/wp\/v2\/pages\/5312","targetHints":{"allow":["GET"]}}],"collection":[{"href":"https:\/\/ent2d.ac-bordeaux.fr\/disciplines\/ses\/wp-json\/wp\/v2\/pages"}],"about":[{"href":"https:\/\/ent2d.ac-bordeaux.fr\/disciplines\/ses\/wp-json\/wp\/v2\/types\/page"}],"author":[{"embeddable":true,"href":"https:\/\/ent2d.ac-bordeaux.fr\/disciplines\/ses\/wp-json\/wp\/v2\/users\/2435"}],"replies":[{"embeddable":true,"href":"https:\/\/ent2d.ac-bordeaux.fr\/disciplines\/ses\/wp-json\/wp\/v2\/comments?post=5312"}],"version-history":[{"count":2,"href":"https:\/\/ent2d.ac-bordeaux.fr\/disciplines\/ses\/wp-json\/wp\/v2\/pages\/5312\/revisions"}],"predecessor-version":[{"id":5446,"href":"https:\/\/ent2d.ac-bordeaux.fr\/disciplines\/ses\/wp-json\/wp\/v2\/pages\/5312\/revisions\/5446"}],"wp:attachment":[{"href":"https:\/\/ent2d.ac-bordeaux.fr\/disciplines\/ses\/wp-json\/wp\/v2\/media?parent=5312"}],"curies":[{"name":"wp","href":"https:\/\/api.w.org\/{rel}","templated":true}]}}