{"id":4969,"date":"2020-09-02T07:45:21","date_gmt":"2020-09-02T06:45:21","guid":{"rendered":"https:\/\/ent2d.ac-bordeaux.fr\/disciplines\/ses\/?page_id=4969"},"modified":"2024-12-09T11:20:32","modified_gmt":"2024-12-09T10:20:32","slug":"textes-de-reference","status":"publish","type":"page","link":"https:\/\/ent2d.ac-bordeaux.fr\/disciplines\/ses\/textes-de-reference\/","title":{"rendered":"Textes de r\u00e9f\u00e9rence."},"content":{"rendered":"\n<h2 class=\"wp-block-heading\">Baccalaur\u00e9at<\/h2>\n\n\n\n<figure class=\"wp-block-table is-style-stripes\"><table><tbody><tr><td>Objet<\/td><td class=\"has-text-align-center\" data-align=\"center\">Texte de r\u00e9f\u00e9rence<\/td><td class=\"has-text-align-center\" data-align=\"center\">Lien<\/td><\/tr><tr><td>Vade-mecum de l&#8217;\u00e9valuation commune en SES<\/td><td class=\"has-text-align-center\" data-align=\"center\"><\/td><td class=\"has-text-align-center\" data-align=\"center\"><a href=\"https:\/\/ent2d.ac-bordeaux.fr\/disciplines\/ses\/wp-content\/uploads\/sites\/9\/2020\/11\/Vademecum-EC_VD.pdf\" target=\"_blank\" rel=\"noreferrer noopener\">Acc\u00e9der au <\/a><a href=\"https:\/\/ent2d.ac-bordeaux.fr\/disciplines\/ses\/wp-content\/uploads\/sites\/9\/2024\/11\/Vade%CC%81me%CC%81cum-baccalaure%CC%81at-SES-1.pdf\" target=\"_blank\" rel=\"noreferrer noopener\">document<\/a><\/td><\/tr><tr><td>\u00c9preuve terminale de sp\u00e9cialit\u00e9 SES<\/td><td class=\"has-text-align-center\" data-align=\"center\">Bulletin officiel sp\u00e9cial n\u00b0 2 du 13 f\u00e9vrier 2020<\/td><td class=\"has-text-align-center\" data-align=\"center\"><a href=\"https:\/\/www.education.gouv.fr\/bo\/20\/Special2\/MENE2001800N.htm\" target=\"_blank\" rel=\"noreferrer noopener\">Acc\u00e9der au BO<\/a><\/td><\/tr><tr><td>Coefficients des \u00e9preuves terminales obligatoires<\/td><td class=\"has-text-align-center\" data-align=\"center\">Arr\u00eat\u00e9 du 6\/07\/2018<\/td><td class=\"has-text-align-center\" data-align=\"center\"><a href=\"https:\/\/www.legifrance.gouv.fr\/affichTexte.do?cidTexte=JORFTEXT000037202834&amp;categorieLien=id\" target=\"_blank\" rel=\"noreferrer noopener\">Acc\u00e9der au document<\/a><\/td><\/tr><tr><td>Nature et dur\u00e9e des \u00e9preuves terminales du baccalaur\u00e9at<\/td><td class=\"has-text-align-center\" data-align=\"center\">Arr\u00eat\u00e9 du 22\/07\/2019<\/td><td class=\"has-text-align-center\" data-align=\"center\"><a href=\"https:\/\/www.legifrance.gouv.fr\/affichTexte.do?cidTexte=JORFTEXT000038880992&amp;categorieLien=id\" target=\"_blank\" rel=\"noreferrer noopener\">Acc\u00e9der au document<\/a><\/td><\/tr><tr><td>Vade-mecum \u00e9preuves de terminale<\/td><td class=\"has-text-align-center\" data-align=\"center\"><\/td><td class=\"has-text-align-center\" data-align=\"center\"><a href=\"https:\/\/ent2d.ac-bordeaux.fr\/disciplines\/ses\/wp-content\/uploads\/sites\/9\/2020\/11\/VDMC_epreuves_Term.pdf\" target=\"_blank\" rel=\"noreferrer noopener\">Acc\u00e9der au document<\/a><\/td><\/tr><\/tbody><\/table><\/figure>\n\n\n\n<h2 class=\"wp-block-heading\">R\u00e9f\u00e9rentiel de comp\u00e9tences des m\u00e9tiers du professorat et de l&#8217;\u00e9ducation<\/h2>\n\n\n\n<p><a rel=\"noreferrer noopener\" href=\"https:\/\/www.education.gouv.fr\/le-referentiel-de-competences-des-metiers-du-professorat-et-de-l-education-5753\" target=\"_blank\">Acc\u00e9der au r\u00e9f\u00e9rentiel<\/a><\/p>\n\n\n\n<h2 class=\"wp-block-heading\">Les comp\u00e9tences professionnelles attendues des fonctionnaires stagiaires et les \u00ab observables \u00bb en<br>Sciences \u00c9conomiques et Sociales.<\/h2>\n\n\n\n<a href=\"https:\/\/ent2d.ac-bordeaux.fr\/disciplines\/ses\/wp-content\/uploads\/sites\/9\/2022\/10\/Grille-des-observables-des-competences-professionnelles-en-SES-Septembre-2022.pdf\">Grille-des-observables-des-competences-professionnelles-en-SES-Septembre-2022<\/a><a href=\"https:\/\/ent2d.ac-bordeaux.fr\/disciplines\/ses\/wp-content\/uploads\/sites\/9\/2022\/10\/Grille-des-observables-des-competences-professionnelles-en-SES-Septembre-2022.pdf\" class=\"wp-block-file__button wp-element-button\" download aria-describedby=\"wp-block-file--media-a1744006-483a-41e3-9fa6-7d79d41ef0d8\">T\u00e9l\u00e9charger<\/a>\n\n\n\n<div class=\"wp-block-file\"><a id=\"wp-block-file--media-f7feafa1-ac4e-425f-a88b-81babf7ccd3f\" href=\"https:\/\/ent2d.ac-bordeaux.fr\/disciplines\/ses\/wp-content\/uploads\/sites\/9\/2020\/11\/Vademecum-EC_VD.pdf\">Vademecum-EC_VD<\/a><a href=\"https:\/\/ent2d.ac-bordeaux.fr\/disciplines\/ses\/wp-content\/uploads\/sites\/9\/2020\/11\/Vademecum-EC_VD.pdf\" class=\"wp-block-file__button wp-element-button\" download aria-describedby=\"wp-block-file--media-f7feafa1-ac4e-425f-a88b-81babf7ccd3f\">T\u00e9l\u00e9charger<\/a><\/div>\n\n\n\n<div class=\"wp-block-file\"><a id=\"wp-block-file--media-df72e428-cee3-4ef7-9038-db4430a0daf3\" href=\"https:\/\/ent2d.ac-bordeaux.fr\/disciplines\/ses\/wp-content\/uploads\/sites\/9\/2020\/11\/VDMC_epreuves_Term.pdf\">VDMC_epreuves_Term<\/a><a href=\"https:\/\/ent2d.ac-bordeaux.fr\/disciplines\/ses\/wp-content\/uploads\/sites\/9\/2020\/11\/VDMC_epreuves_Term.pdf\" class=\"wp-block-file__button wp-element-button\" download aria-describedby=\"wp-block-file--media-df72e428-cee3-4ef7-9038-db4430a0daf3\">T\u00e9l\u00e9charger<\/a><\/div>\n","protected":false},"excerpt":{"rendered":"<p>Baccalaur\u00e9at Objet Texte de r\u00e9f\u00e9rence Lien Vade-mecum de l&#8217;\u00e9valuation commune en SES Acc\u00e9der au document \u00c9preuve terminale de sp\u00e9cialit\u00e9 SES Bulletin officiel sp\u00e9cial n\u00b0 2 du 13 f\u00e9vrier 2020 Acc\u00e9der au BO Coefficients des \u00e9preuves terminales obligatoires Arr\u00eat\u00e9 du 6\/07\/2018 Acc\u00e9der au document Nature et dur\u00e9e des \u00e9preuves terminales du baccalaur\u00e9at Arr\u00eat\u00e9 du 22\/07\/2019 Acc\u00e9der &hellip; <\/p>\n<p><a class=\"more-link btn\" href=\"https:\/\/ent2d.ac-bordeaux.fr\/disciplines\/ses\/textes-de-reference\/\">Lire la suite<\/a><\/p>\n","protected":false},"author":25,"featured_media":4970,"parent":0,"menu_order":0,"comment_status":"closed","ping_status":"closed","template":"template-twocolumnsright.php","meta":{"footnotes":""},"class_list":["post-4969","page","type-page","status-publish","has-post-thumbnail","hentry","nodate","item-wrap"],"_links":{"self":[{"href":"https:\/\/ent2d.ac-bordeaux.fr\/disciplines\/ses\/wp-json\/wp\/v2\/pages\/4969","targetHints":{"allow":["GET"]}}],"collection":[{"href":"https:\/\/ent2d.ac-bordeaux.fr\/disciplines\/ses\/wp-json\/wp\/v2\/pages"}],"about":[{"href":"https:\/\/ent2d.ac-bordeaux.fr\/disciplines\/ses\/wp-json\/wp\/v2\/types\/page"}],"author":[{"embeddable":true,"href":"https:\/\/ent2d.ac-bordeaux.fr\/disciplines\/ses\/wp-json\/wp\/v2\/users\/25"}],"replies":[{"embeddable":true,"href":"https:\/\/ent2d.ac-bordeaux.fr\/disciplines\/ses\/wp-json\/wp\/v2\/comments?post=4969"}],"version-history":[{"count":9,"href":"https:\/\/ent2d.ac-bordeaux.fr\/disciplines\/ses\/wp-json\/wp\/v2\/pages\/4969\/revisions"}],"predecessor-version":[{"id":6269,"href":"https:\/\/ent2d.ac-bordeaux.fr\/disciplines\/ses\/wp-json\/wp\/v2\/pages\/4969\/revisions\/6269"}],"wp:featuredmedia":[{"embeddable":true,"href":"https:\/\/ent2d.ac-bordeaux.fr\/disciplines\/ses\/wp-json\/wp\/v2\/media\/4970"}],"wp:attachment":[{"href":"https:\/\/ent2d.ac-bordeaux.fr\/disciplines\/ses\/wp-json\/wp\/v2\/media?parent=4969"}],"curies":[{"name":"wp","href":"https:\/\/api.w.org\/{rel}","templated":true}]}}