{"id":4737,"date":"2020-03-06T17:07:42","date_gmt":"2020-03-06T16:07:42","guid":{"rendered":"https:\/\/ent2d.ac-bordeaux.fr\/disciplines\/ses\/?page_id=4737"},"modified":"2020-03-06T17:07:44","modified_gmt":"2020-03-06T16:07:44","slug":"histoire-geographie-geopolitique-et-sciences-politiques","status":"publish","type":"page","link":"https:\/\/ent2d.ac-bordeaux.fr\/disciplines\/ses\/histoire-geographie-geopolitique-et-sciences-politiques\/","title":{"rendered":"Histoire-g\u00e9ographie, g\u00e9opolitique et sciences politiques"},"content":{"rendered":"\n<h3 class=\"wp-block-heading\">Les programmes.<\/h3>\n\n\n\n<p><a href=\"https:\/\/cache.media.education.gouv.fr\/file\/SP1-MEN-22-1-2019\/92\/5\/spe576_annexe_1062925.pdf\" target=\"_blank\" rel=\"noreferrer noopener\" aria-label=\"Classe de premi\u00e8re (s\u2019ouvre dans un nouvel onglet)\">Classe de premi\u00e8re<\/a><\/p>\n\n\n\n<p><a href=\"https:\/\/cache.media.education.gouv.fr\/file\/SPE8_MENJ_25_7_2019\/18\/0\/spe254_annexe_1159180.pdf\" target=\"_blank\" rel=\"noreferrer noopener\" aria-label=\"Classe de terminale (s\u2019ouvre dans un nouvel onglet)\">Classe de terminale<\/a><\/p>\n\n\n\n<h3 class=\"wp-block-heading\">Les fiches d&#8217;accompagnement Eduscol.<\/h3>\n\n\n\n<p><a rel=\"noreferrer noopener\" aria-label=\"Comprendre (s\u2019ouvre dans un nouvel onglet)\" href=\"https:\/\/cache.media.eduscol.education.fr\/file\/HGGSP\/45\/8\/RA19_Lycee_G_SPE_1_HGGSP_theme1_democratie_1169458.pdf\" target=\"_blank\">Comprendre un r\u00e9gime politique : la d\u00e9moncratie<\/a><\/p>\n\n\n\n<p><a rel=\"noreferrer noopener\" aria-label=\" (s\u2019ouvre dans un nouvel onglet)\" href=\"https:\/\/cache.media.eduscol.education.fr\/file\/HGGSP\/46\/0\/RA19_Lycee_G_SPE_1_HGGSP_theme2_puissances_inter_1169460.pdf\" target=\"_blank\">Analyser les dynamiques des puissances internationales<\/a><\/p>\n\n\n\n<p><a rel=\"noreferrer noopener\" target=\"_blank\" href=\"https:\/\/cache.media.eduscol.education.fr\/file\/HGGSP\/06\/2\/RA19_Lycee_G_SPE_1_HGGSP_theme3_frontieres_1206062.pdf\">\u00c9tudier les divisions politiques du monde\u00a0: les fronti\u00e8res<\/a><\/p>\n\n\n\n<h3 class=\"wp-block-heading\">Les ressources du site d&#8217;Histoire-G\u00e9ographie de l&#8217;acad\u00e9mie de Bordeaux<\/h3>\n\n\n\n<p><a href=\"https:\/\/ent2d.ac-bordeaux.fr\/disciplines\/histoire-geographie\/ressources-pedagogiques\/lycee\/specialite-hggsp\/\" target=\"_blank\" rel=\"noreferrer noopener\" aria-label=\"Acc\u00e9der aux ressources (s\u2019ouvre dans un nouvel onglet)\">Acc\u00e9der aux ressources<\/a><\/p>\n","protected":false},"excerpt":{"rendered":"<p>Les programmes. Classe de premi\u00e8re Classe de terminale Les fiches d&#8217;accompagnement Eduscol. Comprendre un r\u00e9gime politique : la d\u00e9moncratie Analyser les dynamiques des puissances internationales \u00c9tudier les divisions politiques du monde\u00a0: les fronti\u00e8res Les ressources du site d&#8217;Histoire-G\u00e9ographie de l&#8217;acad\u00e9mie de Bordeaux Acc\u00e9der aux ressources<\/p>\n","protected":false},"author":25,"featured_media":0,"parent":0,"menu_order":0,"comment_status":"closed","ping_status":"closed","template":"","meta":{"footnotes":""},"class_list":["post-4737","page","type-page","status-publish","hentry","nodate","item-wrap"],"_links":{"self":[{"href":"https:\/\/ent2d.ac-bordeaux.fr\/disciplines\/ses\/wp-json\/wp\/v2\/pages\/4737","targetHints":{"allow":["GET"]}}],"collection":[{"href":"https:\/\/ent2d.ac-bordeaux.fr\/disciplines\/ses\/wp-json\/wp\/v2\/pages"}],"about":[{"href":"https:\/\/ent2d.ac-bordeaux.fr\/disciplines\/ses\/wp-json\/wp\/v2\/types\/page"}],"author":[{"embeddable":true,"href":"https:\/\/ent2d.ac-bordeaux.fr\/disciplines\/ses\/wp-json\/wp\/v2\/users\/25"}],"replies":[{"embeddable":true,"href":"https:\/\/ent2d.ac-bordeaux.fr\/disciplines\/ses\/wp-json\/wp\/v2\/comments?post=4737"}],"version-history":[{"count":1,"href":"https:\/\/ent2d.ac-bordeaux.fr\/disciplines\/ses\/wp-json\/wp\/v2\/pages\/4737\/revisions"}],"predecessor-version":[{"id":4738,"href":"https:\/\/ent2d.ac-bordeaux.fr\/disciplines\/ses\/wp-json\/wp\/v2\/pages\/4737\/revisions\/4738"}],"wp:attachment":[{"href":"https:\/\/ent2d.ac-bordeaux.fr\/disciplines\/ses\/wp-json\/wp\/v2\/media?parent=4737"}],"curies":[{"name":"wp","href":"https:\/\/api.w.org\/{rel}","templated":true}]}}