{"id":4673,"date":"2019-11-24T17:21:24","date_gmt":"2019-11-24T16:21:24","guid":{"rendered":"https:\/\/ent2d.ac-bordeaux.fr\/disciplines\/ses\/?page_id=4673"},"modified":"2019-11-24T17:21:26","modified_gmt":"2019-11-24T16:21:26","slug":"ses-specialite-premiere","status":"publish","type":"page","link":"https:\/\/ent2d.ac-bordeaux.fr\/disciplines\/ses\/ses-specialite-premiere\/","title":{"rendered":"SES &#8211; Sp\u00e9cialit\u00e9 premi\u00e8re"},"content":{"rendered":"\n<p>Programme et objectifs d&#8217;apprentissage<\/p>\n\n\n<iframe src='https:\/\/h5p.org\/h5p\/embed\/659304' width='100%' height='450' frameborder='0' allowfullscreen='allowfullscreen'><\/iframe><script src='https:\/\/h5p.org\/sites\/all\/modules\/h5p\/library\/js\/h5p-resizer.js' charset='UTF-8'><\/script>\n","protected":false},"excerpt":{"rendered":"<p>Programme et objectifs d&#8217;apprentissage<\/p>\n","protected":false},"author":25,"featured_media":0,"parent":0,"menu_order":0,"comment_status":"closed","ping_status":"closed","template":"","meta":{"footnotes":""},"class_list":["post-4673","page","type-page","status-publish","hentry","nodate","item-wrap"],"_links":{"self":[{"href":"https:\/\/ent2d.ac-bordeaux.fr\/disciplines\/ses\/wp-json\/wp\/v2\/pages\/4673","targetHints":{"allow":["GET"]}}],"collection":[{"href":"https:\/\/ent2d.ac-bordeaux.fr\/disciplines\/ses\/wp-json\/wp\/v2\/pages"}],"about":[{"href":"https:\/\/ent2d.ac-bordeaux.fr\/disciplines\/ses\/wp-json\/wp\/v2\/types\/page"}],"author":[{"embeddable":true,"href":"https:\/\/ent2d.ac-bordeaux.fr\/disciplines\/ses\/wp-json\/wp\/v2\/users\/25"}],"replies":[{"embeddable":true,"href":"https:\/\/ent2d.ac-bordeaux.fr\/disciplines\/ses\/wp-json\/wp\/v2\/comments?post=4673"}],"version-history":[{"count":1,"href":"https:\/\/ent2d.ac-bordeaux.fr\/disciplines\/ses\/wp-json\/wp\/v2\/pages\/4673\/revisions"}],"predecessor-version":[{"id":4674,"href":"https:\/\/ent2d.ac-bordeaux.fr\/disciplines\/ses\/wp-json\/wp\/v2\/pages\/4673\/revisions\/4674"}],"wp:attachment":[{"href":"https:\/\/ent2d.ac-bordeaux.fr\/disciplines\/ses\/wp-json\/wp\/v2\/media?parent=4673"}],"curies":[{"name":"wp","href":"https:\/\/api.w.org\/{rel}","templated":true}]}}