{"id":4448,"date":"2019-04-05T08:22:06","date_gmt":"2019-04-05T07:22:06","guid":{"rendered":"https:\/\/ent2d.ac-bordeaux.fr\/disciplines\/ses\/?page_id=4448"},"modified":"2019-04-05T09:02:35","modified_gmt":"2019-04-05T08:02:35","slug":"objectifs-dapprentissage","status":"publish","type":"page","link":"https:\/\/ent2d.ac-bordeaux.fr\/disciplines\/ses\/objectifs-dapprentissage\/","title":{"rendered":"S1_Objectifs d&#8217;apprentissage"},"content":{"rendered":"\n<p><strong> Comprendre : <\/strong><\/p>\n\n\n\n<ul class=\"wp-block-list\"><li> qu\u2019une des questions de base de l\u2019\u00e9conomie est : \u00abQu\u2019est-ce qu\u2019une allocation efficace des ressources rares?\u00bb;  <\/li><\/ul>\n\n\n\n<ul class=\"wp-block-list\"><li> que celles de la sociologie sont : \u00abComment fait-on soci\u00e9t\u00e9? Comment explique-t-on les comportements sociaux?\u00bb;  <\/li><li>et que celle de la science politique est : &#8220;Comment se conquiert et s&#8217;exerce le pouvoir politique ?&#8221;;<\/li><\/ul>\n\n\n\n<p><\/p>\n\n\n\n<p><strong>Comprendre<\/strong> que ces disciplines r\u00e9alisent des enqu\u00eateset utilisent des donn\u00e9es et des mod\u00e8les (repr\u00e9sentations simplifi\u00e9es de la r\u00e9alit\u00e9).<\/p>\n\n\n\n<p>\u00c0 partir d\u2019exemples, <strong>comprendre<\/strong> la distinction entre causalit\u00e9 et corr\u00e9lation et savoir mettre en \u00e9vidence un lien de causalit\u00e9. <\/p>\n","protected":false},"excerpt":{"rendered":"<p>Comprendre : qu\u2019une des questions de base de l\u2019\u00e9conomie est : \u00abQu\u2019est-ce qu\u2019une allocation efficace des ressources rares?\u00bb; que celles de la sociologie sont : \u00abComment fait-on soci\u00e9t\u00e9? Comment explique-t-on les comportements sociaux?\u00bb; et que celle de la science politique est : &#8220;Comment se conquiert et s&#8217;exerce le pouvoir politique ?&#8221;; Comprendre que ces disciplines &hellip; <\/p>\n<p><a class=\"more-link btn\" href=\"https:\/\/ent2d.ac-bordeaux.fr\/disciplines\/ses\/objectifs-dapprentissage\/\">Lire la suite<\/a><\/p>\n","protected":false},"author":25,"featured_media":0,"parent":0,"menu_order":0,"comment_status":"closed","ping_status":"closed","template":"","meta":{"footnotes":""},"class_list":["post-4448","page","type-page","status-publish","hentry","nodate","item-wrap"],"_links":{"self":[{"href":"https:\/\/ent2d.ac-bordeaux.fr\/disciplines\/ses\/wp-json\/wp\/v2\/pages\/4448","targetHints":{"allow":["GET"]}}],"collection":[{"href":"https:\/\/ent2d.ac-bordeaux.fr\/disciplines\/ses\/wp-json\/wp\/v2\/pages"}],"about":[{"href":"https:\/\/ent2d.ac-bordeaux.fr\/disciplines\/ses\/wp-json\/wp\/v2\/types\/page"}],"author":[{"embeddable":true,"href":"https:\/\/ent2d.ac-bordeaux.fr\/disciplines\/ses\/wp-json\/wp\/v2\/users\/25"}],"replies":[{"embeddable":true,"href":"https:\/\/ent2d.ac-bordeaux.fr\/disciplines\/ses\/wp-json\/wp\/v2\/comments?post=4448"}],"version-history":[{"count":3,"href":"https:\/\/ent2d.ac-bordeaux.fr\/disciplines\/ses\/wp-json\/wp\/v2\/pages\/4448\/revisions"}],"predecessor-version":[{"id":4453,"href":"https:\/\/ent2d.ac-bordeaux.fr\/disciplines\/ses\/wp-json\/wp\/v2\/pages\/4448\/revisions\/4453"}],"wp:attachment":[{"href":"https:\/\/ent2d.ac-bordeaux.fr\/disciplines\/ses\/wp-json\/wp\/v2\/media?parent=4448"}],"curies":[{"name":"wp","href":"https:\/\/api.w.org\/{rel}","templated":true}]}}