{"id":2619,"date":"2016-08-16T14:09:49","date_gmt":"2016-08-16T13:09:49","guid":{"rendered":"https:\/\/ent2d.ac-bordeaux.fr\/disciplines\/ses\/?page_id=2619"},"modified":"2023-10-07T21:08:39","modified_gmt":"2023-10-07T20:08:39","slug":"les-programmes-en-sciences-economiques-et-sociales","status":"publish","type":"page","link":"https:\/\/ent2d.ac-bordeaux.fr\/disciplines\/ses\/les-programmes-en-sciences-economiques-et-sociales\/","title":{"rendered":"Programmes en vigueur"},"content":{"rendered":"\n<hr class=\"wp-block-separator has-alpha-channel-opacity\" \/>\n\n\n\n<figure class=\"wp-block-table\"><table><tbody><tr><td>Niveau<\/td><td>Enseignement(s)<\/td><td>Programme(s)<\/td><\/tr><tr><td>Seconde<\/td><td>Enseignement commun<\/td><td><a href=\"https:\/\/eduscol.education.fr\/document\/23149\/download\" target=\"_blank\" rel=\"noreferrer noopener\">Acc\u00e9der au programme<\/a><\/td><\/tr><tr><td>Premi\u00e8re<\/td><td>Sp\u00e9cialit\u00e9<\/td><td><a href=\"https:\/\/eduscol.education.fr\/document\/23152\/download\" target=\"_blank\" rel=\"noreferrer noopener\">Acc\u00e9der au programme<\/a><\/td><\/tr><tr><td>Terminale<\/td><td>Sp\u00e9cialit\u00e9<\/td><td><a rel=\"noreferrer noopener\" href=\"https:\/\/eduscol.education.fr\/document\/23155\/download\" target=\"_blank\">Acc\u00e9der au programme<\/a><br><\/td><\/tr><\/tbody><\/table><\/figure>\n","protected":false},"excerpt":{"rendered":"<p>Niveau Enseignement(s) Programme(s) Seconde Enseignement commun Acc\u00e9der au programme Premi\u00e8re Sp\u00e9cialit\u00e9 Acc\u00e9der au programme Terminale Sp\u00e9cialit\u00e9 Acc\u00e9der au programme<\/p>\n","protected":false},"author":25,"featured_media":0,"parent":0,"menu_order":0,"comment_status":"closed","ping_status":"closed","template":"","meta":{"footnotes":""},"class_list":["post-2619","page","type-page","status-publish","hentry","nodate","item-wrap"],"_links":{"self":[{"href":"https:\/\/ent2d.ac-bordeaux.fr\/disciplines\/ses\/wp-json\/wp\/v2\/pages\/2619","targetHints":{"allow":["GET"]}}],"collection":[{"href":"https:\/\/ent2d.ac-bordeaux.fr\/disciplines\/ses\/wp-json\/wp\/v2\/pages"}],"about":[{"href":"https:\/\/ent2d.ac-bordeaux.fr\/disciplines\/ses\/wp-json\/wp\/v2\/types\/page"}],"author":[{"embeddable":true,"href":"https:\/\/ent2d.ac-bordeaux.fr\/disciplines\/ses\/wp-json\/wp\/v2\/users\/25"}],"replies":[{"embeddable":true,"href":"https:\/\/ent2d.ac-bordeaux.fr\/disciplines\/ses\/wp-json\/wp\/v2\/comments?post=2619"}],"version-history":[{"count":11,"href":"https:\/\/ent2d.ac-bordeaux.fr\/disciplines\/ses\/wp-json\/wp\/v2\/pages\/2619\/revisions"}],"predecessor-version":[{"id":5303,"href":"https:\/\/ent2d.ac-bordeaux.fr\/disciplines\/ses\/wp-json\/wp\/v2\/pages\/2619\/revisions\/5303"}],"wp:attachment":[{"href":"https:\/\/ent2d.ac-bordeaux.fr\/disciplines\/ses\/wp-json\/wp\/v2\/media?parent=2619"}],"curies":[{"name":"wp","href":"https:\/\/api.w.org\/{rel}","templated":true}]}}