{"id":7909,"date":"2025-10-01T18:10:02","date_gmt":"2025-10-01T16:10:02","guid":{"rendered":"https:\/\/ent2d.ac-bordeaux.fr\/disciplines\/semaine-des-maths\/?page_id=7909"},"modified":"2025-10-01T18:10:02","modified_gmt":"2025-10-01T16:10:02","slug":"mener-un-projet-de-culture-mathematique","status":"publish","type":"page","link":"https:\/\/ent2d.ac-bordeaux.fr\/disciplines\/semaine-des-maths\/mener-un-projet-de-culture-mathematique\/","title":{"rendered":"Mener un projet de culture math\u00e9matique"},"content":{"rendered":"\n<ul class=\"wp-block-list\">\n<li><a href=\"https:\/\/ent2d.ac-bordeaux.fr\/disciplines\/semaine-des-maths\/?p=5139&amp;preview=true\"><strong>Implantation et fonctionnement d&#8217;un club de math\u00e9matiques<\/strong> :<\/a> pr\u00e9sentation de l&#8217;atelier lors du Grand Forum des math\u00e9matiques Vivantes le jeudi 11 mars 2021.<\/li>\n\n\n\n<li><em><a href=\"https:\/\/eduscol.education.fr\/cid71812\/mener-projet-sciences-technologie.html\">Mener un projet de science ou de technologie avec des \u00e9l\u00e8ves<\/a> : <\/em>Vad\u00e9m\u00e9cum Eduscol (2013) d\u00e9crivant des processus utiles pour la mise en place d\u2019un club.<\/li>\n\n\n\n<li><strong>Exemples d&#8217;\u00e9v\u00e9nements autour de la semaine des maths dans des \u00e9tablissements<\/strong>\n<ul class=\"wp-block-list\">\n<li><a href=\"https:\/\/ent2d.ac-bordeaux.fr\/disciplines\/semaine-des-maths\/2019\/01\/13\/temoignage-semaine-des-maths-lycee-kastler\/\">Lyc\u00e9e A.Kastler<\/a><\/li>\n\n\n\n<li><a href=\"https:\/\/ent2d.ac-bordeaux.fr\/disciplines\/semaine-des-maths\/2018\/02\/27\/au-lycee-jules-supervielle-oloron-sainte-marie-64\/\">Lyc\u00e9e J.Supervielle d&#8217;Oloron Sainte-Marie<\/a><\/li>\n<\/ul>\n<\/li>\n\n\n\n<li><a href=\"https:\/\/ent2d.ac-bordeaux.fr\/disciplines\/mathematiques\/clubs-de-mathematiques\/\"><strong>Les clubs en lien avec les math\u00e9matiques<\/strong><\/a>\n<ul class=\"wp-block-list\">\n<li><a href=\"https:\/\/ent2d.ac-bordeaux.fr\/disciplines\/mathematiques\/clubs-de-mathematiques\/\">Page acad\u00e9mique avec cartographie et ressources<\/a><\/li>\n\n\n\n<li><a href=\"https:\/\/ent2d.ac-bordeaux.fr\/disciplines\/mathematiques\/wp-content\/uploads\/sites\/3\/2019\/09\/Vademecum-CLUB-V1.0.pdf\"><strong>Vademecum des clubs de math\u00e9matiques<\/strong> (v1.0)<\/a>&nbsp;: produit par la mission Villani-Torossian, il pr\u00e9cise les enjeux des clubs de math\u00e9matiques ainsi que des bonnes pratiques<\/li>\n\n\n\n<li><strong><a href=\"https:\/\/eduscol.education.fr\/cid71812\/mener-projet-sciences-technologie.html\">L\u2019appel \u00e0 projets annuel de la DAAC<\/a><\/strong> : Publi\u00e9 en fin d\u2019ann\u00e9e scolaire, il permet d\u2019obtenir des partenaires voire des financements pour certains clubs.<\/li>\n\n\n\n<li><a href=\"https:\/\/ent2d.ac-bordeaux.fr\/disciplines\/semaine-des-maths\/2018\/12\/15\/ressources-et-fonctionnement-du-club-maths-du-lycee-victor-louis\/\"><strong>Fonctionnement et ressources du club du lyc\u00e9e Victor Louis (Talence)<\/strong><\/a> : un club polyvalent, dont les activit\u00e9s sont fix\u00e9es avec les \u00e9l\u00e8ves en tirant parti des partenaires acad\u00e9miques et de nombreuses ressources accessibles \u00e0 tous.<\/li>\n\n\n\n<li><a href=\"https:\/\/www.ac-orleans-tours.fr\/fileadmin\/user_upload\/maths\/au_tour_des_maths\/labos_maths\/Doc_Ressources_Club.pdf\"><strong>Guide de l\u2019acad\u00e9mie d\u2019Orl\u00e9ans-Tours <\/strong><\/a>: apr\u00e8s un rappel de ce qu\u2019il faut savoir pour monter un club, ce document tr\u00e8s riche pr\u00e9sente de nombreux exemples de clubs : Poly\u00e8dres, Robotique, Jeux de strat\u00e9gie, Vid\u00e9os math\u00e9matiques, Rubik\u2019s Cube, Exploramaths\u2026<\/li>\n<\/ul>\n<\/li>\n<\/ul>\n","protected":false},"excerpt":{"rendered":"","protected":false},"author":895,"featured_media":0,"parent":0,"menu_order":0,"comment_status":"closed","ping_status":"closed","template":"","meta":{"footnotes":""},"class_list":["post-7909","page","type-page","status-publish","hentry","nodate","item-wrap"],"_links":{"self":[{"href":"https:\/\/ent2d.ac-bordeaux.fr\/disciplines\/semaine-des-maths\/wp-json\/wp\/v2\/pages\/7909","targetHints":{"allow":["GET"]}}],"collection":[{"href":"https:\/\/ent2d.ac-bordeaux.fr\/disciplines\/semaine-des-maths\/wp-json\/wp\/v2\/pages"}],"about":[{"href":"https:\/\/ent2d.ac-bordeaux.fr\/disciplines\/semaine-des-maths\/wp-json\/wp\/v2\/types\/page"}],"author":[{"embeddable":true,"href":"https:\/\/ent2d.ac-bordeaux.fr\/disciplines\/semaine-des-maths\/wp-json\/wp\/v2\/users\/895"}],"replies":[{"embeddable":true,"href":"https:\/\/ent2d.ac-bordeaux.fr\/disciplines\/semaine-des-maths\/wp-json\/wp\/v2\/comments?post=7909"}],"version-history":[{"count":2,"href":"https:\/\/ent2d.ac-bordeaux.fr\/disciplines\/semaine-des-maths\/wp-json\/wp\/v2\/pages\/7909\/revisions"}],"predecessor-version":[{"id":7911,"href":"https:\/\/ent2d.ac-bordeaux.fr\/disciplines\/semaine-des-maths\/wp-json\/wp\/v2\/pages\/7909\/revisions\/7911"}],"wp:attachment":[{"href":"https:\/\/ent2d.ac-bordeaux.fr\/disciplines\/semaine-des-maths\/wp-json\/wp\/v2\/media?parent=7909"}],"curies":[{"name":"wp","href":"https:\/\/api.w.org\/{rel}","templated":true}]}}