{"id":42,"date":"2015-11-08T21:25:51","date_gmt":"2015-11-08T20:25:51","guid":{"rendered":"http:\/\/blogacabdx.ac-bordeaux.fr\/semaine-des-maths\/?page_id=42"},"modified":"2025-07-09T22:47:08","modified_gmt":"2025-07-09T20:47:08","slug":"semaine-des-mathematiques-2016-5eme-edition","status":"publish","type":"page","link":"https:\/\/ent2d.ac-bordeaux.fr\/disciplines\/semaine-des-maths\/","title":{"rendered":"Actions de culture math\u00e9matique 2025-2026"},"content":{"rendered":"<p>La prochaine Semaine des Math\u00e9matiques se tiendra du<strong> 14 au 25 mars 2026<\/strong>\u00a0sur le th\u00e8me <strong>&#8220;Egalit\u00e9s&#8221;<\/strong>. Elle sera \u00e0 nouveau l&#8217;occasion de rappeler que la culture math\u00e9matique contribue \u00e0 motiver les \u00e9l\u00e8ves, renforcer le lien avec l\u2019\u00e9cole et susciter des vocations scientifiques. Pour des id\u00e9es d&#8217;actions \u00e0 mettre en place, nous vous sugg\u00e9rons de consulter les d\u00e9clinaisons possibles d&#8217;actions math\u00e9matiques sur la <a href=\"https:\/\/eduscol.education.fr\/3493\/semaine-des-mathematiques\">pr\u00e9sentation eduscol<\/a> de l&#8217;action de la semaine des maths 2026.<\/p>\n<p>De nombreuses actions, en distanciel comme en pr\u00e9sentiel, vous seront propos\u00e9es dans l&#8217;acad\u00e9mie de Bordeaux tout le long de l&#8217;ann\u00e9e : <a href=\"https:\/\/ent2d.ac-bordeaux.fr\/disciplines\/semaine-des-maths\/les-concours-de-mathematiques\/\">Concours<\/a>, <a href=\"https:\/\/ent2d.ac-bordeaux.fr\/disciplines\/semaine-des-maths\/category\/enigmes\/\">\u00c9nigmes<\/a>, Conf\u00e9rences de scientifiques, <a href=\"https:\/\/ent2d.ac-bordeaux.fr\/disciplines\/semaine-des-maths\/category\/conferences-evenements-expositions\/\">\u00c9v\u00e9nements ouverts \u00e0 tous<\/a>, Films ou spectacles scientifiques, Conf\u00e9rences d&#8217;\u00e9l\u00e8ves, Ateliers de jeux math\u00e9matiques, <a href=\"https:\/\/ent2d.ac-bordeaux.fr\/disciplines\/semaine-des-maths\/ressources\/\">ressources pour la classe<\/a>&#8230;<\/p>\n<p><strong>Si vous menez des actions, pensez \u00e0 nous communiquer liens, ressources, photos et productions \u00e0 publier sur ce site.<\/strong><\/p>\n<h2><span style=\"color: #800080\"><strong>Bonne Semaine des Math\u00e9matiques \u00e0 toutes et \u00e0 tous !<\/strong><\/span><\/h2>\n","protected":false},"excerpt":{"rendered":"<p>La prochaine Semaine des Math\u00e9matiques se tiendra du 14 au 25 mars 2026\u00a0sur le th\u00e8me &#8220;Egalit\u00e9s&#8221;. Elle sera \u00e0 nouveau l&#8217;occasion de rappeler que la culture math\u00e9matique contribue \u00e0 motiver les \u00e9l\u00e8ves, renforcer le lien avec l\u2019\u00e9cole et susciter des vocations scientifiques. Pour des id\u00e9es d&#8217;actions \u00e0 mettre en place, nous vous sugg\u00e9rons de consulter &hellip; <\/p>\n<p><a class=\"more-link btn\" href=\"https:\/\/ent2d.ac-bordeaux.fr\/disciplines\/semaine-des-maths\/\">Lire la suite<\/a><\/p>\n","protected":false},"author":2,"featured_media":5133,"parent":0,"menu_order":0,"comment_status":"closed","ping_status":"closed","template":"","meta":{"footnotes":""},"class_list":["post-42","page","type-page","status-publish","has-post-thumbnail","hentry","nodate","item-wrap"],"_links":{"self":[{"href":"https:\/\/ent2d.ac-bordeaux.fr\/disciplines\/semaine-des-maths\/wp-json\/wp\/v2\/pages\/42","targetHints":{"allow":["GET"]}}],"collection":[{"href":"https:\/\/ent2d.ac-bordeaux.fr\/disciplines\/semaine-des-maths\/wp-json\/wp\/v2\/pages"}],"about":[{"href":"https:\/\/ent2d.ac-bordeaux.fr\/disciplines\/semaine-des-maths\/wp-json\/wp\/v2\/types\/page"}],"author":[{"embeddable":true,"href":"https:\/\/ent2d.ac-bordeaux.fr\/disciplines\/semaine-des-maths\/wp-json\/wp\/v2\/users\/2"}],"replies":[{"embeddable":true,"href":"https:\/\/ent2d.ac-bordeaux.fr\/disciplines\/semaine-des-maths\/wp-json\/wp\/v2\/comments?post=42"}],"version-history":[{"count":61,"href":"https:\/\/ent2d.ac-bordeaux.fr\/disciplines\/semaine-des-maths\/wp-json\/wp\/v2\/pages\/42\/revisions"}],"predecessor-version":[{"id":7757,"href":"https:\/\/ent2d.ac-bordeaux.fr\/disciplines\/semaine-des-maths\/wp-json\/wp\/v2\/pages\/42\/revisions\/7757"}],"wp:featuredmedia":[{"embeddable":true,"href":"https:\/\/ent2d.ac-bordeaux.fr\/disciplines\/semaine-des-maths\/wp-json\/wp\/v2\/media\/5133"}],"wp:attachment":[{"href":"https:\/\/ent2d.ac-bordeaux.fr\/disciplines\/semaine-des-maths\/wp-json\/wp\/v2\/media?parent=42"}],"curies":[{"name":"wp","href":"https:\/\/api.w.org\/{rel}","templated":true}]}}