{"id":4180,"date":"2020-01-16T17:22:25","date_gmt":"2020-01-16T16:22:25","guid":{"rendered":"https:\/\/ent2d.ac-bordeaux.fr\/disciplines\/semaine-des-maths\/?page_id=4180"},"modified":"2026-02-15T17:00:36","modified_gmt":"2026-02-15T16:00:36","slug":"ressources","status":"publish","type":"page","link":"https:\/\/ent2d.ac-bordeaux.fr\/disciplines\/semaine-des-maths\/ressources\/","title":{"rendered":"Ressources"},"content":{"rendered":"\n<figure class=\"wp-block-gallery has-nested-images columns-default is-cropped wp-block-gallery-1 is-layout-flex wp-block-gallery-is-layout-flex\">\n<figure class=\"wp-block-image size-large\"><a href=\"https:\/\/ent2d.ac-bordeaux.fr\/disciplines\/semaine-des-maths\/2025\/09\/13\/lhistoire-des-mathematiques\/\"><img loading=\"lazy\" decoding=\"async\" width=\"200\" height=\"194\" data-id=\"7393\" src=\"https:\/\/ent2d.ac-bordeaux.fr\/disciplines\/semaine-des-maths\/wp-content\/uploads\/sites\/17\/2024\/12\/rubon8-ca30e.png\" alt=\"\" class=\"wp-image-7393\" \/><\/a><figcaption class=\"wp-element-caption\">Histoire des math\u00e9matiques<\/figcaption><\/figure>\n\n\n\n<figure class=\"wp-block-image size-large\"><a href=\"https:\/\/ent2d.ac-bordeaux.fr\/disciplines\/semaine-des-maths\/2025\/09\/13\/podcasts-mathematiques\/\"><img loading=\"lazy\" decoding=\"async\" width=\"400\" height=\"400\" data-id=\"7371\" src=\"https:\/\/ent2d.ac-bordeaux.fr\/disciplines\/semaine-des-maths\/wp-content\/uploads\/sites\/17\/2024\/12\/NkAKW3oFkfrnJ4Uud9GPzcuqBgSjZvmDmYTi27ko_400x400.jpeg\" alt=\"\" class=\"wp-image-7371\" srcset=\"https:\/\/ent2d.ac-bordeaux.fr\/disciplines\/semaine-des-maths\/wp-content\/uploads\/sites\/17\/2024\/12\/NkAKW3oFkfrnJ4Uud9GPzcuqBgSjZvmDmYTi27ko_400x400.jpeg 400w, https:\/\/ent2d.ac-bordeaux.fr\/disciplines\/semaine-des-maths\/wp-content\/uploads\/sites\/17\/2024\/12\/NkAKW3oFkfrnJ4Uud9GPzcuqBgSjZvmDmYTi27ko_400x400-300x300.jpeg 300w, https:\/\/ent2d.ac-bordeaux.fr\/disciplines\/semaine-des-maths\/wp-content\/uploads\/sites\/17\/2024\/12\/NkAKW3oFkfrnJ4Uud9GPzcuqBgSjZvmDmYTi27ko_400x400-150x150.jpeg 150w\" sizes=\"auto, (max-width: 400px) 100vw, 400px\" \/><\/a><figcaption class=\"wp-element-caption\">Podcasts<\/figcaption><\/figure>\n\n\n\n<figure class=\"wp-block-image size-large\"><a href=\"https:\/\/ent2d.ac-bordeaux.fr\/disciplines\/semaine-des-maths\/2025\/09\/13\/sites-et-chaines-videos-de-culture-mathematique\/\"><img loading=\"lazy\" decoding=\"async\" width=\"1024\" height=\"572\" data-id=\"7357\" src=\"https:\/\/ent2d.ac-bordeaux.fr\/disciplines\/semaine-des-maths\/wp-content\/uploads\/sites\/17\/2024\/12\/Capture-decran-2024-12-07-141926-1.jpg\" alt=\"\" class=\"wp-image-7357\" srcset=\"https:\/\/ent2d.ac-bordeaux.fr\/disciplines\/semaine-des-maths\/wp-content\/uploads\/sites\/17\/2024\/12\/Capture-decran-2024-12-07-141926-1.jpg 1024w, https:\/\/ent2d.ac-bordeaux.fr\/disciplines\/semaine-des-maths\/wp-content\/uploads\/sites\/17\/2024\/12\/Capture-decran-2024-12-07-141926-1-300x168.jpg 300w, https:\/\/ent2d.ac-bordeaux.fr\/disciplines\/semaine-des-maths\/wp-content\/uploads\/sites\/17\/2024\/12\/Capture-decran-2024-12-07-141926-1-768x429.jpg 768w, https:\/\/ent2d.ac-bordeaux.fr\/disciplines\/semaine-des-maths\/wp-content\/uploads\/sites\/17\/2024\/12\/Capture-decran-2024-12-07-141926-1-825x461.jpg 825w\" sizes=\"auto, (max-width: 1024px) 100vw, 1024px\" \/><\/a><figcaption class=\"wp-element-caption\">Vid\u00e9os et sites<\/figcaption><\/figure>\n\n\n\n<figure class=\"wp-block-image size-large\"><a href=\"https:\/\/ent2d.ac-bordeaux.fr\/disciplines\/semaine-des-maths\/2025\/09\/13\/maths-et-films\/\"><img loading=\"lazy\" decoding=\"async\" width=\"326\" height=\"435\" data-id=\"7153\" src=\"https:\/\/ent2d.ac-bordeaux.fr\/disciplines\/semaine-des-maths\/wp-content\/uploads\/sites\/17\/2024\/09\/unnamed.jpg\" alt=\"\" class=\"wp-image-7153\" srcset=\"https:\/\/ent2d.ac-bordeaux.fr\/disciplines\/semaine-des-maths\/wp-content\/uploads\/sites\/17\/2024\/09\/unnamed.jpg 326w, https:\/\/ent2d.ac-bordeaux.fr\/disciplines\/semaine-des-maths\/wp-content\/uploads\/sites\/17\/2024\/09\/unnamed-225x300.jpg 225w\" sizes=\"auto, (max-width: 326px) 100vw, 326px\" \/><\/a><figcaption class=\"wp-element-caption\">Films<\/figcaption><\/figure>\n\n\n\n<figure class=\"wp-block-image size-large\"><a href=\"https:\/\/ent2d.ac-bordeaux.fr\/disciplines\/semaine-des-maths\/2025\/09\/13\/informatique-et-robotique\/\"><img loading=\"lazy\" decoding=\"async\" width=\"700\" height=\"560\" data-id=\"6687\" src=\"https:\/\/ent2d.ac-bordeaux.fr\/disciplines\/semaine-des-maths\/wp-content\/uploads\/sites\/17\/2024\/01\/mb-p1030024-26_00-1.jpg\" alt=\"\" class=\"wp-image-6687\" srcset=\"https:\/\/ent2d.ac-bordeaux.fr\/disciplines\/semaine-des-maths\/wp-content\/uploads\/sites\/17\/2024\/01\/mb-p1030024-26_00-1.jpg 700w, https:\/\/ent2d.ac-bordeaux.fr\/disciplines\/semaine-des-maths\/wp-content\/uploads\/sites\/17\/2024\/01\/mb-p1030024-26_00-1-300x240.jpg 300w\" sizes=\"auto, (max-width: 700px) 100vw, 700px\" \/><\/a><figcaption class=\"wp-element-caption\">Informatique et robotique<\/figcaption><\/figure>\n\n\n\n<figure class=\"wp-block-image size-large\"><a href=\"https:\/\/ent2d.ac-bordeaux.fr\/disciplines\/semaine-des-maths\/2025\/09\/13\/spectacles-et-festivals-mathematiques\/\"><img loading=\"lazy\" decoding=\"async\" width=\"1024\" height=\"587\" data-id=\"6520\" src=\"https:\/\/ent2d.ac-bordeaux.fr\/disciplines\/semaine-des-maths\/wp-content\/uploads\/sites\/17\/2024\/01\/fcbverymathtripneutre.jpg\" alt=\"\" class=\"wp-image-6520\" srcset=\"https:\/\/ent2d.ac-bordeaux.fr\/disciplines\/semaine-des-maths\/wp-content\/uploads\/sites\/17\/2024\/01\/fcbverymathtripneutre.jpg 1024w, https:\/\/ent2d.ac-bordeaux.fr\/disciplines\/semaine-des-maths\/wp-content\/uploads\/sites\/17\/2024\/01\/fcbverymathtripneutre-300x172.jpg 300w, https:\/\/ent2d.ac-bordeaux.fr\/disciplines\/semaine-des-maths\/wp-content\/uploads\/sites\/17\/2024\/01\/fcbverymathtripneutre-768x440.jpg 768w, https:\/\/ent2d.ac-bordeaux.fr\/disciplines\/semaine-des-maths\/wp-content\/uploads\/sites\/17\/2024\/01\/fcbverymathtripneutre-1536x881.jpg 1536w, https:\/\/ent2d.ac-bordeaux.fr\/disciplines\/semaine-des-maths\/wp-content\/uploads\/sites\/17\/2024\/01\/fcbverymathtripneutre-825x473.jpg 825w\" sizes=\"auto, (max-width: 1024px) 100vw, 1024px\" \/><\/a><figcaption class=\"wp-element-caption\">Spectacles et pi\u00e8ces de th\u00e9\u00e2tre<\/figcaption><\/figure>\n\n\n\n<figure class=\"wp-block-image size-large\"><a href=\"https:\/\/www.tangente-mag.com\/dossier.php?id=213\"><img loading=\"lazy\" decoding=\"async\" width=\"998\" height=\"1024\" data-id=\"6254\" src=\"https:\/\/ent2d.ac-bordeaux.fr\/disciplines\/semaine-des-maths\/wp-content\/uploads\/sites\/17\/2023\/07\/porche-cathedrale-Oloron.png\" alt=\"\" class=\"wp-image-6254\" srcset=\"https:\/\/ent2d.ac-bordeaux.fr\/disciplines\/semaine-des-maths\/wp-content\/uploads\/sites\/17\/2023\/07\/porche-cathedrale-Oloron.png 998w, https:\/\/ent2d.ac-bordeaux.fr\/disciplines\/semaine-des-maths\/wp-content\/uploads\/sites\/17\/2023\/07\/porche-cathedrale-Oloron-292x300.png 292w, https:\/\/ent2d.ac-bordeaux.fr\/disciplines\/semaine-des-maths\/wp-content\/uploads\/sites\/17\/2023\/07\/porche-cathedrale-Oloron-768x788.png 768w, https:\/\/ent2d.ac-bordeaux.fr\/disciplines\/semaine-des-maths\/wp-content\/uploads\/sites\/17\/2023\/07\/porche-cathedrale-Oloron-1496x1536.png 1496w, https:\/\/ent2d.ac-bordeaux.fr\/disciplines\/semaine-des-maths\/wp-content\/uploads\/sites\/17\/2023\/07\/porche-cathedrale-Oloron-825x847.png 825w\" sizes=\"auto, (max-width: 998px) 100vw, 998px\" \/><\/a><figcaption class=\"wp-element-caption\">Architecture<\/figcaption><\/figure>\n\n\n\n<figure class=\"wp-block-image size-large\"><a href=\"https:\/\/ent2d.ac-bordeaux.fr\/disciplines\/semaine-des-maths\/2024\/10\/15\/jeux\/\"><img loading=\"lazy\" decoding=\"async\" width=\"420\" height=\"148\" data-id=\"6080\" src=\"https:\/\/ent2d.ac-bordeaux.fr\/disciplines\/semaine-des-maths\/wp-content\/uploads\/sites\/17\/2023\/03\/image-2.png\" alt=\"\" class=\"wp-image-6080\" srcset=\"https:\/\/ent2d.ac-bordeaux.fr\/disciplines\/semaine-des-maths\/wp-content\/uploads\/sites\/17\/2023\/03\/image-2.png 420w, https:\/\/ent2d.ac-bordeaux.fr\/disciplines\/semaine-des-maths\/wp-content\/uploads\/sites\/17\/2023\/03\/image-2-300x106.png 300w\" sizes=\"auto, (max-width: 420px) 100vw, 420px\" \/><\/a><figcaption class=\"wp-element-caption\">Jeux<\/figcaption><\/figure>\n\n\n\n<figure class=\"wp-block-image size-large\"><a href=\"https:\/\/ent2d.ac-bordeaux.fr\/disciplines\/semaine-des-maths\/2024\/11\/02\/mathematiques-et-art-quand-les-formes-et-les-nombres-inspirent-limaginaire\/\"><img loading=\"lazy\" decoding=\"async\" width=\"605\" height=\"402\" data-id=\"5825\" src=\"https:\/\/ent2d.ac-bordeaux.fr\/disciplines\/semaine-des-maths\/wp-content\/uploads\/sites\/17\/2022\/12\/fpostersmallwall_textureproduct750x1000.jpg\" alt=\"\" class=\"wp-image-5825\" srcset=\"https:\/\/ent2d.ac-bordeaux.fr\/disciplines\/semaine-des-maths\/wp-content\/uploads\/sites\/17\/2022\/12\/fpostersmallwall_textureproduct750x1000.jpg 605w, https:\/\/ent2d.ac-bordeaux.fr\/disciplines\/semaine-des-maths\/wp-content\/uploads\/sites\/17\/2022\/12\/fpostersmallwall_textureproduct750x1000-300x199.jpg 300w\" sizes=\"auto, (max-width: 605px) 100vw, 605px\" \/><\/a><figcaption class=\"wp-element-caption\">Maths et art<\/figcaption><\/figure>\n<\/figure>\n\n\n\n<figure class=\"wp-block-gallery has-nested-images columns-default is-cropped wp-block-gallery-2 is-layout-flex wp-block-gallery-is-layout-flex\">\n<figure class=\"wp-block-image size-large\"><a href=\"https:\/\/ent2d.ac-bordeaux.fr\/disciplines\/semaine-des-maths\/2024\/05\/19\/des-ateliers-cle-en-main-sur-la-geometrie-du-ballon-et-les-solides-de-platon-a-partir-du-cycle-3\/\"><img loading=\"lazy\" decoding=\"async\" width=\"509\" height=\"365\" data-id=\"8051\" src=\"https:\/\/ent2d.ac-bordeaux.fr\/disciplines\/semaine-des-maths\/wp-content\/uploads\/sites\/17\/2025\/11\/Sans-titre-6.jpg\" alt=\"\" class=\"wp-image-8051\" srcset=\"https:\/\/ent2d.ac-bordeaux.fr\/disciplines\/semaine-des-maths\/wp-content\/uploads\/sites\/17\/2025\/11\/Sans-titre-6.jpg 509w, https:\/\/ent2d.ac-bordeaux.fr\/disciplines\/semaine-des-maths\/wp-content\/uploads\/sites\/17\/2025\/11\/Sans-titre-6-300x215.jpg 300w\" sizes=\"auto, (max-width: 509px) 100vw, 509px\" \/><\/a><figcaption class=\"wp-element-caption\">Activit\u00e9 cl\u00e9 en main sur les formes g\u00e9om\u00e9triques du ballon<\/figcaption><\/figure>\n\n\n\n<figure class=\"wp-block-image size-large\"><a href=\"https:\/\/ent2d.ac-bordeaux.fr\/disciplines\/semaine-des-maths\/2022\/03\/16\/parcours-enigmes-mathcitymap\/\"><img loading=\"lazy\" decoding=\"async\" width=\"717\" height=\"752\" data-id=\"8052\" src=\"https:\/\/ent2d.ac-bordeaux.fr\/disciplines\/semaine-des-maths\/wp-content\/uploads\/sites\/17\/2025\/11\/Sans-titre.png\" alt=\"\" class=\"wp-image-8052\" srcset=\"https:\/\/ent2d.ac-bordeaux.fr\/disciplines\/semaine-des-maths\/wp-content\/uploads\/sites\/17\/2025\/11\/Sans-titre.png 717w, https:\/\/ent2d.ac-bordeaux.fr\/disciplines\/semaine-des-maths\/wp-content\/uploads\/sites\/17\/2025\/11\/Sans-titre-286x300.png 286w\" sizes=\"auto, (max-width: 717px) 100vw, 717px\" \/><\/a><figcaption class=\"wp-element-caption\">P<br>Parcours d&#8217;\u00e9nigmes g\u00e9olocalis\u00e9es<\/figcaption><\/figure>\n\n\n\n<figure class=\"wp-block-image size-large\"><a href=\"https:\/\/ent2d.ac-bordeaux.fr\/disciplines\/semaine-des-maths\/2025\/12\/26\/explorer-les-mathematiques-par-lactivite-et-la-manipulation\/\"><img loading=\"lazy\" decoding=\"async\" width=\"1022\" height=\"875\" data-id=\"8053\" src=\"https:\/\/ent2d.ac-bordeaux.fr\/disciplines\/semaine-des-maths\/wp-content\/uploads\/sites\/17\/2025\/11\/Sans-titre-7.jpg\" alt=\"\" class=\"wp-image-8053\" srcset=\"https:\/\/ent2d.ac-bordeaux.fr\/disciplines\/semaine-des-maths\/wp-content\/uploads\/sites\/17\/2025\/11\/Sans-titre-7.jpg 1022w, https:\/\/ent2d.ac-bordeaux.fr\/disciplines\/semaine-des-maths\/wp-content\/uploads\/sites\/17\/2025\/11\/Sans-titre-7-300x257.jpg 300w, https:\/\/ent2d.ac-bordeaux.fr\/disciplines\/semaine-des-maths\/wp-content\/uploads\/sites\/17\/2025\/11\/Sans-titre-7-768x658.jpg 768w, https:\/\/ent2d.ac-bordeaux.fr\/disciplines\/semaine-des-maths\/wp-content\/uploads\/sites\/17\/2025\/11\/Sans-titre-7-825x706.jpg 825w\" sizes=\"auto, (max-width: 1022px) 100vw, 1022px\" \/><\/a><figcaption class=\"wp-element-caption\">kits d&#8217;activit\u00e9s maths<\/figcaption><\/figure>\n<\/figure>\n\n\n\n<figure class=\"wp-block-gallery has-nested-images columns-default is-cropped wp-block-gallery-3 is-layout-flex wp-block-gallery-is-layout-flex\">\n<figure class=\"wp-block-image size-full\"><a href=\"https:\/\/ent2d.ac-bordeaux.fr\/disciplines\/semaine-des-maths\/2025\/09\/13\/affiches-mathematiques\/\"><img loading=\"lazy\" decoding=\"async\" width=\"724\" height=\"1024\" data-id=\"5665\" src=\"https:\/\/ent2d.ac-bordeaux.fr\/disciplines\/semaine-des-maths\/wp-content\/uploads\/sites\/17\/2022\/04\/maths_s_a_r-724x1024-1.jpg\" alt=\"\" class=\"wp-image-5665\" srcset=\"https:\/\/ent2d.ac-bordeaux.fr\/disciplines\/semaine-des-maths\/wp-content\/uploads\/sites\/17\/2022\/04\/maths_s_a_r-724x1024-1.jpg 724w, https:\/\/ent2d.ac-bordeaux.fr\/disciplines\/semaine-des-maths\/wp-content\/uploads\/sites\/17\/2022\/04\/maths_s_a_r-724x1024-1-212x300.jpg 212w\" sizes=\"auto, (max-width: 724px) 100vw, 724px\" \/><\/a><figcaption class=\"wp-element-caption\">Affiches<\/figcaption><\/figure>\n\n\n\n<figure class=\"wp-block-image size-large\"><a href=\"https:\/\/ent2d.ac-bordeaux.fr\/disciplines\/semaine-des-maths\/2025\/09\/13\/maths-et-livres\/\"><img loading=\"lazy\" decoding=\"async\" width=\"753\" height=\"533\" data-id=\"4393\" src=\"https:\/\/ent2d.ac-bordeaux.fr\/disciplines\/semaine-des-maths\/wp-content\/uploads\/sites\/17\/2019\/11\/S\u00e9lection-coll\u00e8ge.png\" alt=\"\" class=\"wp-image-4393\" srcset=\"https:\/\/ent2d.ac-bordeaux.fr\/disciplines\/semaine-des-maths\/wp-content\/uploads\/sites\/17\/2019\/11\/S\u00e9lection-coll\u00e8ge.png 753w, https:\/\/ent2d.ac-bordeaux.fr\/disciplines\/semaine-des-maths\/wp-content\/uploads\/sites\/17\/2019\/11\/S\u00e9lection-coll\u00e8ge-300x212.png 300w\" sizes=\"auto, (max-width: 753px) 100vw, 753px\" \/><\/a><figcaption class=\"wp-element-caption\">Livres math\u00e9matiques<\/figcaption><\/figure>\n\n\n\n<figure class=\"wp-block-image size-large\"><a href=\"https:\/\/ent2d.ac-bordeaux.fr\/disciplines\/semaine-des-maths\/2025\/09\/13\/expositions-itinerantes\/\"><img loading=\"lazy\" decoding=\"async\" width=\"208\" height=\"305\" data-id=\"3644\" src=\"https:\/\/ent2d.ac-bordeaux.fr\/disciplines\/semaine-des-maths\/wp-content\/uploads\/sites\/17\/2019\/02\/Mathissime-affiche.jpg\" alt=\"\" class=\"wp-image-3644\" srcset=\"https:\/\/ent2d.ac-bordeaux.fr\/disciplines\/semaine-des-maths\/wp-content\/uploads\/sites\/17\/2019\/02\/Mathissime-affiche.jpg 208w, https:\/\/ent2d.ac-bordeaux.fr\/disciplines\/semaine-des-maths\/wp-content\/uploads\/sites\/17\/2019\/02\/Mathissime-affiche-205x300.jpg 205w\" sizes=\"auto, (max-width: 208px) 100vw, 208px\" \/><\/a><figcaption class=\"wp-element-caption\">Expositions<\/figcaption><\/figure>\n<\/figure>\n\n\n\n<figure class=\"wp-block-gallery has-nested-images columns-default is-cropped wp-block-gallery-4 is-layout-flex wp-block-gallery-is-layout-flex\">\n<figure class=\"wp-block-image size-large\"><a href=\"https:\/\/ent2d.ac-bordeaux.fr\/disciplines\/semaine-des-maths\/2020\/01\/28\/maths-numerique\/\"><img loading=\"lazy\" decoding=\"async\" width=\"718\" height=\"515\" data-id=\"7404\" src=\"https:\/\/ent2d.ac-bordeaux.fr\/disciplines\/semaine-des-maths\/wp-content\/uploads\/sites\/17\/2024\/12\/Capture-decran-2024-12-13-161831.jpg\" alt=\"\" class=\"wp-image-7404\" srcset=\"https:\/\/ent2d.ac-bordeaux.fr\/disciplines\/semaine-des-maths\/wp-content\/uploads\/sites\/17\/2024\/12\/Capture-decran-2024-12-13-161831.jpg 718w, https:\/\/ent2d.ac-bordeaux.fr\/disciplines\/semaine-des-maths\/wp-content\/uploads\/sites\/17\/2024\/12\/Capture-decran-2024-12-13-161831-300x215.jpg 300w\" sizes=\"auto, (max-width: 718px) 100vw, 718px\" \/><\/a><figcaption class=\"wp-element-caption\">Num\u00e9rique<\/figcaption><\/figure>\n\n\n\n<figure class=\"wp-block-image size-large\"><a href=\"https:\/\/ent2d.ac-bordeaux.fr\/disciplines\/semaine-des-maths\/ressources-maths-et-sport\/\"><img loading=\"lazy\" decoding=\"async\" width=\"162\" height=\"136\" data-id=\"6827\" src=\"https:\/\/ent2d.ac-bordeaux.fr\/disciplines\/semaine-des-maths\/wp-content\/uploads\/sites\/17\/2024\/03\/image-3.png\" alt=\"\" class=\"wp-image-6827\" \/><\/a><figcaption class=\"wp-element-caption\">Maths et sport<\/figcaption><\/figure>\n\n\n\n<figure class=\"wp-block-image size-large\"><a href=\"https:\/\/ent2d.ac-bordeaux.fr\/disciplines\/semaine-des-maths\/2019\/11\/30\/enigmes\/\"><img loading=\"lazy\" decoding=\"async\" width=\"300\" height=\"200\" data-id=\"6780\" src=\"https:\/\/ent2d.ac-bordeaux.fr\/disciplines\/semaine-des-maths\/wp-content\/uploads\/sites\/17\/2024\/02\/167edfd_1707922503333-image.png\" alt=\"\" class=\"wp-image-6780\" \/><\/a><figcaption class=\"wp-element-caption\">Enigmes<\/figcaption><\/figure>\n<\/figure>\n\n\n\n<figure class=\"wp-block-gallery has-nested-images columns-default is-cropped wp-block-gallery-5 is-layout-flex wp-block-gallery-is-layout-flex\">\n<figure class=\"wp-block-image size-large\"><a href=\"https:\/\/ent2d.ac-bordeaux.fr\/disciplines\/semaine-des-maths\/2017\/01\/12\/liens-et-ressources-maths-et-langages\/\"><img loading=\"lazy\" decoding=\"async\" width=\"1024\" height=\"681\" data-id=\"7901\" src=\"https:\/\/ent2d.ac-bordeaux.fr\/disciplines\/semaine-des-maths\/wp-content\/uploads\/sites\/17\/2025\/09\/pexels-padrinan-1010973-scaled.jpg\" alt=\"\" class=\"wp-image-7901\" srcset=\"https:\/\/ent2d.ac-bordeaux.fr\/disciplines\/semaine-des-maths\/wp-content\/uploads\/sites\/17\/2025\/09\/pexels-padrinan-1010973-scaled.jpg 1024w, https:\/\/ent2d.ac-bordeaux.fr\/disciplines\/semaine-des-maths\/wp-content\/uploads\/sites\/17\/2025\/09\/pexels-padrinan-1010973-300x199.jpg 300w, https:\/\/ent2d.ac-bordeaux.fr\/disciplines\/semaine-des-maths\/wp-content\/uploads\/sites\/17\/2025\/09\/pexels-padrinan-1010973-768x511.jpg 768w, https:\/\/ent2d.ac-bordeaux.fr\/disciplines\/semaine-des-maths\/wp-content\/uploads\/sites\/17\/2025\/09\/pexels-padrinan-1010973-1536x1021.jpg 1536w, https:\/\/ent2d.ac-bordeaux.fr\/disciplines\/semaine-des-maths\/wp-content\/uploads\/sites\/17\/2025\/09\/pexels-padrinan-1010973-2048x1362.jpg 2048w, https:\/\/ent2d.ac-bordeaux.fr\/disciplines\/semaine-des-maths\/wp-content\/uploads\/sites\/17\/2025\/09\/pexels-padrinan-1010973-825x549.jpg 825w\" sizes=\"auto, (max-width: 1024px) 100vw, 1024px\" \/><\/a><figcaption class=\"wp-element-caption\">Math\u00e9matiques et langage<\/figcaption><\/figure>\n\n\n\n<figure class=\"wp-block-image size-large\"><a href=\"https:\/\/eduscol.education.fr\/2322\/mathematiques\"><img loading=\"lazy\" decoding=\"async\" width=\"1024\" height=\"768\" data-id=\"7903\" src=\"https:\/\/ent2d.ac-bordeaux.fr\/disciplines\/semaine-des-maths\/wp-content\/uploads\/sites\/17\/2025\/09\/pexels-energepic-com-27411-159888-scaled.jpg\" alt=\"\" class=\"wp-image-7903\" srcset=\"https:\/\/ent2d.ac-bordeaux.fr\/disciplines\/semaine-des-maths\/wp-content\/uploads\/sites\/17\/2025\/09\/pexels-energepic-com-27411-159888-scaled.jpg 1024w, https:\/\/ent2d.ac-bordeaux.fr\/disciplines\/semaine-des-maths\/wp-content\/uploads\/sites\/17\/2025\/09\/pexels-energepic-com-27411-159888-300x225.jpg 300w, https:\/\/ent2d.ac-bordeaux.fr\/disciplines\/semaine-des-maths\/wp-content\/uploads\/sites\/17\/2025\/09\/pexels-energepic-com-27411-159888-768x576.jpg 768w, https:\/\/ent2d.ac-bordeaux.fr\/disciplines\/semaine-des-maths\/wp-content\/uploads\/sites\/17\/2025\/09\/pexels-energepic-com-27411-159888-1536x1152.jpg 1536w, https:\/\/ent2d.ac-bordeaux.fr\/disciplines\/semaine-des-maths\/wp-content\/uploads\/sites\/17\/2025\/09\/pexels-energepic-com-27411-159888-2048x1536.jpg 2048w, https:\/\/ent2d.ac-bordeaux.fr\/disciplines\/semaine-des-maths\/wp-content\/uploads\/sites\/17\/2025\/09\/pexels-energepic-com-27411-159888-825x619.jpg 825w\" sizes=\"auto, (max-width: 1024px) 100vw, 1024px\" \/><\/a><figcaption class=\"wp-element-caption\">Education financi\u00e8re<\/figcaption><\/figure>\n\n\n\n<figure class=\"wp-block-image size-large\"><a href=\"https:\/\/ent2d.ac-bordeaux.fr\/disciplines\/semaine-des-maths\/2021\/02\/27\/ressources-pour-la-semaine-des-mathematiques-2021-maths-et-societe\/\"><img loading=\"lazy\" decoding=\"async\" width=\"1024\" height=\"768\" data-id=\"7904\" src=\"https:\/\/ent2d.ac-bordeaux.fr\/disciplines\/semaine-des-maths\/wp-content\/uploads\/sites\/17\/2025\/09\/pexels-kindelmedia-7688365-scaled.jpg\" alt=\"\" class=\"wp-image-7904\" srcset=\"https:\/\/ent2d.ac-bordeaux.fr\/disciplines\/semaine-des-maths\/wp-content\/uploads\/sites\/17\/2025\/09\/pexels-kindelmedia-7688365-scaled.jpg 1024w, https:\/\/ent2d.ac-bordeaux.fr\/disciplines\/semaine-des-maths\/wp-content\/uploads\/sites\/17\/2025\/09\/pexels-kindelmedia-7688365-300x225.jpg 300w, https:\/\/ent2d.ac-bordeaux.fr\/disciplines\/semaine-des-maths\/wp-content\/uploads\/sites\/17\/2025\/09\/pexels-kindelmedia-7688365-768x576.jpg 768w, https:\/\/ent2d.ac-bordeaux.fr\/disciplines\/semaine-des-maths\/wp-content\/uploads\/sites\/17\/2025\/09\/pexels-kindelmedia-7688365-1536x1152.jpg 1536w, https:\/\/ent2d.ac-bordeaux.fr\/disciplines\/semaine-des-maths\/wp-content\/uploads\/sites\/17\/2025\/09\/pexels-kindelmedia-7688365-2048x1536.jpg 2048w, https:\/\/ent2d.ac-bordeaux.fr\/disciplines\/semaine-des-maths\/wp-content\/uploads\/sites\/17\/2025\/09\/pexels-kindelmedia-7688365-825x619.jpg 825w\" sizes=\"auto, (max-width: 1024px) 100vw, 1024px\" \/><\/a><figcaption class=\"wp-element-caption\">Math\u00e9matiques et soci\u00e9t\u00e9<\/figcaption><\/figure>\n<\/figure>\n\n\n\n<figure class=\"wp-block-gallery has-nested-images columns-default is-cropped wp-block-gallery-6 is-layout-flex wp-block-gallery-is-layout-flex\">\n<figure class=\"wp-block-image size-large\"><a href=\"https:\/\/ent2d.ac-bordeaux.fr\/disciplines\/semaine-des-maths\/2018\/08\/11\/les-debouches-des-mathematiques-orientation\/\"><img loading=\"lazy\" decoding=\"async\" width=\"300\" height=\"200\" data-id=\"7972\" src=\"https:\/\/ent2d.ac-bordeaux.fr\/disciplines\/semaine-des-maths\/wp-content\/uploads\/sites\/17\/2025\/10\/Les-metiers-des-mathematiques-de-la-statistique-et-de-l-informatique-2021-660x440-1-300x200-1.png\" alt=\"\" class=\"wp-image-7972\" \/><\/a><figcaption class=\"wp-element-caption\">Orientation<\/figcaption><\/figure>\n\n\n\n<figure class=\"wp-block-image size-large\"><a href=\"https:\/\/mathematicum.univ-pau.fr\/site\/\"><img loading=\"lazy\" decoding=\"async\" width=\"960\" height=\"596\" data-id=\"8067\" src=\"https:\/\/ent2d.ac-bordeaux.fr\/disciplines\/semaine-des-maths\/wp-content\/uploads\/sites\/17\/2025\/12\/Sans-titre.png\" alt=\"\" class=\"wp-image-8067\" srcset=\"https:\/\/ent2d.ac-bordeaux.fr\/disciplines\/semaine-des-maths\/wp-content\/uploads\/sites\/17\/2025\/12\/Sans-titre.png 960w, https:\/\/ent2d.ac-bordeaux.fr\/disciplines\/semaine-des-maths\/wp-content\/uploads\/sites\/17\/2025\/12\/Sans-titre-300x186.png 300w, https:\/\/ent2d.ac-bordeaux.fr\/disciplines\/semaine-des-maths\/wp-content\/uploads\/sites\/17\/2025\/12\/Sans-titre-768x477.png 768w, https:\/\/ent2d.ac-bordeaux.fr\/disciplines\/semaine-des-maths\/wp-content\/uploads\/sites\/17\/2025\/12\/Sans-titre-825x512.png 825w\" sizes=\"auto, (max-width: 960px) 100vw, 960px\" \/><\/a><figcaption class=\"wp-element-caption\">Mathematicum<\/figcaption><\/figure>\n\n\n\n<figure class=\"wp-block-image size-large\"><a href=\"https:\/\/ent2d.ac-bordeaux.fr\/disciplines\/semaine-des-maths\/2022\/02\/07\/enigmes-sur-les-polyedres-au-lycee-victor-louis-de-talence\/\"><img loading=\"lazy\" decoding=\"async\" width=\"768\" height=\"511\" data-id=\"8100\" src=\"https:\/\/ent2d.ac-bordeaux.fr\/disciplines\/semaine-des-maths\/wp-content\/uploads\/sites\/17\/2025\/12\/DSC_2604-compresse-768x511-1.jpg\" alt=\"\" class=\"wp-image-8100\" srcset=\"https:\/\/ent2d.ac-bordeaux.fr\/disciplines\/semaine-des-maths\/wp-content\/uploads\/sites\/17\/2025\/12\/DSC_2604-compresse-768x511-1.jpg 768w, https:\/\/ent2d.ac-bordeaux.fr\/disciplines\/semaine-des-maths\/wp-content\/uploads\/sites\/17\/2025\/12\/DSC_2604-compresse-768x511-1-300x200.jpg 300w\" sizes=\"auto, (max-width: 768px) 100vw, 768px\" \/><\/a><figcaption class=\"wp-element-caption\">Activit\u00e9s cl\u00e9 en main sur les poly\u00e8dres<\/figcaption><\/figure>\n<\/figure>\n\n\n\n<figure class=\"wp-block-gallery has-nested-images columns-default is-cropped wp-block-gallery-7 is-layout-flex wp-block-gallery-is-layout-flex\"><div class=\"wp-block-image\">\n<figure class=\"alignleft size-large\"><a href=\"https:\/\/ent2d.ac-bordeaux.fr\/disciplines\/semaine-des-maths\/2026\/02\/15\/des-sonneries-pour-la-semaine-des-mathematiques\/\"><img loading=\"lazy\" decoding=\"async\" width=\"300\" height=\"168\" data-id=\"8292\" src=\"https:\/\/ent2d.ac-bordeaux.fr\/disciplines\/semaine-des-maths\/wp-content\/uploads\/sites\/17\/2026\/02\/Sans-titre-3.jpg\" alt=\"\" class=\"wp-image-8292\" \/><\/a><figcaption class=\"wp-element-caption\">Musiques et sonneries<\/figcaption><\/figure>\n<\/div><\/figure>\n\n\n\n<div class=\"wp-block-columns is-layout-flex wp-container-core-columns-is-layout-9d6595d7 wp-block-columns-is-layout-flex\">\n<div class=\"wp-block-column is-layout-flow wp-block-column-is-layout-flow\"><\/div>\n\n\n\n<div class=\"wp-block-column is-layout-flow wp-block-column-is-layout-flow\"><\/div>\n<\/div>\n\n\n\n<p><\/p>\n","protected":false},"excerpt":{"rendered":"","protected":false},"author":5,"featured_media":0,"parent":0,"menu_order":0,"comment_status":"closed","ping_status":"closed","template":"","meta":{"footnotes":""},"class_list":["post-4180","page","type-page","status-publish","hentry","nodate","item-wrap"],"_links":{"self":[{"href":"https:\/\/ent2d.ac-bordeaux.fr\/disciplines\/semaine-des-maths\/wp-json\/wp\/v2\/pages\/4180","targetHints":{"allow":["GET"]}}],"collection":[{"href":"https:\/\/ent2d.ac-bordeaux.fr\/disciplines\/semaine-des-maths\/wp-json\/wp\/v2\/pages"}],"about":[{"href":"https:\/\/ent2d.ac-bordeaux.fr\/disciplines\/semaine-des-maths\/wp-json\/wp\/v2\/types\/page"}],"author":[{"embeddable":true,"href":"https:\/\/ent2d.ac-bordeaux.fr\/disciplines\/semaine-des-maths\/wp-json\/wp\/v2\/users\/5"}],"replies":[{"embeddable":true,"href":"https:\/\/ent2d.ac-bordeaux.fr\/disciplines\/semaine-des-maths\/wp-json\/wp\/v2\/comments?post=4180"}],"version-history":[{"count":60,"href":"https:\/\/ent2d.ac-bordeaux.fr\/disciplines\/semaine-des-maths\/wp-json\/wp\/v2\/pages\/4180\/revisions"}],"predecessor-version":[{"id":8295,"href":"https:\/\/ent2d.ac-bordeaux.fr\/disciplines\/semaine-des-maths\/wp-json\/wp\/v2\/pages\/4180\/revisions\/8295"}],"wp:attachment":[{"href":"https:\/\/ent2d.ac-bordeaux.fr\/disciplines\/semaine-des-maths\/wp-json\/wp\/v2\/media?parent=4180"}],"curies":[{"name":"wp","href":"https:\/\/api.w.org\/{rel}","templated":true}]}}