{"id":1350,"date":"2016-11-12T15:55:36","date_gmt":"2016-11-12T14:55:36","guid":{"rendered":"https:\/\/ent2d.ac-bordeaux.fr\/disciplines\/semaine-des-maths\/?page_id=1350"},"modified":"2026-02-22T11:23:22","modified_gmt":"2026-02-22T10:23:22","slug":"les-concours-de-mathematiques","status":"publish","type":"page","link":"https:\/\/ent2d.ac-bordeaux.fr\/disciplines\/semaine-des-maths\/les-concours-de-mathematiques\/","title":{"rendered":"Les concours de math\u00e9matiques"},"content":{"rendered":"\n<p><strong>A l&#8217;occasion de la Semaine des Math\u00e9matiques, pourquoi ne pas inscrire vos \u00e9l\u00e8ves \u00e0 un concours?<br><\/strong>Ces \u00e9preuves permettent aux \u00e9l\u00e8ves de partager des moments math\u00e9matiques ludiques, motivants, dans un contexte festif et dynamique<strong>.<\/strong><\/p>\n\n\n\n<p>Choisissez le concours qui conviendra \u00e0 vos \u00e9l\u00e8ves, vous trouverez en g\u00e9n\u00e9ral sur son site des \u00e9nigmes pour les y pr\u00e9parer (ou \u00e0 utiliser dans d&#8217;autres contextes).<\/p>\n\n\n\n<h2 class=\"wp-block-heading\"><strong><a href=\"https:\/\/ent2d.ac-bordeaux.fr\/disciplines\/semaine-des-maths\/2025\/09\/09\/concours-daffiches-2026\/\" data-type=\"link\" data-id=\"https:\/\/ent2d.ac-bordeaux.fr\/disciplines\/semaine-des-maths\/2025\/09\/09\/concours-daffiches-2026\/\">Concours d&#8217;affiche de la Semaine des Maths de l&#8217;acad\u00e9mie de Bordeaux<\/a><\/strong> &#8211; Coll\u00e9giens<\/h2>\n\n\n\n<p>Les participants sont invit\u00e9s, dans le cadre d\u2019activit\u00e9s de classe, \u00e0 r\u00e9aliser <strong>une affiche pour la Semaine des Maths ainsi qu\u2019un texte d\u2019une dizaine de lignes<\/strong> explicitant l\u2019interpr\u00e9tation de leur cr\u00e9ation et le lien avec le th\u00e8me \u201cMath\u00e9matiques l&#8217;important c&#8217;est de participer\u201d. L\u2019affiche gagnante servira de support visuel majeur pour promouvoir la Semaine des Math\u00e9matiques dans l&#8217;Acad\u00e9mie de Bordeaux.  <a href=\"https:\/\/ent2d.ac-bordeaux.fr\/disciplines\/semaine-des-maths\/2025\/09\/09\/concours-daffiches-2026\/\">Lien <\/a>vers la page du concours 2026<\/p>\n\n\n\n<h2 class=\"wp-block-heading\"><a href=\"https:\/\/ent2d.ac-bordeaux.fr\/disciplines\/semaine-des-maths\/2024\/10\/08\/concours-photo-loeil-des-maths\/\">Concours  photo r\u00e9gional &#8220;L&#8217;<strong>\u0153il des maths&#8221; dans l&#8217;acad\u00e9mie de Bordeaux <\/strong> &#8211; lyc\u00e9ens<\/a><\/h2>\n\n\n\n<p>Les participants sont invit\u00e9s, dans le cadre d\u2019activit\u00e9s de classe, \u00e0 r\u00e9aliser <strong>une photo sur un th\u00e8me donn\u00e9 (le sport en 2024, la Plan\u00e8te Terre en 2025 et le Mouvement en 2026) accompagn\u00e9e d&#8217;un titre exclusivement math\u00e9matique ainsi qu\u2019un texte d\u2019une dizaine de lignes<\/strong> explicitant la d\u00e9marche du candidat. Les photos des laur\u00e9ats seront r\u00e9unies dans exposition itin\u00e9rante et feront l&#8217;objet d&#8217;un livre o\u00f9 chaque photo sera accompagn\u00e9e de leurs l\u00e9gendes relues et augment\u00e9es par les chercheurs des 5 universit\u00e9s partenaires.  <a href=\"https:\/\/ent2d.ac-bordeaux.fr\/disciplines\/semaine-des-maths\/2024\/10\/08\/concours-photo-loeil-des-maths\/\">Lien <\/a>vers le descriptif du concours.<\/p>\n\n\n\n<h2 class=\"wp-block-heading\"><a href=\"https:\/\/www.math.u-bordeaux.fr\/IREM\/rallye\/spip.php?article61\" target=\"_blank\" rel=\"noreferrer noopener\"><strong>Rallye math\u00e9matique d&#8217;Aquitaine<\/strong><\/a> : Lundi 16 mars 2026- pour les 3<sup>\u00e8mes <\/sup>&nbsp;,&nbsp;2<sup>ndes<\/sup>G et&nbsp;2<sup>ndes <\/sup>Pro<\/h2>\n\n\n\n<p>Ce concours permet \u00e0 vos \u00e9l\u00e8ves d&#8217;appr\u00e9hender un effort commun, une gestion et une coh\u00e9sion du groupe. Les probl\u00e8mes propos\u00e9s sont originaux, progressifs en difficult\u00e9, et chacun aura de quoi se creuser les m\u00e9ninges durant 1h30.<br>M\u00eame avec peu de pr\u00e9paration vos \u00e9l\u00e8ves se laisseront prendre par le jeu et l&#8217;enjeu. Animation garantie.<br>Sur <a href=\"https:\/\/www.math.u-bordeaux.fr\/IREM\/rallye\/\">le site<\/a> vous trouverez des sujets corrig\u00e9s pour entrainer vos \u00e9l\u00e8ves.<br><strong>Inscription : <\/strong>fermeture des inscriptions le (date \u00e0 venir)<\/p>\n\n\n\n<h2 class=\"wp-block-heading\"><strong><a href=\"http:\/\/pedagogie.ac-strasbourg.fr\/mathematiques\/competitions\/course-aux-nombres\/\" target=\"_blank\" rel=\"noreferrer noopener\">La course aux nombres<\/a><\/strong><\/h2>\n\n\n\n<p>Il s&#8217;agit d&#8217;un concours d&#8217;activit\u00e9s mentales portant sur des th\u00e8mes math\u00e9matiques vari\u00e9s. Cette action vise \u00e0 promouvoir des pratiques p\u00e9dagogiques et didactiques qui installent les fondamentaux et d\u00e9veloppent des automatismes. L\u2019\u00e9preuve consiste \u00e0 r\u00e9pondre dans un d\u00e9lai de 9 minutes \u00e0 30 questions d\u2019activit\u00e9s mentales. Ouvert aux \u00e9l\u00e8ves de CP jusqu&#8217;aux&nbsp;classes de&nbsp;BTS. Nombreuses annales. Cette page int\u00e8gre des <a href=\"https:\/\/ent2d.ac-bordeaux.fr\/disciplines\/mathematiques\/formation-college-automatismes-nombres-et-calculs\/\" target=\"_blank\" rel=\"noreferrer noopener\">ressources sur les automatismes<\/a>.<\/p>\n\n\n\n<p>Voici un <a href=\"https:\/\/ent2d.ac-bordeaux.fr\/disciplines\/mathematiques\/diapos-pres-can-2024\/\" target=\"_blank\" rel=\"noreferrer noopener\">diaporama de pr\u00e9sentation<\/a>.<\/p>\n\n\n\n<h2 class=\"wp-block-heading\"><strong><a href=\"http:\/\/maths-msf.site.ac-strasbourg.fr\" target=\"_blank\" rel=\"noreferrer noopener\">Rallye Math\u00e9matiques sans fronti\u00e8res Junior <\/a><\/strong>&#8211;  3 mars 2026- pour les CM2-6<sup>\u00e8mes<\/sup> et 5 mars 2026 pour les 3<sup>\u00e8mes<\/sup>-2<sup>ndes<\/sup><\/h2>\n\n\n\n<p>Dans le m\u00eame esprit que le Rallye d&#8217;Aquitaine, ce concours&nbsp; vous proposera une formule extr\u00eamement ludique et tr\u00e8s appr\u00e9ci\u00e9e par les \u00e9l\u00e8ves. L&#8217;\u00e9preuve dure 50mn. Inscription jusqu&#8217;au 20 d\u00e9cembre 2024.<br><a href=\"https:\/\/maths-msf.site.ac-strasbourg.fr\/MSF_Grands\/Menu_Epr.htm\" target=\"_blank\" rel=\"noreferrer noopener\">Des sujets avec corrig\u00e9s sont disponibles<\/a>.<\/p>\n\n\n\n<h2 class=\"wp-block-heading\"><a href=\"https:\/\/www.education.gouv.fr\/kangourou-des-mathematiques-10016\" target=\"_blank\" rel=\"noreferrer noopener\"><strong>Kangourou des math\u00e9matiques<\/strong><\/a> &#8211; 19 mars 2026 &#8211; du CP \u00e0 la Terminale<\/h2>\n\n\n\n<p>L&#8217;inscription \u00e0 ce concours individuel co\u00fbte 3\u20ac par \u00e9l\u00e8ve. Les enseignants favorisent en g\u00e9n\u00e9ral des inscriptions sur la base du volontariat.<br>Les \u00e9nigmes sont progressives, vari\u00e9es et riches. Elles se pr\u00e9sentent sous forme de QCM.<br>Vos \u00e9l\u00e8ves pourraient vous r\u00e9v\u00e9ler des surprises.<br><a href=\"https:\/\/www.mathkang.org\/concours\/insc2025edu.html\" target=\"_blank\" rel=\"noreferrer noopener\">Inscription le plus t\u00f4t possible<\/a><\/p>\n\n\n\n<h2 class=\"wp-block-heading\">Rallye <strong><a href=\"https:\/\/calculatice.ac-lille.fr\/presentation-des-rallyes-2023\/\" target=\"_blank\" rel=\"noreferrer noopener\">Calcul@tice<\/a><\/strong> &#8211; du CP \u00e0 la 3<sup>\u00e8me<\/sup><\/h2>\n\n\n\n<p>Ce concours pr\u00e9sente 5 niveaux d&#8217;\u00e9preuves de calcul mental<\/p>\n\n\n\n<p><strong>Conditions de r\u00e9alisation :<\/strong><\/p>\n\n\n\n<ul class=\"wp-block-list\">\n<li>Le rallye se r\u00e9alise en ligne et par groupe de deux \u00e9l\u00e8ves (inscrit sous un pseudonyme \u2013 voir plus haut)<\/li>\n\n\n\n<li>Pour chaque groupe de deux, le rallye se r\u00e9alise en une seule s\u00e9quence de 30 \u00e0 45 minutes<\/li>\n\n\n\n<li><a href=\"https:\/\/calculatice.ac-lille.fr\/app-eleve\/\">Lien vers l&#8217;application d&#8217;entrainement au calcul<\/a><\/li>\n<\/ul>\n\n\n\n<h2 class=\"wp-block-heading\"><a href=\"https:\/\/www.education.gouv.fr\/les-olympiades-nationales-de-mathematiques-5732\" target=\"_blank\" rel=\"noreferrer noopener\"><strong>Olympiades de math\u00e9matiques<\/strong><\/a> &#8211; 18 mars 2026 &#8211; pour les 1<sup>\u00e8res<\/sup><\/h2>\n\n\n\n<p>L&#8217;\u00e9preuve du concours dure 4h. Cl\u00f4ture des inscriptions acad\u00e9miques le 20 f\u00e9vrier 2026<br>L\u00b4inscription se fait aupr\u00e8s des professeurs de math\u00e9matiques.<\/p>\n\n\n\n<ul class=\"wp-block-list\">\n<li><a href=\"https:\/\/ent2d.ac-bordeaux.fr\/disciplines\/mathematiques\/olympiades-academiques-de-mathematiques\/\">Modalit\u00e9s d&#8217;inscription <\/a><\/li>\n\n\n\n<li>Des sujets sur les sites de l&#8217;<a href=\"http:\/\/www.apmep.fr\/-Olympiades\">APMEP<\/a><\/li>\n<\/ul>\n\n\n\n<h2 class=\"wp-block-heading\"><strong><a href=\"http:\/\/www.mathador.fr\/\">Concours Mathador<\/a><\/strong> &#8211; du CE2 \u00e0 la 3\u00e8me<\/h2>\n\n\n\n<p>Chaque semaine, les \u00e9l\u00e8ves participeront \u00e0 une \u00e9preuve de calcul mental de type &#8220;compte est bon&#8221;, \u00e0 r\u00e9aliser en 3 minutes en classe.Chaque \u00e9l\u00e8ve devra proposer sa solution et comptera ses points en fonction des op\u00e9rations utilis\u00e9es. Chaque enseignant indiquera les r\u00e9sultats de ses \u00e9l\u00e8ves en se connectant \u00e0 son interface priv\u00e9e. A l\u2019issue de toutes les \u00e9preuves, la classe qui obtiendra la moyenne la plus \u00e9lev\u00e9e de sa cat\u00e9gorie sera d\u00e9clar\u00e9e gagnante.<br>Possibilit\u00e9 de <a href=\"http:\/\/www.mathador.fr\/chrono.php\">s&#8217;entrainer en ligne<\/a>.<\/p>\n\n\n\n<h2 class=\"wp-block-heading\"><a href=\"https:\/\/videodimath.math.cnrs.fr\/videodimath\/\">VideoDimaths<\/a><\/h2>\n\n\n\n<p>Le concours de vid\u00e9os <em>VideoDiMath<\/em> est \u00e0 destination des coll\u00e8ges et lyc\u00e9es. Il est propos\u00e9 par <a href=\"http:\/\/video.math.cnrs.fr\" target=\"_blank\" rel=\"noreferrer noopener\"><em>VideoDiMath<\/em>, projet vid\u00e9o d&#8217;AuDiMATH<\/a>, avec le soutien du <a href=\"http:\/\/eduscol.education.fr\/cid134651\/concours-videodimath.html\" target=\"_blank\" rel=\"noreferrer noopener\">minist\u00e8re de l\u2019\u00c9ducation nationale<\/a>.<\/p>\n\n\n\n<p>Il s\u2019agit pour les \u00e9l\u00e8ves de produire une vid\u00e9o de -3min (hors g\u00e9n\u00e9rique) pour montrer que les math\u00e9matiques sont autour de nous, actuelles et plaisantes, en lien avec d\u2019autres disciplines.<\/p>\n\n\n\n<p>Dans le cadre de <a href=\"https:\/\/anneeingenierie.fr\/\" target=\"_blank\" rel=\"noreferrer noopener\">l&#8217;ann\u00e9e de l&#8217;ing\u00e9nierie,<\/a> un prix sp\u00e9cial sera attribu\u00e9 pour les vid\u00e9os d&#8217;ing\u00e9nierie en interaction avec les math\u00e9matiques.<\/p>\n\n\n\n<p><strong>Date limite d&#8217;inscription : 19 d\u00e9cembre 2025 \u00e0 midi heure de Paris.<\/strong><\/p>\n\n\n\n<p>Date limite de soumission des vid\u00e9os : 20 mars 2026.<\/p>\n\n\n\n<p>Annonce des r\u00e9sultats : courant mai 2026.<\/p>\n\n\n\n<h2 class=\"wp-block-heading\"><a href=\"https:\/\/www.education.gouv.fr\/bo\/2025\/Hebdo40\/MENE2524695N\">Concours g\u00e9n\u00e9ral des lyc\u00e9es &#8211; 17 mars 2026<\/a><\/h2>\n\n\n\n<p class=\"has-text-align-left\">Le concours g\u00e9n\u00e9ral des lyc\u00e9es est ouvert aux \u00e9l\u00e8ves des classes de premi\u00e8re et de terminale des lyc\u00e9es d\u2019enseignement public et priv\u00e9. Le nombre de candidats est limit\u00e9. Les inscriptions seront ouvertes sur l\u2019application Cyclades du&nbsp;<strong>mercredi<\/strong> <strong>26&nbsp;novembre&nbsp;2025 \u00e0 10&nbsp;h<\/strong> <strong>au lundi 15&nbsp;d\u00e9cembre&nbsp;2025 \u00e0 23&nbsp;h&nbsp;59.<\/strong> Les \u00e9tablissements scolaires proc\u00e8dent \u00e0 l\u2019inscription des candidats conform\u00e9ment \u00e0 la proc\u00e9dure d\u00e9crite dans la documentation accessible \u00e0 partir de la page d\u2019accueil de leur portail Cyclades. <strong>Une confirmation d\u2019inscription <\/strong>par candidat et par discipline doit <strong>imp\u00e9rativement <\/strong>\u00eatre \u00e9dit\u00e9e par l\u2019\u00e9tablissement. La confirmation d\u2019inscription sign\u00e9e par le candidat, et son repr\u00e9sentant l\u00e9gal s\u2019il est mineur, devra \u00eatre d\u00e9pos\u00e9e sur l\u2019application Cyclades au plus tard le <strong>mardi 6&nbsp;janvier&nbsp;2026&nbsp;\u00e0 23&nbsp;h&nbsp;59<\/strong> (heure de Paris). Les services acad\u00e9miques proc\u00e8dent \u00e0 la validation des candidatures sur l\u2019application Cyclades au plus tard le &lt;date \u00e0 venir&gt;. <strong>En l\u2019absence de confirmation d\u2019inscription sign\u00e9e, la candidature de l\u2019\u00e9l\u00e8ve ne sera pas prise en compte.<\/strong><\/p>\n\n\n\n<p>Afin de pr\u00e9parer les inscriptions sur Cyclades, une fiche de pr\u00e9-inscription est mise \u00e0 disposition sur le portail \u00e9tablissement de Cyclades et sur le site \u00c9duscol sous la rubrique&nbsp;<a rel=\"noreferrer noopener\" href=\"https:\/\/eduscol.education.fr\/1450\/inscription-en-ligne-au-concours-general-des-lycees-cgweb\" target=\"_blank\">\u00ab&nbsp;J\u2019enseigne, Je m\u00e8ne un projet<\/a>&nbsp;<a rel=\"noreferrer noopener\" href=\"https:\/\/eduscol.education.fr\/1450\/inscription-en-ligne-au-concours-general-des-lycees-cgweb\" target=\"_blank\">avec mes \u00e9l\u00e8ves, Concours g\u00e9n\u00e9ral des lyc\u00e9es et des m\u00e9tiers, Inscription au concours g\u00e9n\u00e9ral des<\/a>&nbsp;<a rel=\"noreferrer noopener\" href=\"https:\/\/eduscol.education.fr\/1450\/inscription-en-ligne-au-concours-general-des-lycees-cgweb\" target=\"_blank\">lyc\u00e9es.&nbsp;\u00bb<\/a><\/p>\n\n\n\n<h2 class=\"wp-block-heading\"><a href=\"https:\/\/ent2d.ac-bordeaux.fr\/disciplines\/semaine-des-maths\/2025\/09\/10\/40eme-championnat-international-des-jeux-mathematiques-et-logiques\/\">Championnat international de jeux math\u00e9matiques et logique<\/a><\/h2>\n\n\n\n<p>Le championnat international de jeux math\u00e9matiques et logiques est ouvert aux \u00e9coliers, coll\u00e9giens, lyc\u00e9ens, \u00e9tudiants et adultes. Les \u00e9preuves de ce championnat sont compos\u00e9es d\u2019\u00e9nigmes et de probl\u00e8mes math\u00e9matiques \u00e0 r\u00e9soudre en temps limit\u00e9, sans calculatrice et sans r\u00e9daction attendue (seule la r\u00e9ponse est demand\u00e9e). Les probl\u00e8mes sont vari\u00e9s, m\u00ealant g\u00e9om\u00e9trie, arithm\u00e9tique, espace, grandeurs et mesures\u2026&nbsp;<\/p>\n\n\n\n<ul class=\"wp-block-list\">\n<li><strong>Etape 1 : quarts de finale en deux formats possibles : Quart de finale scolaire (en \u00e9tablissement inscrit par les professeurs) d\u2019octobre 2025 \u00e0 janvier 2026 ou Quart de finale individuel et clubs de maths (en ligne) avant le 31 d\u00e9cembre 2025<\/strong><\/li>\n<\/ul>\n\n\n\n<ul class=\"wp-block-list\">\n<li><strong>Etape 2&nbsp;: 1\/2&nbsp;finales r\u00e9gionales fran\u00e7aises 2026-samedi 14 mars 2026 de 14h \u00e0 17h dans 60+ centres<\/strong>.<\/li>\n<\/ul>\n\n\n\n<ul class=\"wp-block-list\">\n<li><strong>Etape 3&nbsp;: finale nationale&nbsp;fran\u00e7aise &#8211; le samedi 30 mai 2026 de 14h \u00e0 17h dans 6 centres en France.<\/strong><\/li>\n<\/ul>\n\n\n\n<ul class=\"wp-block-list\">\n<li><strong>Etape 4&nbsp;: finale internationale &#8211; les 18 et 19 juillet 2026 \u00e0 Milan en Italie<\/strong>.<\/li>\n<\/ul>\n\n\n\n<p><a href=\"https:\/\/nuage02.apps.education.fr\/index.php\/s\/teQnGcRdT692Wrj\" target=\"_blank\" rel=\"noreferrer noopener\">Site du championnat JM 2026  &#8211; Plaquette du concours 2026<\/a><\/p>\n\n\n\n<p>Contact : <a href=\"mailto:Yves.Tastet@ac-bordeaux.fr\">Yves.Tastet@ac-bordeaux.fr<\/a><\/p>\n\n\n\n<h2 class=\"wp-block-heading\"><a href=\"https:\/\/www.ffjm.org\/fr\/championnat2025\">Concou<\/a><a href=\"https:\/\/images.math.cnrs.fr\/billets\/bulles-au-carre-des-maths-dans-ma-cuisine-a-vos-crayons\/\">rs &#8220;Bulles au carr\u00e9<\/a><a href=\"https:\/\/www.ffjm.org\/fr\/championnat2025\">&#8220;<\/a><\/h2>\n\n\n\n<p>Organis\u00e9 par <a href=\"https:\/\/images.math.cnrs.fr\/\" target=\"_blank\" rel=\"noreferrer noopener\">Images des math\u00e9matiques<\/a> (INSMI-CNRS), Il s\u2019agit de r\u00e9aliser une planche de Bande Dessin\u00e9e avec la contrainte qu\u2019un lien r\u00e9el entre le th\u00e8me et un contexte math\u00e9matique apparaisse clairement dans la planche soumise. Le concours est ouvert \u00e0 tous les non professionnels de la bande dessin\u00e9e&nbsp;: en solo, en duo (sc\u00e9nariste\/dessinateur) ou en groupe, y compris pour une classe enti\u00e8re, d\u00e8s le primaire.<\/p>\n\n\n\n<p>Le th\u00e8me , cette ann\u00e9e, est &#8220;les maths dans ma cuisine&#8221;. La date limite d\u2019envoi est fix\u00e9e au &lt;date \u00e0 venir&gt;.<\/p>\n\n\n\n<p><a href=\"https:\/\/images.math.cnrs.fr\/billets\/bulles-au-carre-des-maths-dans-ma-cuisine-a-vos-crayons\/\">Pr\u00e9sentation compl\u00e8te du concours<\/a>.<\/p>\n\n\n\n<h2 class=\"wp-block-heading\"><a href=\"https:\/\/ent2d.ac-bordeaux.fr\/disciplines\/semaine-des-maths\/2025\/09\/10\/prix-tangente-des-lyceens-2025\/\">Prix tangente des coll\u00e8ges et des lyc\u00e9es<\/a><\/h2>\n\n\n\n<p>Le <strong><a href=\"https:\/\/www.apmep.fr\/Prix-Tangente-des-lyceens\">Prix Tangente des Lyc\u00e9ens 2026 <\/a><\/strong> propose \u00e0 des classes de d\u00e9couvrir et classer huit livres de math\u00e9matiques. Apr\u00e8s une premi\u00e8re s\u00e9lection et des votes en f\u00e9vrier pour d\u00e9signer deux finalistes, tous les \u00e9l\u00e8ves lisent et d\u00e9partagent ces ouvrages au printemps. Le classement national est proclam\u00e9 en juin 2026 \u00e0 partir des votes de l\u2019ensemble des \u00e9tablissements participants.<\/p>\n\n\n\n<p>Le <strong><a href=\"https:\/\/www.apmep.fr\/Prix-Tangente-des-Colleges\">Prix Tangente des Coll\u00e8ges 2026<\/a><\/strong> invite des coll\u00e9giens \u00e0 lire une s\u00e9lection de 5 livres et \u00e0 voter pour leur pr\u00e9f\u00e9r\u00e9. Chaque \u00e9tablissement transmet son choix en avril, puis les r\u00e9sultats nationaux sont proclam\u00e9s en mai 2026.<\/p>\n\n\n\n<h2 class=\"wp-block-heading\"><a href=\"https:\/\/ent2d.ac-bordeaux.fr\/disciplines\/semaine-des-maths\/2025\/09\/12\/concours-alkindi-2025-2026-la-11%e1%b5%89-edition-est-lancee\/\">Concours Al-kindi<\/a><\/h2>\n\n\n\n<p>Le <a href=\"https:\/\/www.concours-alkindi.fr\/#\/\">concours Alkindi<\/a> est un \u00e9v\u00e9nement national qui vise \u00e0 d\u00e9mystifier la cryptographie aupr\u00e8s des coll\u00e9giens.&nbsp;Il est ouvert \u00e0 tous et&nbsp;toutes les \u00e9l\u00e8ves de 4e, 3e et 2de. Les \u00e9l\u00e8ves sont invit\u00e9s \u00e0 d\u00e9velopper leur logique, leur esprit critique et leur collaboration \u00e0 travers huit d\u00e9fis interactifs par tour.<\/p>\n\n\n\n<p>Voici les dates cl\u00e9s de cette onzi\u00e8me \u00e9dition, organis\u00e9e par les associations Animath et France-ioi : <\/p>\n\n\n\n<ul class=\"wp-block-list\">\n<li><strong>Premier tour :<\/strong>&nbsp;du 8 d\u00e9cembre 2025 au 23 janvier 2026&nbsp;<\/li>\n\n\n\n<li><strong>Deuxi\u00e8me tour :<\/strong>&nbsp;du 2 au 27 f\u00e9vrier 2026&nbsp;<\/li>\n\n\n\n<li><strong>Troisi\u00e8me tour :<\/strong>\n<ul class=\"wp-block-list\">\n<li><strong>Phase de pr\u00e9paration :<\/strong>&nbsp;du 2 au 10 avril 2026&nbsp;<\/li>\n\n\n\n<li><strong>\u00c9preuve d&#8217;1h30 :<\/strong>&nbsp;du 16 mars au 10 avril 2026&nbsp;<\/li>\n<\/ul>\n<\/li>\n\n\n\n<li><strong>Finale :<\/strong>&nbsp;mercredi 13 mai 2026&nbsp;<\/li>\n<\/ul>\n\n\n\n<h2 class=\"wp-block-heading\">Olympiades Fran\u00e7aises d&#8217;Intelligence Artificielle<\/h2>\n\n\n\n<p><strong>Jusqu\u2019\u00e0 la Terminale<\/strong><\/p>\n\n\n\n<p>1\u00e8re phase : ouverte jusqu\u2019\u00e0 la fin f\u00e9vrier.<br>Participation possible directement par les \u00e9l\u00e8ves, en classe ou \u00e0 la maison.<\/p>\n\n\n\n<p>D\u00e9tails sur <a href=\"https:\/\/olympiades.ai\/\">Olympiades Fran\u00e7aises d&#8217;Intelligence Artificielle.<\/a><\/p>\n\n\n\n<h1 class=\"wp-block-heading\"><strong>Autres concours<\/strong><\/h1>\n\n\n\n<p>D&#8217;autres concours se d\u00e9roulent en dehors de la semaine des math\u00e9matiques, ils restent n\u00e9anmoins tr\u00e8s int\u00e9ressants pour vos \u00e9l\u00e8ves :<\/p>\n\n\n\n<ul class=\"wp-block-list\">\n<li><strong>Le concours organis\u00e9 par l&#8217;INSEE<\/strong> : <a href=\"https:\/\/www.insee.fr\/fr\/information\/4495976\">pr\u00e9sentation du concours<\/a>&nbsp;<\/li>\n\n\n\n<li><a href=\"http:\/\/castor-informatique.fr\/\" target=\"_blank\" rel=\"noreferrer noopener\"><strong>Le Castor informatique<\/strong> <\/a>est un concours pour les niveaux CM1 jusqu&#8217;\u00e0 la terminale. Il offre une d\u00e9couverte tr\u00e8s accessible de l&#8217;informatique et du num\u00e9rique. Le<a href=\"http:\/\/concours.castor-informatique.fr\/?tab=home\" target=\"_blank\" rel=\"noreferrer noopener\"> site permet de s\u00b4entrainer sur des sujets pass\u00e9s<\/a> pour acqu\u00e9rir une exp\u00e9rience&nbsp; dans ces domaines d\u00e9sormais incontournables.&nbsp; Si vous \u00eates enseignant, <a href=\"http:\/\/coordinateur.castor-informatique.fr\">inscrivez-vous<\/a> d\u00e8s maintenant comme coordinateur. Dates : du 09 novembre au 20 d\u00e9cembre 2025<\/li>\n\n\n\n<li><strong><a href=\"https:\/\/tfjm.org\/\">Le concours TFJM2<\/a> :<\/strong> le Tournoi Fran\u00e7ais des Jeunes Math\u00e9maticiennes et Math\u00e9maticiens existe depuis 2011. Il est organis\u00e9 par <em>Animath<\/em>, en collaboration avec de nombreuses structures d\u2019enseignement sup\u00e9rieur et de recherche. Ce tournoi est&nbsp;<strong>destin\u00e9 aux \u00e9l\u00e8ves de lyc\u00e9e<\/strong>.&nbsp; Ouverture des inscriptions le 12 novembre 2025 (cl\u00f4ture en janvier 2026)<\/li>\n\n\n\n<li><a href=\"https:\/\/www.concourspangea.org\/\"><strong>Le concours pangea :<\/strong><\/a> concours national de Math\u00e9matiques. Son but est de faire aimer les math\u00e9matiques aux enfants.<\/li>\n\n\n\n<li><strong><a href=\"https:\/\/algorea.org\/#\/\">Le Concours Algor\u00e9a<\/a><\/strong>, propos\u00e9 au meilleurs participants du concours Castor, invite \u00e0 aller plus loin en se pr\u00e9parant aux \u00e9tapes successives gr\u00e2ce aux ressources fournies. Le premier tour du concours Algor\u00e9a 2026 d\u00e9marre le 5 janvier 2026.<\/li>\n\n\n\n<li><a href=\"http:\/\/www.concours-archimede.com\/les-challengers\/\"><strong>Concours Archim\u00e8de<\/strong><\/a> :  Jeux d&#8217;\u00e9nigmes solidaires pour coll\u00e9giens francophones <\/li>\n\n\n\n<li><strong><a href=\"http:\/\/www.drolesdemaths.org\/index.php\">Dr\u00f4les de maths <\/a><\/strong> : concours solidaires pour coll\u00e9giens<\/li>\n<\/ul>\n","protected":false},"excerpt":{"rendered":"<p>A l&#8217;occasion de la Semaine des Math\u00e9matiques, pourquoi ne pas inscrire vos \u00e9l\u00e8ves \u00e0 un concours?Ces \u00e9preuves permettent aux \u00e9l\u00e8ves de partager des moments math\u00e9matiques ludiques, motivants, dans un contexte festif et dynamique. Choisissez le concours qui conviendra \u00e0 vos \u00e9l\u00e8ves, vous trouverez en g\u00e9n\u00e9ral sur son site des \u00e9nigmes pour les y pr\u00e9parer (ou &hellip; <\/p>\n<p><a class=\"more-link btn\" href=\"https:\/\/ent2d.ac-bordeaux.fr\/disciplines\/semaine-des-maths\/les-concours-de-mathematiques\/\">Lire la suite<\/a><\/p>\n","protected":false},"author":5,"featured_media":0,"parent":0,"menu_order":0,"comment_status":"closed","ping_status":"closed","template":"","meta":{"footnotes":""},"class_list":["post-1350","page","type-page","status-publish","hentry","nodate","item-wrap"],"_links":{"self":[{"href":"https:\/\/ent2d.ac-bordeaux.fr\/disciplines\/semaine-des-maths\/wp-json\/wp\/v2\/pages\/1350","targetHints":{"allow":["GET"]}}],"collection":[{"href":"https:\/\/ent2d.ac-bordeaux.fr\/disciplines\/semaine-des-maths\/wp-json\/wp\/v2\/pages"}],"about":[{"href":"https:\/\/ent2d.ac-bordeaux.fr\/disciplines\/semaine-des-maths\/wp-json\/wp\/v2\/types\/page"}],"author":[{"embeddable":true,"href":"https:\/\/ent2d.ac-bordeaux.fr\/disciplines\/semaine-des-maths\/wp-json\/wp\/v2\/users\/5"}],"replies":[{"embeddable":true,"href":"https:\/\/ent2d.ac-bordeaux.fr\/disciplines\/semaine-des-maths\/wp-json\/wp\/v2\/comments?post=1350"}],"version-history":[{"count":107,"href":"https:\/\/ent2d.ac-bordeaux.fr\/disciplines\/semaine-des-maths\/wp-json\/wp\/v2\/pages\/1350\/revisions"}],"predecessor-version":[{"id":8336,"href":"https:\/\/ent2d.ac-bordeaux.fr\/disciplines\/semaine-des-maths\/wp-json\/wp\/v2\/pages\/1350\/revisions\/8336"}],"wp:attachment":[{"href":"https:\/\/ent2d.ac-bordeaux.fr\/disciplines\/semaine-des-maths\/wp-json\/wp\/v2\/media?parent=1350"}],"curies":[{"name":"wp","href":"https:\/\/api.w.org\/{rel}","templated":true}]}}