{"id":1205,"date":"2016-07-29T14:19:45","date_gmt":"2016-07-29T12:19:45","guid":{"rendered":"https:\/\/ent2d.ac-bordeaux.fr\/disciplines\/semaine-des-maths\/?page_id=1205"},"modified":"2017-09-07T20:39:44","modified_gmt":"2017-09-07T18:39:44","slug":"mentions-legales","status":"publish","type":"page","link":"https:\/\/ent2d.ac-bordeaux.fr\/disciplines\/semaine-des-maths\/mentions-legales\/","title":{"rendered":"Mentions l\u00e9gales"},"content":{"rendered":"<h2><strong>Editeur<\/strong><\/h2>\n<p>Le rectorat de l\u2019acad\u00e9mie de Bordeaux<br \/>\n5 rue Joseph de Carayon-Latour<br \/>\nCS 81499<br \/>\n33060 Bordeaux Cedex<br \/>\nT\u00e9l\u00e9phone : 05 57 57 38 00 ; Fax : 05 56 96 29 42<\/p>\n<h2><strong>Directeur de publication<br \/>\n<\/strong><\/h2>\n<p>Les directeurs de la publication sont <a href=\"https:\/\/ent2d.ac-bordeaux.fr\/disciplines\/mathematiques\/inspection-pedagogique-regionale\/\">les IA-IPR de Math\u00e9matiques<\/a>.<\/p>\n<h2><strong>H\u00e9bergement<\/strong><\/h2>\n<p>Le site est h\u00e9berg\u00e9 par la Direction des Syst\u00e8mes d&#8217;Information (D.S.I.) de l&#8217;acad\u00e9mie de Bordeaux, 5, rue Joseph de Carayon-Latour, Bordeaux.<\/p>\n","protected":false},"excerpt":{"rendered":"<p>Editeur Le rectorat de l\u2019acad\u00e9mie de Bordeaux 5 rue Joseph de Carayon-Latour CS 81499 33060 Bordeaux Cedex T\u00e9l\u00e9phone : 05 57 57 38 00 ; Fax : 05 56 96 29 42 Directeur de publication Les directeurs de la publication sont les IA-IPR de Math\u00e9matiques. H\u00e9bergement Le site est h\u00e9berg\u00e9 par la Direction des Syst\u00e8mes &hellip; <\/p>\n<p><a class=\"more-link btn\" href=\"https:\/\/ent2d.ac-bordeaux.fr\/disciplines\/semaine-des-maths\/mentions-legales\/\">Lire la suite<\/a><\/p>\n","protected":false},"author":5,"featured_media":0,"parent":0,"menu_order":0,"comment_status":"closed","ping_status":"closed","template":"","meta":{"footnotes":""},"class_list":["post-1205","page","type-page","status-publish","hentry","nodate","item-wrap"],"_links":{"self":[{"href":"https:\/\/ent2d.ac-bordeaux.fr\/disciplines\/semaine-des-maths\/wp-json\/wp\/v2\/pages\/1205","targetHints":{"allow":["GET"]}}],"collection":[{"href":"https:\/\/ent2d.ac-bordeaux.fr\/disciplines\/semaine-des-maths\/wp-json\/wp\/v2\/pages"}],"about":[{"href":"https:\/\/ent2d.ac-bordeaux.fr\/disciplines\/semaine-des-maths\/wp-json\/wp\/v2\/types\/page"}],"author":[{"embeddable":true,"href":"https:\/\/ent2d.ac-bordeaux.fr\/disciplines\/semaine-des-maths\/wp-json\/wp\/v2\/users\/5"}],"replies":[{"embeddable":true,"href":"https:\/\/ent2d.ac-bordeaux.fr\/disciplines\/semaine-des-maths\/wp-json\/wp\/v2\/comments?post=1205"}],"version-history":[{"count":4,"href":"https:\/\/ent2d.ac-bordeaux.fr\/disciplines\/semaine-des-maths\/wp-json\/wp\/v2\/pages\/1205\/revisions"}],"predecessor-version":[{"id":2172,"href":"https:\/\/ent2d.ac-bordeaux.fr\/disciplines\/semaine-des-maths\/wp-json\/wp\/v2\/pages\/1205\/revisions\/2172"}],"wp:attachment":[{"href":"https:\/\/ent2d.ac-bordeaux.fr\/disciplines\/semaine-des-maths\/wp-json\/wp\/v2\/media?parent=1205"}],"curies":[{"name":"wp","href":"https:\/\/api.w.org\/{rel}","templated":true}]}}