{"id":912,"date":"2025-10-14T18:10:36","date_gmt":"2025-10-14T16:10:36","guid":{"rendered":"https:\/\/ent2d.ac-bordeaux.fr\/disciplines\/sei\/?page_id=912"},"modified":"2025-10-14T18:11:30","modified_gmt":"2025-10-14T16:11:30","slug":"ia-en-education","status":"publish","type":"page","link":"https:\/\/ent2d.ac-bordeaux.fr\/disciplines\/sei\/enseigner\/outils-numeriques\/ia-en-education\/","title":{"rendered":"IA en \u00e9ducation"},"content":{"rendered":"\n<blockquote class=\"wp-block-quote is-layout-flow wp-block-quote-is-layout-flow\">\n<p class=\"has-vivid-cyan-blue-color has-text-color has-link-color has-medium-font-size wp-elements-8610c59d98efa0122e79942b8075506a\"><em>GUIDE PRATIQUE POUR LES ENSEIGNANTS<\/em><\/p>\n<\/blockquote>\n\n\n\n<p class=\"has-black-color has-text-color has-link-color wp-elements-9149fec6aa864edfc402491f62bc46a0\">Ce guide poursuit trois grandes ambitions : rendre l\u2019IA compr\u00e9hensible, inspirer l\u2019innovation et encourager une utilisation \u00e9thique. <\/p>\n\n\n\n<div data-wp-interactive=\"core\/file\" class=\"wp-block-file\"><object data-wp-bind--hidden=\"!state.hasPdfPreview\" hidden class=\"wp-block-file__embed\" data=\"https:\/\/ent2d.ac-bordeaux.fr\/disciplines\/sei\/wp-content\/uploads\/sites\/78\/2025\/10\/Guide-IA-enseignants.pdf\" type=\"application\/pdf\" style=\"width:100%;height:440px\" aria-label=\"Contenu embarqu\u00e9 Guide-IA-enseignants.\"><\/object><a id=\"wp-block-file--media-6e3086c1-ff34-40bd-8abb-9348d0a69920\" href=\"https:\/\/ent2d.ac-bordeaux.fr\/disciplines\/sei\/wp-content\/uploads\/sites\/78\/2025\/10\/Guide-IA-enseignants.pdf\" target=\"_blank\" rel=\"noreferrer noopener\">Guide-IA-enseignants<\/a><a href=\"https:\/\/ent2d.ac-bordeaux.fr\/disciplines\/sei\/wp-content\/uploads\/sites\/78\/2025\/10\/Guide-IA-enseignants.pdf\" class=\"wp-block-file__button wp-element-button\" download aria-describedby=\"wp-block-file--media-6e3086c1-ff34-40bd-8abb-9348d0a69920\">T\u00e9l\u00e9charger<\/a><\/div>\n\n\n\n<div style=\"height:100px\" aria-hidden=\"true\" class=\"wp-block-spacer\"><\/div>\n\n\n\n<blockquote class=\"wp-block-quote is-layout-flow wp-block-quote-is-layout-flow\">\n<p class=\"has-vivid-cyan-blue-color has-text-color has-link-color has-medium-font-size wp-elements-be4acf12f2cc1c38db526ead5973f552\"><em>CADRE D\u2019USAGE DE L\u2019IA EN \u00c9DUCATION<\/em><\/p>\n<\/blockquote>\n\n\n\n<p class=\"has-black-color has-text-color has-link-color wp-elements-eb3d96a8e9f7feab219a06e652f85663\">Le cadre d&rsquo;usage a pour objectif d\u2019apporter des r\u00e9ponses claires aux interrogations l\u00e9gitimes de l\u2019ensemble de la communaut\u00e9 \u00e9ducative et des agents sur l\u2019usage de l\u2019IA en \u00e9ducation. L&rsquo;usage de l&rsquo;IA est autoris\u00e9 en \u00e9ducation d\u00e8s lors qu\u2019il respecte le cadre d\u00e9fini (<a href=\"https:\/\/www.education.gouv.fr\/cadre-d-usage-de-l-ia-en-education-450647\">lien vers \u00c9duscol<\/a>). <\/p>\n\n\n\n<div data-wp-interactive=\"core\/file\" class=\"wp-block-file\"><object data-wp-bind--hidden=\"!state.hasPdfPreview\" hidden class=\"wp-block-file__embed\" data=\"https:\/\/ent2d.ac-bordeaux.fr\/disciplines\/sei\/wp-content\/uploads\/sites\/78\/2025\/10\/l-ia-en-ducation-cadre-d-usage-227697.pdf\" type=\"application\/pdf\" style=\"width:100%;height:650px\" aria-label=\"Contenu embarqu\u00e9 l-ia-en-ducation-cadre-d-usage-227697.\"><\/object><a id=\"wp-block-file--media-c58b36d4-af2b-4f10-8ec4-af7522b29690\" href=\"https:\/\/ent2d.ac-bordeaux.fr\/disciplines\/sei\/wp-content\/uploads\/sites\/78\/2025\/10\/l-ia-en-ducation-cadre-d-usage-227697.pdf\" target=\"_blank\" rel=\"noreferrer noopener\">l-ia-en-ducation-cadre-d-usage-227697<\/a><a href=\"https:\/\/ent2d.ac-bordeaux.fr\/disciplines\/sei\/wp-content\/uploads\/sites\/78\/2025\/10\/l-ia-en-ducation-cadre-d-usage-227697.pdf\" class=\"wp-block-file__button wp-element-button\" download aria-describedby=\"wp-block-file--media-c58b36d4-af2b-4f10-8ec4-af7522b29690\">T\u00e9l\u00e9charger<\/a><\/div>\n","protected":false},"excerpt":{"rendered":"<p>GUIDE PRATIQUE POUR LES ENSEIGNANTS Ce guide poursuit trois grandes ambitions : rendre l\u2019IA compr\u00e9hensible, inspirer l\u2019innovation et encourager une utilisation \u00e9thique. CADRE D\u2019USAGE DE L\u2019IA EN \u00c9DUCATION Le cadre d&rsquo;usage a pour objectif d\u2019apporter des r\u00e9ponses claires aux interrogations<\/p>\n","protected":false},"author":2489,"featured_media":0,"parent":737,"menu_order":2,"comment_status":"closed","ping_status":"closed","template":"","meta":{"footnotes":""},"class_list":["post-912","page","type-page","status-publish","hentry"],"_links":{"self":[{"href":"https:\/\/ent2d.ac-bordeaux.fr\/disciplines\/sei\/wp-json\/wp\/v2\/pages\/912","targetHints":{"allow":["GET"]}}],"collection":[{"href":"https:\/\/ent2d.ac-bordeaux.fr\/disciplines\/sei\/wp-json\/wp\/v2\/pages"}],"about":[{"href":"https:\/\/ent2d.ac-bordeaux.fr\/disciplines\/sei\/wp-json\/wp\/v2\/types\/page"}],"author":[{"embeddable":true,"href":"https:\/\/ent2d.ac-bordeaux.fr\/disciplines\/sei\/wp-json\/wp\/v2\/users\/2489"}],"replies":[{"embeddable":true,"href":"https:\/\/ent2d.ac-bordeaux.fr\/disciplines\/sei\/wp-json\/wp\/v2\/comments?post=912"}],"version-history":[{"count":2,"href":"https:\/\/ent2d.ac-bordeaux.fr\/disciplines\/sei\/wp-json\/wp\/v2\/pages\/912\/revisions"}],"predecessor-version":[{"id":916,"href":"https:\/\/ent2d.ac-bordeaux.fr\/disciplines\/sei\/wp-json\/wp\/v2\/pages\/912\/revisions\/916"}],"up":[{"embeddable":true,"href":"https:\/\/ent2d.ac-bordeaux.fr\/disciplines\/sei\/wp-json\/wp\/v2\/pages\/737"}],"wp:attachment":[{"href":"https:\/\/ent2d.ac-bordeaux.fr\/disciplines\/sei\/wp-json\/wp\/v2\/media?parent=912"}],"curies":[{"name":"wp","href":"https:\/\/api.w.org\/{rel}","templated":true}]}}